{"id":1875,"date":"2025-03-26T17:28:58","date_gmt":"2025-03-26T10:28:58","guid":{"rendered":"https:\/\/nhadepbepxinh.com.vn\/?post_type=product&#038;p=1875"},"modified":"2025-03-26T17:28:59","modified_gmt":"2025-03-26T10:28:59","slug":"sen-tam-nong-lanh-viglacera-vg568","status":"publish","type":"product","link":"https:\/\/nhadepbepxinh.com.vn\/?product=sen-tam-nong-lanh-viglacera-vg568","title":{"rendered":"SEN T\u0102\u0301M NO\u0301NG LA\u0323NH VIGLACERA VG568"},"content":{"rendered":"<h3>Th\u00f4ng tin s\u1ea3n ph\u1ea9m:<\/h3>\n<ul>\n<li>Sen t\u1eafm Viglacera\u00a0n\u00f3ng l\u1ea1nh<\/li>\n<li>Nguy\u00ean li\u1ec7u ch\u00ednh l\u00e0 \u0111\u1ed3ng \u0111\u1ecf nguy\u00ean ch\u1ea5t 100%.<\/li>\n<li>L\u00f5i \u0110\u00f3ng n\u01b0\u1edbc b\u1eb1ng van \u0111\u00e1 Ceramic.<\/li>\n<li>Tay sen ch\u1ec9nh \u0111a tia.<\/li>\n<li>B\u00e1t sen \u0111\u01b0\u1ee3c thi\u1ebft k\u1ebf phun n\u01b0\u1edbc m\u1ea1nh v\u00e0 \u0111\u1ec1u.<\/li>\n<li>\u00c1p su\u1ea5t th\u1eed 1,6Mpa.<\/li>\n<li>C\u00e1c chi ti\u1ebft gio\u0103ng cao su c\u00f3 t\u00ednh \u0111\u00e0n h\u1ed3i t\u1ed1t, ch\u1ecbu m\u00e0i m\u00f2n v\u00e0 nhi\u1ec7t \u0111\u1ed9 l\u00ean \u0111\u1ebfn 90 \u0111\u1ed9 C.<\/li>\n<li>Th\u01b0\u01a1ng hi\u1ec7u:\u00a0Viglacera<\/li>\n<\/ul>\n","protected":false},"excerpt":{"rendered":"<p>Ch\u1ea5t li\u1ec7u: \u0110\u1ed3ng<\/p>\n<p>Ch\u1ea5t li\u1ec7u m\u1ea1: Crom<\/p>\n<p>\u00c1p l\u1ef1c n\u01b0\u1edbc:\u00a00.05MPa ~ 0.75MPa<\/p>\n<p>Ti\u00eau chu\u1ea9n EN200<\/p>\n<p>H\u00e3ng s\u1ea3n xu\u1ea5t: Viglacera<\/p>\n<p>S\u1ea3n xu\u1ea5t t\u1ea1i: Vi\u1ec7t Nam<\/p>\n","protected":false},"featured_media":1876,"comment_status":"open","ping_status":"closed","template":"","meta":[],"product_brand":[],"product_cat":[18,30],"product_tag":[],"class_list":{"0":"post-1875","1":"product","2":"type-product","3":"status-publish","4":"has-post-thumbnail","6":"product_cat-thiet-bi-ve-sinh","7":"product_cat-sen-tam-thuong","9":"first","10":"instock","11":"shipping-taxable","12":"product-type-simple"},"_links":{"self":[{"href":"https:\/\/nhadepbepxinh.com.vn\/index.php?rest_route=\/wp\/v2\/product\/1875","targetHints":{"allow":["GET"]}}],"collection":[{"href":"https:\/\/nhadepbepxinh.com.vn\/index.php?rest_route=\/wp\/v2\/product"}],"about":[{"href":"https:\/\/nhadepbepxinh.com.vn\/index.php?rest_route=\/wp\/v2\/types\/product"}],"replies":[{"embeddable":true,"href":"https:\/\/nhadepbepxinh.com.vn\/index.php?rest_route=%2Fwp%2Fv2%2Fcomments&post=1875"}],"wp:featuredmedia":[{"embeddable":true,"href":"https:\/\/nhadepbepxinh.com.vn\/index.php?rest_route=\/wp\/v2\/media\/1876"}],"wp:attachment":[{"href":"https:\/\/nhadepbepxinh.com.vn\/index.php?rest_route=%2Fwp%2Fv2%2Fmedia&parent=1875"}],"wp:term":[{"taxonomy":"product_brand","embeddable":true,"href":"https:\/\/nhadepbepxinh.com.vn\/index.php?rest_route=%2Fwp%2Fv2%2Fproduct_brand&post=1875"},{"taxonomy":"product_cat","embeddable":true,"href":"https:\/\/nhadepbepxinh.com.vn\/index.php?rest_route=%2Fwp%2Fv2%2Fproduct_cat&post=1875"},{"taxonomy":"product_tag","embeddable":true,"href":"https:\/\/nhadepbepxinh.com.vn\/index.php?rest_route=%2Fwp%2Fv2%2Fproduct_tag&post=1875"}],"curies":[{"name":"wp","href":"https:\/\/api.w.org\/{rel}","templated":true}]}}