{"id":1869,"date":"2025-03-26T17:21:15","date_gmt":"2025-03-26T10:21:15","guid":{"rendered":"https:\/\/nhadepbepxinh.com.vn\/?post_type=product&#038;p=1869"},"modified":"2025-03-26T17:21:15","modified_gmt":"2025-03-26T10:21:15","slug":"sen-tam-nong-lanh-viglacera-vg502","status":"publish","type":"product","link":"https:\/\/nhadepbepxinh.com.vn\/?product=sen-tam-nong-lanh-viglacera-vg502","title":{"rendered":"SEN T\u0102\u0301M NO\u0301NG LA\u0323NH VIGLACERA VG502"},"content":{"rendered":"<h2><strong>Th\u00f4ng tin v\u00f2i sen t\u1eafm Viglacera\u00a0VG502<\/strong><\/h2>\n<ul>\n<li>Ch\u1ea5t li\u1ec7u: \u0110\u1ed3ng<\/li>\n<li>Ch\u1ea5t li\u1ec7u m\u1ea1: Crom<\/li>\n<li>\u00c1p l\u1ef1c n\u01b0\u1edbc:\u00a00.05MPa ~ 0.75MPa<\/li>\n<li>Ti\u00eau chu\u1ea9n EN200<\/li>\n<li>H\u00e3ng s\u1ea3n xu\u1ea5t:\u00a0Viglacera<\/li>\n<li>S\u1ea3n xu\u1ea5t: Vi\u1ec7t Nam<\/li>\n<li>M\u00e3 s\u1ea3n ph\u1ea9m c\u0169: VSD502<\/li>\n<\/ul>\n<h2><strong>T\u00ednh n\u0103ng v\u00f2i hoa sen Viglacera VG 502<\/strong><\/h2>\n<ul>\n<li>Sen t\u1eafm\u00a0n\u00f3ng l\u1ea1nh , b\u00e1t sen massage<\/li>\n<li>Thi\u1ebft k\u1ebf sang tr\u1ecdng, hi\u1ec7n \u0111\u1ea1i<\/li>\n<li>L\u1edbp m\u1ea1 niken b\u1ec1n v\u1eefng v\u1edbi th\u1eddi gian<\/li>\n<\/ul>\n<p><img decoding=\"async\" src=\"https:\/\/www.tdm.vn\/image\/catalog\/products_2023\/ban-ve-sen-tam-viglacera-vg502.jpg\" alt=\"B\u1ea3n v\u1ebd k\u1ef9 thu\u1eadt\u00a0v\u00f2i sen t\u1eafm VG502\u00a0Viglacera\" \/><\/p>\n","protected":false},"excerpt":{"rendered":"<p>Ch\u1ea5t li\u1ec7u: \u0110\u1ed3ng<\/p>\n<p>Ch\u1ea5t li\u1ec7u m\u1ea1: Crom<\/p>\n<p>\u00c1p l\u1ef1c n\u01b0\u1edbc:\u00a00.05MPa ~ 0.75MPa<\/p>\n<p>Ti\u00eau chu\u1ea9n EN200<\/p>\n<p>H\u00e3ng s\u1ea3n xu\u1ea5t:\u00a0Viglacera<\/p>\n<p>S\u1ea3n xu\u1ea5t: Vi\u1ec7t Nam<\/p>\n<p>M\u00e3 s\u1ea3n ph\u1ea9m c\u0169: VSD502<\/p>\n","protected":false},"featured_media":1870,"comment_status":"open","ping_status":"closed","template":"","meta":[],"product_brand":[],"product_cat":[18,30],"product_tag":[],"class_list":{"0":"post-1869","1":"product","2":"type-product","3":"status-publish","4":"has-post-thumbnail","6":"product_cat-thiet-bi-ve-sinh","7":"product_cat-sen-tam-thuong","9":"first","10":"instock","11":"shipping-taxable","12":"product-type-simple"},"_links":{"self":[{"href":"https:\/\/nhadepbepxinh.com.vn\/index.php?rest_route=\/wp\/v2\/product\/1869","targetHints":{"allow":["GET"]}}],"collection":[{"href":"https:\/\/nhadepbepxinh.com.vn\/index.php?rest_route=\/wp\/v2\/product"}],"about":[{"href":"https:\/\/nhadepbepxinh.com.vn\/index.php?rest_route=\/wp\/v2\/types\/product"}],"replies":[{"embeddable":true,"href":"https:\/\/nhadepbepxinh.com.vn\/index.php?rest_route=%2Fwp%2Fv2%2Fcomments&post=1869"}],"wp:featuredmedia":[{"embeddable":true,"href":"https:\/\/nhadepbepxinh.com.vn\/index.php?rest_route=\/wp\/v2\/media\/1870"}],"wp:attachment":[{"href":"https:\/\/nhadepbepxinh.com.vn\/index.php?rest_route=%2Fwp%2Fv2%2Fmedia&parent=1869"}],"wp:term":[{"taxonomy":"product_brand","embeddable":true,"href":"https:\/\/nhadepbepxinh.com.vn\/index.php?rest_route=%2Fwp%2Fv2%2Fproduct_brand&post=1869"},{"taxonomy":"product_cat","embeddable":true,"href":"https:\/\/nhadepbepxinh.com.vn\/index.php?rest_route=%2Fwp%2Fv2%2Fproduct_cat&post=1869"},{"taxonomy":"product_tag","embeddable":true,"href":"https:\/\/nhadepbepxinh.com.vn\/index.php?rest_route=%2Fwp%2Fv2%2Fproduct_tag&post=1869"}],"curies":[{"name":"wp","href":"https:\/\/api.w.org\/{rel}","templated":true}]}}