{"id":1859,"date":"2025-03-26T17:14:50","date_gmt":"2025-03-26T10:14:50","guid":{"rendered":"https:\/\/nhadepbepxinh.com.vn\/?post_type=product&#038;p=1859"},"modified":"2025-03-26T17:14:50","modified_gmt":"2025-03-26T10:14:50","slug":"voi-chau-nong-lanh-viglacera-vg111","status":"publish","type":"product","link":"https:\/\/nhadepbepxinh.com.vn\/?product=voi-chau-nong-lanh-viglacera-vg111","title":{"rendered":"VO\u0300I CH\u00c2\u0323U NO\u0301NG LA\u0323NH VIGLACERA VG111"},"content":{"rendered":"<div class=\"chitiet_sp\">\n<div class=\"anh_sp\"><\/div>\n<div class=\"info_sp\">\n<div class=\"muahang\">\n<div id=\"get_sl\" class=\"nuttanggiam\">\n<div class=\"post-meta-tag quantity\"><strong><span style=\"font-size: 20.16px;\">Th\u00f4ng tin s\u1ea3n ph\u1ea9m:<\/span><\/strong><\/div>\n<\/div>\n<\/div>\n<\/div>\n<\/div>\n<p><main class=\"content\"><\/p>\n<article class=\"post-2769 product type-product status-publish has-post-thumbnail product_cat-voi-rua product_tag-mua-tra-gop-0-voi-chau-nong-lanh-viglacera-vg111 product_tag-vg111 entry\">\n<div class=\"entry-content\">\n<ul>\n<li>T\u00ean s\u1ea3n ph\u1ea9m:\u00a0V\u00f2i ch\u1eadu\u00a0n\u00f3ng l\u1ea1nh 1 l\u1ed7<br \/>\nM\u00e0u s\u1eafc:Crom<\/li>\n<li>V\u00f2i ch\u1eadu n\u00f3ng l\u1ea1nh 1 l\u1ed7.<\/li>\n<li>B\u1ed9 chia n\u01b0\u1edbc \u0111\u01b0\u1ee3c nh\u1eadp kh\u1ea9u t\u1eeb Ch\u00e2u \u00c2u v\u1edbi m\u1eb7t tr\u01b0\u1ee3t b\u1eb1ng g\u1ed1m ceramic. \u0110\u1ed9 b\u1ec1n s\u1eed d\u1ee5ng tr\u00ean 10 n\u0103m (t\u01b0\u01a1ng \u0111\u01b0\u01a1ng v\u1edbi 500.000 l\u1ea7n \u0111\u00f3ng m\u1edf).<br \/>\n\u0110\u1ea7u v\u00f2i \u0111\u01b0\u1ee3c nh\u1eadp kh\u1ea9u t\u1eeb Ch\u00e2u \u00c2u v\u1edbi ch\u1ea5t li\u1ec7u nh\u1ef1a cao c\u1ea5p ch\u1ecbu \u0111\u01b0\u1ee3c nhi\u1ec7t \u0111\u1ed9 l\u00ean \u0111\u1ebfn 140 \u0111\u1ed9 C trong th\u1eddi gian d\u00e0i. K\u1ebft c\u1ea5u d\u1ea1ng t\u1ed5 ong gi\u00fap \u1ed5n \u0111\u1ecbnh l\u01b0u l\u01b0\u1ee3ng, t\u1ea1o ra d\u00f2ng n\u01b0\u1edbc \u00eam, gi\u1ea3m ti\u1ebfng \u1ed3n, t\u1ea1o b\u1ecdt, ti\u1ebft ki\u1ec7m n\u01b0\u1edbc.<\/li>\n<li>\u0110\u01b0\u1ee3c \u0111\u00fac t\u1eeb \u0111\u1ed3ng nh\u1eadp kh\u1ea9u c\u00f3 \u0111\u1ed9 nguy\u00ean ch\u1ea5t cao, an to\u00e0n cho s\u1ee9c kh\u1ecfe ng\u01b0\u1eddi s\u1eed d\u1ee5ng.<\/li>\n<li>\u0110\u01b0\u1ee3c m\u1ea1 b\u1edfi 2 l\u1edbp Niken, 1 l\u1edbp Crom gi\u00fap b\u1ec1 m\u1eb7t sen v\u00f2i lu\u00f4n s\u00e1ng b\u00f3ng v\u00e0 b\u1ec1n b\u1ec9 v\u1edbi th\u1eddi gian .<\/li>\n<li>C\u00e1c chi ti\u1ebft gio\u0103ng cao su c\u00f3 t\u00ednh \u0111\u00e0n h\u1ed3i t\u1ed1t, ch\u1ecbu m\u00e0i m\u00f2n, ch\u1ecbu \u0111\u01b0\u1ee3c nhi\u1ec7t \u0111\u1ed9 l\u00ean \u0111\u1ebfn 90 \u0111\u1ed9 C.<\/li>\n<li>Th\u01b0\u01a1ng hi\u1ec7u:\u00a0Viglacera<\/li>\n<\/ul>\n<p><img loading=\"lazy\" decoding=\"async\" class=\"alignnone size-full wp-image-3628\" src=\"https:\/\/viglacerats.com\/wp-content\/uploads\/2024\/01\/voi-lavabo-viglacera-vg111.jpg\" alt=\"\" width=\"818\" height=\"540\" \/><\/p>\n<\/div>\n<\/article>\n<p><\/main><\/p>\n","protected":false},"excerpt":{"rendered":"<p>T\u00ean s\u1ea3n ph\u1ea9m: V\u00f2i ch\u1eadu n\u00f3ng l\u1ea1nh<\/p>\n<p>M\u00e0u s\u1eafc: Crom<\/p>\n<p>H\u00e3ng s\u1ea3n xu\u1ea5t:\u00a0Viglacera<\/p>\n<p>S\u1ea3n xu\u1ea5t t\u1ea1i: Vi\u1ec7t Nam<\/p>\n<p>\u00c1p l\u1ef1c n\u01b0\u1edbc: 0.05MPa ~ 0.75MPa<\/p>\n<p>S\u1ea3n ph\u1ea9m kh\u00f4ng bao g\u1ed3m tr\u1ee5 x\u1ea3, th\u1ea3i ch\u1eef P<\/p>\n","protected":false},"featured_media":1860,"comment_status":"open","ping_status":"closed","template":"","meta":[],"product_brand":[],"product_cat":[18,28],"product_tag":[],"class_list":{"0":"post-1859","1":"product","2":"type-product","3":"status-publish","4":"has-post-thumbnail","6":"product_cat-thiet-bi-ve-sinh","7":"product_cat-voi-lavabo","9":"first","10":"instock","11":"shipping-taxable","12":"product-type-simple"},"_links":{"self":[{"href":"https:\/\/nhadepbepxinh.com.vn\/index.php?rest_route=\/wp\/v2\/product\/1859","targetHints":{"allow":["GET"]}}],"collection":[{"href":"https:\/\/nhadepbepxinh.com.vn\/index.php?rest_route=\/wp\/v2\/product"}],"about":[{"href":"https:\/\/nhadepbepxinh.com.vn\/index.php?rest_route=\/wp\/v2\/types\/product"}],"replies":[{"embeddable":true,"href":"https:\/\/nhadepbepxinh.com.vn\/index.php?rest_route=%2Fwp%2Fv2%2Fcomments&post=1859"}],"wp:featuredmedia":[{"embeddable":true,"href":"https:\/\/nhadepbepxinh.com.vn\/index.php?rest_route=\/wp\/v2\/media\/1860"}],"wp:attachment":[{"href":"https:\/\/nhadepbepxinh.com.vn\/index.php?rest_route=%2Fwp%2Fv2%2Fmedia&parent=1859"}],"wp:term":[{"taxonomy":"product_brand","embeddable":true,"href":"https:\/\/nhadepbepxinh.com.vn\/index.php?rest_route=%2Fwp%2Fv2%2Fproduct_brand&post=1859"},{"taxonomy":"product_cat","embeddable":true,"href":"https:\/\/nhadepbepxinh.com.vn\/index.php?rest_route=%2Fwp%2Fv2%2Fproduct_cat&post=1859"},{"taxonomy":"product_tag","embeddable":true,"href":"https:\/\/nhadepbepxinh.com.vn\/index.php?rest_route=%2Fwp%2Fv2%2Fproduct_tag&post=1859"}],"curies":[{"name":"wp","href":"https:\/\/api.w.org\/{rel}","templated":true}]}}