{"id":1848,"date":"2025-03-26T16:26:27","date_gmt":"2025-03-26T09:26:27","guid":{"rendered":"https:\/\/nhadepbepxinh.com.vn\/?post_type=product&#038;p=1848"},"modified":"2025-03-26T16:26:27","modified_gmt":"2025-03-26T09:26:27","slug":"chau-lavabo-viglacera-2-tang-sc-vi8-9gp01","status":"publish","type":"product","link":"https:\/\/nhadepbepxinh.com.vn\/?product=chau-lavabo-viglacera-2-tang-sc-vi8-9gp01","title":{"rendered":"CH\u00c2\u0323U LAVABO VIGLACERA 2 T\u00c2\u0300NG SC-VI8-9GP01"},"content":{"rendered":"<h3 class=\"title\">M\u00f4 t\u1ea3 s\u1ea3n ph\u1ea9m Ch\u1eadu lavabo Viglacera 2 t\u1ea7ng SC-VI8-9GP01<\/h3>\n<div id=\"content-desc\" class=\"content active\">\n<p><img loading=\"lazy\" decoding=\"async\" src=\"https:\/\/cuongquoc.com.vn\/media\/lib\/06-06-2024\/chau-rua-mat-viglacera-sc-vi8-9gp01.jpg\" alt=\"Ch\u1eadu r\u1eeda m\u1eb7t Viglacera SC-VI8-9GP01\" width=\"800\" height=\"684\" \/><\/p>\n<h3>\u0110\u1eb7c \u0111i\u1ec3m n\u1ed5i b\u1eadt c\u1ee7a ch\u1eadu r\u1eeda m\u1eb7t b\u00e0n \u0111\u00e1 Viglacera\u00a0SC-VI8-9GP01<\/h3>\n<p>SC-VI8-9GP01 l\u00e0 m\u1ed9t trong nh\u1eefng d\u00f2ng ch\u1eadu r\u1eeda lavabo Viglacera \u0111\u01b0\u1ee3c \u0111\u00e1nh gi\u00e1 cao v\u1ec1 t\u00ednh th\u1ea9m m\u1ef9. Thu\u1ed9c d\u00f2ng s\u1ea3n ph\u1ea9m ch\u1eadu r\u1eeda m\u1eb7t b\u00e0n \u0111\u00e1 mang v\u1ebb \u0111\u1eb9p tinh t\u1ebf v\u00e0 thanh l\u1ecbch,\u00a0<strong>ch\u1eadu lavabo Viglacera SC-VI8-9GP01<\/strong>\u00a0thi\u1ebft k\u1ebf nh\u1eefng \u0111\u01b0\u1eddng v\u00e2n sinh \u0111\u1ed9ng v\u00e0 r\u00f5 n\u00e9t m\u00f4 ph\u1ecfng ho\u00e0n h\u1ea3o v\u1ebb \u0111\u1eb9p c\u1ee7a nh\u1eefng phi\u1ebfn \u0111\u00e1 trong t\u1ef1 nhi\u00ean.<\/p>\n<p>\u0110\u1ed3ng th\u1eddi, ch\u1eadu r\u1eeda m\u1eb7t Viglacera SC-VI8-9GP01 s\u1edf h\u1eefu gam m\u00e0u x\u00e1m trung t\u00ednh d\u1ec5 k\u1ebft h\u1ee3p c\u00f9ng c\u00e1c s\u1ea3n ph\u1ea9m v\u00e0 thi\u1ebft b\u1ecb\u00a0n\u1ed9i th\u1ea5t ph\u00f2ng t\u1eafm\u00a0kh\u00e1c t\u1ea1o n\u00ean kh\u00f4ng gian h\u00e0i h\u00f2a v\u00e0 sang tr\u1ecdng.<\/p>\n<p>M\u1eb7t kh\u00e1c,\u00a0<strong>ch\u1eadu r\u1eeda b\u00e0n \u0111\u00e1 Viglacera SC-VI8-9GP01<\/strong>\u00a0\u0111\u01b0\u1ee3c thi\u1ebft k\u1ebf 2 t\u1ea7ng \u0111\u1ea7y ti\u1ec7n l\u1ee3i gi\u00fap t\u0103ng th\u00eam kh\u00f4ng gian l\u01b0u tr\u1eef c\u00e1c \u0111\u1ed3 d\u00f9ng nh\u01b0 d\u1ea7u g\u1ed9i, s\u1eefa t\u1eafm&#8230; T\u1eeb \u0111\u00f3, kh\u00f4ng gian ph\u00f2ng t\u1eafm tr\u1edf n\u00ean g\u1ecdn g\u00e0ng, ng\u0103n n\u1eafp v\u00e0 \u0111\u1ea3m b\u1ea3o v\u1ec7 sinh h\u01a1n.<\/p>\n<p>Ph\u1ea7n ch\u1eadu lavabo c\u1ee7a s\u1ea3n ph\u1ea9m \u0111\u01b0\u1ee3c l\u00e0m b\u1eb1ng ch\u1ea5t li\u1ec7u s\u1ee9 cao c\u1ea5p \u1ee9ng d\u1ee5ng c\u00f4ng ngh\u1ec7 men \u0111\u1ed9c quy\u1ec1n c\u1ee7a Viglacera gi\u00fap t\u1ea1o \u0111\u1ed9 tr\u01a1n l\u00e1ng, s\u00e1ng b\u00f3ng, ch\u1ed1ng b\u00e1m d\u00ednh v\u00e0 kh\u00e1ng khu\u1ea9n. L\u00f2ng ch\u1eadu c\u00f2n \u0111\u01b0\u1ee3c thi\u1ebft k\u1ebf s\u00e2u r\u1ed9ng t\u1ea1o s\u1ef1 tho\u1ea3i m\u00e1i trong qu\u00e1 tr\u00ecnh s\u1eed d\u1ee5ng cho ng\u01b0\u1eddi d\u00f9ng.<\/p>\n<p>S\u1eed d\u1ee5ng \u0111\u00e1 nung k\u1ebft c\u00f2n \u0111\u01b0\u1ee3c bi\u1ebft \u0111\u1ebfn l\u00e0 lo\u1ea1i \u0111\u00e1 nh\u00e2n t\u1ea1o l\u00e0m m\u1eb7t b\u00e0n, ch\u1eadu lavabo 2 t\u1ea7ng Viglacera SC-VI8-9GP01 s\u1edf h\u1eefu nhi\u1ec1u \u01b0u \u0111i\u1ec3m n\u1ed5i tr\u1ed9i v\u1ec1 \u0111\u1ed9 c\u1ee9ng v\u00e0 \u0111\u1ed9 b\u1ec1n. B\u1edfi lo\u1ea1i v\u1eadt li\u1ec7u n\u00e0y c\u00f3 \u0111\u1ed9 c\u1ee9ng cao \u0111\u1ea1t 7\/10 theo thang Mohs so v\u1edbi kim c\u01b0\u01a1ng n\u00ean ch\u1ecbu l\u1ef1c va \u0111\u1eadp t\u1ed1t, ch\u1ed1ng tr\u1ea7y x\u01b0\u1edbc.<\/p>\n<p><img loading=\"lazy\" decoding=\"async\" src=\"https:\/\/cuongquoc.com.vn\/media\/lib\/06-06-2024\/dac-tinh-cua-da-nung-ket.jpg\" alt=\"\u0110\u1eb7c t\u00ednh c\u1ee7a \u0111\u00e1 nung k\u1ebft\" width=\"750\" height=\"659\" \/><\/p>\n<p>Kh\u00f4ng nh\u1eefng v\u1eady \u0111\u00e1 nung k\u1ebft c\u00f2n c\u00f3 \u0111\u1ed9 th\u1ea5m h\u00fat n\u01b0\u1edbc g\u1ea7n nh\u01b0 b\u1eb1ng 0, ch\u1ecbu \u0111\u01b0\u1ee3c nhi\u1ec7t \u0111\u1ed9 cao v\u00e0 kh\u00f4ng b\u1ecb bi\u1ebfn d\u1ea1ng khi ti\u1ebfp x\u00fac tr\u1ef1c ti\u1ebfp v\u1edbi ngu\u1ed3n l\u1eeda n\u00ean\u00a0ch\u1eadu lavabo Viglacera\u00a0<strong>SC-VI8-9GP01<\/strong>\u00a0gi\u1eef \u0111\u01b0\u1ee3c v\u1ebb \u0111\u1eb9p nh\u01b0 ban \u0111\u1ea7u \u0111em l\u1ea1i \u0111\u1ed9 b\u1ec1n b\u1ec9 c\u00f9ng th\u1eddi gian.<\/p>\n<\/div>\n","protected":false},"excerpt":{"rendered":"<div class=\"item\">\n<p class=\"txt\">M\u00e3 s\u1ea3n ph\u1ea9m: SC-VI8-9GP01<\/p>\n<\/div>\n<div class=\"item\"><i class=\"icon-summary\"><\/i><\/p>\n<p class=\"txt\">Lo\u1ea1i s\u1ea3n ph\u1ea9m: Ch\u1eadu lavabo 2 t\u1ea7ng<\/p>\n<\/div>\n<div class=\"item\"><i class=\"icon-summary\"><\/i><\/p>\n<p class=\"txt\">K\u00edch th\u01b0\u1edbc: 500 x 800 x 150 mm<\/p>\n<\/div>\n<div class=\"item\"><i class=\"icon-summary\"><\/i><\/p>\n<p class=\"txt\">Ch\u1ea5t li\u1ec7u: \u0110\u00e1 nung k\u1ebft<\/p>\n<\/div>\n<div class=\"item\"><i class=\"icon-summary\"><\/i><\/p>\n<p class=\"txt\">Thi\u1ebft k\u1ebf: Ch\u1eadu tr\u00e0n vi\u1ec1n<\/p>\n<\/div>\n<div class=\"item\"><i class=\"icon-summary\"><\/i><\/p>\n<p class=\"txt\">H\u00e3ng s\u1ea3n xu\u1ea5t: Viglacera<\/p>\n<\/div>\n","protected":false},"featured_media":1849,"comment_status":"open","ping_status":"closed","template":"","meta":[],"product_brand":[],"product_cat":[18,27],"product_tag":[],"class_list":{"0":"post-1848","1":"product","2":"type-product","3":"status-publish","4":"has-post-thumbnail","6":"product_cat-thiet-bi-ve-sinh","7":"product_cat-lavabo","9":"first","10":"instock","11":"shipping-taxable","12":"product-type-simple"},"_links":{"self":[{"href":"https:\/\/nhadepbepxinh.com.vn\/index.php?rest_route=\/wp\/v2\/product\/1848","targetHints":{"allow":["GET"]}}],"collection":[{"href":"https:\/\/nhadepbepxinh.com.vn\/index.php?rest_route=\/wp\/v2\/product"}],"about":[{"href":"https:\/\/nhadepbepxinh.com.vn\/index.php?rest_route=\/wp\/v2\/types\/product"}],"replies":[{"embeddable":true,"href":"https:\/\/nhadepbepxinh.com.vn\/index.php?rest_route=%2Fwp%2Fv2%2Fcomments&post=1848"}],"wp:featuredmedia":[{"embeddable":true,"href":"https:\/\/nhadepbepxinh.com.vn\/index.php?rest_route=\/wp\/v2\/media\/1849"}],"wp:attachment":[{"href":"https:\/\/nhadepbepxinh.com.vn\/index.php?rest_route=%2Fwp%2Fv2%2Fmedia&parent=1848"}],"wp:term":[{"taxonomy":"product_brand","embeddable":true,"href":"https:\/\/nhadepbepxinh.com.vn\/index.php?rest_route=%2Fwp%2Fv2%2Fproduct_brand&post=1848"},{"taxonomy":"product_cat","embeddable":true,"href":"https:\/\/nhadepbepxinh.com.vn\/index.php?rest_route=%2Fwp%2Fv2%2Fproduct_cat&post=1848"},{"taxonomy":"product_tag","embeddable":true,"href":"https:\/\/nhadepbepxinh.com.vn\/index.php?rest_route=%2Fwp%2Fv2%2Fproduct_tag&post=1848"}],"curies":[{"name":"wp","href":"https:\/\/api.w.org\/{rel}","templated":true}]}}