{"id":1846,"date":"2025-03-26T16:23:34","date_gmt":"2025-03-26T09:23:34","guid":{"rendered":"https:\/\/nhadepbepxinh.com.vn\/?post_type=product&#038;p=1846"},"modified":"2025-03-26T16:27:03","modified_gmt":"2025-03-26T09:27:03","slug":"chau-lavabo-viglacera-2-tang-s-vi11-9gp01","status":"publish","type":"product","link":"https:\/\/nhadepbepxinh.com.vn\/?product=chau-lavabo-viglacera-2-tang-s-vi11-9gp01","title":{"rendered":"CH\u00c2\u0323U LAVABO VIGLACERA 2 T\u00c2\u0300NG S-VI11-9GP01"},"content":{"rendered":"<h3 class=\"title\">M\u00f4 t\u1ea3 s\u1ea3n ph\u1ea9m Ch\u1eadu lavabo Viglacera 2 t\u1ea7ng S-VI11-9GP01<\/h3>\n<div id=\"content-desc\" class=\"content active\">\n<p><img loading=\"lazy\" decoding=\"async\" src=\"https:\/\/cuongquoc.com.vn\/media\/product\/32309_chau_lavabo_viglacera_s_vi11_9gp01.jpg\" alt=\"Ch\u1eadu lavabo Viglacera S-VI11-9GP01\" width=\"800\" height=\"877\" \/><\/p>\n<h3>\u0110i\u1ec3m v\u01b0\u1ee3t tr\u1ed9i c\u1ee7a ch\u1eadu r\u1eeda m\u1eb7t b\u00e0n \u0111\u00e1 Viglacera\u00a0S-VI11-9GP01<\/h3>\n<p>Kh\u00f4ng ch\u1ec9 \u0111\u01a1n gi\u1ea3n l\u00e0 gi\u00fap ng\u01b0\u1eddi d\u00f9ng v\u1ec7 sinh c\u00e1 nh\u00e2n nh\u01b0 r\u1eeda tay v\u00e0 r\u1eeda m\u1eb7t m\u00e0\u00a0<strong>Viglacera S-VI11-9GP01<\/strong>\u00a0c\u00f2n g\u00f3p ph\u1ea7n l\u00e0m n\u00e2ng cao tr\u1ea3i nghi\u1ec7m c\u0169ng nh\u01b0 gia t\u0103ng t\u00ednh th\u1ea9m m\u1ef9 cho kh\u00f4ng gian\u00a0n\u1ed9i th\u1ea5t ph\u00f2ng t\u1eafm.<\/p>\n<p>\u0110\u01b0\u1ee3c thi\u1ebft k\u1ebf h\u1ecda ti\u1ebft v\u00e2n \u0111\u00e1 r\u00f5 n\u00e9t tr\u00ean n\u1ec1n m\u00e0u \u0111en huy\u1ec1n b\u00ed, ch\u1eadu lavabo Viglacera S-VI11-9GP01 v\u1edbi b\u1ec1 m\u1eb7t nh\u1eb5n b\u00f3ng g\u00f3p ph\u1ea7n t\u1ea1o \u0111i\u1ec3m nh\u1ea5n cho kh\u00f4ng gian th\u00eam sang tr\u1ecdng, \u0111\u1eb3ng c\u1ea5p v\u00e0 ho\u00e0n m\u1ef9.<\/p>\n<p>M\u1eb7t kh\u00e1c, v\u1edbi k\u00edch th\u01b0\u1edbc nh\u1ecf g\u1ecdn c\u00f9ng thi\u1ebft k\u1ebf ki\u1ec3u d\u00e1ng 2 t\u1ea7ng ti\u1ec7n \u00edch c\u00f3 th\u1ec3 \u0111\u1ec3 c\u00e1c \u0111\u1ed3 d\u00f9ng h\u00e0ng ng\u00e0y nh\u01b0 s\u1eefa t\u1eafm, d\u1ea7u g\u1ed9i&#8230;\u00a0<strong>ch\u1eadu r\u1eeda m\u1eb7t b\u00e0n \u0111\u00e1 Viglacera S-VI11-9GP01<\/strong>\u00a0gi\u00fap ph\u00f2ng t\u1eafm tr\u1edf n\u00ean g\u1ecdn g\u00e0ng v\u00e0 ng\u0103n n\u1eafp h\u01a1n.<\/p>\n<p>Ph\u1ea7n ch\u1eadu lavabo c\u1ee7a s\u1ea3n ph\u1ea9m thi\u1ebft k\u1ebf kh\u00f4ng tr\u00e0n vi\u1ec1n \u0111\u01b0\u1ee3c l\u00e0m b\u1eb1ng ch\u1ea5t li\u1ec7u s\u1ee9 cao c\u1ea5p \u00e1p d\u1ee5ng c\u00f4ng ngh\u1ec7 men \u0111\u1ed9c quy\u1ec1n c\u1ee7a Viglacera gi\u00fap t\u1ea1o \u0111\u1ed9 tr\u01a1n l\u00e1ng, s\u00e1ng b\u00f3ng, ch\u1ed1ng b\u00e1m d\u00ednh v\u00e0 kh\u00e1ng khu\u1ea9n t\u1ed1t. L\u00f2ng ch\u1eadu c\u00f2n \u0111\u01b0\u1ee3c thi\u1ebft k\u1ebf s\u00e2u r\u1ed9ng t\u1ea1o s\u1ef1 tho\u1ea3i m\u00e1i trong qu\u00e1 tr\u00ecnh s\u1eed d\u1ee5ng cho ng\u01b0\u1eddi d\u00f9ng.<\/p>\n<p>S\u1eed d\u1ee5ng \u0111\u00e1 nung k\u1ebft c\u00f2n \u0111\u01b0\u1ee3c bi\u1ebft \u0111\u1ebfn l\u00e0 lo\u1ea1i \u0111\u00e1 nh\u00e2n t\u1ea1o l\u00e0m m\u1eb7t b\u00e0n,\u00a0ch\u1eadu lavabo Viglacera\u00a0<strong>S-VI11-9GP01<\/strong>\u00a0s\u1edf h\u1eefu nhi\u1ec1u \u01b0u \u0111i\u1ec3m n\u1ed5i tr\u1ed9i v\u1ec1 \u0111\u1ed9 c\u1ee9ng v\u00e0 \u0111\u1ed9 b\u1ec1n. B\u1edfi lo\u1ea1i v\u1eadt li\u1ec7u n\u00e0y c\u00f3 \u0111\u1ed9 c\u1ee9ng cao \u0111\u1ea1t 7\/10 theo thang Mohs so v\u1edbi kim c\u01b0\u01a1ng n\u00ean ch\u1ecbu l\u1ef1c va \u0111\u1eadp t\u1ed1t, ch\u1ed1ng tr\u1ea7y x\u01b0\u1edbc.<\/p>\n<p><img loading=\"lazy\" decoding=\"async\" src=\"https:\/\/cuongquoc.com.vn\/media\/lib\/12-06-2024\/dac-tinh-cua-da-nung-ket.jpg\" alt=\"\u0110\u1eb7c t\u00ednh c\u1ee7a \u0111\u00e1 nung k\u1ebft\" width=\"750\" height=\"659\" \/><\/p>\n<p>Kh\u00f4ng nh\u1eefng v\u1eady \u0111\u00e1 nung k\u1ebft c\u00f2n c\u00f3 \u0111\u1ed9 th\u1ea5m h\u00fat n\u01b0\u1edbc g\u1ea7n nh\u01b0 b\u1eb1ng 0, ch\u1ecbu \u0111\u01b0\u1ee3c nhi\u1ec7t \u0111\u1ed9 cao v\u00e0 kh\u00f4ng b\u1ecb bi\u1ebfn d\u1ea1ng khi ti\u1ebfp x\u00fac tr\u1ef1c ti\u1ebfp v\u1edbi ngu\u1ed3n l\u1eeda n\u00ean\u00a0<strong>ch\u1eadu r\u1eeda lavabo Viglacera S-VI11-9GP01<\/strong>\u00a0gi\u1eef \u0111\u01b0\u1ee3c v\u1ebb \u0111\u1eb9p nh\u01b0 ban \u0111\u1ea7u \u0111em l\u1ea1i \u0111\u1ed9 b\u1ec1n b\u1ec9 c\u00f9ng th\u1eddi gian.<\/p>\n<\/div>\n","protected":false},"excerpt":{"rendered":"<h3 class=\"title\">M\u00f4 t\u1ea3 s\u1ea3n ph\u1ea9m<\/h3>\n<div id=\"content-summary\" class=\"content active\">\n<div class=\"item\">\n<p>&nbsp;<\/p>\n<p class=\"txt\">M\u00e3 s\u1ea3n ph\u1ea9m: S-VI11-9GP01<\/p>\n<\/div>\n<div class=\"item\">\n<p>&nbsp;<\/p>\n<p class=\"txt\">Lo\u1ea1i s\u1ea3n ph\u1ea9m: Ch\u1eadu lavabo 2 t\u1ea7ng<\/p>\n<\/div>\n<div class=\"item\">\n<p>&nbsp;<\/p>\n<p class=\"txt\">K\u00edch th\u01b0\u1edbc: 500 x 800 x 150 mm<\/p>\n<\/div>\n<div class=\"item\">\n<p>&nbsp;<\/p>\n<p class=\"txt\">Ch\u1ea5t li\u1ec7u: \u0110\u00e1 nung k\u1ebft<\/p>\n<\/div>\n<div class=\"item\">\n<p>&nbsp;<\/p>\n<p class=\"txt\">Thi\u1ebft k\u1ebf: Ch\u1eadu kh\u00f4ng tr\u00e0n vi\u1ec1n<\/p>\n<\/div>\n<div class=\"item\">\n<p>&nbsp;<\/p>\n<p class=\"txt\">H\u00e3ng s\u1ea3n xu\u1ea5t: Viglacera<\/p>\n<\/div>\n<\/div>\n","protected":false},"featured_media":1847,"comment_status":"open","ping_status":"closed","template":"","meta":[],"product_brand":[],"product_cat":[18,27],"product_tag":[],"class_list":{"0":"post-1846","1":"product","2":"type-product","3":"status-publish","4":"has-post-thumbnail","6":"product_cat-thiet-bi-ve-sinh","7":"product_cat-lavabo","9":"first","10":"instock","11":"shipping-taxable","12":"product-type-simple"},"_links":{"self":[{"href":"https:\/\/nhadepbepxinh.com.vn\/index.php?rest_route=\/wp\/v2\/product\/1846","targetHints":{"allow":["GET"]}}],"collection":[{"href":"https:\/\/nhadepbepxinh.com.vn\/index.php?rest_route=\/wp\/v2\/product"}],"about":[{"href":"https:\/\/nhadepbepxinh.com.vn\/index.php?rest_route=\/wp\/v2\/types\/product"}],"replies":[{"embeddable":true,"href":"https:\/\/nhadepbepxinh.com.vn\/index.php?rest_route=%2Fwp%2Fv2%2Fcomments&post=1846"}],"wp:featuredmedia":[{"embeddable":true,"href":"https:\/\/nhadepbepxinh.com.vn\/index.php?rest_route=\/wp\/v2\/media\/1847"}],"wp:attachment":[{"href":"https:\/\/nhadepbepxinh.com.vn\/index.php?rest_route=%2Fwp%2Fv2%2Fmedia&parent=1846"}],"wp:term":[{"taxonomy":"product_brand","embeddable":true,"href":"https:\/\/nhadepbepxinh.com.vn\/index.php?rest_route=%2Fwp%2Fv2%2Fproduct_brand&post=1846"},{"taxonomy":"product_cat","embeddable":true,"href":"https:\/\/nhadepbepxinh.com.vn\/index.php?rest_route=%2Fwp%2Fv2%2Fproduct_cat&post=1846"},{"taxonomy":"product_tag","embeddable":true,"href":"https:\/\/nhadepbepxinh.com.vn\/index.php?rest_route=%2Fwp%2Fv2%2Fproduct_tag&post=1846"}],"curies":[{"name":"wp","href":"https:\/\/api.w.org\/{rel}","templated":true}]}}