{"id":1842,"date":"2025-03-26T16:18:55","date_gmt":"2025-03-26T09:18:55","guid":{"rendered":"https:\/\/nhadepbepxinh.com.vn\/?post_type=product&#038;p=1842"},"modified":"2025-03-26T16:58:14","modified_gmt":"2025-03-26T09:58:14","slug":"chau-lavabo-viglacera-2-tang-sc-v14-9gp01","status":"publish","type":"product","link":"https:\/\/nhadepbepxinh.com.vn\/?product=chau-lavabo-viglacera-2-tang-sc-v14-9gp01","title":{"rendered":"CH\u00c2\u0323U LAVABO VIGLACERA 2 T\u00c2\u0300NG SC-V14-9GP01"},"content":{"rendered":"<h3 class=\"title\">M\u00f4 t\u1ea3 s\u1ea3n ph\u1ea9m Ch\u1eadu lavabo Viglacera 2 t\u1ea7ng SC-V14-9GP01<\/h3>\n<div id=\"content-desc\" class=\"content active\">\n<p><img loading=\"lazy\" decoding=\"async\" src=\"https:\/\/cuongquoc.com.vn\/media\/lib\/03-06-2024\/chau-lavabo-ban-da-viglacera-sc-v14-9gp01.jpg\" alt=\"Ch\u1eadu lavabo Viglacera SC-V14-9GP01\" width=\"800\" height=\"702\" \/><\/p>\n<h3>\u0110i\u1ec3m \u01b0u vi\u1ec7t c\u1ee7a ch\u1eadu lavabo b\u00e0n \u0111\u00e1 Viglacera SC-V14-9GP01<\/h3>\n<p><strong>SC-V14-9GP01<\/strong>\u00a0l\u00e0 m\u1eabu ch\u1eadu r\u1eeda lavabo b\u00e0n \u0111\u00e1 cao c\u1ea5p \u0111\u01b0\u1ee3c s\u1ea3n xu\u1ea5t v\u00e0 \u1ee9ng d\u1ee5ng nh\u1eefng c\u00f4ng ngh\u1ec7 ti\u00ean ti\u1ebfn nh\u1ea5t hi\u1ec7n nay c\u1ee7a th\u01b0\u01a1ng hi\u1ec7u Viglacera. Do \u0111\u00f3, s\u1ea3n ph\u1ea9m c\u00f3 th\u1ec3 \u0111\u00e1p \u1ee9ng t\u1ed1t c\u00e1c nhu c\u1ea7u kh\u00e1c nhau c\u1ee7a ng\u01b0\u1eddi ti\u00eau d\u00f9ng.<\/p>\n<p>V\u1edbi thi\u1ebft k\u1ebf t\u01b0\u01a1ng t\u1ef1 nh\u01b0 d\u00f2ng s\u1ea3n ph\u1ea9m\u00a0t\u1ee7 ch\u1eadu Viglacera,\u00a0<strong>ch\u1eadu lavabo b\u00e0n \u0111\u00e1 Viglacera SC-V14-9GP01<\/strong>\u00a0c\u00f3 th\u00eam 1 t\u1ea7ng \u0111\u1ec3 \u0111\u1ed3 d\u00f9ng nh\u01b0 d\u1ea7u g\u1ed9i, s\u1eefa t\u1eafm&#8230; \u0111\u1ea7y ti\u1ec7n l\u1ee3i v\u00e0 thu\u1eadn ti\u1ec7n cho ng\u01b0\u1eddi s\u1eed d\u1ee5ng. Ch\u00ednh v\u00ec v\u1eady, kh\u00f4ng gian ph\u00f2ng t\u1eafm s\u1ebd tr\u1edf n\u00ean ng\u0103n n\u1eafp v\u00e0 s\u1ea1ch s\u1ebd h\u01a1n.<\/p>\n<p>Ph\u1ea7n ch\u1eadu s\u1ee9 c\u1ee7a\u00a0<strong>Viglacera SC-V14-9GP01<\/strong>\u00a0\u0111\u01b0\u1ee3c \u1ee9ng d\u1ee5ng c\u00f4ng ngh\u1ec7 men s\u1ee9 \u0111\u1ed9c quy\u1ec1n t\u1ea1o \u0111\u1ed9 s\u00e1ng b\u00f3ng, ch\u1ed1ng b\u00e1m d\u00ednh v\u00e0 ng\u0103n ng\u1eeba vi khu\u1ea9n ph\u00e1t tri\u1ec3n. \u0110\u1ed3ng th\u1eddi, v\u1edbi thi\u1ebft k\u1ebf tr\u00e0n vi\u1ec1n gi\u00fap vi\u1ec7c v\u1ec7 sinh lau ch\u00f9i s\u1ea3n ph\u1ea9m d\u1ec5 d\u00e0ng h\u01a1n.<\/p>\n<p>\u0110\u1ed1i v\u1edbi ph\u1ea7n m\u1eb7t b\u00e0n, Viglacera s\u1eed d\u1ee5ng lo\u1ea1i v\u1eadt li\u1ec7u \u0111\u00e1 nung k\u1ebft c\u00f3 \u0111\u1ed9 c\u1ee9ng cao \u0111\u1ea1t 7\/10 theo thang Mohs so v\u1edbi kim c\u01b0\u01a1ng. Nh\u1edd \u0111\u1ed9 c\u1ee9ng cao n\u00ean ch\u1eadu lavabo Viglacera SC-V14-9GP01 c\u00f3 kh\u1ea3 n\u0103ng ch\u1ecbu va \u0111\u1eadp t\u1ed1t v\u00e0 ch\u1ed1ng tr\u1ea7y x\u01b0\u1edbc.<\/p>\n<p><img loading=\"lazy\" decoding=\"async\" src=\"https:\/\/cuongquoc.com.vn\/media\/lib\/04-06-2024\/dac-tinh-cua-da-nung-ket.jpg\" alt=\"\u0110\u1eb7c t\u00ednh c\u1ee7a \u0111\u00e1 nung k\u1ebft\" width=\"750\" height=\"659\" \/><\/p>\n<p>Kh\u00f4ng nh\u1eefng v\u1eady, lo\u1ea1i v\u1eadt li\u1ec7u n\u00e0y c\u00f2n c\u00f3 kh\u1ea3 n\u0103ng ch\u1ed1ng th\u1ea5m n\u01b0\u1edbc, ch\u1ecbu \u0111\u01b0\u1ee3c nhi\u1ec7t \u0111\u1ed9 cao, ch\u1ed1ng b\u00e1m b\u1ea9n v\u00e0 an to\u00e0n v\u1edbi s\u1ee9c kh\u1ecfe con ng\u01b0\u1eddi c\u0169ng nh\u01b0 m\u00f4i tr\u01b0\u1eddng.<\/p>\n<p>M\u1eb7t kh\u00e1c, m\u1eb7t b\u00e0n \u0111\u00e1 nung k\u1ebft\u00a0<strong>lavabo SC-V14-9GP01<\/strong>\u00a0m\u00f4 ph\u1ecfng ho\u00e0n h\u1ea3o v\u1ebb \u0111\u1eb9p c\u1ee7a \u0111\u00e1 trong t\u1ef1 nhi\u00ean nh\u1edd \u00e1p d\u1ee5ng c\u00f4ng ngh\u1ec7 in k\u1ef9 thu\u1eadt s\u1ed1 hi\u1ec7n \u0111\u1ea1i c\u00f3 \u0111\u1ed9 ph\u00e2n gi\u1ea3i cao cho h\u00ecnh \u1ea3nh s\u1eafc n\u00e9t, sinh \u0111\u1ed9ng v\u00e0 ch\u00e2n th\u1ef1c. V\u1eady n\u00ean, s\u1ea3n ph\u1ea9m c\u00f3 th\u1ec3 l\u1eafp \u0111\u1eb7t s\u1eed d\u1ee5ng cho nhi\u1ec1u phong c\u00e1ch\u00a0n\u1ed9i th\u1ea5t ph\u00f2ng t\u1eafm\u00a0l\u00e0m t\u0103ng th\u00eam s\u1ef1 sang tr\u1ecdng v\u00e0 ho\u00e0n m\u1ef9.<\/p>\n<\/div>\n","protected":false},"excerpt":{"rendered":"<div class=\"item\">\n<p class=\"txt\">M\u00e3 s\u1ea3n ph\u1ea9m: SC-V14-9GP01<\/p>\n<\/div>\n<div class=\"item\">\n<p>&nbsp;<\/p>\n<p class=\"txt\">Lo\u1ea1i s\u1ea3n ph\u1ea9m: Ch\u1eadu lavabo 2 t\u1ea7ng<\/p>\n<\/div>\n<div class=\"item\">\n<p>&nbsp;<\/p>\n<p class=\"txt\">K\u00edch th\u01b0\u1edbc: 500 x 800 x 150 mm<\/p>\n<\/div>\n<div class=\"item\">\n<p>&nbsp;<\/p>\n<p class=\"txt\">Ch\u1ea5t li\u1ec7u: \u0110\u00e1 nung k\u1ebft<\/p>\n<\/div>\n<div class=\"item\">\n<p>&nbsp;<\/p>\n<p class=\"txt\">Thi\u1ebft k\u1ebf: Ch\u1eadu tr\u00e0n vi\u1ec1n<\/p>\n<\/div>\n<div class=\"item\">\n<p>&nbsp;<\/p>\n<p class=\"txt\">H\u00e3ng s\u1ea3n xu\u1ea5t: Viglacera<\/p>\n<\/div>\n","protected":false},"featured_media":1843,"comment_status":"open","ping_status":"closed","template":"","meta":[],"product_brand":[],"product_cat":[18,27],"product_tag":[],"class_list":{"0":"post-1842","1":"product","2":"type-product","3":"status-publish","4":"has-post-thumbnail","6":"product_cat-thiet-bi-ve-sinh","7":"product_cat-lavabo","9":"first","10":"instock","11":"shipping-taxable","12":"product-type-simple"},"_links":{"self":[{"href":"https:\/\/nhadepbepxinh.com.vn\/index.php?rest_route=\/wp\/v2\/product\/1842","targetHints":{"allow":["GET"]}}],"collection":[{"href":"https:\/\/nhadepbepxinh.com.vn\/index.php?rest_route=\/wp\/v2\/product"}],"about":[{"href":"https:\/\/nhadepbepxinh.com.vn\/index.php?rest_route=\/wp\/v2\/types\/product"}],"replies":[{"embeddable":true,"href":"https:\/\/nhadepbepxinh.com.vn\/index.php?rest_route=%2Fwp%2Fv2%2Fcomments&post=1842"}],"wp:featuredmedia":[{"embeddable":true,"href":"https:\/\/nhadepbepxinh.com.vn\/index.php?rest_route=\/wp\/v2\/media\/1843"}],"wp:attachment":[{"href":"https:\/\/nhadepbepxinh.com.vn\/index.php?rest_route=%2Fwp%2Fv2%2Fmedia&parent=1842"}],"wp:term":[{"taxonomy":"product_brand","embeddable":true,"href":"https:\/\/nhadepbepxinh.com.vn\/index.php?rest_route=%2Fwp%2Fv2%2Fproduct_brand&post=1842"},{"taxonomy":"product_cat","embeddable":true,"href":"https:\/\/nhadepbepxinh.com.vn\/index.php?rest_route=%2Fwp%2Fv2%2Fproduct_cat&post=1842"},{"taxonomy":"product_tag","embeddable":true,"href":"https:\/\/nhadepbepxinh.com.vn\/index.php?rest_route=%2Fwp%2Fv2%2Fproduct_tag&post=1842"}],"curies":[{"name":"wp","href":"https:\/\/api.w.org\/{rel}","templated":true}]}}