{"id":1837,"date":"2025-03-26T16:07:54","date_gmt":"2025-03-26T09:07:54","guid":{"rendered":"https:\/\/nhadepbepxinh.com.vn\/?post_type=product&#038;p=1837"},"modified":"2025-03-26T16:58:58","modified_gmt":"2025-03-26T09:58:58","slug":"chau-treo-viglacera-v50","status":"publish","type":"product","link":"https:\/\/nhadepbepxinh.com.vn\/?product=chau-treo-viglacera-v50","title":{"rendered":"CH\u00c2\u0323U TREO VIGLACERA V50"},"content":{"rendered":"<h2><strong>Th\u00f4ng tin lavabo Viglacera\u00a0V50 treo t\u01b0\u1eddng<\/strong><\/h2>\n<ul>\n<li>M\u00e3 s\u1ea3n ph\u1ea9m:\u00a0V50<\/li>\n<li>Lo\u1ea1i s\u1ea3n ph\u1ea9m : Ch\u1eadu r\u1eeda\u00a0lavabo\u00a0treo t\u01b0\u1eddng ch\u00e2n ng\u1eafn<\/li>\n<li>K\u00edch th\u01b0\u1edbc:\u00a0595 x 405 x 475 mm<\/li>\n<li>M\u00e0u s\u1eafc: M\u00e0u tr\u1eafng<\/li>\n<li>Kh\u00f4ng bao g\u1ed3m ph\u1ee5 ki\u00ean( v\u00f2i, b\u1ed9 x\u1ea3&#8230;)<\/li>\n<li>H\u00e3ng s\u1ea3n xu\u1ea5t:\u00a0VIGLACERA<\/li>\n<li>C\u00f4ng ngh\u1ec7:\u00a0Italy<\/li>\n<li>N\u01a1i s\u1ea3n xu\u1ea5t:\u00a0Vi\u1ec7t Nam<\/li>\n<li>M\u00e3 s\u1ea3n ph\u1ea9m c\u0169:\u00a0Viglacera\u00a0CD50<\/li>\n<li>Ba\u0309o ha\u0300nh men s\u01b0\u0301 10 n\u0103m<\/li>\n<\/ul>\n<h2><strong>T\u00ednh n\u0103ng ch\u1eadu r\u1eeda m\u1eb7t Viglacera\u00a0V50 ch\u00e2n ng\u1eafn<\/strong><\/h2>\n<ul>\n<li>Thi\u1ebft k\u1ebf treo t\u01b0\u1eddng gi\u00fap ti\u1ebft ki\u1ec7m kh\u00f4ng gian t\u1ed1i \u0111a v\u00e0 d\u1ec5 d\u00e0ng v\u1ec7 sinh.<\/li>\n<li>S\u1eed d\u1ee5ng ch\u1ea5t li\u1ec7u s\u1ee9 cao c\u1ea5p tr\u00e1ng men gi\u00fap b\u1ec1 m\u1eb7t lu\u00f4n s\u00e1ng b\u00f3ng.<\/li>\n<li>Ch\u1eadu c\u00f3 l\u00f2ng s\u00e2u, d\u1ea1ng nghi\u00eang k\u1ebft h\u1ee3p l\u1ed7 tho\u00e1t tr\u00e0n h\u1ea1n ch\u1ebf t\u00ecnh tr\u1ea1ng ch\u1ea3y ho\u1eb7c b\u1eafn ra ngo\u00e0i trong qu\u00e1 tr\u00ecnh s\u1eed d\u1ee5ng.<\/li>\n<li>Th\u00e0nh b\u1ed3n r\u1eeda \u0111\u01b0\u1ee3c l\u00e0m r\u1ed9ng gi\u00fap ng\u01b0\u1eddi d\u00f9ng t\u1eadn d\u1ee5ng \u0111\u1ec3 th\u00eam m\u1ed9t s\u1ed1 \u0111\u1ed3 d\u00f9ng khi c\u1ea7n thi\u1ebft.<\/li>\n<li>\u1ee8ng d\u1ee5ng c\u00f4ng ngh\u1ec7 men Nano Titan c\u00f3 kh\u1ea3 n\u0103ng ch\u1ed1ng b\u00e1m b\u1ea9n v\u00e0 kh\u00e1ng khu\u1ea9n l\u00ean \u0111\u1ebfn 89%.<\/li>\n<\/ul>\n<h2>B\u1ea3n v\u1ebdk\u00edch th\u01b0\u1edbc ch\u1eadu r\u1eeda m\u1eb7t\u00a0<strong>V50 Viglacera<\/strong><\/h2>\n<p><img decoding=\"async\" class=\"lozad loaded\" src=\"https:\/\/www.tdm.vn\/image\/catalog\/products_2023\/lavabo-viglacera-v50.jpg\" alt=\"B\u1ea3n v\u1ebdk\u00edch th\u01b0\u1edbc ch\u1eadu r\u1eeda m\u1eb7t\u00a0V50 Viglacera\" data-src=\"https:\/\/www.tdm.vn\/image\/catalog\/products_2023\/lavabo-viglacera-v50.jpg\" data-loaded=\"true\" \/><\/p>\n","protected":false},"excerpt":{"rendered":"<ul>\n<li>Ch\u1eadu r\u1eeda Viglacera treo t\u01b0\u1eddng ch\u00e2n l\u1eedng<\/li>\n<li>M\u00e3 s\u1ea3n ph\u1ea9m: V50<\/li>\n<li>Thi\u1ebft k\u1ebf \u0111\u01a1n gi\u1ea3n, sang tr\u1ecdng<\/li>\n<li>L\u00f2ng ch\u1eadu s\u00e2u, r\u1ed9ng r\u00e3i gi\u00fap tho\u1ea3i m\u00e1i khi s\u1eed d\u1ee5ng<\/li>\n<li>Thi\u1ebft k\u1ebf v\u1edbi l\u1ed7 tho\u00e1t tr\u00e0n<\/li>\n<li>C\u00f3 th\u1ec3 mua ch\u00e2n ho\u1eb7c ch\u1eadu ri\u00eang.<\/li>\n<li>C\u00f4ng ngh\u1ec7: Men Nano nung di\u1ec7t khu\u1ea9n 89%<\/li>\n<li>M\u00e0u s\u1eafc: Tr\u1eafng<\/li>\n<\/ul>\n","protected":false},"featured_media":1838,"comment_status":"open","ping_status":"closed","template":"","meta":[],"product_brand":[],"product_cat":[18,27],"product_tag":[],"class_list":{"0":"post-1837","1":"product","2":"type-product","3":"status-publish","4":"has-post-thumbnail","6":"product_cat-thiet-bi-ve-sinh","7":"product_cat-lavabo","9":"first","10":"instock","11":"shipping-taxable","12":"product-type-simple"},"_links":{"self":[{"href":"https:\/\/nhadepbepxinh.com.vn\/index.php?rest_route=\/wp\/v2\/product\/1837","targetHints":{"allow":["GET"]}}],"collection":[{"href":"https:\/\/nhadepbepxinh.com.vn\/index.php?rest_route=\/wp\/v2\/product"}],"about":[{"href":"https:\/\/nhadepbepxinh.com.vn\/index.php?rest_route=\/wp\/v2\/types\/product"}],"replies":[{"embeddable":true,"href":"https:\/\/nhadepbepxinh.com.vn\/index.php?rest_route=%2Fwp%2Fv2%2Fcomments&post=1837"}],"wp:featuredmedia":[{"embeddable":true,"href":"https:\/\/nhadepbepxinh.com.vn\/index.php?rest_route=\/wp\/v2\/media\/1838"}],"wp:attachment":[{"href":"https:\/\/nhadepbepxinh.com.vn\/index.php?rest_route=%2Fwp%2Fv2%2Fmedia&parent=1837"}],"wp:term":[{"taxonomy":"product_brand","embeddable":true,"href":"https:\/\/nhadepbepxinh.com.vn\/index.php?rest_route=%2Fwp%2Fv2%2Fproduct_brand&post=1837"},{"taxonomy":"product_cat","embeddable":true,"href":"https:\/\/nhadepbepxinh.com.vn\/index.php?rest_route=%2Fwp%2Fv2%2Fproduct_cat&post=1837"},{"taxonomy":"product_tag","embeddable":true,"href":"https:\/\/nhadepbepxinh.com.vn\/index.php?rest_route=%2Fwp%2Fv2%2Fproduct_tag&post=1837"}],"curies":[{"name":"wp","href":"https:\/\/api.w.org\/{rel}","templated":true}]}}