{"id":1827,"date":"2025-03-26T15:33:12","date_gmt":"2025-03-26T08:33:12","guid":{"rendered":"https:\/\/nhadepbepxinh.com.vn\/?post_type=product&#038;p=1827"},"modified":"2025-03-26T15:33:13","modified_gmt":"2025-03-26T08:33:13","slug":"bon-cau-1-khoi-v817-nap-em-v86","status":"publish","type":"product","link":"https:\/\/nhadepbepxinh.com.vn\/?product=bon-cau-1-khoi-v817-nap-em-v86","title":{"rendered":"B\u00d4\u0300N C\u00c2\u0300U 1 KH\u00d4\u0301I V817 N\u0102\u0301P \u00caM V86"},"content":{"rendered":"<div class=\"chitiet_sp\">\n<div class=\"info_sp\">\n<div class=\"muahang\">\n<div id=\"get_sl\" class=\"nuttanggiam\">\n<div class=\"post-meta-tag\"><\/div>\n<\/div>\n<\/div>\n<\/div>\n<\/div>\n<p><main class=\"content\"><\/p>\n<article class=\"post-3520 product type-product status-publish has-post-thumbnail product_cat-bon-cau-1-khoi-viglacera product_cat-bon-cau-viglacera-2 product_tag-bon-cau product_tag-bon-cau-1-khoi product_tag-bon-cau-1-khoi-viglacera entry\">\n<header class=\"entry-header\"><\/header>\n<div class=\"entry-content\">\n<p><strong>B\u1ed3n c\u1ea7u m\u1ed9t kh\u1ed1i\u00a0Viglacera V817<\/strong>\u00a0k\u1ebft h\u1ee3p v\u1edbi\u00a0<strong>n\u1eafp \u00eam V86<\/strong>\u00a0l\u00e0 m\u1ed9t trong nh\u1eefng s\u1ea3n ph\u1ea9m n\u1ed5i b\u1eadt c\u1ee7a th\u01b0\u01a1ng hi\u1ec7u Viglacera, \u0111\u01b0\u1ee3c nhi\u1ec1u ng\u01b0\u1eddi ti\u00eau d\u00f9ng tin t\u01b0\u1edfng l\u1ef1a ch\u1ecdn. V\u1edbi thi\u1ebft k\u1ebf hi\u1ec7n \u0111\u1ea1i, ch\u1ea5t l\u01b0\u1ee3ng cao c\u1ea5p v\u00e0 nhi\u1ec1u t\u00ednh n\u0103ng \u01b0u vi\u1ec7t, s\u1ea3n ph\u1ea9m n\u00e0y h\u1ee9a h\u1eb9n s\u1ebd mang \u0111\u1ebfn cho b\u1ea1n tr\u1ea3i nghi\u1ec7m s\u1eed d\u1ee5ng tuy\u1ec7t v\u1eddi.<\/p>\n<h2>Th\u00f4ng tin chi ti\u1ebft\u00a0v\u1ec1 b\u00e0n c\u1ea7u V817<\/h2>\n<ul>\n<li>M\u00e3 s\u1ea3n ph\u1ea9m: V817<\/li>\n<li>T\u00ean s\u1ea3n ph\u1ea9m: B\u00e0n c\u1ea7u m\u1ed9t kh\u1ed1i V817<\/li>\n<li>Ki\u1ec3u d\u00e1ng\u00a0m\u1ed9t kh\u1ed1i, d\u1ec5 d\u00e0ng v\u1ec7 sinh v\u00e0 ng\u0103n b\u00e1m b\u1ea9n<\/li>\n<li>C\u00f4ng ngh\u1ec7 x\u1ea3: Max vortex (x\u1ea3 xo\u00e1y v\u00e0nh tr\u01a1n k\u1ebft h\u1ee3p l\u1ef1c h\u00fat Siphon, h\u1ea1n ch\u1ebf ti\u1ebfng \u1ed3n)<\/li>\n<li>Men s\u1ee9 Nano Titan Ag+ Ceramic: Kh\u00e1ng\u00a0khu\u1ea9n, ch\u1ed1ng b\u00e1m d\u00ednh<\/li>\n<li>N\u1eafp PP r\u01a1i \u00eam, kh\u00e1ng khu\u1ea9n<\/li>\n<li>C\u1ed9t c\u1ea5p Piston tr\u00e1nh t\u00ecnh tr\u1ea1ng t\u1eafc ngh\u1ebdn<\/li>\n<li>Tr\u00e1p nh\u1ef1a ng\u0103n m\u00f9i tuy\u1ec7t \u0111\u1ed1i<\/li>\n<li>X\u1ea3 nh\u1ea5n ti\u1ebft ki\u1ec7m n\u01b0\u1edbc v\u1edbi 2 ch\u1ebf \u0111\u1ed9 ti\u1ec3u | \u0111\u1ea1i: 3L | 6L<\/li>\n<li>\u0110\u1ea1t ti\u00eau chu\u1ea9n TCVN 12649-2020, TCVN 12650-2020<\/li>\n<li>\u0110\u1ea1t ti\u00eau chu\u1ea9n ASME A112.19.2\/CSA B45.1<\/li>\n<li>K\u00edch th\u01b0\u1edbc: Xem b\u1ea3n v\u1ebd k\u1ef9 thu\u1eadt b\u00ean d\u01b0\u1edbi<\/li>\n<li>Th\u01b0\u01a1ng hi\u1ec7u:\u00a0Viglacera<\/li>\n<\/ul>\n<h2>H\u01b0\u1edbng d\u1eabn l\u1eafp \u0111\u1eb7t v\u00e0 b\u1ea3o h\u00e0nh<\/h2>\n<p><img loading=\"lazy\" decoding=\"async\" class=\"alignnone size-full wp-image-3521\" src=\"https:\/\/viglacerats.com\/wp-content\/uploads\/2024\/04\/v817-1.webp\" alt=\"\" width=\"340\" height=\"361\" \/><\/p>\n<\/div>\n<\/article>\n<p><\/main><\/p>\n","protected":false},"excerpt":{"rendered":"<ul>\n<li>M\u00e3 SP: V817<\/li>\n<li>T\u00ean s\u1ea3n ph\u1ea9m: B\u00e0n c\u1ea7u m\u1ed9t kh\u1ed1i V817<\/li>\n<li>Ki\u1ec3u d\u00e1ng\u00a0m\u1ed9t kh\u1ed1i, d\u1ec5 d\u00e0ng v\u1ec7 sinh v\u00e0 ng\u0103n b\u00e1m b\u1ea9n<\/li>\n<li>C\u00f4ng ngh\u1ec7 x\u1ea3: Max vortex (x\u1ea3 xo\u00e1y v\u00e0nh tr\u01a1n k\u1ebft h\u1ee3p l\u1ef1c h\u00fat Siphon, h\u1ea1n ch\u1ebf ti\u1ebfng \u1ed3n)<\/li>\n<li>Men s\u1ee9 Nano Titan Ag+ Ceramic: Kh\u00e1ng\u00a0khu\u1ea9n, ch\u1ed1ng b\u00e1m d\u00ednh<\/li>\n<li>N\u1eafp PP r\u01a1i \u00eam, kh\u00e1ng khu\u1ea9n<\/li>\n<li>Ba\u0309o ha\u0300nh men s\u01b0\u0301 10 n\u0103m<\/li>\n<\/ul>\n","protected":false},"featured_media":1828,"comment_status":"open","ping_status":"closed","template":"","meta":[],"product_brand":[],"product_cat":[18,26],"product_tag":[],"class_list":{"0":"post-1827","1":"product","2":"type-product","3":"status-publish","4":"has-post-thumbnail","6":"product_cat-thiet-bi-ve-sinh","7":"product_cat-bon-cau","9":"first","10":"instock","11":"shipping-taxable","12":"product-type-simple"},"_links":{"self":[{"href":"https:\/\/nhadepbepxinh.com.vn\/index.php?rest_route=\/wp\/v2\/product\/1827","targetHints":{"allow":["GET"]}}],"collection":[{"href":"https:\/\/nhadepbepxinh.com.vn\/index.php?rest_route=\/wp\/v2\/product"}],"about":[{"href":"https:\/\/nhadepbepxinh.com.vn\/index.php?rest_route=\/wp\/v2\/types\/product"}],"replies":[{"embeddable":true,"href":"https:\/\/nhadepbepxinh.com.vn\/index.php?rest_route=%2Fwp%2Fv2%2Fcomments&post=1827"}],"wp:featuredmedia":[{"embeddable":true,"href":"https:\/\/nhadepbepxinh.com.vn\/index.php?rest_route=\/wp\/v2\/media\/1828"}],"wp:attachment":[{"href":"https:\/\/nhadepbepxinh.com.vn\/index.php?rest_route=%2Fwp%2Fv2%2Fmedia&parent=1827"}],"wp:term":[{"taxonomy":"product_brand","embeddable":true,"href":"https:\/\/nhadepbepxinh.com.vn\/index.php?rest_route=%2Fwp%2Fv2%2Fproduct_brand&post=1827"},{"taxonomy":"product_cat","embeddable":true,"href":"https:\/\/nhadepbepxinh.com.vn\/index.php?rest_route=%2Fwp%2Fv2%2Fproduct_cat&post=1827"},{"taxonomy":"product_tag","embeddable":true,"href":"https:\/\/nhadepbepxinh.com.vn\/index.php?rest_route=%2Fwp%2Fv2%2Fproduct_tag&post=1827"}],"curies":[{"name":"wp","href":"https:\/\/api.w.org\/{rel}","templated":true}]}}