{"id":1822,"date":"2025-03-26T15:29:46","date_gmt":"2025-03-26T08:29:46","guid":{"rendered":"https:\/\/nhadepbepxinh.com.vn\/?post_type=product&#038;p=1822"},"modified":"2025-03-26T15:29:46","modified_gmt":"2025-03-26T08:29:46","slug":"bon-cau-viglacera-bl5v-v825-nap-v39-xa-xoay","status":"publish","type":"product","link":"https:\/\/nhadepbepxinh.com.vn\/?product=bon-cau-viglacera-bl5v-v825-nap-v39-xa-xoay","title":{"rendered":"B\u00d4\u0300N C\u00c2\u0300U VIGLACERA BL5V (V825) N\u0102\u0301P V39 XA\u0309 XOA\u0301Y"},"content":{"rendered":"<h2>Th\u00f4ng tin b\u1ed3n c\u1ea7u Viglacera BL5V n\u1eafp V39<\/h2>\n<ul>\n<li>B\u1ed3n c\u1ea7u\u00a0Viglacera BL5V m\u1ed9t kh\u1ed1i (k\u00e9t li\u1ec1n) \u0111\u1ebfn t\u1eeb thi\u1ebft b\u1ecb v\u1ec7 sinh\u00a0Viglacera<\/li>\n<li>2 ch\u1ebf \u0111\u1ed9 x\u1ea3 nh\u1ea5n: 6 l\u00edt \/ 3 l\u00edt<\/li>\n<li>N\u1eafp r\u01a1i \u00eam V39<\/li>\n<li>Ch\u1ebf \u0111\u1ed9 x\u1ea3: Xo\u00e1y<\/li>\n<li>\u00c1p l\u1ef1c n\u01b0\u1edbc: 0.05 MPa ~ 0.75 MPa<\/li>\n<li>K\u00edch th\u01b0\u1edbc: 700x 385x 700 (D\u00e0i x R\u1ed9ng x Cao)<\/li>\n<li>C\u00f4ng ngh\u1ec7: \u00dd<\/li>\n<li>S\u1ea3n xu\u1ea5t: Vi\u1ec7t Nam<\/li>\n<li>Th\u01b0\u01a1ng hi\u1ec7u:\u00a0viglacera<\/li>\n<\/ul>\n<h2>T\u00ednh n\u0103ng b\u00e0n c\u1ea7u BL 5V Viglacera x\u1ea3 xo\u00e1y<\/h2>\n<ul>\n<li>C\u00f4ng ngh\u1ec7 x\u1ea3 nhanh, m\u1ea1nh v\u00e0 kh\u00f4ng g\u00e2y ti\u1ebfng \u1ed3n.<\/li>\n<li>Men Nano nung: Di\u1ec7t khu\u1ea9n, ch\u1ed1ng b\u00e1m d\u00ednh.<\/li>\n<li>Thi\u1ebft k\u1ebf ph\u00f9 h\u1ee3p v\u1edbi nhi\u1ec1u kh\u00f4ng gian<\/li>\n<li>M\u00e0u s\u1eafc d\u1ec5 ph\u1ed1i h\u1ee3p c\u00e1c ph\u1ee5 ki\u1ec7n trong ph\u00f2ng t\u1eafm<\/li>\n<li><strong>Ki\u1ec3u d\u00e1ng thanh tho\u00e1t<\/strong>: Thi\u1ebft k\u1ebf nh\u1ecf g\u1ecdn, tinh t\u1ebf, ph\u00f9 h\u1ee3p v\u1edbi nhi\u1ec1u kh\u00f4ng gian ph\u00f2ng t\u1eafm t\u1eeb hi\u1ec7n \u0111\u1ea1i \u0111\u1ebfn truy\u1ec1n th\u1ed1ng.<\/li>\n<li><strong>M\u00e0u s\u1eafc trang nh\u00e3<\/strong>: T\u00f4ng tr\u1eafng s\u1ee9 cao c\u1ea5p, d\u1ec5 d\u00e0ng k\u1ebft h\u1ee3p v\u1edbi c\u00e1c thi\u1ebft b\u1ecb v\u1ec7 sinh kh\u00e1c.<\/li>\n<li><strong>X\u1ea3 xo\u00e1y m\u1ea1nh m\u1ebd<\/strong>: \u00c1p d\u1ee5ng c\u00f4ng ngh\u1ec7 x\u1ea3 ti\u00ean ti\u1ebfn, t\u1ea1o l\u1ef1c xo\u00e1y m\u1ea1nh, gi\u00fap l\u00e0m s\u1ea1ch hi\u1ec7u qu\u1ea3 ch\u1ec9 sau m\u1ed9t l\u1ea7n x\u1ea3.<\/li>\n<li><strong>Ti\u1ebft ki\u1ec7m n\u01b0\u1edbc<\/strong>: Hai ch\u1ebf \u0111\u1ed9 x\u1ea3 linh ho\u1ea1t (ti\u1ec3u \u2013 \u0111\u1ea1i) v\u1edbi l\u01b0\u1ee3ng n\u01b0\u1edbc ti\u00eau th\u1ee5 th\u1ea5p, v\u1eeba th\u00e2n thi\u1ec7n m\u00f4i tr\u01b0\u1eddng v\u1eeba ti\u1ebft ki\u1ec7m chi ph\u00ed.<\/li>\n<\/ul>\n<h2>B\u1ea3n v\u1ebd b\u1ec7 x\u00ed b\u1ec7t BL5V Viglacera 1 kh\u1ed1i<\/h2>\n<p><img loading=\"lazy\" decoding=\"async\" class=\"alignnone size-full wp-image-3713\" src=\"https:\/\/viglacerats.com\/wp-content\/uploads\/2024\/04\/bon-cau-viglacera-bl5v.jpg\" alt=\"\" width=\"569\" height=\"535\" \/><\/p>\n","protected":false},"excerpt":{"rendered":"<ul>\n<li>B\u1ed3n c\u1ea7u\u00a0Viglacera BL5V m\u1ed9t kh\u1ed1i (k\u00e9t li\u1ec1n) \u0111\u1ebfn t\u1eeb thi\u1ebft b\u1ecb v\u1ec7 sinh\u00a0Viglacera<\/li>\n<li>2 ch\u1ebf \u0111\u1ed9 x\u1ea3 nh\u1ea5n: 6 l\u00edt \/ 3 l\u00edt<\/li>\n<li>N\u1eafp r\u01a1i \u00eam V39<\/li>\n<li>Ch\u1ebf \u0111\u1ed9 x\u1ea3: Xo\u00e1y<\/li>\n<li>\u00c1p l\u1ef1c n\u01b0\u1edbc: 0.05 MPa ~ 0.75 MPa<\/li>\n<li>K\u00edch th\u01b0\u1edbc: 700x 385x 700 (D\u00e0i x R\u1ed9ng x Cao)<\/li>\n<li>C\u00f4ng ngh\u1ec7: \u00dd<\/li>\n<li>S\u1ea3n xu\u1ea5t: Vi\u1ec7t Nam<\/li>\n<li>Th\u01b0\u01a1ng hi\u1ec7u:\u00a0viglacera<\/li>\n<\/ul>\n","protected":false},"featured_media":1823,"comment_status":"open","ping_status":"closed","template":"","meta":[],"product_brand":[],"product_cat":[18,26],"product_tag":[],"class_list":{"0":"post-1822","1":"product","2":"type-product","3":"status-publish","4":"has-post-thumbnail","6":"product_cat-thiet-bi-ve-sinh","7":"product_cat-bon-cau","9":"first","10":"instock","11":"shipping-taxable","12":"product-type-simple"},"_links":{"self":[{"href":"https:\/\/nhadepbepxinh.com.vn\/index.php?rest_route=\/wp\/v2\/product\/1822","targetHints":{"allow":["GET"]}}],"collection":[{"href":"https:\/\/nhadepbepxinh.com.vn\/index.php?rest_route=\/wp\/v2\/product"}],"about":[{"href":"https:\/\/nhadepbepxinh.com.vn\/index.php?rest_route=\/wp\/v2\/types\/product"}],"replies":[{"embeddable":true,"href":"https:\/\/nhadepbepxinh.com.vn\/index.php?rest_route=%2Fwp%2Fv2%2Fcomments&post=1822"}],"wp:featuredmedia":[{"embeddable":true,"href":"https:\/\/nhadepbepxinh.com.vn\/index.php?rest_route=\/wp\/v2\/media\/1823"}],"wp:attachment":[{"href":"https:\/\/nhadepbepxinh.com.vn\/index.php?rest_route=%2Fwp%2Fv2%2Fmedia&parent=1822"}],"wp:term":[{"taxonomy":"product_brand","embeddable":true,"href":"https:\/\/nhadepbepxinh.com.vn\/index.php?rest_route=%2Fwp%2Fv2%2Fproduct_brand&post=1822"},{"taxonomy":"product_cat","embeddable":true,"href":"https:\/\/nhadepbepxinh.com.vn\/index.php?rest_route=%2Fwp%2Fv2%2Fproduct_cat&post=1822"},{"taxonomy":"product_tag","embeddable":true,"href":"https:\/\/nhadepbepxinh.com.vn\/index.php?rest_route=%2Fwp%2Fv2%2Fproduct_tag&post=1822"}],"curies":[{"name":"wp","href":"https:\/\/api.w.org\/{rel}","templated":true}]}}