{"id":1818,"date":"2025-03-26T15:25:39","date_gmt":"2025-03-26T08:25:39","guid":{"rendered":"https:\/\/nhadepbepxinh.com.vn\/?post_type=product&#038;p=1818"},"modified":"2025-03-26T15:25:39","modified_gmt":"2025-03-26T08:25:39","slug":"bon-cau-viglacera-hl2-nap-v687-1-khoi-nano-titan","status":"publish","type":"product","link":"https:\/\/nhadepbepxinh.com.vn\/?product=bon-cau-viglacera-hl2-nap-v687-1-khoi-nano-titan","title":{"rendered":"B\u00d4\u0300N C\u00c2\u0300U VIGLACERA HL2 N\u0102\u0301P V687 1 KH\u00d4\u0301I NANO TITAN"},"content":{"rendered":"<p>\u0110\u01b0\u1ee3c thi\u1ebft k\u1ebf \u0111\u1ed9c quy\u1ec1n t\u1eeb Ph\u00f2ng nghi\u00ean c\u1ee9u ph\u00e1t tri\u1ec3n s\u1ea3n ph\u1ea9m (R&amp;D), b\u00e0n c\u1ea7u c\u00f3 thi\u1ebft k\u1ebf nguy\u00ean kh\u1ed1i c\u00f4ng th\u00e1i h\u1ecdc, v\u00e0nh Rimless tr\u01a1n l\u00e1ng \u2013 tr\u00e1nh \u0111\u1ecdng n\u01b0\u1edbc, men Ag+ Ceramic kh\u00e1ng khu\u1ea9n. S\u1ea3n ph\u1ea9m \u0111\u1ea1t ti\u00eau chu\u1ea9n ASME Hoa K\u1ef3.<\/p>\n<h2>1.Thi\u1ebft k\u1ebf\u00a0 v\u00e0nh Rimless<\/h2>\n<p>B\u00e0n c\u1ea7u\u00a0m\u1ed9t kh\u1ed1i HL2 thi\u1ebft k\u1ebf v\u00e0nh tr\u01a1n l\u00e1ng kh\u00f4ng g\u00f3c khu\u1ea5t, kh\u00f4ng ch\u01b0a n\u01b0\u1edbc, kh\u00f4ng v\u1ebft gh\u00e9p v\u00e0nh, gi\u00fap ng\u0103n ng\u1eeba vi khu\u1ea9n sinh s\u00f4i, h\u1ea1n ch\u1ebf m\u00f9i h\u00f4i v\u00e0 gi\u00fap ng\u01b0\u1eddi d\u00f9ng d\u1ec5 d\u00e0ng v\u1ec7 sinh lau ch\u00f9i.<\/p>\n<h2>2. Men Nano Titan Ag+ Ceramic kh\u00e1ng khu\u1ea9n, t\u1ef1 l\u00e0m s\u1ea1ch hi\u1ec7u qu\u1ea3<\/h2>\n<p>To\u00e0n b\u1ed9 ph\u1ea7n s\u1ee9 c\u1ee7a b\u00e0n c\u1ea7u m\u1ed9t kh\u1ed1i HL2\u00a0\u0111\u01b0\u1ee3c tr\u00e1ng men Nano Titan Ag+ Ceramic \u2013 c\u00f4ng ngh\u1ec7 men \u0111\u1ed9c quy\u1ec1n c\u1ee7a Viglacera. \u0110\u00e2y l\u00e0 l\u1edbp men ch\u1ee9a t\u00e1c nh\u00e2n kh\u00e1ng khu\u1ea9n ion b\u1ea1c Ag+ Ceramic, c\u00f3 c\u00f4ng d\u1ee5ng kh\u00e1ng \u0111\u1ebfn 89% vi khu\u1ea9n, \u0111\u01b0\u1ee3c ki\u1ec3m nghi\u1ec7m b\u1edfi Vi\u1ec7n Pasteur th\u00e0nh ph\u1ed1 H\u1ed3 Ch\u00ed Minh.<\/p>\n<p>L\u1edbp men \u0111\u01b0\u1ee3c th\u1ee7y tinh h\u00f3a, g\u1eafn ch\u1eb7t l\u00ean b\u1ec1 m\u1eb7t s\u1ea3n ph\u1ea9m, c\u00f3 kh\u1ea3 n\u0103ng ch\u1ed1ng th\u1ea5m, ch\u1ed1ng b\u00e1m d\u00ednh, t\u1ef1 l\u00e0m s\u1ea1ch hi\u1ec7u qu\u1ea3. Gi\u1eef cho s\u1ea3n ph\u1ea9m lu\u00f4n s\u00e1ng b\u00f3ng, b\u1ec1n l\u00e2u trong su\u1ed1t th\u1eddi gian s\u1eed d\u1ee5ng.<\/p>\n<h2>3. Thi\u1ebft k\u1ebf nguy\u00ean kh\u1ed1i, k\u00edch th\u01b0\u1edbc nh\u1ecf g\u1ecdn<\/h2>\n<p>B\u00e0n c\u1ea7u m\u1ed9t kh\u1ed1i HL2\u00a0c\u00f3 k\u00edch th\u01b0\u1edbc nh\u1ecf g\u1ecdn ch\u1ec9 L687\u00a0* W446\u00a0* H655, ph\u00f9 h\u1ee3p cho m\u1ecdi di\u1ec7n t\u00edch v\u00e0 y\u00eau c\u1ea7u s\u1eed d\u1ee5ng.<\/p>\n<p>\u0110\u1eb7c bi\u1ec7t, thi\u1ebft k\u1ebf li\u1ec1n kh\u1ed1i, \u0111\u01b0\u1eddng n\u00e9t thi\u1ebft k\u1ebf t\u1ed1i gi\u1ea3n gi\u00fap h\u1ea1n ch\u1ebf t\u1ed1i \u0111a vi\u1ec7c b\u00e1m \u0111\u1ecdng vi khu\u1ea9n, b\u1ee5i b\u1ea9n hay c\u00e1c v\u1ebft \u1ed1 v\u00e0ng \u1edf c\u00e1c th\u00e0nh, v\u00e1ch,\u2026 Gi\u00fap ng\u01b0\u1eddi d\u00f9ng d\u1ec5 d\u00e0ng v\u1ec7 sinh, gi\u1ea3m thi\u1ec3u th\u1eddi gian v\u00e0 c\u00f4ng s\u1ee9c lau ch\u00f9i b\u1ed3n c\u1ea7u.<\/p>\n<h2>4. Th\u00f4ng tin chi ti\u1ebft v\u1ec1 b\u00e0n c\u1ea7u HL2<\/h2>\n<ul>\n<li>M\u00e3 s\u1ea3n ph\u1ea9m: HL2<\/li>\n<li>Ki\u1ec3u d\u00e1ng\u00a0m\u1ed9t kh\u1ed1i, d\u1ec5 d\u00e0ng v\u1ec7 sinh v\u00e0 ng\u0103n b\u00e1m b\u1ea9n<\/li>\n<li>C\u00f4ng ngh\u1ec7 x\u1ea3: Max vortex (x\u1ea3 xo\u00e1y v\u00e0nh tr\u01a1n k\u1ebft h\u1ee3p l\u1ef1c h\u00fat Siphon, h\u1ea1n ch\u1ebf ti\u1ebfng \u1ed3n)<\/li>\n<li>Men s\u1ee9 Nano Titan Ag+ Ceramic: Kh\u00e1ng\u00a0khu\u1ea9n, ch\u1ed1ng b\u00e1m d\u00ednh<\/li>\n<li>N\u1eafp PP r\u01a1i \u00eam, kh\u00e1ng khu\u1ea9n<\/li>\n<li>C\u1ed9t c\u1ea5p Piston tr\u00e1nh t\u00ecnh tr\u1ea1ng t\u1eafc ngh\u1ebdn<\/li>\n<li>Tr\u00e1p nh\u1ef1a ng\u0103n m\u00f9i tuy\u1ec7t \u0111\u1ed1i<\/li>\n<li>X\u1ea3 nh\u1ea5n ti\u1ebft ki\u1ec7m n\u01b0\u1edbc v\u1edbi 2 ch\u1ebf \u0111\u1ed9 ti\u1ec3u | \u0111\u1ea1i: 3L | 6L<\/li>\n<li>K\u00edch th\u01b0\u1edbc: Xem b\u1ea3n v\u1ebd k\u1ef9 thu\u1eadt b\u00ean d\u01b0\u1edbi<\/li>\n<li>\u0110\u1ea1t ti\u00eau chu\u1ea9n TCVN 12649-2020, TCVN 12650-2020<\/li>\n<li>\u0110\u1ea1t ti\u00eau chu\u1ea9n ASME A112.19.2\/CSA B45.1<\/li>\n<li>Th\u01b0\u01a1ng hi\u1ec7u:\u00a0Viglacera<\/li>\n<\/ul>\n<h2>5. H\u01b0\u1edbng d\u1eabn l\u1eafp \u0111\u1eb7t v\u00e0 b\u1ea3o h\u00e0nh<\/h2>\n<p><img loading=\"lazy\" decoding=\"async\" class=\"alignnone size-full wp-image-3514\" src=\"https:\/\/viglacerats.com\/wp-content\/uploads\/2024\/04\/hl2.webp\" alt=\"\" width=\"480\" height=\"464\" \/><\/p>\n","protected":false},"excerpt":{"rendered":"<ul>\n<li>M\u00e3 s\u1ea3n ph\u1ea9m: HL2<\/li>\n<li>Ki\u1ec3u d\u00e1ng\u00a0m\u1ed9t kh\u1ed1i, d\u1ec5 d\u00e0ng v\u1ec7 sinh v\u00e0 ng\u0103n b\u00e1m b\u1ea9n<\/li>\n<li>C\u00f4ng ngh\u1ec7 x\u1ea3: Max vortex (x\u1ea3 xo\u00e1y v\u00e0nh tr\u01a1n k\u1ebft h\u1ee3p l\u1ef1c h\u00fat Siphon, h\u1ea1n ch\u1ebf ti\u1ebfng \u1ed3n)<\/li>\n<li>Men s\u1ee9 Nano Titan Ag+ Ceramic: Kh\u00e1ng\u00a0khu\u1ea9n, ch\u1ed1ng b\u00e1m d\u00ednh<\/li>\n<li>N\u1eafp PP r\u01a1i \u00eam, kh\u00e1ng khu\u1ea9n<\/li>\n<li>C\u1ed9t c\u1ea5p Piston tr\u00e1nh t\u00ecnh tr\u1ea1ng t\u1eafc ngh\u1ebdn<\/li>\n<li>Tr\u00e1p nh\u1ef1a ng\u0103n m\u00f9i tuy\u1ec7t \u0111\u1ed1i<\/li>\n<li>X\u1ea3 nh\u1ea5n ti\u1ebft ki\u1ec7m n\u01b0\u1edbc v\u1edbi 2 ch\u1ebf \u0111\u1ed9 ti\u1ec3u | \u0111\u1ea1i: 3L | 6L<\/li>\n<li>K\u00edch th\u01b0\u1edbc: Xem b\u1ea3n v\u1ebd k\u1ef9 thu\u1eadt b\u00ean d\u01b0\u1edbi<\/li>\n<li>\u0110\u1ea1t ti\u00eau chu\u1ea9n TCVN 12649-2020, TCVN 12650-2020<\/li>\n<li>\u0110\u1ea1t ti\u00eau chu\u1ea9n ASME A112.19.2\/CSA B45.1<\/li>\n<li>Th\u01b0\u01a1ng hi\u1ec7u:\u00a0Viglacera<\/li>\n<\/ul>\n","protected":false},"featured_media":1819,"comment_status":"open","ping_status":"closed","template":"","meta":[],"product_brand":[],"product_cat":[18,26],"product_tag":[],"class_list":{"0":"post-1818","1":"product","2":"type-product","3":"status-publish","4":"has-post-thumbnail","6":"product_cat-thiet-bi-ve-sinh","7":"product_cat-bon-cau","9":"first","10":"instock","11":"shipping-taxable","12":"product-type-simple"},"_links":{"self":[{"href":"https:\/\/nhadepbepxinh.com.vn\/index.php?rest_route=\/wp\/v2\/product\/1818","targetHints":{"allow":["GET"]}}],"collection":[{"href":"https:\/\/nhadepbepxinh.com.vn\/index.php?rest_route=\/wp\/v2\/product"}],"about":[{"href":"https:\/\/nhadepbepxinh.com.vn\/index.php?rest_route=\/wp\/v2\/types\/product"}],"replies":[{"embeddable":true,"href":"https:\/\/nhadepbepxinh.com.vn\/index.php?rest_route=%2Fwp%2Fv2%2Fcomments&post=1818"}],"wp:featuredmedia":[{"embeddable":true,"href":"https:\/\/nhadepbepxinh.com.vn\/index.php?rest_route=\/wp\/v2\/media\/1819"}],"wp:attachment":[{"href":"https:\/\/nhadepbepxinh.com.vn\/index.php?rest_route=%2Fwp%2Fv2%2Fmedia&parent=1818"}],"wp:term":[{"taxonomy":"product_brand","embeddable":true,"href":"https:\/\/nhadepbepxinh.com.vn\/index.php?rest_route=%2Fwp%2Fv2%2Fproduct_brand&post=1818"},{"taxonomy":"product_cat","embeddable":true,"href":"https:\/\/nhadepbepxinh.com.vn\/index.php?rest_route=%2Fwp%2Fv2%2Fproduct_cat&post=1818"},{"taxonomy":"product_tag","embeddable":true,"href":"https:\/\/nhadepbepxinh.com.vn\/index.php?rest_route=%2Fwp%2Fv2%2Fproduct_tag&post=1818"}],"curies":[{"name":"wp","href":"https:\/\/api.w.org\/{rel}","templated":true}]}}