{"id":1814,"date":"2025-03-26T15:15:57","date_gmt":"2025-03-26T08:15:57","guid":{"rendered":"https:\/\/nhadepbepxinh.com.vn\/?post_type=product&#038;p=1814"},"modified":"2025-03-26T15:16:40","modified_gmt":"2025-03-26T08:16:40","slug":"bon-cau-viglacera-nap-em-mk2-voi-xit-vg826","status":"publish","type":"product","link":"https:\/\/nhadepbepxinh.com.vn\/?product=bon-cau-viglacera-nap-em-mk2-voi-xit-vg826","title":{"rendered":"B\u00d4\u0300N C\u00c2\u0300U VIGLACERA N\u0102\u0301P \u00caM MK2+ VO\u0300I XI\u0323T VG826"},"content":{"rendered":"<div class=\"chitiet_sp\">\n<div class=\"info_sp\"><\/div>\n<\/div>\n<p><strong style=\"font-size: 14.4px;\">B\u1ed3n c\u1ea7u Viglacera MK2<\/strong><span style=\"font-size: 14.4px;\">\u00a0k\u1ebft h\u1ee3p v\u1edbi\u00a0<\/span><strong style=\"font-size: 14.4px;\">n\u1eafp r\u01a1i \u00eam<\/strong><span style=\"font-size: 14.4px;\">\u00a0v\u00e0\u00a0<\/span><strong style=\"font-size: 14.4px;\">v\u00f2i x\u1ecbt VG826<\/strong><span style=\"font-size: 14.4px;\">\u00a0l\u00e0 m\u1ed9t trong nh\u1eefng b\u1ed9 s\u1ea3n ph\u1ea9m v\u1ec7 sinh \u0111\u01b0\u1ee3c \u01b0a chu\u1ed9ng nh\u1ea5t hi\u1ec7n nay. V\u1edbi thi\u1ebft k\u1ebf hi\u1ec7n \u0111\u1ea1i, ch\u1ea5t l\u01b0\u1ee3ng cao c\u1ea5p v\u00e0 nhi\u1ec1u t\u00ednh n\u0103ng \u01b0u vi\u1ec7t, s\u1ea3n ph\u1ea9m n\u00e0y kh\u00f4ng ch\u1ec9 \u0111\u00e1p \u1ee9ng nhu c\u1ea7u s\u1eed d\u1ee5ng h\u00e0ng ng\u00e0y m\u00e0 c\u00f2n g\u00f3p ph\u1ea7n n\u00e2ng cao th\u1ea9m m\u1ef9 cho kh\u00f4ng gian ph\u00f2ng t\u1eafm c\u1ee7a b\u1ea1n.<\/span><\/p>\n<article class=\"post-3527 product type-product status-publish has-post-thumbnail product_cat-bon-cau-1-khoi-viglacera product_cat-bon-cau-viglacera-2 product_tag-bon-cau product_tag-bon-cau-1-khoi product_tag-bon-cau-1-khoi-viglacera entry\">\n<div class=\"entry-content\">\n<h2>Th\u00f4ng tin b\u1ed3n c\u1ea7u Viglacera MK2\u00a0+ VG826<\/h2>\n<ul>\n<li>B\u1ed3n c\u1ea7u Viglacera\u00a0MK2\u00a0m\u1ed9t kh\u1ed1i (k\u00e9t li\u1ec1n) ki\u1ec3u d\u00e1ng \u0111\u1eb7c bi\u1ec7t<\/li>\n<li>2 ch\u1ebf \u0111\u1ed9 x\u1ea3 nh\u1ea5n: 6l\/3l<\/li>\n<li>N\u1eafp r\u01a1i \u00eam<\/li>\n<li>T\u1eb7ng v\u00f2i x\u1ecbt nh\u1ef1a: VG826<\/li>\n<li>Bao g\u1ed3m con th\u1ecf r\u1eddi v\u00e0 ron ch\u1ed1ng h\u00f4i<\/li>\n<li>Ch\u1ebf \u0111\u1ed9 x\u1ea3 xo\u00e1y \u2013 h\u00fat<\/li>\n<li>Men Nano titan kh\u00e1ng khu\u1ea9n<\/li>\n<li>\u00c1p l\u1ef1c n\u01b0\u1edbc : 0.05 MPa ~ 0.75 MPa<\/li>\n<li>K\u00edch th\u01b0\u1edbc:\u00a0733 x 370 x 670 mm (D\u00e0i x R\u1ed9ng x Cao)<\/li>\n<li>M\u00e0u s\u1eafc: Tr\u1eafng<\/li>\n<li>C\u00f4ng ngh\u1ec7: \u00dd<\/li>\n<li>S\u1ea3n xu\u1ea5t t\u1ea1i Vi\u1ec7t Nam<\/li>\n<li>B\u1ea3o h\u00e0nh: 2 n\u0103m<\/li>\n<li>Th\u01b0\u01a1ng hi\u1ec7u:\u00a0Viglacera<\/li>\n<\/ul>\n<h2>T\u00ednh n\u0103ng b\u00e0n c\u1ea7u Viglacera MK 2 Fansipan<\/h2>\n<ul>\n<li>B\u00e0n c\u1ea7u 1 kh\u1ed1i<\/li>\n<li>2 ch\u1ebf \u0111\u1ed9 x\u1ea3 nh\u1ea5n, n\u1eafp r\u01a1i \u00eam.<\/li>\n<li>Men Nano Titan: Kh\u00e1ng khu\u1ea9n, ch\u1ed1ng b\u00e1m d\u00ednh.<\/li>\n<li>C\u00f4ng ngh\u1ec7 x\u1ea3 xo\u00e1y \u2013 h\u00fat: Cu\u1ed1n tr\u00f4i m\u1ecdi ch\u1ea5t b\u1ea9n quanh l\u00f2ng b\u00e0n c\u1ea7u, x\u1ea3 s\u1ea1ch trong m\u1ecdi \u0111i\u1ec1u ki\u1ec7n ngu\u1ed3n n\u01b0\u1edbc<\/li>\n<\/ul>\n<h2>B\u1ea3n v\u1ebd k\u00edch th\u01b0\u1edbc x\u00ed b\u1ec7t MK2 Viglacera 1 kh\u1ed1i<\/h2>\n<p><img loading=\"lazy\" decoding=\"async\" class=\"alignnone size-full wp-image-3529\" src=\"https:\/\/viglacerats.com\/wp-content\/uploads\/2024\/04\/bon-cau-viglacera-mk2.jpg\" alt=\"\" width=\"583\" height=\"549\" \/><\/p>\n<\/div>\n<\/article>\n<p>&nbsp;<\/p>\n","protected":false},"excerpt":{"rendered":"<p><strong>M\u00e3 SP:<\/strong>\u00a0MK2<\/p>\n<p><strong>K\u00edch th\u01b0\u1edbc<\/strong>:\u00a0733 x 370 x 670 mm (D\u00e0i x R\u1ed9ng x Cao)<\/p>\n<p><strong>M\u00e0u s\u1eafc:<\/strong>\u00a0Tr\u1eafng<\/p>\n<p><strong>C\u00f4ng ngh\u1ec7:<\/strong>\u00a0\u00dd<\/p>\n<p><strong>S\u1ea3n xu\u1ea5t:<\/strong>\u00a0t\u1ea1i Vi\u1ec7t Nam<\/p>\n<p><strong>B\u1ea3o h\u00e0nh:<\/strong>\u00a02 n\u0103m<\/p>\n","protected":false},"featured_media":1815,"comment_status":"open","ping_status":"closed","template":"","meta":[],"product_brand":[],"product_cat":[18,26],"product_tag":[],"class_list":{"0":"post-1814","1":"product","2":"type-product","3":"status-publish","4":"has-post-thumbnail","6":"product_cat-thiet-bi-ve-sinh","7":"product_cat-bon-cau","9":"first","10":"instock","11":"shipping-taxable","12":"product-type-simple"},"_links":{"self":[{"href":"https:\/\/nhadepbepxinh.com.vn\/index.php?rest_route=\/wp\/v2\/product\/1814","targetHints":{"allow":["GET"]}}],"collection":[{"href":"https:\/\/nhadepbepxinh.com.vn\/index.php?rest_route=\/wp\/v2\/product"}],"about":[{"href":"https:\/\/nhadepbepxinh.com.vn\/index.php?rest_route=\/wp\/v2\/types\/product"}],"replies":[{"embeddable":true,"href":"https:\/\/nhadepbepxinh.com.vn\/index.php?rest_route=%2Fwp%2Fv2%2Fcomments&post=1814"}],"wp:featuredmedia":[{"embeddable":true,"href":"https:\/\/nhadepbepxinh.com.vn\/index.php?rest_route=\/wp\/v2\/media\/1815"}],"wp:attachment":[{"href":"https:\/\/nhadepbepxinh.com.vn\/index.php?rest_route=%2Fwp%2Fv2%2Fmedia&parent=1814"}],"wp:term":[{"taxonomy":"product_brand","embeddable":true,"href":"https:\/\/nhadepbepxinh.com.vn\/index.php?rest_route=%2Fwp%2Fv2%2Fproduct_brand&post=1814"},{"taxonomy":"product_cat","embeddable":true,"href":"https:\/\/nhadepbepxinh.com.vn\/index.php?rest_route=%2Fwp%2Fv2%2Fproduct_cat&post=1814"},{"taxonomy":"product_tag","embeddable":true,"href":"https:\/\/nhadepbepxinh.com.vn\/index.php?rest_route=%2Fwp%2Fv2%2Fproduct_tag&post=1814"}],"curies":[{"name":"wp","href":"https:\/\/api.w.org\/{rel}","templated":true}]}}