{"id":1805,"date":"2025-03-26T15:06:52","date_gmt":"2025-03-26T08:06:52","guid":{"rendered":"https:\/\/nhadepbepxinh.com.vn\/?post_type=product&#038;p=1805"},"modified":"2025-03-26T15:06:52","modified_gmt":"2025-03-26T08:06:52","slug":"ban-cau-1-khoi-viglacera-v45m-voi-xit-vg826","status":"publish","type":"product","link":"https:\/\/nhadepbepxinh.com.vn\/?product=ban-cau-1-khoi-viglacera-v45m-voi-xit-vg826","title":{"rendered":"BA\u0300N C\u00c2\u0300U 1 KH\u00d4\u0301I VIGLACERA V45M + VO\u0300I XI\u0323T VG826"},"content":{"rendered":"<h1><strong>B\u00e0n c\u1ea7u m\u1ed9t kh\u1ed1i V45M<\/strong><\/h1>\n<p><em>M\u00e3 s\u1ea3n ph\u1ea9m: V45M<\/em><\/p>\n<p>B\u00e0n c\u1ea7u m\u1ed9t kh\u1ed1i\u00a0V45M c\u1ee7a th\u01b0\u01a1ng hi\u1ec7u\u00a0thi\u1ebft b\u1ecb v\u1ec7 sinh Viglacera c\u00f3 thi\u1ebft k\u1ebf sang tr\u1ecdng, hi\u1ec7n \u0111\u1ea1i. K\u1ebft h\u1ee3p v\u1edbi vi\u1ec7c s\u1edf h\u1eefu nhi\u1ec1u t\u00ednh n\u0103ng \u01b0u vi\u1ec7t, \u0111\u00e1p \u1ee9ng t\u1ed1i \u0111a nhu c\u1ea7u v\u1ec7 sinh c\u1ee7a m\u1ecdi gia \u0111\u00ecnh.<\/p>\n<p>S\u1ea3n ph\u1ea9m\u00a0\u0111\u01b0\u1ee3c s\u1ea3n xu\u1ea5t tr\u00ean c\u00f4ng ngh\u1ec7 ti\u00ean ti\u1ebfn ch\u00e2u \u00c2u, cho \u0111\u01b0\u1eddng n\u00e9t tinh t\u1ebf, d\u1ec5 d\u00e0ng ph\u1ed1i h\u1ee3p v\u1edbi b\u1ea5t k\u1ef3 kh\u00f4ng gian ki\u1ebfn tr\u00fac n\u00e0o. Ch\u1ea5t l\u01b0\u1ee3ng s\u1ea3n ph\u1ea9m v\u1edbi\u00a0t\u00ednh n\u0103ng x\u1ea3 m\u1ea1nh m\u1ebd, c\u00f4ng ngh\u1ec7 men Ag+ Ceramic kh\u00e1ng khu\u1ea9n,\u00a0\u0111\u01b0\u1ee3c ki\u1ec3m ch\u1ee9ng b\u1edfi c\u00e1c chuy\u00ean gia v\u00e0 ng\u01b0\u1eddi ti\u00eau d\u00f9ng.<\/p>\n<p><strong>\u01afu \u0111i\u1ec3m c\u1ee7a s\u1ea3n ph\u1ea9m<\/strong><\/p>\n<p>S\u1edf d\u0129 b\u00e0n c\u1ea7u m\u1ed9t kh\u1ed1i Viglacera V45M thu\u1ed9c top c\u00e1c\u00a0m\u1eabu b\u1ed3n c\u1ea7u b\u00e1n\u00a0ch\u1ea1y nh\u1ea5t tr\u00ean th\u1ecb tr\u01b0\u1eddng\u00a0hi\u1ec7n nay, \u0111\u01b0\u1ee3c r\u1ea5t nhi\u1ec1u kh\u00e1ch h\u00e0ng l\u1ef1a ch\u1ecdn v\u00ec c\u00f3 nh\u1eefng\u00a0\u01b0u \u0111i\u1ec3m n\u1ed5i b\u1eadt nh\u01b0 sau.<\/p>\n<p><b>1.Thi\u1ebft k\u1ebf kh\u00f4ng v\u00e0nh ( Rimless)<\/b><\/p>\n<p>B\u00e0n c\u1ea7u m\u1ed9t kh\u1ed1i Viglacera V45M c\u00f3 thi\u1ebft k\u1ebf\u00a0\u0111\u1eb9p m\u1eaft, tinh t\u1ebf, hi\u1ec7n \u0111\u1ea1i. V\u1edbi thi\u1ebft k\u1ebf nguy\u00ean kh\u1ed1i nh\u1ecf g\u1ecdn, b\u00e0n c\u1ea7u V45M c\u00f3 th\u1ec3 l\u1eafp \u0111\u1eb7t \u1edf nhi\u1ec1u di\u1ec7n t\u00edch nh\u00e0 t\u1eafm, ngay\u00a0c\u1ea3 nh\u1eefng n\u01a1i c\u00f3 di\u1ec7n t\u00edch nh\u1ecf h\u1eb9p<\/p>\n<p>B\u00e0n c\u1ea7u thi\u1ebft k\u1ebf kh\u00f4ng v\u00e0nh tr\u01a1n l\u00e1ng, kh\u00f4ng ch\u1ee9a n\u01b0\u1edbc, kh\u00f4ng t\u1ea1o khe, gi\u00fap ng\u0103n ng\u1eeba vi khu\u1ea9n sinh s\u00f4i, h\u1ea1n ch\u1ebf m\u00f9i h\u00f4i v\u00e0 gi\u00fap ng\u01b0\u1eddi d\u00f9ng d\u1ec5 d\u00e0ng v\u1ec7 sinh lau ch\u00f9i.<\/p>\n<p>\u0110\u01b0\u1eddng n\u00e9t thi\u1ebft k\u1ebf t\u1ed1i gi\u1ea3n\u00a0gi\u00fap h\u1ea1n ch\u1ebf t\u1ed1i \u0111a vi\u1ec7c b\u00e1m \u0111\u1ecdng vi khu\u1ea9n, b\u1ee5i b\u1ea9n hay\u00a0c\u00e1c v\u1ebft \u1ed1 v\u00e0ng \u1edf c\u00e1c th\u00e0nh, v\u00e1ch. T\u1eeb \u0111\u00f3, gi\u00fap gi\u1ea3m thi\u1ec3u th\u1eddi gian, c\u00f4ng s\u1ee9c lau ch\u00f9i, v\u1ec7 sinh b\u1ed3n c\u1ea7u.<\/p>\n<p><img decoding=\"async\" src=\"https:\/\/bizweb.dktcdn.net\/thumb\/large\/100\/299\/014\/files\/z4279762629072-95ba32ca76049e451df05dcd4f321943.jpg?v=1681961781999\" data-thumb=\"large\" \/><\/p>\n<p><i>Thi\u1ebft k\u1ebf kh\u00f4ng v\u00e0nh Rimless<\/i><\/p>\n<p><strong>2. C\u00f4ng ngh\u1ec7 men Ag+ Ceramic<\/strong><\/p>\n<p>B\u00e0n c\u1ea7u m\u1ed9t kh\u1ed1i\u00a0V45m \u1ee9ng d\u1ee5ng c\u00f4ng ngh\u1ec7\u00a0men Ag+ Ceramic \u0111\u1ed9c quy\u1ec1n c\u1ee7a Viglacera, \u0111\u01b0\u1ee3c s\u1ea3n xu\u1ea5t theo c\u00f4ng ngh\u1ec7 ch\u00e2u \u00c2u, l\u1ea7n \u0111\u1ea7u ti\u00ean c\u00f3 m\u1eb7t t\u1ea1i Vi\u1ec7t Nam. L\u1edbp men c\u00f3 c\u00f4ng d\u1ee5ng kh\u00e1ng khu\u1ea9n, v\u1eeba c\u00f3 kh\u1ea3 n\u0103ng ch\u1ed1ng th\u1ea5m, ch\u1ed1ng b\u00e1m d\u00ednh, t\u1ef1 l\u00e0m s\u1ea1ch hi\u1ec7u qu\u1ea3. \u0110\u1eb7c bi\u1ec7t, l\u1edbp men \u0111\u01b0\u1ee3c th\u1ee7y tinh h\u00f3a g\u1eafn ch\u1eb7t l\u00ean b\u1ec1 m\u1eb7t s\u1ea3n ph\u1ea9m, gi\u1eef cho l\u1edbp men b\u1ec1n l\u00e2u v\u00e0 ch\u1ed1ng b\u1ecb r\u1eeda tr\u00f4i.<\/p>\n<p>\u01afu \u0111i\u1ec3m c\u1ee7a c\u00f4ng ngh\u1ec7 men n\u00e0y l\u00e0 kh\u1ea3 n\u0103ng kh\u00e1ng khu\u1ea9n l\u00ean \u0111\u1ebfn 89%, \u0111\u01b0\u1ee3c ki\u1ec3m \u0111\u1ecbnh b\u1edfi Vi\u1ec7n Pasteur.\u00a0B\u1ec1 m\u1eb7t s\u1ee9 c\u00f3 kh\u1ea3 n\u0103ng t\u1ef1 l\u00e0m s\u1ea1ch hi\u1ec7u qu\u1ea3, b\u1ea3o v\u1ec7 s\u1ee9c kh\u1ecfe ng\u01b0\u1eddi d\u00f9ng. Kh\u00f4ng c\u1ea7n s\u1eed d\u1ee5ng \u0111\u1ebfn c\u00e1c lo\u1ea1i h\u00f3a ch\u1ea5t t\u1ea9y r\u1eeda m\u00e0 ch\u1ec9 c\u1ea7n d\u00f9ng n\u01b0\u1edbc c\u0169ng c\u00f3 th\u1ec3 d\u1ec5 d\u00e0ng\u00a0lau ch\u00f9i s\u1ea1ch s\u1ebd m\u1ecdi v\u1ebft b\u1ea9n tr\u00ean b\u00e0n c\u1ea7u.<\/p>\n<p><img decoding=\"async\" src=\"https:\/\/bizweb.dktcdn.net\/thumb\/large\/100\/299\/014\/files\/z4279660216505-c73b717f9db641676f2504f39525aa40-9a0c4224-ed02-48ba-aa69-d2ecaed0e7eb.jpg?v=1681961831613\" data-thumb=\"large\" \/><\/p>\n<p><strong>4. Ti\u1ebft ki\u1ec7m n\u01b0\u1edbc<\/strong><\/p>\n<p>S\u1ea3n ph\u1ea9m c\u00f3 2 dung t\u00edch n\u01b0\u1edbc x\u1ea3 th\u1ea3i: x\u1ea3 ti\u1ec3u 3 l\u00edt, x\u1ea3 \u0111\u1ea1i 6 l\u00edt. T\u00f9y theo nhu c\u1ea7u m\u00e0 ng\u01b0\u1eddi d\u00f9ng c\u00f3 th\u1ec3 l\u1ef1a ch\u1ecdn m\u1ee9c n\u01b0\u1edbc x\u1ea3 ph\u00f9 h\u1ee3p. Th\u00eam v\u00e0o \u0111\u00f3, h\u1ec7 th\u1ed1ng x\u1ea3 c\u1ee7a b\u00e0n\u00a0c\u1ea7u kh\u00f4ng c\u1ea7n s\u1eed d\u1ee5ng qu\u00e1 nhi\u1ec1u n\u01b0\u1edbc m\u00e0 v\u1eabn c\u00f3 th\u1ec3 cu\u1ed1n tr\u00f4i m\u1ecdi ch\u1ea5t\u00a0b\u1ea9n.<\/p>\n<p><strong>5. N\u1eafp b\u1ed3n c\u1ea7u\u00a0N\u1eafp nh\u1ef1a ch\u1ed1ng x\u01b0\u1edbc<\/strong><\/p>\n<p>N\u1eafp b\u1ed3n c\u1ea7u s\u1eed d\u1ee5ng v\u1eadt li\u1ec7u UF, ch\u1ed1ng x\u01b0\u1edbc, ch\u1ecbu l\u1ef1c, ch\u1ed1ng \u0111\u1ed5i m\u00e0u theo th\u1eddi gian<\/p>\n<ul>\n<li>X\u1ea3 nh\u1ea5n ti\u1ebft ki\u1ec7m n\u01b0\u1edbc v\u1edbi 2 ch\u1ebf \u0111\u1ed9 ti\u1ec3u | \u0111\u1ea1i: 3L | 6L<\/li>\n<li>K\u00edch th\u01b0\u1edbc: t\u00e2m l\u1ed7 ch\u1edd \u1ed1ng th\u1ea3i c\u00e1ch b\u1ec1 m\u1eb7t t\u01b0\u1eddng ho\u00e0n thi\u1ec7n \u00edt nh\u1ea5t 305 mm.<\/li>\n<li>\u0110\u1ea1t ti\u00eau chu\u1ea9n TCVN 12649-2020, TCVN 12650-2020<\/li>\n<li>\u0110\u1ea1t ti\u00eau chu\u1ea9n ASME A112.19.2\/CSA B45.1<\/li>\n<li><b>V\u00f2i x\u1ecbt VG826 \u0111i k\u00e8m<\/b><\/li>\n<\/ul>\n<p>V\u1edbi thi\u1ebft k\u1ebf nh\u1ecf g\u1ecdn ti\u1ec7n d\u1ee5ng, v\u00f2i x\u1ecbt\u00a0VG826 c\u1ee7a Viglacera l\u00e0 ph\u1ee5 ki\u1ec7n\u00a0kh\u00f4ng th\u1ec3 thi\u1ebfu trong m\u1ed7i ph\u00f2ng t\u1eafm hi\u1ec7n \u0111\u1ea1i. S\u1ea3n ph\u1ea9m \u0111\u01b0\u1ee3c l\u00e0m t\u1eeb nh\u1ef1a ABS tr\u1eafng c\u00f9ng van l\u00f5i \u0111\u1ed3ng ch\u1ed1ng m\u00e0i m\u00f2n, gi\u00fap t\u0103ng \u0111\u1ed9 b\u1ec1n v\u00e0 ph\u00f9 h\u1ee3p v\u1edbi m\u1ecdi kh\u00f4ng gian ph\u00f2ng t\u1eafm.<\/p>\n<p><a href=\"https:\/\/viglacera.vn\/voi-xit-vg826-vgxp6\" target=\"_blank\" rel=\"noopener\"><img loading=\"lazy\" decoding=\"async\" class=\"\" src=\"https:\/\/bizweb.dktcdn.net\/100\/299\/014\/files\/vg826.jpg?v=1630028323000\" width=\"526\" height=\"431\" data-thumb=\"original\" \/><\/a><\/p>\n<p><strong>Xem b\u1ea3n v\u1ebd k\u1ef9 thu\u1eadt b\u00ean d\u01b0\u1edbi<\/strong><\/p>\n<p><img decoding=\"async\" src=\"https:\/\/bizweb.dktcdn.net\/thumb\/grande\/100\/299\/014\/files\/v45m-11345ad7-22e2-4048-b410-567893f0ed7d.png?v=1709614457973\" data-thumb=\"grande\" \/><\/p>\n","protected":false},"excerpt":{"rendered":"<p><strong>M\u00e3 s\u1ea3n ph\u1ea9m:<\/strong>\u00a0V45M<\/p>\n<p><strong>C\u00f4ng ngh\u1ec7 x\u1ea3:<\/strong>\u00a0Turbo Vortex<\/p>\n<p><strong>C\u00f4ng ngh\u1ec7 men:<\/strong>\u00a0 Ag+ Ceramic<\/p>\n<p><strong>\u00c1p su\u1ea5t n\u01b0\u1edbc<\/strong>\u00a0: 0.05 &#8211; 0.75 Mpa<\/p>\n<p><strong>N\u1eafp nh\u1ef1a PP :<\/strong>\u00a0r\u01a1i \u00eam<\/p>\n<p><strong>L\u01b0\u1ee3ng n\u01b0\u1edbc x\u1ea3:<\/strong>\u00a03L\/6L<\/p>\n<p><strong>M\u00e0u s\u1eafc:<\/strong>\u00a0Tr\u1eafng<\/p>\n","protected":false},"featured_media":1806,"comment_status":"open","ping_status":"closed","template":"","meta":[],"product_brand":[],"product_cat":[18,26],"product_tag":[],"class_list":{"0":"post-1805","1":"product","2":"type-product","3":"status-publish","4":"has-post-thumbnail","6":"product_cat-thiet-bi-ve-sinh","7":"product_cat-bon-cau","9":"first","10":"instock","11":"shipping-taxable","12":"product-type-simple"},"_links":{"self":[{"href":"https:\/\/nhadepbepxinh.com.vn\/index.php?rest_route=\/wp\/v2\/product\/1805","targetHints":{"allow":["GET"]}}],"collection":[{"href":"https:\/\/nhadepbepxinh.com.vn\/index.php?rest_route=\/wp\/v2\/product"}],"about":[{"href":"https:\/\/nhadepbepxinh.com.vn\/index.php?rest_route=\/wp\/v2\/types\/product"}],"replies":[{"embeddable":true,"href":"https:\/\/nhadepbepxinh.com.vn\/index.php?rest_route=%2Fwp%2Fv2%2Fcomments&post=1805"}],"wp:featuredmedia":[{"embeddable":true,"href":"https:\/\/nhadepbepxinh.com.vn\/index.php?rest_route=\/wp\/v2\/media\/1806"}],"wp:attachment":[{"href":"https:\/\/nhadepbepxinh.com.vn\/index.php?rest_route=%2Fwp%2Fv2%2Fmedia&parent=1805"}],"wp:term":[{"taxonomy":"product_brand","embeddable":true,"href":"https:\/\/nhadepbepxinh.com.vn\/index.php?rest_route=%2Fwp%2Fv2%2Fproduct_brand&post=1805"},{"taxonomy":"product_cat","embeddable":true,"href":"https:\/\/nhadepbepxinh.com.vn\/index.php?rest_route=%2Fwp%2Fv2%2Fproduct_cat&post=1805"},{"taxonomy":"product_tag","embeddable":true,"href":"https:\/\/nhadepbepxinh.com.vn\/index.php?rest_route=%2Fwp%2Fv2%2Fproduct_tag&post=1805"}],"curies":[{"name":"wp","href":"https:\/\/api.w.org\/{rel}","templated":true}]}}