{"id":1756,"date":"2025-03-26T14:29:49","date_gmt":"2025-03-26T07:29:49","guid":{"rendered":"https:\/\/nhadepbepxinh.com.vn\/?post_type=product&#038;p=1756"},"modified":"2025-03-26T14:29:50","modified_gmt":"2025-03-26T07:29:50","slug":"voi-rua-bat-nong-lanh-konox-rio","status":"publish","type":"product","link":"https:\/\/nhadepbepxinh.com.vn\/?product=voi-rua-bat-nong-lanh-konox-rio","title":{"rendered":"VO\u0300I R\u01af\u0309A BA\u0301T NO\u0301NG LA\u0323NH KONOX RIO"},"content":{"rendered":"<h2><iframe loading=\"lazy\" src=\"https:\/\/www.youtube.com\/embed\/BjTOpUg7NiY\" width=\"1050\" height=\"589\" allowfullscreen=\"allowfullscreen\" data-mce-fragment=\"1\"><\/iframe><\/h2>\n<h2>V\u00f2i r\u1eeda b\u00e1t\u00a0n\u00f3ng l\u1ea1nh Rio<\/h2>\n<h3>Ch\u1ee9c n\u0103ng<\/h3>\n<ul>\n<li>V\u00f2i 2 \u0111\u01b0\u1eddng n\u00f3ng l\u1ea1nh<\/li>\n<li>Th\u00e2n v\u00f2i xoay 360 \u0111\u1ed9 cho ph\u1ea1m vi ti\u1ebfp c\u1eadn l\u1edbn<\/li>\n<li>Chi\u1ec1u cao l\u00fd t\u01b0\u1edfng cho m\u1ecdi thao t\u00e1c l\u00e0m b\u1ebfp<\/li>\n<li>Tay v\u00f2i ngang t\u1ed1i \u01b0u kh\u00f4ng gian b\u00e0n b\u1ebfp<\/li>\n<\/ul>\n<h3>C\u00f4ng ngh\u1ec7<\/h3>\n<ul>\n<li>Ti\u1ebft ki\u1ec7m 40% n\u01b0\u1edbc v\u1edbi C\u00f4ng ngh\u1ec7 Airpower<\/li>\n<li>B\u1ec1 m\u1eb7t m\u1ea1 s\u00e1ng b\u00f3ng b\u1ec1n l\u00e2u, ch\u1ed1ng b\u00e1m v\u00e2n tay v\u1edbi c\u00f4ng ngh\u1ec7 m\u1ea1 PVD Chrome<\/li>\n<li>An to\u00e0n cho s\u1ee9c kh\u1ecfe v\u1edbi l\u00f5i h\u1ee3p kim \u0110\u1ed3ng 61% ti\u00eau chu\u1ea9n Ch\u00e2u \u00c2u CW617N<\/li>\n<li>\u0110\u1ed9 b\u1ec1n l\u00ean \u0111\u1ebfn 500.000 l\u1ea7n \u0111\u00f3ng m\u1edf v\u1edbi l\u00f5i tr\u1ed9n n\u00f3ng l\u1ea1nh SEDAL T\u00e2y Ban Nha<\/li>\n<li>D\u00e2y c\u1ea5p n\u00f3ng l\u1ea1nh, d\u00e2y k\u00e9o, ch\u00e2n k\u1ebft n\u1ed1i nhanh th\u01b0\u01a1ng hi\u1ec7u NEOPERL Th\u1ee5y S\u0129 ch\u1ed1ng xo\u1eafn, ch\u1ecbu nhi\u1ec7t t\u1ed1i \u0111a \u0111\u1ea1t ti\u00eau chu\u1ea9n NSF<\/li>\n<\/ul>\n<h3>B\u1ea3o h\u00e0nh ch\u00ednh h\u00e3ng 5 (n\u0103m)<\/h3>\n<div id=\"input_line_0\"><strong><span id=\"input_part_0\" class=\"\" data-mention=\"TH\u00d4NG S\u00d4\u0301 KY\u0303 THU\u00c2\u0323T\">TH\u00d4NG S\u00d4\u0301 KY\u0303 THU\u00c2\u0323T<\/span><\/strong><\/div>\n<p><strong>M\u00e3 s\u1ea3n ph\u1ea9m: Rio<\/strong><br \/>\n\u2013 H\u00ecnh d\u00e1ng: V\u00f2i thi\u1ebft k\u1ebf bo tr\u00f2n, \u0111\u1ea7u v\u00f2i cong.<br \/>\n\u2013 Ch\u1ee9c n\u0103ng: N\u00f3ng l\u1ea1nh + Xoay 360 \u0111\u1ed9<br \/>\n\u2013 Chi\u1ec1u cao th\u00e2n v\u00f2i(mm): 395<br \/>\n\u2013 Chi\u1ec1u cao t\u1eeb m\u1eb7t ch\u1eadu \u0111\u1ebfn \u0111\u1ea7u v\u00f2i(mm): 280<br \/>\n\u2013 Nguy\u00ean v\u1eadt li\u1ec7u: H\u1ee3p kim \u0111\u1ed3ng 61% ti\u00eau chu\u1ea9n Ch\u00e2u \u00c2u CW617N<br \/>\n\u2013 B\u1ec1 m\u1eb7t: PVD Chrome<br \/>\n\u2013 L\u00f5i tr\u1ed9n n\u00f3ng l\u1ea1nh: SEDAL T\u00e2y Ban Nha<br \/>\n\u2013 D\u00e2y c\u1ea5p: NEOPERL Th\u1ee5y S\u0129<br \/>\n<strong>B\u1ea3o h\u00e0nh ch\u00ednh h\u00e3ng 5 (n\u0103m)<\/strong><\/p>\n","protected":false},"excerpt":{"rendered":"<p><strong>M\u00e3 s\u1ea3n ph\u1ea9m: Rio<\/strong><br \/>\n\u2013 H\u00ecnh d\u00e1ng: V\u00f2i thi\u1ebft k\u1ebf bo tr\u00f2n, \u0111\u1ea7u v\u00f2i cong.<br \/>\n\u2013 Ch\u1ee9c n\u0103ng: N\u00f3ng l\u1ea1nh + Xoay 360 \u0111\u1ed9<br \/>\n\u2013 Chi\u1ec1u cao th\u00e2n v\u00f2i(mm): 395<br \/>\n\u2013 Chi\u1ec1u cao t\u1eeb m\u1eb7t ch\u1eadu \u0111\u1ebfn \u0111\u1ea7u v\u00f2i(mm): 280<br \/>\n\u2013 Nguy\u00ean v\u1eadt li\u1ec7u: H\u1ee3p kim \u0111\u1ed3ng 61% ti\u00eau chu\u1ea9n Ch\u00e2u \u00c2u CW617N<br \/>\n\u2013 B\u1ec1 m\u1eb7t: PVD Chrome<br \/>\n\u2013 L\u00f5i tr\u1ed9n n\u00f3ng l\u1ea1nh: SEDAL T\u00e2y Ban Nha<br \/>\n\u2013 D\u00e2y c\u1ea5p: NEOPERL Th\u1ee5y S\u0129<br \/>\n<strong>B\u1ea3o h\u00e0nh ch\u00ednh h\u00e3ng 5 (n\u0103m)<\/strong><\/p>\n","protected":false},"featured_media":1757,"comment_status":"open","ping_status":"closed","template":"","meta":[],"product_brand":[],"product_cat":[17,54],"product_tag":[],"class_list":{"0":"post-1756","1":"product","2":"type-product","3":"status-publish","4":"has-post-thumbnail","6":"product_cat-voi-rua-bat","7":"product_cat-konox-voi-rua-bat","9":"first","10":"instock","11":"shipping-taxable","12":"product-type-simple"},"_links":{"self":[{"href":"https:\/\/nhadepbepxinh.com.vn\/index.php?rest_route=\/wp\/v2\/product\/1756","targetHints":{"allow":["GET"]}}],"collection":[{"href":"https:\/\/nhadepbepxinh.com.vn\/index.php?rest_route=\/wp\/v2\/product"}],"about":[{"href":"https:\/\/nhadepbepxinh.com.vn\/index.php?rest_route=\/wp\/v2\/types\/product"}],"replies":[{"embeddable":true,"href":"https:\/\/nhadepbepxinh.com.vn\/index.php?rest_route=%2Fwp%2Fv2%2Fcomments&post=1756"}],"wp:featuredmedia":[{"embeddable":true,"href":"https:\/\/nhadepbepxinh.com.vn\/index.php?rest_route=\/wp\/v2\/media\/1757"}],"wp:attachment":[{"href":"https:\/\/nhadepbepxinh.com.vn\/index.php?rest_route=%2Fwp%2Fv2%2Fmedia&parent=1756"}],"wp:term":[{"taxonomy":"product_brand","embeddable":true,"href":"https:\/\/nhadepbepxinh.com.vn\/index.php?rest_route=%2Fwp%2Fv2%2Fproduct_brand&post=1756"},{"taxonomy":"product_cat","embeddable":true,"href":"https:\/\/nhadepbepxinh.com.vn\/index.php?rest_route=%2Fwp%2Fv2%2Fproduct_cat&post=1756"},{"taxonomy":"product_tag","embeddable":true,"href":"https:\/\/nhadepbepxinh.com.vn\/index.php?rest_route=%2Fwp%2Fv2%2Fproduct_tag&post=1756"}],"curies":[{"name":"wp","href":"https:\/\/api.w.org\/{rel}","templated":true}]}}