{"id":1708,"date":"2025-03-26T11:56:28","date_gmt":"2025-03-26T04:56:28","guid":{"rendered":"https:\/\/nhadepbepxinh.com.vn\/?post_type=product&#038;p=1708"},"modified":"2025-03-26T11:56:28","modified_gmt":"2025-03-26T04:56:28","slug":"chau-rua-bat-konox-workstation-sink-topmount-sink-kn8050ts","status":"publish","type":"product","link":"https:\/\/nhadepbepxinh.com.vn\/?product=chau-rua-bat-konox-workstation-sink-topmount-sink-kn8050ts","title":{"rendered":"CH\u00c2\u0323U R\u01af\u0309A BA\u0301T KONOX Workstation Sink \u2013 Topmount Sink KN8050TS"},"content":{"rendered":"","protected":false},"excerpt":{"rendered":"<p><strong>M\u00e3 s\u1ea3n ph\u1ea9m:\u00a0<\/strong>KN8050TS<br \/>\n<strong>K\u00edch th\u01b0\u1edbc (mm):\u00a0<\/strong>800*500*228<br \/>\n<strong>K\u00edch th\u01b0\u1edbc h\u1ed1 (mm):\u00a0<\/strong>750*405<br \/>\n<strong>C\u1eaft \u0111\u00e1 l\u1eafp d\u01b0\u01a1ng (mm)<\/strong>: 770*470<br \/>\n<strong>Ch\u1ea5t li\u1ec7u<\/strong>: SS304<br \/>\n<strong>Ph\u1ee5 ki\u1ec7n:<\/strong>\u00a0Siphon, th\u1edbt g\u1ed7, roll mat<br \/>\nB\u1ea3o h\u00e0nh ch\u00ednh h\u00e3ng 10 (n\u0103m)<\/p>\n","protected":false},"featured_media":1709,"comment_status":"open","ping_status":"closed","template":"","meta":[],"product_brand":[],"product_cat":[52,53],"product_tag":[],"class_list":{"0":"post-1708","1":"product","2":"type-product","3":"status-publish","4":"has-post-thumbnail","6":"product_cat-chau-rua-bat","7":"product_cat-konox","9":"first","10":"instock","11":"shipping-taxable","12":"product-type-simple"},"_links":{"self":[{"href":"https:\/\/nhadepbepxinh.com.vn\/index.php?rest_route=\/wp\/v2\/product\/1708","targetHints":{"allow":["GET"]}}],"collection":[{"href":"https:\/\/nhadepbepxinh.com.vn\/index.php?rest_route=\/wp\/v2\/product"}],"about":[{"href":"https:\/\/nhadepbepxinh.com.vn\/index.php?rest_route=\/wp\/v2\/types\/product"}],"replies":[{"embeddable":true,"href":"https:\/\/nhadepbepxinh.com.vn\/index.php?rest_route=%2Fwp%2Fv2%2Fcomments&post=1708"}],"wp:featuredmedia":[{"embeddable":true,"href":"https:\/\/nhadepbepxinh.com.vn\/index.php?rest_route=\/wp\/v2\/media\/1709"}],"wp:attachment":[{"href":"https:\/\/nhadepbepxinh.com.vn\/index.php?rest_route=%2Fwp%2Fv2%2Fmedia&parent=1708"}],"wp:term":[{"taxonomy":"product_brand","embeddable":true,"href":"https:\/\/nhadepbepxinh.com.vn\/index.php?rest_route=%2Fwp%2Fv2%2Fproduct_brand&post=1708"},{"taxonomy":"product_cat","embeddable":true,"href":"https:\/\/nhadepbepxinh.com.vn\/index.php?rest_route=%2Fwp%2Fv2%2Fproduct_cat&post=1708"},{"taxonomy":"product_tag","embeddable":true,"href":"https:\/\/nhadepbepxinh.com.vn\/index.php?rest_route=%2Fwp%2Fv2%2Fproduct_tag&post=1708"}],"curies":[{"name":"wp","href":"https:\/\/api.w.org\/{rel}","templated":true}]}}