{"id":1700,"date":"2025-03-26T11:43:24","date_gmt":"2025-03-26T04:43:24","guid":{"rendered":"https:\/\/nhadepbepxinh.com.vn\/?post_type=product&#038;p=1700"},"modified":"2025-03-26T11:43:25","modified_gmt":"2025-03-26T04:43:25","slug":"chau-rua-bat-chong-xuoc-konox-workstation-sink-kn8248so-dekor","status":"publish","type":"product","link":"https:\/\/nhadepbepxinh.com.vn\/?product=chau-rua-bat-chong-xuoc-konox-workstation-sink-kn8248so-dekor","title":{"rendered":"CH\u00c2\u0323U R\u01af\u0309A BA\u0301T CH\u00d4\u0301NG X\u01af\u01a0\u0301C KONOX Workstation Sink KN8248SO Dekor"},"content":{"rendered":"<p>Ch\u1eadu r\u1eeda b\u00e1t ch\u1ed1ng x\u01b0\u1edbc Workstation Sink KN8248SO thu\u1ed9c d\u00f2ng s\u1ea3n ph\u1ea9m ch\u1ed1ng x\u01b0\u1edbc \u01b0u vi\u1ec7t nh\u1ea5t c\u1ee7a Konox \u2013 Dekor Series.<\/p>\n<p>Dekor Series h\u01b0\u1edbng t\u1edbi t\u1ed1i \u01b0u tr\u1ea3i nghi\u1ec7m c\u1ee7a ng\u01b0\u1eddi d\u00f9ng v\u1edbi c\u0103n b\u1ebfp th\u01b0\u1eddng ng\u00e0y, xua tan n\u1ed7i lo ch\u1eadu hoen \u1ed1, x\u01b0\u1edbc v\u00e0 m\u1ea5t th\u1ea9m m\u1ef9 qua th\u1eddi gian s\u1eed d\u1ee5ng.<\/p>\n<h3><strong>\u0110i\u1ec3m n\u1ed5i b\u1eadt<\/strong><\/h3>\n<ul>\n<li>Kh\u1ea3 n\u0103ng ch\u1ed1ng x\u01b0\u1edbc c\u1ef1c cao, ch\u1ed1ng m\u00e0i m\u00f2n t\u1ed1t<\/li>\n<li>Thi\u1ebft k\u1ebf hi\u1ec7n \u0111\u1ea1i t\u00edch h\u1ee3p ph\u1ee5 ki\u1ec7n th\u00f4ng minh: Colander, Gi\u00e1 \u00fap b\u00e1t inox, B\u00e1t r\u00e1c v\u00e0 Siphon<\/li>\n<li>Ch\u1eadu 1 h\u1ed1 k\u00edch th\u01b0\u1edbc r\u1ed9ng.<\/li>\n<li>Th\u00e0nh ch\u1eadu gia c\u1ed1 d\u00e0y 3.0mm<\/li>\n<li>L\u00f2ng ch\u1eadu s\u00e2u t\u0103ng dung t\u00edch h\u1ed1, h\u1ea1n ch\u1ebf b\u1eafn n\u01b0\u1edbc<\/li>\n<li>V\u1ec7 sinh l\u00f2ng ch\u1eadu d\u1ec5 d\u00e0ng v\u1edbi g\u00f3c l\u01b0\u1ee3n R25 mm<\/li>\n<li>B\u00e1t r\u00e1c k\u00edch th\u01b0\u1edbc l\u1edbn 180 mm, v\u1edbi 3 l\u1edbp l\u1ecdc ch\u1ed1ng t\u1eafc, ph\u00f9 h\u1ee3p v\u1edbi th\u00f3i quen s\u1eed d\u1ee5ng c\u1ee7a ng\u01b0\u1eddi Vi\u1ec7t<\/li>\n<\/ul>\n<h3><strong>C\u00f4ng ngh\u1ec7<\/strong><\/h3>\n<ul>\n<li>S\u1ea3n ph\u1ea9m ch\u1ebf t\u1ea1o\u00a0<strong>\u00e9p khu\u00f4n li\u1ec1n kh\u1ed1i h\u1ed1<\/strong>\u00a0ch\u1ea5t l\u01b0\u1ee3ng cao<\/li>\n<li>B\u1ec1 m\u1eb7t v\u1edbi\u00a0<strong>c\u00f4ng ngh\u1ec7 d\u1eadp t\u1ea1o h\u1ea1t<\/strong>, t\u0103ng kh\u1ea3 n\u0103ng ch\u1ed1ng tr\u1ea7y x\u01b0\u1edbc hi\u1ec7u qu\u1ea3, ch\u1ed1ng ch\u1ecbu m\u00e0i m\u00f2n t\u1ed1t &amp; ch\u1ed1ng b\u00e1m d\u1ea7u m\u1ee1<\/li>\n<li>S\u1ea3n ph\u1ea9m s\u00e1ng b\u00f3ng b\u1ec1n m\u00e0u, ch\u1ed1ng oxi h\u00f3a, an to\u00e0n cho s\u1ee9c kh\u1ecfe v\u1edbi\u00a0<strong>ch\u1ea5t li\u1ec7u inox 304<\/strong>\u00a0ti\u00eau chu\u1ea9n cao<\/li>\n<li>V\u1eadt li\u1ec7u s\u1ea3n ph\u1ea9m \u0111\u1ea1t ti\u00eau chu\u1ea9n\u00a0<strong>Quatest1<\/strong><\/li>\n<li>Ng\u0103n hi\u1ec7n t\u01b0\u1ee3ng ng\u01b0ng t\u1ee5 n\u01b0\u1edbc m\u1eb7t sau nh\u1edd l\u1edbp\u00a0<strong>s\u01a1n ph\u1ee7 ch\u1ed1ng th\u1ea5m ng\u01b0\u1ee3c<\/strong>\u00a0ch\u1ea5t l\u01b0\u1ee3ng cao<\/li>\n<li>Tri\u1ec7t ti\u00eau ti\u1ebfng \u1ed3n khi x\u1ea3 n\u01b0\u1edbc, va ch\u1ea1m nh\u1edd\u00a0<strong>t\u1ea5m ch\u1ed1ng \u1ed3n<\/strong>\u00a0m\u1eb7t sau ch\u1eadu v\u1eadt li\u1ec7u cao su t\u1ed5ng h\u1ee3p v\u1edbi \u0111\u1ed9 d\u00e0y ti\u00eau chu\u1ea9n 3mm<\/li>\n<li>Tho\u00e1t n\u01b0\u1edbc nhanh, c\u01a1 ch\u1ebf ng\u0103n m\u00f9i h\u00f4i v\u1edbi h\u1ec7 th\u1ed1ng<strong>\u00a0Siphon<\/strong>\u00a0(\u1ed1ng tho\u00e1t th\u1ea3i) c\u1ea3i ti\u1ebfn<\/li>\n<li>B\u00e1t r\u00e1c\u00a0kh\u00e1ng khu\u1ea9n, \u1ee9c ch\u1ebf hi\u1ec7u qu\u1ea3 sinh tr\u01b0\u1edfng c\u1ee7a vi khu\u1ea9n v\u1edbi\u00a0<strong>b\u1ec1 m\u1eb7t ph\u1ee7 Nano Ag+, \u1ee9ng d\u1ee5ng c\u00f4ng ngh\u1ec7 kh\u00e1ng khu\u1ea9n HYPERKILA-MIC<\/strong><\/li>\n<li>T\u1ed1c \u0111\u1ed9 x\u1ea3 t\u0103ng l\u00ean \u0111\u1ebfn 30% v\u1edbi\u00a0<strong>tay tho\u00e1t tr\u00e0n<\/strong>\u00a0m\u1edbi thi\u1ebft k\u1ebf vu\u00f4ng hi\u1ec7n \u0111\u1ea1i<\/li>\n<\/ul>\n<p>B\u1ea3o h\u00e0nh ch\u00ednh h\u00e3ng 10 (n\u0103m) cho ch\u1eadu r\u1eeda \u2013 3 (n\u0103m) cho h\u1ec7 th\u1ed1ng \u1ed1ng x\u1ea3<\/p>\n<p><strong>TH\u00d4NG S\u00d4\u0301 KY\u0303 THU\u00c2\u0323T<\/strong><\/p>\n<p><strong>M\u00e3 s\u1ea3n ph\u1ea9m:<\/strong>\u00a0KN8248SO Dekor<br \/>\n<strong>K\u00edch th\u01b0\u1edbc (mm):<\/strong>\u00a0820*480*220<br \/>\n<strong>K\u00edch th\u01b0\u1edbc h\u1ed1 (mm):<\/strong>\u00a0770*380<br \/>\n<strong>C\u1eaft \u0111\u00e1 l\u1eafp d\u01b0\u01a1ng (mm):<\/strong>\u00a0800*460<br \/>\n<strong>\u0110\u1ed9 d\u00e0y (mm):<\/strong>\u00a01.0 + 3.0<br \/>\n<strong>Ch\u1ea5t li\u1ec7u:<\/strong>\u00a0SS304<br \/>\n<strong>B\u1ec1 m\u1eb7t:<\/strong>\u00a0h\u1ea1t Linen ch\u1ed1ng x\u01b0\u1edbc<br \/>\nFull set g\u1ed3m Colander, gi\u00e1 \u00fap b\u00e1t inox v\u00e0 siphon<\/p>\n","protected":false},"excerpt":{"rendered":"<p><strong>M\u00e3 s\u1ea3n ph\u1ea9m:<\/strong>\u00a0KN8248SO Dekor<br \/>\n<strong>K\u00edch th\u01b0\u1edbc (mm):<\/strong>\u00a0820*480*220<br \/>\n<strong>K\u00edch th\u01b0\u1edbc h\u1ed1 (mm):<\/strong>\u00a0770*380<br \/>\n<strong>C\u1eaft \u0111\u00e1 l\u1eafp d\u01b0\u01a1ng (mm):<\/strong>\u00a0800*460<br \/>\n<strong>\u0110\u1ed9 d\u00e0y (mm):<\/strong>\u00a01.0 + 3.0<br \/>\n<strong>Ch\u1ea5t li\u1ec7u:<\/strong>\u00a0SS304<br \/>\n<strong>B\u1ec1 m\u1eb7t:<\/strong>\u00a0h\u1ea1t Linen ch\u1ed1ng x\u01b0\u1edbc<br \/>\nFull set g\u1ed3m Colander, gi\u00e1 \u00fap b\u00e1t inox v\u00e0 siphon<\/p>\n","protected":false},"featured_media":1701,"comment_status":"open","ping_status":"closed","template":"","meta":[],"product_brand":[],"product_cat":[52,53],"product_tag":[],"class_list":{"0":"post-1700","1":"product","2":"type-product","3":"status-publish","4":"has-post-thumbnail","6":"product_cat-chau-rua-bat","7":"product_cat-konox","9":"first","10":"instock","11":"shipping-taxable","12":"product-type-simple"},"_links":{"self":[{"href":"https:\/\/nhadepbepxinh.com.vn\/index.php?rest_route=\/wp\/v2\/product\/1700","targetHints":{"allow":["GET"]}}],"collection":[{"href":"https:\/\/nhadepbepxinh.com.vn\/index.php?rest_route=\/wp\/v2\/product"}],"about":[{"href":"https:\/\/nhadepbepxinh.com.vn\/index.php?rest_route=\/wp\/v2\/types\/product"}],"replies":[{"embeddable":true,"href":"https:\/\/nhadepbepxinh.com.vn\/index.php?rest_route=%2Fwp%2Fv2%2Fcomments&post=1700"}],"wp:featuredmedia":[{"embeddable":true,"href":"https:\/\/nhadepbepxinh.com.vn\/index.php?rest_route=\/wp\/v2\/media\/1701"}],"wp:attachment":[{"href":"https:\/\/nhadepbepxinh.com.vn\/index.php?rest_route=%2Fwp%2Fv2%2Fmedia&parent=1700"}],"wp:term":[{"taxonomy":"product_brand","embeddable":true,"href":"https:\/\/nhadepbepxinh.com.vn\/index.php?rest_route=%2Fwp%2Fv2%2Fproduct_brand&post=1700"},{"taxonomy":"product_cat","embeddable":true,"href":"https:\/\/nhadepbepxinh.com.vn\/index.php?rest_route=%2Fwp%2Fv2%2Fproduct_cat&post=1700"},{"taxonomy":"product_tag","embeddable":true,"href":"https:\/\/nhadepbepxinh.com.vn\/index.php?rest_route=%2Fwp%2Fv2%2Fproduct_tag&post=1700"}],"curies":[{"name":"wp","href":"https:\/\/api.w.org\/{rel}","templated":true}]}}