{"id":1669,"date":"2025-03-26T11:19:41","date_gmt":"2025-03-26T04:19:41","guid":{"rendered":"https:\/\/nhadepbepxinh.com.vn\/?post_type=product&#038;p=1669"},"modified":"2025-04-26T14:44:45","modified_gmt":"2025-04-26T07:44:45","slug":"may-rua-bat-bosch-sms4eci14e-serie-4","status":"publish","type":"product","link":"https:\/\/nhadepbepxinh.com.vn\/?product=may-rua-bat-bosch-sms4eci14e-serie-4","title":{"rendered":"MA\u0301Y R\u01af\u0309A BA\u0301T BOSCH SMS4ECI14E SERIE 4"},"content":{"rendered":"<div id=\"feature\" class=\"short-article\">\n<p class=\"short-article__title\">\u0110\u1eb7c \u0111i\u1ec3m n\u1ed5i b\u1eadt<\/p>\n<ul>\n<li>Thi\u1ebft k\u1ebf sang tr\u1ecdng v\u00e0 nh\u1ecf g\u1ecdn, thu\u1ed9c ki\u1ec3u m\u00e1y r\u1eeda ch\u00e9n \u0111\u1ed9c l\u1eadp.<\/li>\n<li>Trang b\u1ecb m\u00e0n h\u00ecnh Led d\u1ec5 quan s\u00e1t, b\u1ea3ng \u0111i\u1ec1u khi\u1ec3n n\u00fat nh\u1ea5n d\u1ec5 s\u1eed d\u1ee5ng.<\/li>\n<li>C\u00f4ng su\u1ea5t ho\u1ea1t \u0111\u1ed9ng 2400W, r\u1eeda \u0111\u01b0\u1ee3c s\u1ed1 l\u01b0\u1ee3ng ch\u00e9n b\u00e1t t\u01b0\u01a1ng \u0111\u01b0\u01a1ng 3 &#8211; 4 b\u1eefa \u0103n ng\u01b0\u1eddi Vi\u1ec7t.<\/li>\n<li>\u0110\u1ed9 \u1ed3n ch\u1ec9 44 dB, v\u1eadn h\u00e0nh \u1ed5n \u0111\u1ecbnh v\u1edbi \u0111\u1ed9ng c\u01a1\u00a0EcoSilence Drive.<\/li>\n<li>Thi\u1ebft k\u1ebf 6 ch\u01b0\u01a1ng tr\u00ecnh r\u1eeda v\u00e0 m\u1ed9t s\u1ed1 ch\u01b0\u01a1ng tr\u00ecnh t\u00f9y ch\u1ecdn kh\u00e1c.<\/li>\n<li>C\u00f3 kh\u1ea3 n\u0103ng ti\u1ebft ki\u1ec7m \u0111i\u1ec7n v\u00e0 n\u01b0\u1edbc v\u1edbi ch\u1ebf \u0111\u1ed9 r\u1eeda n\u1eeda\u00a0t\u1ea3i Half Load.<\/li>\n<li>\u0110i\u1ec1u khi\u1ec3n t\u1eeb xa nhanh ch\u00f3ng qua \u1ee9ng d\u1ee5ng Home Connect tr\u00ean \u0111i\u1ec7n tho\u1ea1i.<\/li>\n<li>C\u1ea3m bi\u1ebfn AquaStop t\u1ef1 ng\u1eaft ngu\u1ed3n n\u01b0\u1edbc khi xu\u1ea5t hi\u1ec7n t\u00ecnh tr\u1ea1ng r\u00f2 r\u1ec9 n\u01b0\u1edbc.<\/li>\n<\/ul>\n<\/div>\n<div id=\"tab-spec\" class=\"tabs col2\">\n<h2 id=\"specification\" class=\"tab-link current\" data-tab=\"tab-1\">Th\u00f4ng s\u1ed1 k\u1ef9 thu\u1eadt<\/h2>\n<\/div>\n<div id=\"tab-1\" class=\"specifications tab-content current\">\n<div id=\"specification-img-299894\" class=\"img-main specification-img \"><img decoding=\"async\" class=\" lazyloaded\" src=\"https:\/\/cdn.tgdd.vn\/Products\/Images\/5475\/299894\/Kit\/may-rua-chen-bosch-sms4eci14e-note.jpg\" alt=\"M\u00e1y r\u1eeda ch\u00e9n \u0111\u1ed9c l\u1eadp Bosch SMS4ECI14E\" data-src=\"\/\/cdn.tgdd.vn\/Products\/Images\/5475\/299894\/Kit\/may-rua-chen-bosch-sms4eci14e-note.jpg\" \/><\/div>\n<div id=\"specification-item-299894\" class=\"specification-item \">\n<div class=\"box-specifi\">\n<ul class=\"text-specifi active\">\n<li>\n<aside><strong>Lo\u1ea1i m\u00e1y:<\/strong><\/aside>\n<aside>M\u00e1y r\u1eeda ch\u00e9n \u0111\u1ed9c l\u1eadp<\/aside>\n<\/li>\n<li>\n<aside><strong>C\u00f4ng su\u1ea5t:<\/strong><\/aside>\n<aside><span class=\"\">2400W<\/span><\/aside>\n<\/li>\n<li>\n<aside><strong>Ti\u00eau th\u1ee5 n\u01b0\u1edbc:<\/strong><\/aside>\n<aside><span class=\"\">~ 9.5 l\u00edt\/l\u1ea7n r\u1eeda<\/span><\/aside>\n<\/li>\n<li>\n<aside><strong>S\u1ed1 ch\u00e9n b\u00e1t r\u1eeda \u0111\u01b0\u1ee3c:<\/strong><\/aside>\n<aside>3 &#8211; 4 b\u1eefa \u0103n Vi\u1ec7t (13 b\u1ed9 Ch\u00e2u \u00c2u)<\/aside>\n<\/li>\n<li>\n<aside><strong>\u0110\u1ed9 \u1ed3n:<\/strong><\/aside>\n<aside>44 dB<\/aside>\n<\/li>\n<\/ul>\n<aside><strong>Ch\u01b0\u01a1ng tr\u00ecnh:<\/strong><\/aside>\n<ul>\n<li><span class=\"circle\">R\u1eeda si\u00eau t\u0129nh<\/span><\/li>\n<\/ul>\n<ul class=\"text-specifi active\">\n<li>\n<aside><span class=\"circle\">Ghi nh\u1edb ch\u01b0\u01a1ng tr\u00ecnh (ch\u01b0\u01a1ng tr\u00ecnh y\u00eau th\u00edch)<\/span><\/aside>\n<\/li>\n<li>\n<aside>R\u1eeda nhanh<\/aside>\n<\/li>\n<li>\n<aside><span class=\"circle\">R\u1eeda ti\u00eau chu\u1ea9n (ti\u1ebft ki\u1ec7m)<\/span><\/aside>\n<\/li>\n<li>\n<aside><span class=\"circle\">R\u1eeda chuy\u00ean s\u00e2u<\/span><\/aside>\n<\/li>\n<li>\n<aside><span class=\"circle\">R\u1eeda t\u1ef1 \u0111\u1ed9ng<\/span><\/aside>\n<\/li>\n<\/ul>\n<aside><strong>C\u00f4ng ngh\u1ec7 r\u1eeda:<\/strong><\/aside>\n<ul>\n<li><span class=\"circle\">C\u00f4ng ngh\u1ec7 r\u1eeda nhanh SpeedPerfect+<\/span><\/li>\n<\/ul>\n<ul class=\"text-specifi active\">\n<li>\n<aside>C\u00f4ng ngh\u1ec7 r\u1eeda di\u1ec7t khu\u1ea9n Hygiene Plus<\/aside>\n<\/li>\n<li>\n<aside><span class=\"circle\">C\u00f4ng ngh\u1ec7 r\u1eeda ch\u1ed1ng \u0103n m\u00f2n thu\u1ef7 tinh<\/span><\/aside>\n<\/li>\n<li>\n<aside><span class=\"circle\">Automatic Programme<\/span><\/aside>\n<\/li>\n<li>\n<aside>H\u1ed7 tr\u1ee3 h\u00f2a tan vi\u00ean t\u1ea9y r\u1eeda Dosage Assistant<\/aside>\n<\/li>\n<\/ul>\n<aside><strong>C\u00f4ng ngh\u1ec7 s\u1ea5y:<\/strong><\/aside>\n<ul>\n<li><span class=\"comma\">Extra Dry &#8211; S\u1ea5y t\u0103ng c\u01b0\u1eddng<\/span><\/li>\n<\/ul>\n<ul class=\"text-specifi active\">\n<li>\n<aside><span class=\"\">EfficientDry<\/span><\/aside>\n<\/li>\n<\/ul>\n<aside><strong>Ti\u1ec7n \u00edch:<\/strong><\/aside>\n<ul>\n<li><span class=\"circle\">\u0110i\u1ec1u khi\u1ec3n b\u1eb1ng \u0111i\u1ec7n tho\u1ea1i th\u00f4ng qua \u1ee9ng d\u1ee5ng Home Connect<\/span><\/li>\n<\/ul>\n<ul class=\"text-specifi active\">\n<li>\n<aside><span class=\"circle\">EcoSilence Drive: ho\u1ea1t \u0111\u1ed9ng m\u1ea1nh m\u1ebd, y\u00ean t\u0129nh<\/span><\/aside>\n<\/li>\n<li>\n<aside><span class=\"circle\">Ch\u1ee9c n\u0103ng v\u1ec7 sinh m\u00e1y Machine care<\/span><\/aside>\n<\/li>\n<li>\n<aside><span class=\"circle\">Ch\u1ee9c n\u0103ng ghi nh\u1edb ch\u01b0\u01a1ng tr\u00ecnh r\u1eeda Favourite<\/span><\/aside>\n<\/li>\n<li>\n<aside><span class=\"circle\">R\u1eeda b\u00e1n t\u1ea3i Half load<\/span><\/aside>\n<\/li>\n<li>\n<aside>H\u1eb9n gi\u1edd b\u1eaft \u0111\u1ea7u r\u1eeda (t\u1eeb 1 &#8211; 24 ti\u1ebfng)<\/aside>\n<\/li>\n<li>\n<aside><span class=\"circle\">\u0110i\u1ec1u khi\u1ec3n b\u1eb1ng gi\u1ecdng n\u00f3i<\/span><\/aside>\n<\/li>\n<li>\n<aside><span class=\"circle\">T\u1ef1 \u0111\u1ed9ng h\u00e9 c\u1eeda \u1edf cu\u1ed1i ch\u01b0\u01a1ng tr\u00ecnh<\/span><\/aside>\n<\/li>\n<li>\n<aside>Aquastop &#8211; t\u1ef1 ng\u1eaft ngu\u1ed3n n\u01b0\u1edbc khi c\u00f3 r\u00f2 r\u1ec9<\/aside>\n<\/li>\n<li>\n<aside><strong>Khay ch\u00e9n:<\/strong><\/aside>\n<aside><span class=\"circle\">Khay dao k\u00e9o<\/span><span class=\"circle\">Khay tr\u00ean<\/span><span class=\"circle\">Khay d\u01b0\u1edbi<\/span><\/aside>\n<\/li>\n<li>\n<aside><strong>Ch\u1ea5t li\u1ec7u v\u1ecf m\u00e1y:<\/strong><\/aside>\n<aside><span class=\"\">Inox + Nh\u1ef1a cao c\u1ea5p<\/span><\/aside>\n<\/li>\n<li>\n<aside><strong>Ch\u1ea5t li\u1ec7u c\u1eeda:<\/strong><\/aside>\n<aside><span class=\"\">Inox<\/span><\/aside>\n<\/li>\n<li>\n<aside><strong>B\u1ea3ng \u0111i\u1ec1u khi\u1ec3n:<\/strong><\/aside>\n<aside><span class=\"circle\">Ti\u1ebfng Anh<\/span><span class=\"circle\">N\u00fat nh\u1ea5n<\/span><span class=\"circle\">M\u00e0n h\u00ecnh hi\u1ec3n th\u1ecb<\/span><\/aside>\n<\/li>\n<li>\n<aside><strong>K\u00edch th\u01b0\u1edbc &#8211; Kh\u1ed1i l\u01b0\u1ee3ng:<\/strong><\/aside>\n<aside><span class=\"\">Cao 84.5 cm &#8211; Ngang 60 cm &#8211; S\u00e2u 60 cm<\/span><\/aside>\n<\/li>\n<li>\n<aside><strong>Chi\u1ec1u d\u00e0i \u1ed1ng c\u1ea5p n\u01b0\u1edbc:<\/strong><\/aside>\n<aside><span class=\"\">159 cm<\/span><\/aside>\n<\/li>\n<li>\n<aside><strong>Chi\u1ec1u d\u00e0i \u1ed1ng tho\u00e1t n\u01b0\u1edbc:<\/strong><\/aside>\n<aside><span class=\"\">190 cm<\/span><\/aside>\n<\/li>\n<li>\n<aside><strong>D\u00f2ng s\u1ea3n ph\u1ea9m:<\/strong><\/aside>\n<aside><span class=\"\">2022<\/span><\/aside>\n<\/li>\n<li>\n<aside><strong>N\u01a1i s\u1ea3n xu\u1ea5t:<\/strong><\/aside>\n<aside><span class=\"\">\u0110\u1ee9c<\/span><\/aside>\n<\/li>\n<li>\n<aside><strong>H\u00e3ng:<\/strong><\/aside>\n<aside><span class=\"\">Bosch<\/span><\/aside>\n<\/li>\n<\/ul>\n<\/div>\n<\/div>\n<\/div>\n","protected":false},"excerpt":{"rendered":"<ul class=\"info-pro\">\n<li>C\u00f4ng su\u1ea5t: 2400W<\/li>\n<li>Series 4<\/li>\n<li>Dung t\u00edch ch\u1ee9a: 13 b\u1ed9 b\u00e1t \u0111\u0129a Ch\u00e2u \u00c2u<\/li>\n<li>M\u1ee9c ti\u00eau th\u1ee5 n\u01b0\u1edbc: 9.5L \/ l\u1ea7n r\u1eeda<\/li>\n<li>K\u00edch th\u01b0\u1edbc s\u1ea3n ph\u1ea9m: 600R x 600S x 845C mm<\/li>\n<li>Xu\u1ea5t x\u1ee9: \u0110\u1ee9c<\/li>\n<li>B\u1ea3o h\u00e0nh: 36 th\u00e1ng<\/li>\n<\/ul>\n","protected":false},"featured_media":4978,"comment_status":"open","ping_status":"closed","template":"","meta":[],"product_brand":[],"product_cat":[47,51],"product_tag":[],"class_list":{"0":"post-1669","1":"product","2":"type-product","3":"status-publish","4":"has-post-thumbnail","6":"product_cat-may-rua-bat","7":"product_cat-bosch-may-rua-bat","9":"first","10":"instock","11":"shipping-taxable","12":"product-type-simple"},"_links":{"self":[{"href":"https:\/\/nhadepbepxinh.com.vn\/index.php?rest_route=\/wp\/v2\/product\/1669","targetHints":{"allow":["GET"]}}],"collection":[{"href":"https:\/\/nhadepbepxinh.com.vn\/index.php?rest_route=\/wp\/v2\/product"}],"about":[{"href":"https:\/\/nhadepbepxinh.com.vn\/index.php?rest_route=\/wp\/v2\/types\/product"}],"replies":[{"embeddable":true,"href":"https:\/\/nhadepbepxinh.com.vn\/index.php?rest_route=%2Fwp%2Fv2%2Fcomments&post=1669"}],"wp:featuredmedia":[{"embeddable":true,"href":"https:\/\/nhadepbepxinh.com.vn\/index.php?rest_route=\/wp\/v2\/media\/4978"}],"wp:attachment":[{"href":"https:\/\/nhadepbepxinh.com.vn\/index.php?rest_route=%2Fwp%2Fv2%2Fmedia&parent=1669"}],"wp:term":[{"taxonomy":"product_brand","embeddable":true,"href":"https:\/\/nhadepbepxinh.com.vn\/index.php?rest_route=%2Fwp%2Fv2%2Fproduct_brand&post=1669"},{"taxonomy":"product_cat","embeddable":true,"href":"https:\/\/nhadepbepxinh.com.vn\/index.php?rest_route=%2Fwp%2Fv2%2Fproduct_cat&post=1669"},{"taxonomy":"product_tag","embeddable":true,"href":"https:\/\/nhadepbepxinh.com.vn\/index.php?rest_route=%2Fwp%2Fv2%2Fproduct_tag&post=1669"}],"curies":[{"name":"wp","href":"https:\/\/api.w.org\/{rel}","templated":true}]}}