{"id":1656,"date":"2025-03-26T11:09:26","date_gmt":"2025-03-26T04:09:26","guid":{"rendered":"https:\/\/nhadepbepxinh.com.vn\/?post_type=product&#038;p=1656"},"modified":"2025-04-26T14:52:33","modified_gmt":"2025-04-26T07:52:33","slug":"may-rua-bat-bosch-sms6zci85m-serie-6","status":"publish","type":"product","link":"https:\/\/nhadepbepxinh.com.vn\/?product=may-rua-bat-bosch-sms6zci85m-serie-6","title":{"rendered":"MA\u0301Y R\u01af\u0309A BA\u0301T BOSCH SMS6ZCI85M SERIE 6"},"content":{"rendered":"<div class=\"hflRange9 modulRichText hflLast\">\n<h2><b>M\u00c1Y R\u1eecA B\u00c1T BOSCH SMS6ZCI85M\u00a0SERIE 6 \u0110\u1ed8C L\u1eacP<\/b><\/h2>\n<p>M\u00e3 Bosch:\u00a0<strong>SMS6ZCI85M<\/strong><br \/>\nD\u00f2ng:\u00a0Serie 6<br \/>\nXu\u1ea5t X\u1ee9: \u0110\u1ee9c<\/p>\n<p><img loading=\"lazy\" decoding=\"async\" class=\"alignnone wp-image-28541 size-full\" src=\"https:\/\/bepeu.vn\/wp-content\/uploads\/2025\/02\/anh1-may-rua-bat-Bosch-SMS6ZCI85E.jpg\" sizes=\"auto, (max-width: 767px) 89vw, (max-width: 1000px) 54vw, (max-width: 1071px) 543px, 580px\" srcset=\"https:\/\/bepeu.vn\/wp-content\/uploads\/2025\/02\/anh1-may-rua-bat-Bosch-SMS6ZCI85E.jpg 1024w, https:\/\/bepeu.vn\/wp-content\/uploads\/2025\/02\/anh1-may-rua-bat-Bosch-SMS6ZCI85E-300x169.jpg 300w, https:\/\/bepeu.vn\/wp-content\/uploads\/2025\/02\/anh1-may-rua-bat-Bosch-SMS6ZCI85E-768x433.jpg 768w, https:\/\/bepeu.vn\/wp-content\/uploads\/2025\/02\/anh1-may-rua-bat-Bosch-SMS6ZCI85E-600x338.jpg 600w\" alt=\"M\u00c1Y R\u1eecA B\u00c1T BOSCH SMS6ZCI85M\" width=\"1024\" height=\"577\" \/><\/p>\n<\/div>\n<h3><strong>T\u00cdNH N\u0102NG N\u1ed4I TR\u1ed8I TR\u00caN\u00a0M\u00c1Y R\u1eecA B\u00c1T BOSCH SMS6ZCI85M<\/strong><\/h3>\n<p>Zeolth Dry: s\u1ea5y kh\u00f4 ho\u00e0n to\u00e0n nh\u1edd c\u00f4ng ngh\u1ec7 ha\u0323t t\u01b0\u0323 nhi\u00ean<\/p>\n<p>Extra Clean Zone:\u00a0V\u00f9ng r\u1eeda m\u1ea1nh \u1edf khay gi\u1eefa<\/p>\n<p>M\u00e0n h\u00ecnh LED l\u1edbn:\u00a0thao t\u00e1c v\u00e0 l\u1ef1a ch\u1ecdn ch\u01b0\u01a1ng tr\u00ecnh d\u1ec5 d\u00e0ng. Ch\u1ec9 b\u00e1o th\u1eddi gian c\u00f2n l\u1ea1i v\u00e0 giai \u0111o\u1ea1n c\u1ee7a chu k\u1ef3 ch\u01b0\u01a1ng tr\u00ecnh.<\/p>\n<p>Silence Pro: \u0110\u0103c bi\u00ea\u0323t \u00eam a\u0301i v\u01a1\u0301i \u0111\u00f4\u0323 \u00f4\u0300n chi\u0309 40 dB<\/p>\n<div class=\"hflRange9 modulRichText hflLast\">\n<h3><strong>TH\u00d4NG S\u1ed0 K\u1ef8 THU\u1eacT C\u1ee6A\u00a0\u00a0M\u00c1Y R\u1eecA B\u00c1T BOSCH SMS6ZCI85M<\/strong><\/h3>\n<table border=\"0\">\n<tbody>\n<tr>\n<td>\n<h4><strong>Th\u00f4ng tin chung<\/strong><\/h4>\n<\/td>\n<td><\/td>\n<td><strong>Ki\u1ec3u d\u00e1ng<\/strong><\/td>\n<td><\/td>\n<td><strong>Ki\u1ec3u l\u1eafp \u0111\u1eb7t<\/strong><\/td>\n<\/tr>\n<tr>\n<td><\/td>\n<td><\/td>\n<td>\u0110\u00f4\u0323c l\u00e2\u0323p<\/td>\n<td><\/td>\n<td>\u0110\u1ed9c l\u1eadp<\/td>\n<\/tr>\n<tr>\n<td><\/td>\n<td><\/td>\n<td><\/td>\n<td><\/td>\n<td><\/td>\n<\/tr>\n<tr>\n<td><\/td>\n<td><\/td>\n<td><strong>M\u00e0u s\u1eafc<\/strong><\/td>\n<td><\/td>\n<td><strong>M\u00e0u m\u1eb7t<\/strong><\/td>\n<\/tr>\n<tr>\n<td><\/td>\n<td><\/td>\n<td>Inox<\/td>\n<td><\/td>\n<td>Inox<\/td>\n<\/tr>\n<tr>\n<td><\/td>\n<td><\/td>\n<td><\/td>\n<td><\/td>\n<td><\/td>\n<\/tr>\n<tr>\n<td><\/td>\n<td><\/td>\n<td><strong>N\u1eafp th\u00e1o r\u1eddi<\/strong><\/td>\n<td><\/td>\n<td><strong>L\u1eafp c\u00e1nh g\u1ed7<\/strong><\/td>\n<\/tr>\n<tr>\n<td><\/td>\n<td><\/td>\n<td>C\u00f3<\/td>\n<td><\/td>\n<td>Kh\u00f4ng<\/td>\n<\/tr>\n<tr>\n<td><\/td>\n<td><\/td>\n<td><\/td>\n<td><\/td>\n<td><\/td>\n<\/tr>\n<tr>\n<td><\/td>\n<td><\/td>\n<td><strong>B\u1ea3n l\u1ec1 c\u1eeda tr\u01b0\u1ee3t (vario hinge)<\/strong><\/td>\n<td><\/td>\n<td><strong>\u0110i\u1ec1u ch\u1ec9nh ch\u00e2n<\/strong><\/td>\n<\/tr>\n<tr>\n<td><\/td>\n<td><\/td>\n<td>Kh\u00f4ng<\/td>\n<td><\/td>\n<td>Kh\u00f4ng<\/td>\n<\/tr>\n<tr>\n<td><\/td>\n<td><\/td>\n<td><\/td>\n<td><\/td>\n<td><\/td>\n<\/tr>\n<tr>\n<td><\/td>\n<td><\/td>\n<td><strong>Nh\u00e3n n\u0103ng l\u01b0\u1ee3ng<\/strong><\/td>\n<td><\/td>\n<td><strong>\u0110\u1ed9 \u1ed3n<\/strong><\/td>\n<\/tr>\n<tr>\n<td><\/td>\n<td><\/td>\n<td>C<\/td>\n<td><\/td>\n<td>42 dB<\/td>\n<\/tr>\n<tr>\n<td><\/td>\n<td><\/td>\n<td><\/td>\n<td><\/td>\n<td><\/td>\n<\/tr>\n<tr>\n<td><\/td>\n<td><\/td>\n<td><strong>Nh\u00e3n \u0111\u1ed9 \u1ed3n<\/strong><\/td>\n<td><\/td>\n<td><strong>Ti\u00eau th\u1ee5 \u0111i\u1ec7n \u1edf Eco<\/strong><\/td>\n<\/tr>\n<tr>\n<td><\/td>\n<td><\/td>\n<td>C<\/td>\n<td><\/td>\n<td>0.7 kWh<\/td>\n<\/tr>\n<tr>\n<td><\/td>\n<td><\/td>\n<td><\/td>\n<td><\/td>\n<td><\/td>\n<\/tr>\n<tr>\n<td><\/td>\n<td><\/td>\n<td><strong>Ti\u00eau th\u1ee5 n\u01b0\u1edbc \u1edf Eco<\/strong><\/td>\n<td><\/td>\n<td><strong>Th\u1eddi gian Eco<\/strong><\/td>\n<\/tr>\n<tr>\n<td><\/td>\n<td><\/td>\n<td>10.4L<\/td>\n<td><\/td>\n<td>3:35 h<\/td>\n<\/tr>\n<tr>\n<td><\/td>\n<td><\/td>\n<td><\/td>\n<td><\/td>\n<td><\/td>\n<\/tr>\n<tr>\n<td><\/td>\n<td><\/td>\n<td><strong>Ti\u00eau th\u1ee5 \u0111i\u1ec7n Eco\/100 l\u1ea7n<\/strong><\/td>\n<td><\/td>\n<td><strong>S\u1ed1 b\u1ed9<\/strong><\/td>\n<\/tr>\n<tr>\n<td><\/td>\n<td><\/td>\n<td>70 kWh<\/td>\n<td><\/td>\n<td>12+2 b\u1ed9<\/td>\n<\/tr>\n<tr>\n<td><\/td>\n<td><\/td>\n<td><\/td>\n<td><\/td>\n<td><\/td>\n<\/tr>\n<tr>\n<td><\/td>\n<td><\/td>\n<td><strong>Ch\u01b0\u01a1ng tr\u00ecnh c\u01a1 b\u1ea3n<\/strong><\/td>\n<td><\/td>\n<td><strong>T\u00ednh n\u0103ng th\u00eam<\/strong><\/td>\n<\/tr>\n<tr>\n<td><\/td>\n<td><\/td>\n<td>T\u1ef1 \u0111\u1ed9ng 45-65\u00baC, Ti\u1ebft ki\u1ec7m,, Y\u00eau th\u00edch, R\u1eeda m\u1ea1nh 70\u00baC, Nhanh 60\u2032, Y\u00ean l\u1eb7ng, Nhanh 45\u00baC, Th\u1ee7y tinh 40\u00baC<\/td>\n<td><\/td>\n<td>S\u1ea5y th\u00eam, V\u1ec7 sinh m\u00e1y, T\u0103ng t\u1ed1c r\u1eeda, K\u1ebft n\u1ed1i \u0111i\u1ec7n tho\u1ea1i, v\u00f9ng r\u1eeda m\u1ea1nh<\/td>\n<\/tr>\n<tr>\n<td><\/td>\n<td><\/td>\n<td><\/td>\n<td><\/td>\n<td><\/td>\n<\/tr>\n<tr>\n<td><\/td>\n<td><\/td>\n<td><strong>AquaStop<\/strong><\/td>\n<td><\/td>\n<td><strong>Khay th\u1ee9 3<\/strong><\/td>\n<\/tr>\n<tr>\n<td><\/td>\n<td><\/td>\n<td>C\u00f3<\/td>\n<td><\/td>\n<td>VarioDrawer<\/td>\n<\/tr>\n<tr>\n<td><\/td>\n<td><\/td>\n<td><\/td>\n<td><\/td>\n<td><\/td>\n<\/tr>\n<tr>\n<td><\/td>\n<td><\/td>\n<td><strong>\u0110i\u1ec1u ch\u1ec9nh chi\u1ec1u cao khay<\/strong><\/td>\n<td><\/td>\n<td><strong>Ph\u1ee5 ki\u1ec7n<\/strong><\/td>\n<\/tr>\n<tr>\n<td><\/td>\n<td><\/td>\n<td>C\u00f3<\/td>\n<td><\/td>\n<td>Kh\u00f4ng<\/td>\n<\/tr>\n<\/tbody>\n<\/table>\n<p>&nbsp;<\/p>\n<\/div>\n<p>&nbsp;<\/p>\n<table border=\"0\">\n<tbody>\n<tr>\n<td>\n<h4><strong>K\u00edch th\u01b0\u1edbc<\/strong><\/h4>\n<\/td>\n<td><\/td>\n<td><strong>K\u00edch th\u01b0\u1edbc s\u1ea3n ph\u1ea9m<\/strong><\/td>\n<td><\/td>\n<td><strong>Chi\u1ec1u s\u00e2u khi m\u1edf 90\u00ba<\/strong><\/td>\n<\/tr>\n<tr>\n<td><\/td>\n<td><\/td>\n<td>845x600x600mm<\/td>\n<td><\/td>\n<td>1,155mm<\/td>\n<\/tr>\n<tr>\n<td><\/td>\n<td><\/td>\n<td><\/td>\n<td><\/td>\n<td><\/td>\n<\/tr>\n<tr>\n<td><\/td>\n<td><\/td>\n<td><strong>Chi\u1ec1u cao h\u1ed9c t\u1ee7 t\u1ed1i \u0111a<\/strong><\/td>\n<td><\/td>\n<td><strong>Chi\u1ec1u r\u1ed9ng h\u1ed9c t\u1ee7 t\u1ed1i thi\u1ec3u<\/strong><\/td>\n<\/tr>\n<tr>\n<td><\/td>\n<td><\/td>\n<td>845 mm<\/td>\n<td><\/td>\n<td>600 mm<\/td>\n<\/tr>\n<tr>\n<td><\/td>\n<td><\/td>\n<td><\/td>\n<td><\/td>\n<td><\/td>\n<\/tr>\n<tr>\n<td><\/td>\n<td><\/td>\n<td><strong>Chi\u1ec1u r\u1ed9ng h\u1ed9c t\u1ee7 t\u1ed1i \u0111a<\/strong><\/td>\n<td><\/td>\n<td><strong>Chi\u1ec1u s\u00e2u h\u1ed9c t\u1ee7<\/strong><\/td>\n<\/tr>\n<tr>\n<td><\/td>\n<td><\/td>\n<td>600 mm<\/td>\n<td><\/td>\n<td>600 mm<\/td>\n<\/tr>\n<tr>\n<td><\/td>\n<td><\/td>\n<td><\/td>\n<td><\/td>\n<td><\/td>\n<\/tr>\n<tr>\n<td><\/td>\n<td><\/td>\n<td><strong>Chi\u1ec1u cao n\u1eafp<\/strong><\/td>\n<td><\/td>\n<td><strong>Kh\u1ed1i l\u01b0\u1ee3ng<\/strong><\/td>\n<\/tr>\n<tr>\n<td><\/td>\n<td><\/td>\n<td>30 mm<\/td>\n<td><\/td>\n<td>55.2kg<\/td>\n<\/tr>\n<\/tbody>\n<\/table>\n<p>&nbsp;<\/p>\n<div class=\"hflRange9 modulRichText hflLast\">\n<table border=\"0\">\n<tbody>\n<tr>\n<td>\n<h4><strong>Trang b\u1ecb<\/strong><\/h4>\n<\/td>\n<td><\/td>\n<td><strong>C\u1ea3nh b\u00e1o<\/strong><\/td>\n<td><\/td>\n<td><strong>H\u1ed7 tr\u1ee3 nh\u1ea5n m\u1edf<\/strong><\/td>\n<\/tr>\n<tr>\n<td><\/td>\n<td><\/td>\n<td>\u00c2m b\u00e1o k\u1ebft th\u00fac, Th\u1eddi gian c\u00f2n l\u1ea1i, K\u1ebft n\u1ed1i n\u01b0\u1edbc<\/td>\n<td><\/td>\n<td>Kh\u00f4ng<\/td>\n<\/tr>\n<tr>\n<td><\/td>\n<td><\/td>\n<td><\/td>\n<td><\/td>\n<td><\/td>\n<\/tr>\n<tr>\n<td><\/td>\n<td><\/td>\n<td><strong>SideLight<\/strong><\/td>\n<td><\/td>\n<td><strong>Timelight<\/strong><\/td>\n<\/tr>\n<tr>\n<td><\/td>\n<td><\/td>\n<td>Kh\u00f4ng<\/td>\n<td><\/td>\n<td>Kh\u00f4ng<\/td>\n<\/tr>\n<tr>\n<td><\/td>\n<td><\/td>\n<td><\/td>\n<td><\/td>\n<td><\/td>\n<\/tr>\n<tr>\n<td><\/td>\n<td><\/td>\n<td><strong>EmotionLight<\/strong><\/td>\n<td><\/td>\n<td><strong>EmotionLight Pro<\/strong><\/td>\n<\/tr>\n<tr>\n<td><\/td>\n<td><\/td>\n<td>Co\u0301<\/td>\n<td><\/td>\n<td>Kh\u00f4ng<\/td>\n<\/tr>\n<tr>\n<td><\/td>\n<td><\/td>\n<td><\/td>\n<td><\/td>\n<td><\/td>\n<\/tr>\n<tr>\n<td><\/td>\n<td><\/td>\n<td><strong>B\u1ea3o v\u1ec7 \u0111\u1ed3 th\u1ee7y tinh: Van \u0111i\u1ec1u ch\u1ec9nh \u0111\u1ed9 c\u1ee9ng n\u01b0\u1edbc<\/strong><\/td>\n<td><\/td>\n<td><strong>C\u1ea3m bi\u1ebfn n\u01b0\u1edbc<\/strong><\/td>\n<\/tr>\n<tr>\n<td><\/td>\n<td><\/td>\n<td>Kh\u00f4ng<\/td>\n<td><\/td>\n<td>C\u00f3<\/td>\n<\/tr>\n<tr>\n<td><\/td>\n<td><\/td>\n<td><\/td>\n<td><\/td>\n<td><\/td>\n<\/tr>\n<tr>\n<td><\/td>\n<td><\/td>\n<td><strong>H\u1ec7 th\u1ed1ng qu\u1ea3n l\u00fd ti\u00eau th\u1ee5 n\u01b0\u1edbc<\/strong><\/td>\n<td><\/td>\n<td><strong>T\u1ef1 \u0111\u1ed9ng ph\u00e2n r\u00e3 vi\u00ean r\u1eeda<\/strong><\/td>\n<\/tr>\n<tr>\n<td><\/td>\n<td><\/td>\n<td>Kh\u00f4ng<\/td>\n<td><\/td>\n<td>C\u00f3<\/td>\n<\/tr>\n<tr>\n<td><\/td>\n<td><\/td>\n<td><\/td>\n<td><\/td>\n<td><\/td>\n<\/tr>\n<tr>\n<td>\n<h4><strong>K\u1ebft n\u1ed1i<\/strong><\/h4>\n<\/td>\n<td><\/td>\n<td><strong>Home Connect<\/strong><\/td>\n<td><\/td>\n<td><strong>T\u00ednh n\u0103ng Home Connect<\/strong><\/td>\n<\/tr>\n<tr>\n<td><\/td>\n<td><\/td>\n<td>C\u00f3<\/td>\n<td><\/td>\n<td>\u0110i\u1ec1u khi\u1ec3n t\u1eeb xa<\/td>\n<\/tr>\n<tr>\n<td><\/td>\n<td><\/td>\n<td><\/td>\n<td><\/td>\n<td><\/td>\n<\/tr>\n<tr>\n<td>\n<h4><strong>An to\u00e0n<\/strong><\/h4>\n<\/td>\n<td><\/td>\n<td><strong>AquaStop<\/strong><\/td>\n<td><\/td>\n<td><strong>Kh\u00f3a tr\u1ebb em<\/strong><\/td>\n<\/tr>\n<tr>\n<td><\/td>\n<td><\/td>\n<td>C\u00f3<\/td>\n<td><\/td>\n<td>Kh\u00f4ng<\/td>\n<\/tr>\n<\/tbody>\n<\/table>\n<\/div>\n<p>&nbsp;<\/p>\n<div class=\"hflRange9 modulRichText hflLast\">\n<table border=\"0\">\n<tbody>\n<tr>\n<td>\n<h4><strong>Ho\u1ea1t \u0111\u1ed9ng v\u00e0 ti\u00eau th\u1ee5 n\u0103ng l\u01b0\u1ee3ng<\/strong><\/h4>\n<\/td>\n<td><\/td>\n<td>Nh\u00e3n n\u0103ng l\u01b0\u1ee3ng: C<\/td>\n<td><\/td>\n<td>\u0110i\u1ec7n\/ N\u01b0\u1edbc: 70 kWh \/ 10.4 liters<\/td>\n<\/tr>\n<tr>\n<td><\/td>\n<td><\/td>\n<td><\/td>\n<td><\/td>\n<td><\/td>\n<\/tr>\n<tr>\n<td><\/td>\n<td><\/td>\n<td>Dung t\u00edch: 14 b\u1ed9<\/td>\n<td><\/td>\n<td>Th\u1eddi gian Eco: 3h35\u2032<\/td>\n<\/tr>\n<tr>\n<td><\/td>\n<td><\/td>\n<td><\/td>\n<td><\/td>\n<td><\/td>\n<\/tr>\n<tr>\n<td><\/td>\n<td><\/td>\n<td>\u0110\u1ed9 \u1ed3n: 42 dB<\/td>\n<td><\/td>\n<td>Nh\u00e3n \u0111\u1ed9 \u1ed3n: C<\/td>\n<\/tr>\n<tr>\n<td><\/td>\n<td><\/td>\n<td><\/td>\n<td><\/td>\n<td><\/td>\n<\/tr>\n<tr>\n<td><\/td>\n<td><\/td>\n<td>\u0110\u1ed9 \u1ed3n y\u00ean l\u01b0\u1ee3ng: 39 dB<\/td>\n<td><\/td>\n<td><\/td>\n<\/tr>\n<tr>\n<td><\/td>\n<td><\/td>\n<td><\/td>\n<td><\/td>\n<td><\/td>\n<\/tr>\n<tr>\n<td>\n<h4><strong>Ch\u01b0\u01a1ng tr\u00ecnh v\u00e0 t\u00ednh n\u0103ng<\/strong><\/h4>\n<\/td>\n<td><\/td>\n<td>8 ch\u01b0\u01a1ng tr\u00ecnh r\u1eeda: T\u1ef1 \u0111\u1ed9ng 45-65\u00baC, Ti\u1ebft ki\u1ec7m, Y\u00eau th\u00edch, R\u1eeda m\u1ea1nh 70\u00baC, Nhanh 60\u2032, Y\u00ean l\u1eb7ng, Nhanh 45\u00baC, Th\u1ee7y tinh 40\u00baC<\/td>\n<td><\/td>\n<td>R\u1eeda tr\u00e1ng<\/td>\n<\/tr>\n<tr>\n<td><\/td>\n<td><\/td>\n<td><\/td>\n<td><\/td>\n<td><\/td>\n<\/tr>\n<tr>\n<td><\/td>\n<td><\/td>\n<td>4 t\u00f9y ch\u1ecdn: S\u1ea5y th\u00eam, T\u0103ng t\u1ed1c r\u1eeda, K\u1ebft n\u1ed1i \u0111i\u1ec7n tho\u1ea1i, v\u00f9ng r\u1eeda m\u1ea1nh<\/td>\n<td><\/td>\n<td>V\u1ec7 sinh m\u00e1y<\/td>\n<\/tr>\n<tr>\n<td><\/td>\n<td><\/td>\n<td><\/td>\n<td><\/td>\n<td><\/td>\n<\/tr>\n<tr>\n<td><\/td>\n<td><\/td>\n<td>Y\u00ean l\u1eb7ng \u0111i\u1ec1u ch\u1ec9nh qua app<\/td>\n<td><\/td>\n<td><\/td>\n<\/tr>\n<tr>\n<td><\/td>\n<td><\/td>\n<td><\/td>\n<td><\/td>\n<td><\/td>\n<\/tr>\n<tr>\n<td>\n<h4><strong>C\u00f4ng ngh\u1ec7 v\u00e0 c\u1ea3m bi\u1ebfn<\/strong><\/h4>\n<\/td>\n<td><\/td>\n<td>S\u1ea5y ha\u0323t zeolith v\u00e0 trao \u0111\u1ed5i nhi\u1ec7t<\/td>\n<td><\/td>\n<td>C\u1ea3m bi\u1ebfn n\u01b0\u1edbc v\u00e0 c\u1ea3m bi\u1ebfn t\u1ea3i<\/td>\n<\/tr>\n<tr>\n<td><\/td>\n<td><\/td>\n<td><\/td>\n<td><\/td>\n<td><\/td>\n<\/tr>\n<tr>\n<td><\/td>\n<td><\/td>\n<td>T\u1ef1 ph\u00e2n ph\u1ed1i vi\u00ean r\u1eeda dosing assistant<\/td>\n<td><\/td>\n<td>\u0110\u1ed9ng c\u01a1 kh\u00f4ng ch\u1ed5i than<\/td>\n<\/tr>\n<tr>\n<td><\/td>\n<td><\/td>\n<td><\/td>\n<td><\/td>\n<td><\/td>\n<\/tr>\n<tr>\n<td><\/td>\n<td><\/td>\n<td>T\u1ef1 v\u1ec7 sinh<\/td>\n<td><\/td>\n<td><\/td>\n<\/tr>\n<tr>\n<td><\/td>\n<td><\/td>\n<td><\/td>\n<td><\/td>\n<td><\/td>\n<\/tr>\n<tr>\n<td>\n<h4><strong>H\u1ec7 th\u1ed1ng khay<\/strong><\/h4>\n<\/td>\n<td><\/td>\n<td>Khay\u00a0MaxFlex v\u1edbi \u0111i\u1ec3m ch\u1ea1m m\u00e0u \u0111\u1ecf<\/td>\n<td><\/td>\n<td>V\u00f9ng r\u1eeda t\u0103ng c\u01b0\u1eddng Extra Clean Zone<\/td>\n<\/tr>\n<tr>\n<td><\/td>\n<td><\/td>\n<td><\/td>\n<td><\/td>\n<td><\/td>\n<\/tr>\n<tr>\n<td><\/td>\n<td><\/td>\n<td>Vario Drawer<\/td>\n<td><\/td>\n<td>Khay gi\u1eefa \u0111i\u1ec1u ch\u1ec9nh v\u1edbi Rackmatic (3 c\u1ea5p \u0111\u1ed9)<\/td>\n<\/tr>\n<tr>\n<td><\/td>\n<td><\/td>\n<td><\/td>\n<td><\/td>\n<td><\/td>\n<\/tr>\n<tr>\n<td><\/td>\n<td><\/td>\n<td>Ray tr\u01b0\u1ee3t \u00eam khay gi\u1eefa<\/td>\n<td><\/td>\n<td>B\u00e1nh xe con l\u0103n \u1edf khay tr\u00ean c\u00f9ng v\u00e0 khay d\u01b0\u1edbi c\u00f9ng<\/td>\n<\/tr>\n<tr>\n<td><\/td>\n<td><\/td>\n<td><\/td>\n<td><\/td>\n<td><\/td>\n<\/tr>\n<tr>\n<td><\/td>\n<td><\/td>\n<td>Cao su ch\u1ed1ng tr\u01b0\u1ee3t \u1edf khay gi\u1eefa<\/td>\n<td><\/td>\n<td>Ch\u1eb7n b\u00e1nh xe \u1edf khay d\u01b0\u1edbi c\u00f9ng<\/td>\n<\/tr>\n<tr>\n<td><\/td>\n<td><\/td>\n<td><\/td>\n<td><\/td>\n<td><\/td>\n<\/tr>\n<tr>\n<td><\/td>\n<td><\/td>\n<td>2 gi\u00e1 l\u1eadt \u1edf khay gi\u1eefa<\/td>\n<td><\/td>\n<td>6 gi\u00e1 l\u1eadt \u1edf khay d\u01b0\u1edbi c\u00f9ng<\/td>\n<\/tr>\n<tr>\n<td><\/td>\n<td><\/td>\n<td><\/td>\n<td><\/td>\n<td><\/td>\n<\/tr>\n<tr>\n<td><\/td>\n<td><\/td>\n<td>2 v\u1ecb tr\u00ed \u0111\u1ec3 ly ch\u00e9n \u1edf khay gi\u1eefa<\/td>\n<td><\/td>\n<td>2 v\u1ecb tr\u00ed \u0111\u1ec3 ly ch\u00e9n \u1edf khay d\u01b0\u1edbi c\u00f9ng<\/td>\n<\/tr>\n<tr>\n<td><\/td>\n<td><\/td>\n<td><\/td>\n<td><\/td>\n<td><\/td>\n<\/tr>\n<tr>\n<td>\n<h4><strong>Hi\u1ec3n th\u1ecb v\u00e0 \u0111i\u1ec1u khi\u1ec3n<\/strong><\/h4>\n<\/td>\n<td><\/td>\n<td>Home Connect qua wifi<\/td>\n<td><\/td>\n<td>\u0110i\u1ec1u khi\u1ec3n c\u1ea3m \u1ee9ng (m\u00e0u \u0111en)<\/td>\n<\/tr>\n<tr>\n<td><\/td>\n<td><\/td>\n<td><\/td>\n<td><\/td>\n<td><\/td>\n<\/tr>\n<tr>\n<td><\/td>\n<td><\/td>\n<td>Ch\u1eef in ( ti\u1ebfng anh)<\/td>\n<td><\/td>\n<td>\u0110\u1ed3ng h\u1ed3 hi\u1ec3n th\u1ecb th\u1eddi gian c\u00f2n l\u1ea1i<\/td>\n<\/tr>\n<tr>\n<td><\/td>\n<td><\/td>\n<td><\/td>\n<td><\/td>\n<td><\/td>\n<\/tr>\n<tr>\n<td><\/td>\n<td><\/td>\n<td>H\u1eb9n gi\u1edd ch\u1ea1y (1-24h)<\/td>\n<td><\/td>\n<td><\/td>\n<\/tr>\n<tr>\n<td><\/td>\n<td><\/td>\n<td><\/td>\n<td><\/td>\n<td><\/td>\n<\/tr>\n<tr>\n<td>\n<h4><strong>Th\u00f4ng tin k\u1ef9 thu\u1eadt v\u00e0 ph\u1ee5 ki\u1ec7n<\/strong><\/h4>\n<\/td>\n<td><\/td>\n<td>AquaStop<\/td>\n<td><\/td>\n<td>keylock<\/td>\n<\/tr>\n<tr>\n<td><\/td>\n<td><\/td>\n<td><\/td>\n<td><\/td>\n<td><\/td>\n<\/tr>\n<tr>\n<td><\/td>\n<td><\/td>\n<td>C\u00f4ng ngh\u1ec7 b\u1ea3o v\u1ec7 \u0111\u1ed3 th\u1ee7y tinh<\/td>\n<td><\/td>\n<td>Ph\u1ec5u \u0111\u1ed3 mu\u1ed1i<\/td>\n<\/tr>\n<tr>\n<td><\/td>\n<td><\/td>\n<td><\/td>\n<td><\/td>\n<td><\/td>\n<\/tr>\n<tr>\n<td><\/td>\n<td><\/td>\n<td>Mi\u1ebfng ch\u1eafn h\u01a1i n\u01b0\u1edbc<\/td>\n<td><\/td>\n<td>K\u00edch th\u01b0\u1edbc (C x R x S): 84.5 cm x 60 cm x 60 cm<\/td>\n<\/tr>\n<\/tbody>\n<\/table>\n<\/div>\n<p>&nbsp;<\/p>\n<p>&nbsp;<\/p>\n<p><img loading=\"lazy\" decoding=\"async\" class=\"alignnone wp-image-28542 size-full\" src=\"https:\/\/bepeu.vn\/wp-content\/uploads\/2025\/02\/KT-may-rua-bat-Bosch-SMS6ZCI85E.jpg\" sizes=\"auto, (max-width: 767px) 89vw, (max-width: 1000px) 54vw, (max-width: 1071px) 543px, 580px\" srcset=\"https:\/\/bepeu.vn\/wp-content\/uploads\/2025\/02\/KT-may-rua-bat-Bosch-SMS6ZCI85E.jpg 1024w, https:\/\/bepeu.vn\/wp-content\/uploads\/2025\/02\/KT-may-rua-bat-Bosch-SMS6ZCI85E-300x300.jpg 300w, https:\/\/bepeu.vn\/wp-content\/uploads\/2025\/02\/KT-may-rua-bat-Bosch-SMS6ZCI85E-150x150.jpg 150w, https:\/\/bepeu.vn\/wp-content\/uploads\/2025\/02\/KT-may-rua-bat-Bosch-SMS6ZCI85E-768x768.jpg 768w, https:\/\/bepeu.vn\/wp-content\/uploads\/2025\/02\/KT-may-rua-bat-Bosch-SMS6ZCI85E-600x600.jpg 600w, https:\/\/bepeu.vn\/wp-content\/uploads\/2025\/02\/KT-may-rua-bat-Bosch-SMS6ZCI85E-100x100.jpg 100w\" alt=\"M\u00c1Y R\u1eecA B\u00c1T BOSCH SMS6ZCI85M\" width=\"1024\" height=\"1024\" \/><\/p>\n","protected":false},"excerpt":{"rendered":"<ul>\n<li><strong>Th\u01b0\u01a1ng hi\u1ec7u:<\/strong>\u00a0Bosch<\/li>\n<li><strong>Model:<\/strong>\u00a0SMS6ZCI85M<\/li>\n<li><strong>Thi\u1ebft k\u1ebf:<\/strong>\u00a0\u0110\u1ed9c l\u1eadp<\/li>\n<li><strong>Xu\u1ea5t x\u1ee9:<\/strong>\u00a0\u0110\u1ee9c<\/li>\n<li><strong>Dung t\u00edch:<\/strong>\u00a014 b\u1ed9 b\u00e1t \u0111\u0129a Ch\u00e2u \u00c2u<\/li>\n<li><strong>S\u1ed1 ch\u01b0\u01a1ng tr\u00ecnh r\u1eeda:<\/strong>\u00a08<\/li>\n<li><strong>L\u01b0\u1ee3ng n\u01b0\u1edbc ti\u00eau th\u1ee5:<\/strong>\u00a010.4 L\u00edt (ch\u1ebf \u0111\u1ed9 Eco)<\/li>\n<li><strong>S\u1ea5y Zeolith:<\/strong>\u00a0C\u00f3<\/li>\n<li><strong>\u0110\u1ed9 \u1ed3n:<\/strong>\u00a042 dB<\/li>\n<li><strong>K\u00edch th\u01b0\u1edbc:<\/strong>\u00a0845 x 600 x 600 mm<\/li>\n<\/ul>\n","protected":false},"featured_media":5013,"comment_status":"open","ping_status":"closed","template":"","meta":[],"product_brand":[],"product_cat":[47,51],"product_tag":[],"class_list":{"0":"post-1656","1":"product","2":"type-product","3":"status-publish","4":"has-post-thumbnail","6":"product_cat-may-rua-bat","7":"product_cat-bosch-may-rua-bat","9":"first","10":"instock","11":"shipping-taxable","12":"product-type-simple"},"_links":{"self":[{"href":"https:\/\/nhadepbepxinh.com.vn\/index.php?rest_route=\/wp\/v2\/product\/1656","targetHints":{"allow":["GET"]}}],"collection":[{"href":"https:\/\/nhadepbepxinh.com.vn\/index.php?rest_route=\/wp\/v2\/product"}],"about":[{"href":"https:\/\/nhadepbepxinh.com.vn\/index.php?rest_route=\/wp\/v2\/types\/product"}],"replies":[{"embeddable":true,"href":"https:\/\/nhadepbepxinh.com.vn\/index.php?rest_route=%2Fwp%2Fv2%2Fcomments&post=1656"}],"wp:featuredmedia":[{"embeddable":true,"href":"https:\/\/nhadepbepxinh.com.vn\/index.php?rest_route=\/wp\/v2\/media\/5013"}],"wp:attachment":[{"href":"https:\/\/nhadepbepxinh.com.vn\/index.php?rest_route=%2Fwp%2Fv2%2Fmedia&parent=1656"}],"wp:term":[{"taxonomy":"product_brand","embeddable":true,"href":"https:\/\/nhadepbepxinh.com.vn\/index.php?rest_route=%2Fwp%2Fv2%2Fproduct_brand&post=1656"},{"taxonomy":"product_cat","embeddable":true,"href":"https:\/\/nhadepbepxinh.com.vn\/index.php?rest_route=%2Fwp%2Fv2%2Fproduct_cat&post=1656"},{"taxonomy":"product_tag","embeddable":true,"href":"https:\/\/nhadepbepxinh.com.vn\/index.php?rest_route=%2Fwp%2Fv2%2Fproduct_tag&post=1656"}],"curies":[{"name":"wp","href":"https:\/\/api.w.org\/{rel}","templated":true}]}}