{"id":1640,"date":"2025-03-26T11:01:06","date_gmt":"2025-03-26T04:01:06","guid":{"rendered":"https:\/\/nhadepbepxinh.com.vn\/?post_type=product&#038;p=1640"},"modified":"2025-04-26T14:55:32","modified_gmt":"2025-04-26T07:55:32","slug":"may-rua-bat-bosch-sms6eci11e-seri-6","status":"publish","type":"product","link":"https:\/\/nhadepbepxinh.com.vn\/?product=may-rua-bat-bosch-sms6eci11e-seri-6","title":{"rendered":"MA\u0301Y R\u01af\u0309A BA\u0301T BOSCH SMS6ECI11E SERI 6"},"content":{"rendered":"<div id=\"feature\" class=\"short-article\">\n<p class=\"short-article__title\"><strong>\u0110\u1eb7c \u0111i\u1ec3m n\u1ed5i b\u1eadt<\/strong><\/p>\n<ul>\n<li><strong>M\u00e1y r\u1eeda ch\u00e9n \u0111\u1ed9c l\u1eadp\u00a0<\/strong>l\u1eafp \u0111\u1eb7t \u0111\u01b0\u1ee3c nhi\u1ec1u v\u1ecb tr\u00ed.<\/li>\n<li>C\u00f4ng su\u1ea5t\u00a0<strong>2400W\u00a0<\/strong>r\u1eeda \u0111\u01b0\u1ee3c kho\u1ea3ng\u00a0<strong>13 b\u1ed9 ch\u00e9n \u0111\u0129a<\/strong>\u00a0ch\u00e2u \u00c2u (3 &#8211; 4 b\u1eefa \u0103n Vi\u1ec7t).<\/li>\n<li><strong>6 ch\u01b0\u01a1ng tr\u00ecnh\u00a0<\/strong>\u0111\u00e1p \u1ee9ng nhu c\u1ea7u r\u1eeda ch\u00e9n \u0111\u0129a h\u1eb1ng ng\u00e0y.<\/li>\n<li>Ch\u01b0\u01a1ng tr\u00ecnh\u00a0<strong>r\u1eeda n\u1eeda t\u1ea3i<\/strong>\u00a0gi\u00fap ti\u1ebft ki\u1ec7m th\u1eddi gian, l\u00e0m kh\u00f4 nhanh ch\u00f3ng.<\/li>\n<li><strong>Dosage Assistant\u00a0<\/strong>gi\u00fap vi\u00ean r\u1eeda \u0111\u01b0\u1ee3c ph\u00e2n b\u1ed5 \u0111\u1ec1u h\u01a1n.<\/li>\n<li><strong>\u0110i\u1ec1u khi\u1ec3n b\u1eb1ng \u0111i\u1ec7n tho\u1ea1i<\/strong>\u00a0th\u00f4ng qua \u1ee9ng d\u1ee5ng Home Connect.<\/li>\n<\/ul>\n<\/div>\n<div id=\"tab-spec\" class=\"tabs col2\">\n<h2 id=\"specification\" class=\"tab-link current\" data-tab=\"tab-1\"><strong>Th\u00f4ng s\u1ed1 k\u1ef9 thu\u1eadt<\/strong><\/h2>\n<\/div>\n<div id=\"tab-1\" class=\"specifications tab-content current\">\n<div id=\"specification-img-318128\" class=\"img-main specification-img \"><img decoding=\"async\" class=\" lazyloaded\" src=\"https:\/\/cdnv2.tgdd.vn\/mwg-static\/dmx\/Products\/Images\/5475\/318128\/Kit\/may-rua-chen-doc-lap-bosch-sms6eci11e-note-638646032297021874.jpg\" alt=\"M\u00e1y r\u1eeda b\u00e1t \u0111\u1ed9c l\u1eadp Bosch SMS6ECI11E\" data-src=\"https:\/\/cdnv2.tgdd.vn\/mwg-static\/dmx\/Products\/Images\/5475\/318128\/Kit\/may-rua-chen-doc-lap-bosch-sms6eci11e-note-638646032297021874.jpg\" \/><\/div>\n<div id=\"specification-item-318128\" class=\"specification-item \">\n<div class=\"box-specifi\">\n<ul class=\"text-specifi active\">\n<li>\n<aside><strong>Lo\u1ea1i m\u00e1y:<\/strong><\/aside>\n<aside>M\u00e1y r\u1eeda ch\u00e9n \u0111\u1ed9c l\u1eadp<\/aside>\n<\/li>\n<li>\n<aside><strong>C\u00f4ng su\u1ea5t:<\/strong><\/aside>\n<aside><span class=\"\">2400W<\/span><\/aside>\n<\/li>\n<li>\n<aside><strong>Ti\u00eau th\u1ee5 n\u01b0\u1edbc:<\/strong><\/aside>\n<aside><span class=\"\">~ 9 l\u00edt\/l\u1ea7n r\u1eeda<\/span><\/aside>\n<\/li>\n<li>\n<aside><strong>S\u1ed1 ch\u00e9n b\u00e1t r\u1eeda \u0111\u01b0\u1ee3c:<\/strong><\/aside>\n<aside>3 &#8211; 4 b\u1eefa \u0103n Vi\u1ec7t (13 b\u1ed9 Ch\u00e2u \u00c2u)<\/aside>\n<\/li>\n<li>\n<aside><strong>\u0110\u1ed9 \u1ed3n:<\/strong><\/aside>\n<aside><span class=\"\">40 dB<\/span><\/aside>\n<\/li>\n<\/ul>\n<aside><strong>Ch\u01b0\u01a1ng tr\u00ecnh:<\/strong><\/aside>\n<ul>\n<li><span class=\"circle\">R\u1eeda si\u00eau t\u0129nh<\/span><\/li>\n<\/ul>\n<ul class=\"text-specifi active\">\n<li>\n<aside><span class=\"circle\">Ghi nh\u1edb ch\u01b0\u01a1ng tr\u00ecnh (ch\u01b0\u01a1ng tr\u00ecnh y\u00eau th\u00edch)<\/span><\/aside>\n<\/li>\n<li>\n<aside>R\u1eeda nhanh<\/aside>\n<\/li>\n<li>\n<aside><span class=\"circle\">R\u1eeda ti\u00eau chu\u1ea9n (ti\u1ebft ki\u1ec7m)<\/span><\/aside>\n<\/li>\n<li>\n<aside><span class=\"circle\">R\u1eeda chuy\u00ean s\u00e2u<\/span><\/aside>\n<\/li>\n<li>\n<aside><span class=\"circle\">R\u1eeda t\u1ef1 \u0111\u1ed9ng<\/span><\/aside>\n<\/li>\n<\/ul>\n<aside><strong>C\u00f4ng ngh\u1ec7 r\u1eeda:<\/strong><\/aside>\n<ul>\n<li><span class=\"comma\">R\u1eeda b\u1eb1ng n\u01b0\u1edbc n\u00f3ng<\/span><\/li>\n<\/ul>\n<ul class=\"text-specifi active\">\n<li>\n<aside>H\u1ed7 tr\u1ee3 h\u00f2a tan vi\u00ean t\u1ea9y r\u1eeda Dosage Assistant<\/aside>\n<\/li>\n<li>\n<aside><strong>C\u00f4ng ngh\u1ec7 s\u1ea5y:<\/strong><\/aside>\n<aside><span class=\"\">Heat Exchanger + Drying assist (nhi\u1ec7t c\u00f3 s\u1eb5n + s\u1ea5y h\u1ed7 tr\u1ee3 &#8211; c\u00f3 h\u00e9 c\u1eeda)<\/span><\/aside>\n<\/li>\n<\/ul>\n<aside><strong>Ti\u1ec7n \u00edch:<\/strong><\/aside>\n<ul>\n<li><span class=\"circle\">\u0110i\u1ec1u khi\u1ec3n b\u1eb1ng \u0111i\u1ec7n tho\u1ea1i th\u00f4ng qua \u1ee9ng d\u1ee5ng Home Connect<\/span><\/li>\n<\/ul>\n<ul class=\"text-specifi active\">\n<li>\n<aside><span class=\"circle\">Glass protection &#8211; b\u1ea3o v\u1ec7 ly t\u00e1ch th\u1ee7y tinh<\/span><\/aside>\n<\/li>\n<li>\n<aside><span class=\"circle\">Extra Clean Zone &#8211; Khu v\u1ef1c t\u0103ng c\u01b0\u1eddng r\u1eeda s\u1ea1ch cho nh\u1eefng v\u1ebft b\u1ea9n kh\u00f3 tr\u1ecb<\/span><\/aside>\n<\/li>\n<li>\n<aside><span class=\"circle\">Ch\u1ee9c n\u0103ng v\u1ec7 sinh m\u00e1y Machine care<\/span><\/aside>\n<\/li>\n<li>\n<aside><span class=\"circle\">Ch\u1ee9c n\u0103ng h\u1eb9n gi\u1edd (t\u1eeb 1 &#8211; 24 ti\u1ebfng)<\/span><\/aside>\n<\/li>\n<li>\n<aside><span class=\"circle\">R\u1eeda b\u00e1n t\u1ea3i Half load<\/span><\/aside>\n<\/li>\n<li>\n<aside><span class=\"circle\">\u0110\u00e8n LED b\u00e1o h\u1ebft mu\u1ed1i, h\u1ebft n\u01b0\u1edbc l\u00e0m b\u00f3ng<\/span><\/aside>\n<\/li>\n<li>\n<aside><span class=\"circle\">Vario Speed Plus: ti\u1ebft ki\u1ec7m 65% th\u1eddi gian r\u1eeda<\/span><\/aside>\n<\/li>\n<li>\n<aside>Aquastop &#8211; t\u1ef1 ng\u1eaft ngu\u1ed3n n\u01b0\u1edbc khi c\u00f3 r\u00f2 r\u1ec9<\/aside>\n<\/li>\n<li>\n<aside>AquaSensor &#8211; C\u1ea3m bi\u1ebfn n\u01b0\u1edbc<\/aside>\n<\/li>\n<\/ul>\n<aside><strong>Khay ch\u00e9n:<\/strong><\/aside>\n<ul>\n<li><span class=\"circle\">Khay dao k\u00e9o<\/span><\/li>\n<li><span class=\"circle\">Khay tr\u00ean<\/span><\/li>\n<li><span class=\"circle\">Khay d\u01b0\u1edbi<\/span><\/li>\n<\/ul>\n<ul class=\"text-specifi active\">\n<li>\n<aside><strong>Ch\u1ea5t li\u1ec7u v\u1ecf m\u00e1y:<\/strong><\/aside>\n<aside><span class=\"\">Th\u00e9p s\u01a1n t\u0129nh \u0111i\u1ec7n<\/span><\/aside>\n<\/li>\n<li>\n<aside><strong>Ch\u1ea5t li\u1ec7u c\u1eeda:<\/strong><\/aside>\n<aside><span class=\"\">Th\u00e9p s\u01a1n t\u0129nh \u0111i\u1ec7n<\/span><\/aside>\n<\/li>\n<\/ul>\n<aside><strong>B\u1ea3ng \u0111i\u1ec1u khi\u1ec3n:<\/strong><\/aside>\n<ul>\n<li><span class=\"comma\">N\u00fat nh\u1ea5n<\/span><\/li>\n<li><span class=\"\">M\u00e0n h\u00ecnh hi\u1ec3n th\u1ecb<\/span><\/li>\n<\/ul>\n<ul class=\"text-specifi active\">\n<li>\n<aside><strong>K\u00edch th\u01b0\u1edbc &#8211; Kh\u1ed1i l\u01b0\u1ee3ng:<\/strong><\/aside>\n<aside><span class=\"\">Cao 84.5 cm &#8211; Ngang 60 cm &#8211; S\u00e2u 60 cm &#8211; N\u1eb7ng 55.9 kg<\/span><\/aside>\n<\/li>\n<li>\n<aside><strong>Chi\u1ec1u d\u00e0i \u1ed1ng c\u1ea5p n\u01b0\u1edbc:<\/strong><\/aside>\n<aside><span class=\"\">169 cm<\/span><\/aside>\n<\/li>\n<li>\n<aside><strong>Chi\u1ec1u d\u00e0i \u1ed1ng tho\u00e1t n\u01b0\u1edbc:<\/strong><\/aside>\n<aside><span class=\"\">188 cm<\/span><\/aside>\n<\/li>\n<li>\n<aside><strong>D\u00f2ng s\u1ea3n ph\u1ea9m:<\/strong><\/aside>\n<aside><span class=\"\">2023<\/span><\/aside>\n<\/li>\n<li>\n<aside><strong>N\u01a1i s\u1ea3n xu\u1ea5t:<\/strong><\/aside>\n<aside><span class=\"\">\u0110\u1ee9c<\/span><\/aside>\n<\/li>\n<li>\n<aside><strong>H\u00e3ng:<\/strong><\/aside>\n<aside><span class=\"\">Bosch<\/span><\/aside>\n<\/li>\n<\/ul>\n<\/div>\n<\/div>\n<\/div>\n","protected":false},"excerpt":{"rendered":"<ul class=\"info-pro\">\n<li>C\u00f4ng su\u1ea5t: 2400W<\/li>\n<li>Series 6<\/li>\n<li>Dung t\u00edch ch\u1ee9a: 13 b\u1ed9 b\u00e1t \u0111\u0129a Ch\u00e2u \u00c2u<\/li>\n<li>M\u1ee9c ti\u00eau th\u1ee5 n\u01b0\u1edbc: 9L \/ l\u1ea7n r\u1eeda<\/li>\n<li>K\u00edch th\u01b0\u1edbc(cao x r\u1ed9ng x s\u00e2u): 845 x 600 x 600mm<\/li>\n<li>Xu\u1ea5t x\u1ee9: \u0110\u1ee9c<\/li>\n<li>B\u1ea3o h\u00e0nh: 36 th\u00e1ng<\/li>\n<\/ul>\n","protected":false},"featured_media":5020,"comment_status":"open","ping_status":"closed","template":"","meta":[],"product_brand":[],"product_cat":[47,51],"product_tag":[],"class_list":{"0":"post-1640","1":"product","2":"type-product","3":"status-publish","4":"has-post-thumbnail","6":"product_cat-may-rua-bat","7":"product_cat-bosch-may-rua-bat","9":"first","10":"instock","11":"shipping-taxable","12":"product-type-simple"},"_links":{"self":[{"href":"https:\/\/nhadepbepxinh.com.vn\/index.php?rest_route=\/wp\/v2\/product\/1640","targetHints":{"allow":["GET"]}}],"collection":[{"href":"https:\/\/nhadepbepxinh.com.vn\/index.php?rest_route=\/wp\/v2\/product"}],"about":[{"href":"https:\/\/nhadepbepxinh.com.vn\/index.php?rest_route=\/wp\/v2\/types\/product"}],"replies":[{"embeddable":true,"href":"https:\/\/nhadepbepxinh.com.vn\/index.php?rest_route=%2Fwp%2Fv2%2Fcomments&post=1640"}],"wp:featuredmedia":[{"embeddable":true,"href":"https:\/\/nhadepbepxinh.com.vn\/index.php?rest_route=\/wp\/v2\/media\/5020"}],"wp:attachment":[{"href":"https:\/\/nhadepbepxinh.com.vn\/index.php?rest_route=%2Fwp%2Fv2%2Fmedia&parent=1640"}],"wp:term":[{"taxonomy":"product_brand","embeddable":true,"href":"https:\/\/nhadepbepxinh.com.vn\/index.php?rest_route=%2Fwp%2Fv2%2Fproduct_brand&post=1640"},{"taxonomy":"product_cat","embeddable":true,"href":"https:\/\/nhadepbepxinh.com.vn\/index.php?rest_route=%2Fwp%2Fv2%2Fproduct_cat&post=1640"},{"taxonomy":"product_tag","embeddable":true,"href":"https:\/\/nhadepbepxinh.com.vn\/index.php?rest_route=%2Fwp%2Fv2%2Fproduct_tag&post=1640"}],"curies":[{"name":"wp","href":"https:\/\/api.w.org\/{rel}","templated":true}]}}