{"id":1625,"date":"2025-03-26T10:52:08","date_gmt":"2025-03-26T03:52:08","guid":{"rendered":"https:\/\/nhadepbepxinh.com.vn\/?post_type=product&#038;p=1625"},"modified":"2025-04-26T15:02:08","modified_gmt":"2025-04-26T08:02:08","slug":"may-rua-bat-bosch-sms6zci49e-seri-6","status":"publish","type":"product","link":"https:\/\/nhadepbepxinh.com.vn\/?product=may-rua-bat-bosch-sms6zci49e-seri-6","title":{"rendered":"MA\u0301Y R\u01af\u0309A BA\u0301T BOSCH SMS6ZCI49E SERI 6"},"content":{"rendered":"<div id=\"feature\" class=\"short-article\">\n<p class=\"short-article__title\">\u0110\u1eb7c \u0111i\u1ec3m n\u1ed5i b\u1eadt<\/p>\n<ul>\n<li>M\u00e1y r\u1eeda ch\u00e9n \u0111\u1ed9c l\u1eadp thi\u1ebft k\u1ebf hi\u1ec7n \u0111\u1ea1i, ph\u00f9 h\u1ee3p v\u1edbi nhi\u1ec1u kh\u00f4ng gian.<\/li>\n<li>R\u1eeda \u0111\u01b0\u1ee3c\u00a0<strong>3 &#8211; 4 b\u1eefa \u0103n Vi\u1ec7t<\/strong>\u00a0(14 b\u1ed9 ch\u00e2u \u00c2u), c\u00f3\u00a0<strong>8 ch\u01b0\u01a1ng tr\u00ecnh r\u1eeda c\u00e0i \u0111\u1eb7t s\u1eb5n<\/strong>\u00a0d\u1ec5 l\u1ef1a ch\u1ecdn.<\/li>\n<li>T\u1ef1 ng\u1eaft \u0111i\u1ec7n khi ph\u00e1t hi\u1ec7n n\u01b0\u1edbc r\u00f2 r\u1ec9 v\u1edbi t\u00ednh n\u0103ng\u00a0<strong>Aquastop<\/strong>.<\/li>\n<li>L\u00e0m kh\u00f4 ch\u00e9n b\u00e1t nhanh ch\u00f3ng c\u00f9ng ch\u1ee9c n\u0103ng\u00a0<strong>s\u1ea5y kh\u00f4<\/strong>.<\/li>\n<li>\u0110i\u1ec1u khi\u1ec3n d\u1ec5 d\u00e0ng b\u1eb1ng \u0111i\u1ec7n tho\u1ea1i th\u00f4ng qua \u1ee9ng d\u1ee5ng\u00a0<strong>Home Connect<\/strong>.<\/li>\n<li>B\u1ea3o v\u1ec7 gia \u0111\u00ecnh t\u1ed1i \u01b0u v\u1edbi ch\u1ee9c n\u0103ng\u00a0<strong>kh\u00f3a tr\u1ebb em<\/strong>.<\/li>\n<\/ul>\n<\/div>\n<div id=\"tab-spec\" class=\"tabs col2\">\n<h2 id=\"specification\" class=\"tab-link current\" data-tab=\"tab-1\">Th\u00f4ng s\u1ed1 k\u1ef9 thu\u1eadt<\/h2>\n<\/div>\n<div id=\"tab-1\" class=\"specifications tab-content current\">\n<div id=\"specification-img-299897\" class=\"img-main specification-img \"><img decoding=\"async\" class=\" lazyloaded\" src=\"https:\/\/cdn.tgdd.vn\/Products\/Images\/5475\/299897\/Kit\/may-rua-chen-bosch-sms6zci49e-note.jpg\" alt=\"M\u00e1y r\u1eeda ch\u00e9n \u0111\u1ed9c l\u1eadp Bosch SMS6ZCI49E\" data-src=\"\/\/cdn.tgdd.vn\/Products\/Images\/5475\/299897\/Kit\/may-rua-chen-bosch-sms6zci49e-note.jpg\" \/><\/div>\n<div id=\"specification-item-299897\" class=\"specification-item \">\n<div class=\"box-specifi\">\n<ul class=\"text-specifi active\">\n<li>\n<aside><strong>Lo\u1ea1i m\u00e1y:<\/strong><\/aside>\n<aside>M\u00e1y r\u1eeda ch\u00e9n \u0111\u1ed9c l\u1eadp<\/aside>\n<\/li>\n<li>\n<aside><strong>C\u00f4ng su\u1ea5t:<\/strong><\/aside>\n<aside><span class=\"\">2400W<\/span><\/aside>\n<\/li>\n<li>\n<aside><strong>Ti\u00eau th\u1ee5 n\u01b0\u1edbc:<\/strong><\/aside>\n<aside><span class=\"\">~ 9.5 l\u00edt\/l\u1ea7n r\u1eeda<\/span><\/aside>\n<\/li>\n<li>\n<aside><strong>S\u1ed1 ch\u00e9n b\u00e1t r\u1eeda \u0111\u01b0\u1ee3c:<\/strong><\/aside>\n<aside><span class=\"\">3 &#8211; 4 b\u1eefa \u0103n Vi\u1ec7t (14 b\u1ed9 ch\u00e2u \u00c2u)<\/span><\/aside>\n<\/li>\n<li>\n<aside><strong>\u0110\u1ed9 \u1ed3n:<\/strong><\/aside>\n<aside>42 dB<\/aside>\n<\/li>\n<\/ul>\n<aside><strong>Ch\u01b0\u01a1ng tr\u00ecnh:<\/strong><\/aside>\n<ul>\n<li><span class=\"circle\">R\u1eeda si\u00eau t\u0129nh<\/span><\/li>\n<li><span class=\"circle\">R\u1eeda nhanh 45\u00b0C<\/span><\/li>\n<li><span class=\"circle\">Ghi nh\u1edb ch\u01b0\u01a1ng tr\u00ecnh (ch\u01b0\u01a1ng tr\u00ecnh y\u00eau th\u00edch)<\/span><\/li>\n<li><span class=\"circle\">R\u1eeda ti\u00eau chu\u1ea9n (ti\u1ebft ki\u1ec7m)<\/span><\/li>\n<li><span class=\"circle\">R\u1eeda m\u1ea1nh<\/span><\/li>\n<li><span class=\"circle\">R\u1eeda \u0111\u1ed3 th\u1ee7y tinh<\/span><\/li>\n<li><span class=\"circle\">R\u1eeda 60 ph\u00fat<\/span><\/li>\n<li><span class=\"circle\">R\u1eeda t\u1ef1 \u0111\u1ed9ng<\/span><\/li>\n<\/ul>\n<aside><strong>C\u00f4ng ngh\u1ec7 r\u1eeda:<\/strong><\/aside>\n<ul>\n<li><span class=\"circle\">R\u1eeda b\u1eb1ng n\u01b0\u1edbc n\u00f3ng<\/span><\/li>\n<li><span class=\"circle\">C\u00f4ng ngh\u1ec7 r\u1eeda nhanh SpeedPerfect+<\/span><\/li>\n<li><span class=\"circle\">ExtraClean Zone<\/span><\/li>\n<li>H\u1ed7 tr\u1ee3 h\u00f2a tan vi\u00ean t\u1ea9y r\u1eeda Dosage Assistant<\/li>\n<\/ul>\n<aside><strong>C\u00f4ng ngh\u1ec7 s\u1ea5y:<\/strong><\/aside>\n<ul>\n<li><span class=\"circle\">Extra Dry &#8211; S\u1ea5y t\u0103ng c\u01b0\u1eddng<\/span><\/li>\n<li><span class=\"circle\">S\u1ea5y Zeolith<\/span><\/li>\n<li><span class=\"circle\">Heat Exchanger &#8211; S\u1ea5y trao \u0111\u1ed5i nhi\u1ec7t<\/span><\/li>\n<\/ul>\n<aside><strong>Ti\u1ec7n \u00edch:<\/strong><\/aside>\n<ul>\n<li><span class=\"circle\">\u0110i\u1ec1u khi\u1ec3n b\u1eb1ng \u0111i\u1ec7n tho\u1ea1i th\u00f4ng qua \u1ee9ng d\u1ee5ng Home Connect<\/span><\/li>\n<li><span class=\"circle\">Ch\u1ee9c n\u0103ng v\u1ec7 sinh m\u00e1y Machine care<\/span><\/li>\n<li><span class=\"circle\">Ch\u1ee9c n\u0103ng h\u1eb9n gi\u1edd (t\u1eeb 1 &#8211; 24 ti\u1ebfng)<\/span><\/li>\n<li><span class=\"circle\">\u0110\u00e8n LED b\u00e1o h\u1ebft mu\u1ed1i, h\u1ebft n\u01b0\u1edbc l\u00e0m b\u00f3ng<\/span><\/li>\n<li>Aquastop &#8211; t\u1ef1 ng\u1eaft ngu\u1ed3n n\u01b0\u1edbc khi c\u00f3 r\u00f2 r\u1ec9<\/li>\n<\/ul>\n<aside><strong>Khay ch\u00e9n:<\/strong><\/aside>\n<ul>\n<li><span class=\"circle\">Khay dao k\u00e9o<\/span><\/li>\n<li><span class=\"circle\">Khay tr\u00ean<\/span><\/li>\n<li><span class=\"circle\">Khay d\u01b0\u1edbi<\/span><\/li>\n<\/ul>\n<ul class=\"text-specifi active\">\n<li>\n<aside><strong>Ch\u1ea5t li\u1ec7u v\u1ecf m\u00e1y:<\/strong><\/aside>\n<aside><span class=\"\">Inox + Nh\u1ef1a cao c\u1ea5p<\/span><\/aside>\n<\/li>\n<li>\n<aside><strong>Ch\u1ea5t li\u1ec7u c\u1eeda:<\/strong><\/aside>\n<aside><span class=\"\">Inox<\/span><\/aside>\n<\/li>\n<\/ul>\n<aside><strong>B\u1ea3ng \u0111i\u1ec1u khi\u1ec3n:<\/strong><\/aside>\n<ul>\n<li><span class=\"circle\">Ti\u1ebfng Anh<\/span><\/li>\n<li><span class=\"circle\">C\u1ea3m \u1ee9ng<\/span><\/li>\n<li><span class=\"circle\">M\u00e0n h\u00ecnh hi\u1ec3n th\u1ecb<\/span><\/li>\n<\/ul>\n<ul class=\"text-specifi active\">\n<li>\n<aside><strong>K\u00edch th\u01b0\u1edbc &#8211; Kh\u1ed1i l\u01b0\u1ee3ng:<\/strong><\/aside>\n<aside><span class=\"\">Cao 84.5 cm &#8211; Ngang 60 cm &#8211; S\u00e2u 60 cm<\/span><\/aside>\n<\/li>\n<li>\n<aside><strong>Chi\u1ec1u d\u00e0i \u1ed1ng c\u1ea5p n\u01b0\u1edbc:<\/strong><\/aside>\n<aside><span class=\"\">170 cm<\/span><\/aside>\n<\/li>\n<li>\n<aside><strong>Chi\u1ec1u d\u00e0i \u1ed1ng tho\u00e1t n\u01b0\u1edbc:<\/strong><\/aside>\n<aside><span class=\"\">190 cm<\/span><\/aside>\n<\/li>\n<li>\n<aside><strong>D\u00f2ng s\u1ea3n ph\u1ea9m:<\/strong><\/aside>\n<aside><span class=\"\">2021<\/span><\/aside>\n<\/li>\n<li>\n<aside><strong>N\u01a1i s\u1ea3n xu\u1ea5t:<\/strong><\/aside>\n<aside><span class=\"\">\u0110\u1ee9c<\/span><\/aside>\n<\/li>\n<li>\n<aside><strong>H\u00e3ng:<\/strong><\/aside>\n<aside><span class=\"\">Bosch<\/span><\/aside>\n<\/li>\n<\/ul>\n<\/div>\n<\/div>\n<\/div>\n","protected":false},"excerpt":{"rendered":"<ul class=\"info-pro\">\n<li>C\u00f4ng su\u1ea5t: 2400W<\/li>\n<li>Series 6<\/li>\n<li>Dung t\u00edch ch\u1ee9a: 14 b\u1ed9 b\u00e1t \u0111\u0129a Ch\u00e2u \u00c2u<\/li>\n<li>M\u1ee9c ti\u00eau th\u1ee5 n\u01b0\u1edbc: 9.5L \/ l\u1ea7n r\u1eeda<\/li>\n<li>K\u00edch th\u01b0\u1edbc s\u1ea3n ph\u1ea9m: 600R x 600S x\u00a0845C mm<\/li>\n<li>Xu\u1ea5t x\u1ee9: \u0110\u1ee9c<\/li>\n<li>B\u1ea3o h\u00e0nh: 36 th\u00e1ng<\/li>\n<\/ul>\n","protected":false},"featured_media":5063,"comment_status":"open","ping_status":"closed","template":"","meta":[],"product_brand":[],"product_cat":[47,51],"product_tag":[],"class_list":{"0":"post-1625","1":"product","2":"type-product","3":"status-publish","4":"has-post-thumbnail","6":"product_cat-may-rua-bat","7":"product_cat-bosch-may-rua-bat","9":"first","10":"instock","11":"shipping-taxable","12":"product-type-simple"},"_links":{"self":[{"href":"https:\/\/nhadepbepxinh.com.vn\/index.php?rest_route=\/wp\/v2\/product\/1625","targetHints":{"allow":["GET"]}}],"collection":[{"href":"https:\/\/nhadepbepxinh.com.vn\/index.php?rest_route=\/wp\/v2\/product"}],"about":[{"href":"https:\/\/nhadepbepxinh.com.vn\/index.php?rest_route=\/wp\/v2\/types\/product"}],"replies":[{"embeddable":true,"href":"https:\/\/nhadepbepxinh.com.vn\/index.php?rest_route=%2Fwp%2Fv2%2Fcomments&post=1625"}],"wp:featuredmedia":[{"embeddable":true,"href":"https:\/\/nhadepbepxinh.com.vn\/index.php?rest_route=\/wp\/v2\/media\/5063"}],"wp:attachment":[{"href":"https:\/\/nhadepbepxinh.com.vn\/index.php?rest_route=%2Fwp%2Fv2%2Fmedia&parent=1625"}],"wp:term":[{"taxonomy":"product_brand","embeddable":true,"href":"https:\/\/nhadepbepxinh.com.vn\/index.php?rest_route=%2Fwp%2Fv2%2Fproduct_brand&post=1625"},{"taxonomy":"product_cat","embeddable":true,"href":"https:\/\/nhadepbepxinh.com.vn\/index.php?rest_route=%2Fwp%2Fv2%2Fproduct_cat&post=1625"},{"taxonomy":"product_tag","embeddable":true,"href":"https:\/\/nhadepbepxinh.com.vn\/index.php?rest_route=%2Fwp%2Fv2%2Fproduct_tag&post=1625"}],"curies":[{"name":"wp","href":"https:\/\/api.w.org\/{rel}","templated":true}]}}