{"id":1620,"date":"2025-03-26T10:37:11","date_gmt":"2025-03-26T03:37:11","guid":{"rendered":"https:\/\/nhadepbepxinh.com.vn\/?post_type=product&#038;p=1620"},"modified":"2025-04-13T15:57:38","modified_gmt":"2025-04-13T08:57:38","slug":"hut-mui-kinh-cong-boler-bl-70c17","status":"publish","type":"product","link":"https:\/\/nhadepbepxinh.com.vn\/?product=hut-mui-kinh-cong-boler-bl-70c17","title":{"rendered":"H\u00daT M\u00d9I K\u00cdNH CONG BOLER BL 70C17"},"content":{"rendered":"<p><strong>TH\u00d4NG S\u00d4\u0301 KY\u0303 THU\u00c2\u0323T<\/strong><\/p>\n<ul>\n<li><span class=\"OYPEnA text-decoration-none text-strikethrough-none\">H\u1ec7 th\u1ed1ng h\u00fat x\u1ea3: tu\u1ea7n ho\u00e0n v\u00e0 th\u00f4ng gi\u00f3<\/span><\/li>\n<li><span class=\"OYPEnA text-decoration-none text-strikethrough-none\">T\u1ef1 \u0111\u1ed9ng v\u1ec7 sinh m\u00e1y<\/span><\/li>\n<li><span class=\"OYPEnA text-decoration-none text-strikethrough-none\">C\u00e1nh qu\u1ea1t s\u1eaft D=24cm<\/span><\/li>\n<li><span class=\"OYPEnA text-decoration-none text-strikethrough-none\">\u0110\u1ed9ng c\u01a1 l\u00e0m ho\u00e0n to\u00e0n b\u1eb1ng \u0111\u1ed3ng<\/span><\/li>\n<li><span class=\"OYPEnA text-decoration-none text-strikethrough-none\">L\u01b0\u1edbi l\u1ecdc nan inox cao c\u1ea5p<\/span><\/li>\n<li><span class=\"OYPEnA text-decoration-none text-strikethrough-none\">L\u1ecdc kh\u1eed m\u00f9i b\u1eb1ng than ho\u1ea1t t\u00ednh<\/span><\/li>\n<li><span class=\"OYPEnA text-decoration-none text-strikethrough-none\">\u0110\u00e8n led 2 * 1.5W<\/span><\/li>\n<li><span class=\"OYPEnA text-decoration-none text-strikethrough-none\">C\u00f4ng su\u1ea5t h\u00fat:\u00a0<\/span>\u00b1<span class=\"OYPEnA text-decoration-none text-strikethrough-none\">\u00a01100m\u00b3\/h<\/span><\/li>\n<li><span class=\"OYPEnA text-decoration-none text-strikethrough-none\">\u0110\u1ed9 \u1ed3n:\u00a0<\/span>\u00b1<span class=\"OYPEnA text-decoration-none text-strikethrough-none\">37db<\/span><\/li>\n<li><span class=\"OYPEnA text-decoration-none text-strikethrough-none\">\u1ed0ng tho\u00e1t: \u00d8150mm<\/span><\/li>\n<li><span class=\"OYPEnA text-decoration-none text-strikethrough-none\">K\u00edch th\u01b0\u1edbc s\u1ea3n ph\u1ea9m:\u00a0<\/span>70 x 49.5 x 49 mm<\/li>\n<\/ul>\n","protected":false},"excerpt":{"rendered":"<p>Th\u01b0\u01a1ng hi\u00ea\u0323u BOLER<\/p>\n<p>Ba\u0309o ha\u0300nh 2 n\u0103m<\/p>\n","protected":false},"featured_media":4798,"comment_status":"open","ping_status":"closed","template":"","meta":[],"product_brand":[],"product_cat":[16,46],"product_tag":[],"class_list":{"0":"post-1620","1":"product","2":"type-product","3":"status-publish","4":"has-post-thumbnail","6":"product_cat-may-hut-mui","7":"product_cat-boler","9":"first","10":"instock","11":"shipping-taxable","12":"product-type-simple"},"_links":{"self":[{"href":"https:\/\/nhadepbepxinh.com.vn\/index.php?rest_route=\/wp\/v2\/product\/1620","targetHints":{"allow":["GET"]}}],"collection":[{"href":"https:\/\/nhadepbepxinh.com.vn\/index.php?rest_route=\/wp\/v2\/product"}],"about":[{"href":"https:\/\/nhadepbepxinh.com.vn\/index.php?rest_route=\/wp\/v2\/types\/product"}],"replies":[{"embeddable":true,"href":"https:\/\/nhadepbepxinh.com.vn\/index.php?rest_route=%2Fwp%2Fv2%2Fcomments&post=1620"}],"wp:featuredmedia":[{"embeddable":true,"href":"https:\/\/nhadepbepxinh.com.vn\/index.php?rest_route=\/wp\/v2\/media\/4798"}],"wp:attachment":[{"href":"https:\/\/nhadepbepxinh.com.vn\/index.php?rest_route=%2Fwp%2Fv2%2Fmedia&parent=1620"}],"wp:term":[{"taxonomy":"product_brand","embeddable":true,"href":"https:\/\/nhadepbepxinh.com.vn\/index.php?rest_route=%2Fwp%2Fv2%2Fproduct_brand&post=1620"},{"taxonomy":"product_cat","embeddable":true,"href":"https:\/\/nhadepbepxinh.com.vn\/index.php?rest_route=%2Fwp%2Fv2%2Fproduct_cat&post=1620"},{"taxonomy":"product_tag","embeddable":true,"href":"https:\/\/nhadepbepxinh.com.vn\/index.php?rest_route=%2Fwp%2Fv2%2Fproduct_tag&post=1620"}],"curies":[{"name":"wp","href":"https:\/\/api.w.org\/{rel}","templated":true}]}}