{"id":1615,"date":"2025-03-26T10:29:32","date_gmt":"2025-03-26T03:29:32","guid":{"rendered":"https:\/\/nhadepbepxinh.com.vn\/?post_type=product&#038;p=1615"},"modified":"2025-04-13T16:24:14","modified_gmt":"2025-04-13T09:24:14","slug":"hut-mui-eurofire-ef014-360-slim","status":"publish","type":"product","link":"https:\/\/nhadepbepxinh.com.vn\/?product=hut-mui-eurofire-ef014-360-slim","title":{"rendered":"HU\u0301T MU\u0300I EUROFIRE EF014-360 SLIM"},"content":{"rendered":"<p><strong><span class=\"fontstyle0\">\u0110\u1eb6C T\u00cdNH S\u1ea2N PH\u1ea8M<\/span><\/strong><\/p>\n<p><span class=\"fontstyle2\">\u25cf\u00a0<\/span><span class=\"fontstyle3\">M\u00e1y h\u00fat m\u00f9i\u00a0<\/span><span class=\"fontstyle0\">ch\u1eef T\u00a0<\/span><span class=\"fontstyle3\">sang tr\u1ecdng, tinh t\u1ebf<\/span><\/p>\n<p><span class=\"fontstyle2\">\u25cf\u00a0<\/span><span class=\"fontstyle3\">\u0110\u1ed9ng c\u01a1\u00a0<\/span><span class=\"fontstyle0\">Turbin\u00a0<\/span><span class=\"fontstyle3\">gi\u00fap m\u00e1y h\u00fat si\u00eau kh\u1ecfe l\u00ean \u0111\u1ebfn 1150m<\/span><span class=\"fontstyle3\">3<\/span><span class=\"fontstyle3\">\/h<\/span><\/p>\n<p><span class=\"fontstyle2\">\u25cf\u00a0<\/span><span class=\"fontstyle3\">Ch\u1ee9c n\u0103ng\u00a0<\/span><span class=\"fontstyle0\">\u0111i\u1ec1u khi\u1ec3n c\u1ea3m \u1ee9ng kh\u00f4ng ch\u1ea1m:\u00a0<\/span><span class=\"fontstyle3\">sang tr\u1ecdng, ti\u1ec7n d\u1ee5ng, s\u1ea1ch s\u1ebd<\/span><\/p>\n<p><span class=\"fontstyle2\">\u25cf\u00a0<\/span><span class=\"fontstyle3\">Ch\u1ee9c n\u0103ng\u00a0<\/span><span class=\"fontstyle0\">h\u1eb9n gi\u1edd t\u1eaft\u00a0<\/span><span class=\"fontstyle3\">th\u00f4ng minh, hi\u1ec7n \u0111\u1ea1i<\/span><\/p>\n<p><span class=\"fontstyle2\">\u25cf\u00a0<\/span><span class=\"fontstyle3\">Khay h\u1ee9ng d\u1ea7u m\u1ee1 s\u1ea1ch s\u1ebd, ti\u1ec7n d\u1ee5ng<\/span><\/p>\n<p><span class=\"fontstyle2\">\u25cf\u00a0<\/span><span class=\"fontstyle0\">Th\u00e2n m\u00e1y s\u01a1n 5 l\u1edbp\u00a0<\/span><span class=\"fontstyle3\">s\u00e1ng b\u00f3ng, b\u1ec1n \u0111\u1eb9p<\/span><\/p>\n<p><span class=\"fontstyle2\">\u25cf\u00a0<\/span><span class=\"fontstyle3\">\u0110\u00e8n chi\u1ebfu s\u00e1ng\u00a0<\/span><span class=\"fontstyle0\">LED si\u00eau s\u00e1ng, ti\u1ebft ki\u1ec7m \u0111i\u1ec7n<\/span><\/p>\n<p><span class=\"fontstyle2\">\u25cf\u00a0<\/span><span class=\"fontstyle3\">L\u01b0\u1edbi l\u1ecdc d\u1ec5 d\u00e0ng v\u1ec7 sinh v\u00e0 th\u00e1o r\u1eddi<\/span><\/p>\n<p><span class=\"fontstyle2\">\u25cf\u00a0<\/span><span class=\"fontstyle3\">H\u1ec7 th\u1ed1ng h\u00fat x\u1ea3:\u00a0<\/span><span class=\"fontstyle0\">Tu\u1ea7n ho\u00e0n v\u00e0 th\u00f4ng gi\u00f3<\/span><\/p>\n<p><strong>\u01afU \u0110I\u1ec2M N\u1ed4I B\u1eacT M\u00c1Y H\u00daT M\u00d9I EUROFIRE<\/strong><\/p>\n<p><strong>M\u00e1y h\u00fat m\u00f9i<\/strong>\u00a0ng\u00e0y c\u00e0ng tr\u1edf n\u00ean th\u00e2n thu\u1ed9c h\u01a1n trong c\u0103n b\u1ebfp c\u1ee7a m\u1ed7i gia \u0111\u00ecnh, \u0111\u1eb7c bi\u1ec7t ph\u1ed5 bi\u1ebfn \u1edf nh\u1eefng c\u0103n h\u1ed9 chung c\u01b0, nh\u00e0 b\u1ebfp phong c\u00e1ch hi\u1ec7n \u0111\u1ea1i. M\u00e1y h\u00fat m\u00f9i \u0111\u01b0\u1ee3c thi\u1ebft k\u1ebf k\u1ebft h\u1ee3p gi\u1eefa qu\u1ea1t th\u00f4ng gi\u00f3 v\u00e0 m\u00e0ng l\u1ecdc t\u1eeb \u0111\u00f3 th\u1ed5i d\u1ea7u m\u1ee1 v\u00e0 c\u00e1c lo\u1ea1i m\u00f9i ra kh\u1ecfi khu v\u1ef1c nh\u00e0 b\u1ebfp, th\u1ea3i ra ngo\u00e0i b\u1edfi \u0111\u01b0\u1eddng \u1ed1ng g\u1eafn tr\u00ean tr\u1ea7n ho\u1eb7c t\u01b0\u1eddng nh\u00e0. M\u00e1y h\u00fat m\u00f9i gi\u1eef cho c\u0103n b\u1ebfp lu\u00f4n tho\u00e1ng kh\u00ed, \u0111\u1ed3 v\u1eadt kh\u00f4ng b\u1ecb \u00e1m m\u00f9i.<br \/>\nNh\u1eadn th\u1ea5y nhu c\u1ea7u c\u00f3 m\u1ed9t cu\u1ed9c s\u1ed1ng ch\u1ea5t l\u01b0\u1ee3ng v\u00e0 m\u1ea1nh kh\u1ecfe h\u01a1n t\u1eeb kh\u00e1ch h\u00e0ng, EUROFIRE \u2013 th\u01b0\u01a1ng hi\u1ec7u cao c\u1ea5p c\u1ee7a C\u00f4ng ty TNHH S\u1ea3n xu\u1ea5t v\u00e0 D\u1ecbch v\u1ee5 C\u00f4ng Nghi\u1ec7p Vi\u1ec7t \u0111em \u0111\u1ebfn cho b\u1ea1n v\u00e0 gia \u0111\u00ecnh\u00a0<strong>model m\u00e1y h\u00fat m\u00f9i ch\u1eef T model EF014-360 Slim<\/strong>\u00a0V\u1edbi nh\u1eefng \u01b0u \u0111i\u1ec3m nh\u01b0 c\u00f4ng su\u1ea5t h\u00fat l\u1edbn, \u0111\u1ed9 \u1ed3n th\u1ea5p, d\u1ec5 d\u00e0ng \u0111i\u1ec1u khi\u1ec3n v\u00e0 v\u1ec7 sinh s\u1ebd mang \u0111\u1ebfn kh\u00f4ng gian b\u1ebfp lu\u00f4n tho\u00e1ng m\u00e1t, trong l\u00e0nh.<\/p>\n<p><strong>KI\u1ec2U D\u00c1NG SANG TR\u1eccNG \u2013 HI\u1ec6N \u0110\u1ea0I<\/strong><\/p>\n<ul>\n<li><strong>Ki\u1ec3u d\u00e1ng hi\u1ec7n \u0111\u1ea1i v\u1edbi v\u1ecf b\u1eb1ng inox cao c\u1ea5p<\/strong><\/li>\n<\/ul>\n<p>S\u1edf h\u1eefu thi\u1ebft k\u1ebf ch\u1eef T ph\u1eb3ng \u0111\u1ed9c \u0111\u00e1o, m\u00e1y h\u00fat m\u00f9i\u00a0<strong>model EF014-360 Slim<\/strong>\u00a0c\u00f2n \u0111\u01b0\u1ee3c l\u00e0m b\u1eb1ng th\u00e9p s\u01a1n t\u0129nh \u0111i\u1ec7n b\u1ec1n b\u1ec9. Ch\u1ea5t li\u1ec7u n\u00e0y kh\u00f4ng b\u00e1m b\u1ea9n v\u00e0 d\u1ec5 d\u00e0ng v\u1ec7 sinh, lu\u00f4n s\u00e1ng b\u00f3ng nh\u01b0 m\u1edbi, t\u0103ng th\u1ea9m m\u1ef9 cho ng\u00f4i nh\u00e0.<\/p>\n<ul>\n<li><strong>L\u01b0\u1edbi l\u1ecdc b\u1eb1ng nan t\u1ef1 bung &amp; \u0111\u00e8n LED si\u00eau s\u00e1ng<\/strong><\/li>\n<\/ul>\n<p>M\u00e1y trang b\u1ecb 1-l\u1edbp nan t\u1ef1 bung d\u1ec5 d\u00e0ng th\u00e1o l\u1eafp v\u00e0 v\u1ec7 sinh \u0111\u01a1n gi\u1ea3n, s\u1ea3n ph\u1ea9m l\u1ecdc m\u00f9i t\u1ed1t h\u01a1n, tu\u1ed5i th\u1ecd c\u0169ng cao h\u01a1n. B\u00ean c\u1ea1nh \u0111\u00f3 l\u00e0 \u0111\u00e8n LED c\u00f3 kh\u1ea3 n\u0103ng chi\u1ebfu s\u00e1ng t\u1ed1t gi\u00fap cung c\u1ea5p \u0111\u1ee7 \u00e1nh s\u00e1ng cho ng\u01b0\u1eddi n\u1ed9i tr\u1ee3 n\u1ea5u n\u01b0\u1edbng ngon h\u01a1n.<\/p>\n<ul>\n<li><strong>B\u1ea3ng \u0111i\u1ec1u khi\u1ec3n n\u00fat nh\u1ea5n c\u00f9ng m\u00e0n h\u00ecnh hi\u1ec3n th\u1ecb r\u00f5 r\u00e0ng<\/strong><\/li>\n<\/ul>\n<p>B\u1ea3ng \u0111i\u1ec1u khi\u1ec3n n\u1eb1m ngay tr\u01b0\u1edbc t\u1ea7m m\u1eaft ng\u01b0\u1eddi s\u1eed d\u1ee5ng v\u1edbi h\u1ec7 th\u1ed1ng n\u00fat \u0111i\u1ec1u khi\u1ec3n c\u1ea3m \u1ee9ng hi\u1ec3n th\u1ecb r\u00f5 r\u00e0ng, d\u1ec5 quan s\u00e1t, d\u1ec5 s\u1eed d\u1ee5ng c\u00f9ng n\u00fat b\u1ea5m c\u1ea3m \u1ee9ng \u0111i\u1ec1u khi\u1ec3n 3 t\u1ed1c \u0111\u1ed9.<\/p>\n<p><strong>H\u00daT M\u00d9I HI\u1ec6U QU\u1ea2 \u2013 TI\u1ebeT KI\u1ec6M \u0110I\u1ec6N N\u0102NG<\/strong><\/p>\n<ul>\n<li><strong>Motor si\u00eau b\u1ec1n, c\u00f4ng su\u1ea5t m\u1ea1nh m\u1ebd<\/strong><\/li>\n<\/ul>\n<p>M\u00e1y h\u00fat m\u00f9i k\u00ednh cong\u00a0<strong>model EF014-360 Slim\u00a0<\/strong>c\u00f3 c\u00f4ng su\u1ea5t l\u1edbn t\u1edbi\u00a01150m\u00b3 \/h, 3 t\u1ed1c \u0111\u1ed9 h\u00fat cho hi\u1ec7u qu\u1ea3 h\u00fat m\u00f9i t\u1ed1t \u01b0u l\u1ea1i ti\u1ebft ki\u1ec7m \u0111i\u1ec7n n\u0103ng. M\u00f9i d\u1ea7u m\u1ee1 hay c\u00e1c m\u00f9i kh\u00f3 ch\u1ecbu kh\u00e1c trong qu\u00e1 tr\u00ecnh n\u1ea5u n\u01b0\u1edbng s\u1ebd nhanh ch\u00f3ng b\u1ecb h\u00fat s\u1ea1ch, kh\u00f4ng g\u00e2y \u00e1m m\u00f9i l\u00ean qu\u1ea7n \u00e1o, c\u00e1c v\u1eadt d\u1ee5ng nh\u00e0 b\u1ebfp hay c\u00e1c kh\u00f4ng gian li\u1ec1n k\u1ec1 kh\u00e1c (\u0111i\u1ec3n h\u00ecnh nh\u01b0 thi\u1ebft k\u1ebf c\u0103n h\u1ed9 chung c\u01b0).<\/p>\n<ul>\n<li><strong>\u0110\u1ed9 \u1ed3n th\u1ea5p<\/strong><\/li>\n<\/ul>\n<p>Khi ho\u1ea1t \u0111\u1ed9ng, m\u00e1y c\u00f3 \u0111\u1ed9 \u1ed3n r\u1ea5t th\u1ea5p (\u226448dB), h\u1ea7u nh\u01b0 kh\u00f4ng l\u00e0m \u1ea3nh h\u01b0\u1edfng \u0111\u1ebfn c\u00e1c sinh ho\u1ea1t kh\u00e1c c\u1ee7a gia \u0111\u00ecnh (tr\u00f2 chuy\u1ec7n, xem TV\u2026)<\/p>\n<ul>\n<li><strong>Ph\u00f9 h\u1ee3p nhi\u1ec1u kh\u00f4ng gian<\/strong><\/li>\n<\/ul>\n<p>M\u00e1y h\u00fat m\u00f9i\u00a0<strong>model EF014-360 Slim<\/strong>\u00a0b\u1eaft m\u1eaft, ch\u1ea5t l\u01b0\u1ee3ng t\u1ed1t, h\u00fat m\u00f9i hi\u1ec7u qu\u1ea3, th\u00edch h\u1ee3p s\u1eed d\u1ee5ng trong nh\u00e0 h\u00e0ng, gia \u0111\u00ecnh, kh\u00e1ch s\u1ea1n\u2026<\/p>\n","protected":false},"excerpt":{"rendered":"<p><strong>T\u00ean s\u1ea3n ph\u1ea9m<\/strong>: M\u00e1y h\u00fat m\u00f9i v\u00e0 kh\u00f3i nh\u00e0 b\u1ebfp<\/p>\n<p><strong>Model<\/strong>:\u00a0<strong>EF014-360 Slim<\/strong><\/p>\n<p><strong>Made by EUROFIRE<\/strong><\/p>\n","protected":false},"featured_media":4807,"comment_status":"open","ping_status":"closed","template":"","meta":[],"product_brand":[],"product_cat":[16,45],"product_tag":[],"class_list":{"0":"post-1615","1":"product","2":"type-product","3":"status-publish","4":"has-post-thumbnail","6":"product_cat-may-hut-mui","7":"product_cat-eurofire","9":"first","10":"instock","11":"shipping-taxable","12":"product-type-simple"},"_links":{"self":[{"href":"https:\/\/nhadepbepxinh.com.vn\/index.php?rest_route=\/wp\/v2\/product\/1615","targetHints":{"allow":["GET"]}}],"collection":[{"href":"https:\/\/nhadepbepxinh.com.vn\/index.php?rest_route=\/wp\/v2\/product"}],"about":[{"href":"https:\/\/nhadepbepxinh.com.vn\/index.php?rest_route=\/wp\/v2\/types\/product"}],"replies":[{"embeddable":true,"href":"https:\/\/nhadepbepxinh.com.vn\/index.php?rest_route=%2Fwp%2Fv2%2Fcomments&post=1615"}],"wp:featuredmedia":[{"embeddable":true,"href":"https:\/\/nhadepbepxinh.com.vn\/index.php?rest_route=\/wp\/v2\/media\/4807"}],"wp:attachment":[{"href":"https:\/\/nhadepbepxinh.com.vn\/index.php?rest_route=%2Fwp%2Fv2%2Fmedia&parent=1615"}],"wp:term":[{"taxonomy":"product_brand","embeddable":true,"href":"https:\/\/nhadepbepxinh.com.vn\/index.php?rest_route=%2Fwp%2Fv2%2Fproduct_brand&post=1615"},{"taxonomy":"product_cat","embeddable":true,"href":"https:\/\/nhadepbepxinh.com.vn\/index.php?rest_route=%2Fwp%2Fv2%2Fproduct_cat&post=1615"},{"taxonomy":"product_tag","embeddable":true,"href":"https:\/\/nhadepbepxinh.com.vn\/index.php?rest_route=%2Fwp%2Fv2%2Fproduct_tag&post=1615"}],"curies":[{"name":"wp","href":"https:\/\/api.w.org\/{rel}","templated":true}]}}