{"id":1610,"date":"2025-03-26T10:21:20","date_gmt":"2025-03-26T03:21:20","guid":{"rendered":"https:\/\/nhadepbepxinh.com.vn\/?post_type=product&#038;p=1610"},"modified":"2025-04-13T16:14:07","modified_gmt":"2025-04-13T09:14:07","slug":"hut-mui-spelier-651g","status":"publish","type":"product","link":"https:\/\/nhadepbepxinh.com.vn\/?product=hut-mui-spelier-651g","title":{"rendered":"HU\u0301T MU\u0300I SPELIER 651G"},"content":{"rendered":"<h1>H\u00fat m\u00f9i Toa k\u00ednh g\u1eafn t\u01b0\u1eddng<strong> SPELIER\u00a0 651G<\/strong><\/h1>\n<table border=\"1\" cellspacing=\"1\" cellpadding=\"1\">\n<tbody>\n<tr>\n<td>\n<h2>\u0110\u1eb7c t\u00ednh s\u1ea3n ph\u1ea9m<\/h2>\n<\/td>\n<\/tr>\n<\/tbody>\n<\/table>\n<table border=\"1\" cellspacing=\"1\" cellpadding=\"1\">\n<tbody>\n<tr>\n<td>\u00a0:\u00a0<img decoding=\"async\" src=\"https:\/\/bizweb.dktcdn.net\/100\/341\/445\/files\/d807533190466107564-n-741360f9-cc90-47d2-8385-5a3566c2c789.jpg?v=1692612588596\" data-thumb=\"original\" \/><\/td>\n<td>\u2022 Ki\u1ec3u d\u00e1ng : Toa k\u00ednh g\u1eafn t\u01b0\u1eddng<br \/>\n\u2022 01 tum ( 02 tum &#8211; l\u1ef1a ch\u1ecdn th\u00eam )<br \/>\n\u2022 Ch\u1ee9c n\u0103ng l\u1ecdc than ho\u1ea1t t\u00ednh<br \/>\n\u2022 M\u00e0ng l\u1ecdc ki\u1ec3u nan d\u1ec5 d\u00e0ng v\u1ec7 sinh<br \/>\n\u2022 L\u1ed7 tho\u00e1t kh\u00ed : \u00d8 15cm<br \/>\n\u2022 Lo\u1ea1i M\u00f4 t\u01a1 : 213 W<br \/>\n\u2022 \u0110\u1ed9 \u1ed3n khi ho\u1ea1t \u0111\u1ed9ng t\u1ed1i \u0111a: 59 dB<br \/>\n\u2022 Hi\u1ec7u su\u1ea5t h\u00fat kh\u00f4ng kh\u00ed t\u1ed1i \u0111a: 1023 m3\/h<br \/>\n\u2022 H\u1ec7 th\u1ed1ng chi\u1ebfu s\u00e1ng: 02 \u0110\u00e8n LED x 1,5W, chuy\u1ec3n \u0111\u1ed5i ri\u00eang bi\u1ec7t<\/td>\n<\/tr>\n<\/tbody>\n<\/table>\n<table border=\"1\" cellspacing=\"1\" cellpadding=\"1\">\n<tbody>\n<tr>\n<td>\n<h2>Th\u00f4ng s\u1ed1 k\u1ef9 thu\u1eadt<\/h2>\n<\/td>\n<\/tr>\n<\/tbody>\n<\/table>\n<table border=\"1\" cellspacing=\"1\" cellpadding=\"1\">\n<tbody>\n<tr>\n<td><strong>\u2022<\/strong>\u00a0\u0110i\u1ec7n \u00e1p: 220 -240 V<br \/>\n<strong>\u2022<\/strong>\u00a0C\u00f4ng su\u1ea5t: 213 W<br \/>\n<strong>\u2022<\/strong>\u00a0Chi\u1ec1u cao \u1ed1ng h\u00fat : 400 +400mm<br \/>\n<strong>\u2022<\/strong>\u00a0Chi\u1ec1u r\u1ed9ng: 70 cm<br \/>\n<strong>\u2022<\/strong>\u00a0\u0110\u1ed9 s\u00e2u: 50 cm<br \/>\n<strong>\u2022<\/strong>\u00a0Tr\u1ecdng l\u01b0\u1ee3ng : 14 kg<br \/>\n<strong>\u2022<\/strong>\u00a0T\u1ed5ng tr\u1ecdng l\u01b0\u1ee3ng : 16 kg<img decoding=\"async\" src=\"https:\/\/bizweb.dktcdn.net\/100\/341\/445\/files\/baohanh2nam-ddbd9cf1-36ba-41f3-8026-1467ac6e785c.jpg?v=1588661321213\" data-thumb=\"original\" \/><\/td>\n<td><img decoding=\"async\" src=\"https:\/\/bizweb.dktcdn.net\/100\/341\/445\/files\/hut-mui-sp-800-1.jpg?v=1588661215805\" data-thumb=\"original\" \/><\/td>\n<\/tr>\n<\/tbody>\n<\/table>\n","protected":false},"excerpt":{"rendered":"<p>Xu\u00e2\u0301t x\u01b0\u0301: Mailaisia<\/p>\n<p>Th\u01b0\u01a1ng hi\u00ea\u0323u Spelier<\/p>\n<p>Ba\u0309o ha\u0300nh 2 n\u0103m<\/p>\n","protected":false},"featured_media":4805,"comment_status":"open","ping_status":"closed","template":"","meta":[],"product_brand":[],"product_cat":[16,44],"product_tag":[],"class_list":{"0":"post-1610","1":"product","2":"type-product","3":"status-publish","4":"has-post-thumbnail","6":"product_cat-may-hut-mui","7":"product_cat-spelier","9":"first","10":"instock","11":"shipping-taxable","12":"product-type-simple"},"_links":{"self":[{"href":"https:\/\/nhadepbepxinh.com.vn\/index.php?rest_route=\/wp\/v2\/product\/1610","targetHints":{"allow":["GET"]}}],"collection":[{"href":"https:\/\/nhadepbepxinh.com.vn\/index.php?rest_route=\/wp\/v2\/product"}],"about":[{"href":"https:\/\/nhadepbepxinh.com.vn\/index.php?rest_route=\/wp\/v2\/types\/product"}],"replies":[{"embeddable":true,"href":"https:\/\/nhadepbepxinh.com.vn\/index.php?rest_route=%2Fwp%2Fv2%2Fcomments&post=1610"}],"wp:featuredmedia":[{"embeddable":true,"href":"https:\/\/nhadepbepxinh.com.vn\/index.php?rest_route=\/wp\/v2\/media\/4805"}],"wp:attachment":[{"href":"https:\/\/nhadepbepxinh.com.vn\/index.php?rest_route=%2Fwp%2Fv2%2Fmedia&parent=1610"}],"wp:term":[{"taxonomy":"product_brand","embeddable":true,"href":"https:\/\/nhadepbepxinh.com.vn\/index.php?rest_route=%2Fwp%2Fv2%2Fproduct_brand&post=1610"},{"taxonomy":"product_cat","embeddable":true,"href":"https:\/\/nhadepbepxinh.com.vn\/index.php?rest_route=%2Fwp%2Fv2%2Fproduct_cat&post=1610"},{"taxonomy":"product_tag","embeddable":true,"href":"https:\/\/nhadepbepxinh.com.vn\/index.php?rest_route=%2Fwp%2Fv2%2Fproduct_tag&post=1610"}],"curies":[{"name":"wp","href":"https:\/\/api.w.org\/{rel}","templated":true}]}}