{"id":1602,"date":"2025-03-26T10:14:52","date_gmt":"2025-03-26T03:14:52","guid":{"rendered":"https:\/\/nhadepbepxinh.com.vn\/?post_type=product&#038;p=1602"},"modified":"2025-03-26T10:14:52","modified_gmt":"2025-03-26T03:14:52","slug":"hut-mui-grand-x-gx-h70t81b","status":"publish","type":"product","link":"https:\/\/nhadepbepxinh.com.vn\/?product=hut-mui-grand-x-gx-h70t81b","title":{"rendered":"H\u00daT M\u00d9I GRAND X GX H70T81B"},"content":{"rendered":"<div class=\"banner_tabs\"><img decoding=\"async\" src=\"https:\/\/grandx.com.vn\/wp-content\/uploads\/2024\/12\/banner-1920x800-81B.jpg\" alt=\"banner H70T81B 1920x800-81B\" \/><\/div>\n<div class=\"row row_location\">\n<div class=\"col medium-6 small-12 large-6 \">\n<div class=\"box_content\">\n<div class=\"title\">\n<h2 class=\"title__Tt\">THI\u1ebeT K\u1ebe \u0110\u1eb2NG C\u1ea4P &#8211; SANG TR\u1eccNG T\u1eeaNG CHI TI\u1ebeT<\/h2>\n<\/div>\n<div id=\"xem_1\" class=\"des rt_text_rg rt_text_rg_1\" data-row=\"0\">\n<ul>\n<li><strong>Ki\u1ec3u d\u00e1ng hi\u1ec7n \u0111\u1ea1i<\/strong>: Thi\u1ebft k\u1ebf h\u00ecnh ph\u1ec5u ki\u1ec3u T-Shaped v\u1edbi k\u00ednh c\u01b0\u1eddng l\u1ef1c m\u00e0u d\u00e0y 6mm, v\u00e1t 3 c\u1ea1nh nghi\u00eang \u0111\u1ed9c \u0111\u00e1o, kh\u00f4ng ch\u1ec9 t\u1ea1o \u0111i\u1ec3m nh\u1ea5n ph\u00e1 c\u00e1ch m\u00e0 c\u00f2n d\u1ec5 d\u00e0ng v\u1ec7 sinh.<\/li>\n<li>Th\u00e2n m\u00e1y inox \u0111\u01b0\u1ee3c thi\u1ebft k\u1ebf d\u1ea1ng h\u00ecnh ph\u1ec5u funnel \u0111\u00f3n h\u00fat tri\u1ec7t \u0111\u1ec3 kh\u00f3i v\u00e0 m\u00f9i trong qu\u00e1 tr\u00ecnh n\u1ea5u n\u01b0\u1edbng<\/li>\n<li><strong>M\u00e0u s\u1eafc tinh t\u1ebf<\/strong>: Th\u00e2n m\u00e1y k\u1ebft h\u1ee3p c\u00f9ng k\u00ednh v\u00e1t c\u1ea1nh, t\u1ea1o c\u1ea3m gi\u00e1c sang tr\u1ecdng v\u00e0 \u0111\u1eb3ng c\u1ea5p.<\/li>\n<li><strong>\u0110\u00e8n LED Strip Light<\/strong>: H\u1ec7 th\u1ed1ng chi\u1ebfu s\u00e1ng 3.0W \u00e1nh s\u00e1ng 7200k mang l\u1ea1i hi\u1ec7u \u1ee9ng \u00e1nh s\u00e1ng m\u1ec1m m\u1ea1i, t\u1ea1o c\u1ea3m gi\u00e1c \u1ea5m c\u00fang trong c\u0103n b\u1ebfp.<\/li>\n<\/ul>\n<\/div>\n<\/div>\n<\/div>\n<div class=\"col medium-6 small-12 large-6\"><img decoding=\"async\" src=\"https:\/\/grandx.com.vn\/wp-content\/uploads\/2024\/12\/GX-H70T81B-900x600-1.jpg\" alt=\"GX H70T81B-900x600\" \/><\/div>\n<\/div>\n<div class=\"row row_location\">\n<div class=\"col medium-6 small-12 large-6 \">\n<div class=\"box_content\">\n<div class=\"title\">\n<h2 class=\"title__Tt\">C\u00d4NG NGH\u1ec6 TI\u00caN TI\u1ebeN &#8211; T\u1ed0I \u01afU H\u00d3A HI\u1ec6U SU\u1ea4T<\/h2>\n<\/div>\n<div id=\"xem_1\" class=\"des rt_text_rg rt_text_rg_1\" data-row=\"1\">\n<ul>\n<li><strong>H\u1ec7 th\u1ed1ng h\u00fat x\u1ea3 linh ho\u1ea1t<\/strong>: C\u00f3 th\u1ec3 t\u00f9y ch\u1ec9nh gi\u1eefa ch\u1ebf \u0111\u1ed9 tu\u1ea7n ho\u00e0n v\u00e0 th\u00f4ng gi\u00f3, ph\u00f9 h\u1ee3p v\u1edbi m\u1ecdi kh\u00f4ng gian b\u1ebfp.<\/li>\n<li><strong>C\u00f4ng su\u1ea5t h\u00fat m\u1ea1nh m\u1ebd<\/strong>: V\u1edbi l\u01b0u l\u01b0\u1ee3ng h\u00fat \u00b1980m3\/h, m\u00e1y \u0111\u1ea3m b\u1ea3o lo\u1ea1i b\u1ecf kh\u00f3i, d\u1ea7u m\u1ee1 v\u00e0 m\u00f9i h\u00f4i nhanh ch\u00f3ng.<\/li>\n<li><strong>\u0110\u1ed9ng c\u01a1 Smart Inverter BLDC<\/strong>: C\u00f4ng ngh\u1ec7 ti\u00ean ti\u1ebfn gi\u00fap ti\u1ebft ki\u1ec7m h\u01a1n 50% \u0111i\u1ec7n n\u0103ng, gi\u1ea3m \u0111\u1ed9 \u1ed3n \u0111\u1ebfn 60%, \u0111\u1ed3ng th\u1eddi t\u1ef1 \u0111i\u1ec1u ch\u1ec9nh v\u00f2ng quay v\u00e0 \u00e1p l\u1ef1c gi\u00f3 \u0111\u1ec3 t\u0103ng \u0111\u1ed9 b\u1ec1n s\u1ea3n ph\u1ea9m.<\/li>\n<li><strong>L\u01b0\u1edbi l\u1ecdc Carbon 3D<\/strong>: H\u1ee3p kim ch\u1ed1ng ng\u01b0ng t\u1ee5 d\u1ea7u m\u1ee1, k\u1ebft h\u1ee3p v\u1edbi khay h\u1ee9ng d\u1ea7u thi\u1ebft k\u1ebf th\u00f4ng minh, d\u1ec5 d\u00e0ng v\u1ec7 sinh sau khi s\u1eed d\u1ee5ng.<\/li>\n<li><strong>Kh\u1eed m\u00f9i hi\u1ec7u qu\u1ea3<\/strong>: S\u1eed d\u1ee5ng than ho\u1ea1t t\u00ednh ch\u1ea5t l\u01b0\u1ee3ng cao gi\u00fap kh\u00f4ng gian b\u1ebfp lu\u00f4n trong l\u00e0nh.<\/li>\n<li>M\u00e1ng h\u1ee9ng m\u1edf thi\u1ebft k\u1ebf b\u00ean ngo\u00e0i d\u1ec5 d\u00e0ng cho vi\u1ec7c v\u1ec7 sinh m\u00e1y<\/li>\n<\/ul>\n<\/div>\n<\/div>\n<\/div>\n<div class=\"col medium-6 small-12 large-6\"><img decoding=\"async\" src=\"https:\/\/grandx.com.vn\/wp-content\/uploads\/2024\/12\/GX-H70T81B-900x600-1.jpg\" alt=\"GX H70T81B-900x600\" \/><\/div>\n<\/div>\n<div class=\"row row_location\">\n<div class=\"col medium-6 small-12 large-6 \">\n<div class=\"box_content\">\n<div class=\"title\">\n<h2 class=\"title__Tt\">\u0110I\u1ec0U KHI\u1ec2N TH\u00d4NG MINH &#8211; TI\u1ec6N L\u1ee2I T\u1ed0I \u0110A<\/h2>\n<\/div>\n<div id=\"xem_1\" class=\"des rt_text_rg rt_text_rg_1\" data-row=\"2\">\n<ul>\n<li><strong>C\u1ea3m \u1ee9ng th\u00f4ng minh<\/strong>: \u0110i\u1ec1u khi\u1ec3n c\u1ea3m \u1ee9ng m\u00e0u Sensor Touch Smart v\u1edbi 5 c\u1ea5p \u0111\u1ed9 t\u1ed1c \u0111\u1ed9 v\u00e0 ch\u1ebf \u0111\u1ed9 Super Booster, d\u1ec5 d\u00e0ng t\u00f9y ch\u1ec9nh theo nhu c\u1ea7u.<\/li>\n<li><strong>Ch\u1ee9c n\u0103ng h\u1eb9n gi\u1edd linh ho\u1ea1t<\/strong>: L\u1ef1a ch\u1ecdn 3 c\u1ea5p \u0111\u1ed9 th\u1eddi gian 3 \u2013 5 \u2013 10 ph\u00fat, mang l\u1ea1i s\u1ef1 ti\u1ec7n nghi t\u1ed1i \u0111a.<\/li>\n<li><strong>Ch\u1ebf \u0111\u1ed9 th\u00f4ng minh Smart Function<\/strong>: Ghi nh\u1edb m\u1ee9c c\u00f4ng su\u1ea5t v\u00e0 ch\u1ebf \u0111\u1ed9 \u0111\u00e8n t\u1eeb l\u1ea7n s\u1eed d\u1ee5ng g\u1ea7n nh\u1ea5t, ti\u1ebft ki\u1ec7m th\u1eddi gian v\u00e0 t\u0103ng ti\u1ec7n \u00edch.<\/li>\n<\/ul>\n<\/div>\n<\/div>\n<\/div>\n<div class=\"col medium-6 small-12 large-6\"><img decoding=\"async\" src=\"https:\/\/grandx.com.vn\/wp-content\/uploads\/2024\/12\/GX-H70T81B-900x600-1.jpg\" alt=\"GX H70T81B-900x600\" \/><\/div>\n<\/div>\n<div id=\"tab-thong-so-ky-thuat\" class=\"row tab_thong_so\">\n<div class=\"col medium-12 small-12 large-12\">\n<div class=\"title\">\n<h2 class=\"title__Tt\">TH\u00d4NG S\u1ed0 S\u1ea2N PH\u1ea8M<\/h2>\n<\/div>\n<\/div>\n<div class=\"col medium-6 small-12 large-8 table-sp\">\n<div class=\"table_center rt_text_hover\">\n<table class=\"xem_table\" border=\"0\" cellspacing=\"0\" cellpadding=\"0\">\n<tbody>\n<tr>\n<td>M\u00e3 s\u1ea3n ph\u1ea9m<\/td>\n<td><strong>GX H70T81B<\/strong><\/td>\n<\/tr>\n<tr>\n<td>Th\u01b0\u01a1ng hi\u1ec7u<\/td>\n<td><strong>GRAND X<\/strong><\/td>\n<\/tr>\n<tr>\n<td>Xu\u1ea5t x\u1ee9<\/td>\n<td><strong>PCR<\/strong><\/td>\n<\/tr>\n<tr>\n<td>M\u00e0u s\u1eafc<\/td>\n<td><strong>\u0110en<\/strong><\/td>\n<\/tr>\n<tr>\n<td>Nh\u00e0 s\u1ea3n xu\u1ea5t<\/td>\n<td><\/td>\n<\/tr>\n<tr>\n<td>Ki\u1ec3u d\u00e1ng<\/td>\n<td><strong>T- Shaped funnel Tomado European<\/strong><\/td>\n<\/tr>\n<tr>\n<td>Th\u00e2n m\u00e1y<\/td>\n<td><strong>H\u00ecnh ph\u1ec5u dunnel<\/strong><\/td>\n<\/tr>\n<tr>\n<td>B\u1ea3ng \u0111i\u1ec1u khi\u1ec3n<\/td>\n<td><strong>Sensor touch smart 5 t\u1ed1c \u0111\u1ed9 v\u00e0 Supper booster<\/strong><\/td>\n<\/tr>\n<tr>\n<td>\u0110\u1ed9ng c\u01a1 bi\u1ebfn t\u1ea7n<\/td>\n<td><strong>Inverter BLDC &lt;50% \u0111i\u1ec7n n\u0103ng; gi\u1ea3m \u0111\u1ed9 \u1ed3n tr\u00ean 60%<\/strong><\/td>\n<\/tr>\n<tr>\n<td>L\u1ecdc kh\u1eed m\u00f9i<\/td>\n<td><strong>Than ho\u1ea1t t\u00ednh<\/strong><\/td>\n<\/tr>\n<tr>\n<td>\u0110\u00e8n Led<\/td>\n<td><strong>Strip Light 3.0W \u00e1nh s\u00e1ng 7200k<\/strong><\/td>\n<\/tr>\n<tr>\n<td>C\u00f4ng su\u1ea5t h\u00fat<\/td>\n<td><strong>\u00b1980m3<\/strong><\/td>\n<\/tr>\n<tr>\n<td>\u0110\u1ed9ng c\u01a1 Inverter dua smart BLDC<\/td>\n<td><strong>90W<\/strong><\/td>\n<\/tr>\n<tr>\n<td>\u0110\u1ed9 \u1ed3n<\/td>\n<td><strong>\u00b142db<\/strong><\/td>\n<\/tr>\n<tr>\n<td>\u1ed0ng tho\u00e1t<\/td>\n<td><strong>\u00d8 150mm<\/strong><\/td>\n<\/tr>\n<tr>\n<td>K\u00edch th\u01b0\u1edbc s\u1ea3n ph\u1ea9m<\/td>\n<td><strong>700R x 420S x 459-839C mm<\/strong><\/td>\n<\/tr>\n<tr>\n<td>B\u1ea3o h\u00e0nh<\/td>\n<td><strong>24 th\u00e1ng<\/strong><\/td>\n<\/tr>\n<\/tbody>\n<\/table>\n<\/div>\n<div class=\"xem_tc_hd xem_tc rt_xemthem\"><\/div>\n<\/div>\n<\/div>\n","protected":false},"excerpt":{"rendered":"<p>Xu\u1ea5t x\u1ee9: Malaisia<\/p>\n<p>Th\u01b0\u01a1ng hi\u00ea\u0323u: GRAND X<\/p>\n<p>B\u1ea3o h\u00e0nh: 2 n\u0103m<\/p>\n","protected":false},"featured_media":1603,"comment_status":"open","ping_status":"closed","template":"","meta":[],"product_brand":[],"product_cat":[16,43],"product_tag":[],"class_list":{"0":"post-1602","1":"product","2":"type-product","3":"status-publish","4":"has-post-thumbnail","6":"product_cat-may-hut-mui","7":"product_cat-grand-x-may-hut-mui","9":"first","10":"instock","11":"shipping-taxable","12":"product-type-simple"},"_links":{"self":[{"href":"https:\/\/nhadepbepxinh.com.vn\/index.php?rest_route=\/wp\/v2\/product\/1602","targetHints":{"allow":["GET"]}}],"collection":[{"href":"https:\/\/nhadepbepxinh.com.vn\/index.php?rest_route=\/wp\/v2\/product"}],"about":[{"href":"https:\/\/nhadepbepxinh.com.vn\/index.php?rest_route=\/wp\/v2\/types\/product"}],"replies":[{"embeddable":true,"href":"https:\/\/nhadepbepxinh.com.vn\/index.php?rest_route=%2Fwp%2Fv2%2Fcomments&post=1602"}],"wp:featuredmedia":[{"embeddable":true,"href":"https:\/\/nhadepbepxinh.com.vn\/index.php?rest_route=\/wp\/v2\/media\/1603"}],"wp:attachment":[{"href":"https:\/\/nhadepbepxinh.com.vn\/index.php?rest_route=%2Fwp%2Fv2%2Fmedia&parent=1602"}],"wp:term":[{"taxonomy":"product_brand","embeddable":true,"href":"https:\/\/nhadepbepxinh.com.vn\/index.php?rest_route=%2Fwp%2Fv2%2Fproduct_brand&post=1602"},{"taxonomy":"product_cat","embeddable":true,"href":"https:\/\/nhadepbepxinh.com.vn\/index.php?rest_route=%2Fwp%2Fv2%2Fproduct_cat&post=1602"},{"taxonomy":"product_tag","embeddable":true,"href":"https:\/\/nhadepbepxinh.com.vn\/index.php?rest_route=%2Fwp%2Fv2%2Fproduct_tag&post=1602"}],"curies":[{"name":"wp","href":"https:\/\/api.w.org\/{rel}","templated":true}]}}