{"id":1590,"date":"2025-03-26T10:07:23","date_gmt":"2025-03-26T03:07:23","guid":{"rendered":"https:\/\/nhadepbepxinh.com.vn\/?post_type=product&#038;p=1590"},"modified":"2025-03-26T10:07:23","modified_gmt":"2025-03-26T03:07:23","slug":"hut-mui-grand-x-gx-h70f75b","status":"publish","type":"product","link":"https:\/\/nhadepbepxinh.com.vn\/?product=hut-mui-grand-x-gx-h70f75b","title":{"rendered":"H\u00daT M\u00d9I GRAND X GX H70F75B"},"content":{"rendered":"<div class=\"banner_tabs\"><img decoding=\"async\" src=\"https:\/\/grandx.com.vn\/wp-content\/uploads\/2024\/12\/banner-1920x800-1.jpg\" alt=\"banner h\u00fat GX H70F75B 1920x800\" \/><\/div>\n<div class=\"row row_location\">\n<div class=\"col medium-6 small-12 large-6 \">\n<div class=\"box_content\">\n<div class=\"title\">\n<h2 class=\"title__Tt\">\u0110\u1eb6C T\u00cdNH S\u1ea2N PH\u1ea8M<\/h2>\n<p><span style=\"color: #555555; font-size: 14.4px;\">H\u1ec7 th\u1ed1ng h\u00fat x\u1ea3: Tu\u1ea7n ho\u00e0n v\u00e0 th\u00f4ng gi\u00f3<\/span><\/p>\n<\/div>\n<div id=\"xem_1\" class=\"des rt_text_rg rt_text_rg_1\" data-row=\"0\">\n<p>Ki\u1ec3u d\u00e1ng Telescopic Tornado sang tr\u1ecdng<br \/>\nK\u00ednh tr\u01b0\u1edbc V\u00e1t c\u1ea1nh Beveled edge tinh t\u1ebf sang tr\u1ecdng<br \/>\nS\u1ea3n ph\u1ea9m t\u00edch h\u1ee3p h\u1ec7 chuy\u1ec3n \u0111\u1ed9ng Autodoor system Motion \u0111\u00f3ng m\u1edf c\u1eeda h\u00fat t\u1ef1 \u0111\u1ed9ng<\/p>\n<\/div>\n<\/div>\n<\/div>\n<div class=\"col medium-6 small-12 large-6\"><img decoding=\"async\" src=\"https:\/\/grandx.com.vn\/wp-content\/uploads\/2024\/12\/hut-mui-GX-H70F75B-900x600-09.jpg\" alt=\"hut mui GX H70F75B-900x600-09\" \/><\/div>\n<\/div>\n<div class=\"row row_location\">\n<div class=\"col medium-6 small-12 large-6 \">\n<div class=\"box_content\">\n<div class=\"title\">\n<h2 class=\"title__Tt\">\u0110I\u1ec0U KHI\u1ec2N C\u1ea2M \u1ee8NG M\u00c0U SENSOR TOUCH SMART 5 T\u1ed0C \u0110\u1ed8<\/h2>\n<\/div>\n<div id=\"xem_1\" class=\"des rt_text_rg rt_text_rg_1\" data-row=\"1\">\n<p>\u0110i\u1ec1u khi\u1ec3n c\u1ea3m \u1ee9ng m\u00e0u Sensor touch smart<br \/>\nBooster<\/p>\n<p>B\u1ea3ng \u0111i\u1ec1u khi\u1ec3n c\u1ea3m \u1ee9ng ch\u1ea1m v\u1edbi c\u00f4ng ngh\u1ec7 c\u1ea3m \u0111i\u1ec7n dung v\u00e0 \u0111\u00e8n hi\u1ec3n th\u1ecb Led v\u1edbi c\u00e1c bi\u1ec3u t\u01b0\u1ee3ng tr\u1ef1c quan m\u00e0u s\u1eafc h\u00e0i h\u00f2a v\u1eeba gi\u00fap cho vi\u1ec7c thao t\u00e1c \u0111i\u1ec1u khi\u1ec3n m\u00e1y \u0111\u01b0\u1ee3c chu\u1ea9n x\u00e1c v\u00e0 kh\u00f4ng nh\u00e0m ch\u00e1n nh\u01b0 c\u00e1c lo\u1ea1i h\u00fat m\u00f9i v\u1edbi \u0111\u00e8n led \u0111\u1ecf truy\u1ec1n th\u1ed1ng tr\u00ean th\u1ecb tr\u01b0\u1eddng.<\/p>\n<p>V\u1edbi c\u00f4ng ngh\u1ec7\u00a0<b>\u201cL\u01b0\u1edbt Gi\u00f3\u201d<\/b>, b\u1ea1n ch\u1ec9 c\u1ea7n v\u1eaby tay nh\u1eb9 nh\u00e0ng t\u1eeb tr\u00e1i sang ph\u1ea3i \u0111\u1ec3 k\u00edch ho\u1ea1t m\u00e1y, v\u00e0 m\u1ed9t c\u1eed ch\u1ec9 v\u1eaby ng\u01b0\u1ee3c l\u1ea1i s\u1ebd t\u1eaft m\u00e1y ngay l\u1eadp t\u1ee9c\u2026 Kh\u00f4ng c\u1ea7n ch\u1ea1m v\u00e0o n\u00fat b\u1ea5m hay thao t\u00e1c ph\u1ee9c t\u1ea1p, ch\u1ec9 v\u1edbi nh\u1eefng c\u1eed ch\u1ec9 \u0111\u01a1n gi\u1ea3n,\u00a0<b>Grand X<\/b>\u00a0gi\u00fap b\u1ea1n d\u1ec5 d\u00e0ng \u0111i\u1ec1u khi\u1ec3n m\u00e1y h\u00fat m\u00f9i thu\u1eadn ti\u1ec7n nh\u1ea5t.<\/p>\n<p>H\u1ec7 th\u1ed1ng h\u00fat x\u1ea3: Tu\u1ea7n ho\u00e0n v\u00e0 th\u00f4ng gi\u00f3<br \/>\nKi\u1ec3u d\u00e1ng Telescopic Tornado sang tr\u1ecdng<br \/>\nK\u00ednh tr\u01b0\u1edbc V\u00e1t c\u1ea1nh Beveled edge tinh t\u1ebf sang tr\u1ecdng<br \/>\nS\u1ea3n ph\u1ea9m t\u00edch h\u1ee3p h\u1ec7 chuy\u1ec3n \u0111\u1ed9ng Autodoor system Motion \u0111\u00f3ng m\u1edf c\u1eeda h\u00fat t\u1ef1 \u0111\u1ed9ng<\/p>\n<\/div>\n<\/div>\n<\/div>\n<div class=\"col medium-6 small-12 large-6\"><img decoding=\"async\" src=\"https:\/\/grandx.com.vn\/wp-content\/uploads\/2024\/12\/hut-mui-GX-H70F75B-900x600-12.jpg\" alt=\"hut mui GX H70F75B-900x600-12\" \/><\/div>\n<\/div>\n<div class=\"row row_location\">\n<div class=\"col medium-6 small-12 large-6 \">\n<div class=\"box_content\">\n<div class=\"title\">\n<h2 class=\"title__Tt\">T\u00cdNH N\u0102NG N\u1ed4I B\u1eacT<\/h2>\n<\/div>\n<div id=\"xem_1\" class=\"des rt_text_rg rt_text_rg_1\" data-row=\"2\">\n<p>Ch\u1ee9c n\u0103ng h\u1eb9n gi\u1edd 3 c\u1ea5p \u0111\u1ed9 3-5-10 ph\u00fat<\/p>\n<p>Ch\u1ee9c n\u0103ng th\u00f4ng minh Smart funtion l\u01b0u ch\u1ebf \u0111\u1ed9 \u0111\u00e8n v\u00e0 m\u1ee9c c\u00f4ng su\u1ea5t ho\u1ea1t \u0111\u1ed9ng g\u1ea7n nh\u1ea5t<\/p>\n<p><b>T\u00ednh<\/b>\u00a0<b>n\u0103ng<\/b><b>\u00a0\u201c<\/b><b>SmartFilter<\/b><b>\u00a0Motion\u201c<\/b><b>\u00a0\u201c<\/b><b>Th\u1ee5t<\/b>\u00a0<b>th\u00f2<\/b>\u00a0<b>t\u1ef1<\/b>\u00a0<b>\u0111\u1ed9ng<\/b><b>\u201c<\/b><\/p>\n<p>H\u1ec7 th\u1ed1ng l\u01b0\u1edbi l\u1ecdc \u0111\u01b0\u1ee3c \u0111\u1ea9y ra v\u00e0 thu v\u00e0o m\u1ed9t c\u00e1ch t\u1ef1 \u0111\u1ed9ng v\u1edbi m\u1ed9t Pit-t\u00f4ng chuy\u00ean d\u1ee5ng c\u00f3 l\u1ef1c \u0111\u1ea9y l\u00ean \u0111\u1ebfn 60N m\u1ea1nh m\u1ebd v\u00e0 ti\u00eau chu\u1ea9n ch\u1ed1ng n\u01b0\u1edbc IP44 gi\u00fap ng\u0103n ng\u1eeba d\u1ea7u m\u1ee1 l\u00e2u ng\u00e0y l\u00e0m \u1ea3nh h\u01b0\u1edfng \u0111\u1ebfn chuy\u1ec3n \u0111\u1ed9ng c\u1ee7a Pit-t\u00f4ng v\u00e0 ho\u1ea1t \u0111\u1ed9ng c\u1ee7a m\u00e1y<\/p>\n<\/div>\n<\/div>\n<\/div>\n<div class=\"col medium-6 small-12 large-6\"><img decoding=\"async\" src=\"https:\/\/grandx.com.vn\/wp-content\/uploads\/2024\/12\/hut-mui-GX-H70F75B-900x600-10.jpg\" alt=\"hut mui GX H70F75B-900x600-10\" \/><\/div>\n<\/div>\n<div class=\"row row_location\">\n<div class=\"col medium-6 small-12 large-6 \">\n<div class=\"box_content\">\n<div class=\"title\">\n<h2 class=\"title__Tt\">S\u1ee8C H\u00daT V\u01af\u1ee2T TR\u1ed8I &#8211; B\u1ec0N B\u1ec8 V\u1edaI TH\u1edcI GIAN \u0110\u1ebeN T\u1eea C\u00d4NG NGH\u1ec6 \u0110\u1ed8NG C\u01a0 BLDC<\/h2>\n<\/div>\n<div id=\"xem_1\" class=\"des rt_text_rg rt_text_rg_1\" data-row=\"3\">\n<p>\u0110\u1ed9ng c\u01a1 kh\u00f4ng ch\u1ed5i than BLDC 100% t\u1eeb d\u00e2y \u0111\u1ed3ng nguy\u00ean ch\u1ea5t, v\u00f2ng bi ch\u1ed1ng m\u00e0i m\u00f2n, ch\u1ed1ng qu\u00e1 nhi\u1ec7t gi\u00fap cho tu\u1ed5i th\u1ecd \u0111\u1ed9ng c\u01a1 \u0111\u01b0\u1ee3c k\u00e9o d\u00e0i<\/p>\n<p>H\u00fat m\u00f9i ho\u1ea1t \u0111\u1ed9ng \u00eam \u00e1i v\u00e0 \u0111\u1ea1t hi\u1ec7u su\u1ea5t cao nh\u1edd v\u00e0o kh\u1ea3 n\u0103ng ho\u1ea1t \u0111\u1ed9ng \u1edf t\u1ea7n s\u1ed1 cao c\u1ee7a \u0111\u1ed9ng c\u01a1 BLDC. V\u1edbi t\u1ea7n s\u1ed1 c\u00e0ng cao, c\u1ea3m nh\u1eadn rung \u0111\u1ed9ng c\u1ee7a con ng\u01b0\u1eddi s\u1ebd \u00edt h\u01a1n v\u00e0 tai ng\u01b0\u1eddi c\u0169ng kh\u00f3 nghe \u0111\u01b0\u1ee3c c\u00e1c \u00e2m thanh \u1edf t\u1ea7n s\u1ed1 cao tr\u00ean 20Khz. T\u1eeb \u0111\u00f3 gi\u1ea3m s\u1ef1 c\u1ea3m nh\u1eadn v\u1ec1 rung \u0111\u1ed9ng v\u00e0 \u0111\u1ed9 \u1ed3n.<\/p>\n<p><b>C\u00f4ng su\u1ea5t h\u00fat:\u00a0<\/b><b>330-9<\/b><b>5<\/b><b>0<\/b><b>\u00a0m\u00b3\/h.<\/b><b>\u00a0(<\/b><b>t\u1ed1c<\/b>\u00a0<b>\u0111\u1ed9<\/b><b>\u00a0F1 -&gt; P )<\/b><\/p>\n<p><b>\u0110\u1ed9 \u1ed3n:\u00a0<\/b><b>40 \u2013 65 dB (<\/b><b>t\u1ed1c<\/b>\u00a0<b>\u0111\u1ed9<\/b><b>\u00a0F1 -&gt; P ) ( Bao\u00a0<\/b><b>g\u1ed3m<\/b>\u00a0<b>\u0111\u1ed9<\/b>\u00a0<b>\u1ed3n<\/b>\u00a0<b>m\u00f4i<\/b><b>\u00a0tr<\/b><b>\u01b0<\/b><b>\u1eddng<\/b><b>)<\/b><\/p>\n<\/div>\n<\/div>\n<\/div>\n<div class=\"col medium-6 small-12 large-6\"><img decoding=\"async\" src=\"https:\/\/grandx.com.vn\/wp-content\/uploads\/2024\/12\/hut-mui-GX-H70F75B-900x600-13.jpg\" alt=\"hut mui GX H70F75B-900x600-13\" \/><\/div>\n<\/div>\n<div class=\"row row_location\">\n<div class=\"col medium-6 small-12 large-6 \">\n<div class=\"box_content\">\n<div class=\"title\">\n<h2 class=\"title__Tt\">L\u01af\u1edaI L\u1eccC INOX K\u1ebeT H\u1ee2P ALUMINIUM KI\u1ec2U D\u00c1NG CH\u00c2U \u00c2U K\u1ebeT H\u1ee2P SANG TR\u1eccNG<\/h2>\n<\/div>\n<div id=\"xem_1\" class=\"des rt_text_rg rt_text_rg_1\" data-row=\"4\">\n<p>T\u1ea5m l\u01b0\u1edbi l\u1ecdc m\u1ee1 \u0111\u01b0\u1ee3c c\u1ea3i ti\u1ebfn v\u1edbi l\u1edbp nh\u00f4m b\u00ean trong gi\u00fap gi\u1eef l\u1ea1i d\u1ea7u m\u1ee1 kh\u00f4ng cho ch\u00fang \u0111i v\u00e0o \u0111\u1ed9ng c\u01a1. B\u00ean ngo\u00e0i l\u01b0\u1edbi l\u1ecdc \u0111\u01b0\u1ee3c bao ph\u1ee7 b\u1ee1i l\u1edbp l\u01b0\u1edbi inox ch\u1eafc ch\u1eafn, gi\u00fap b\u1ea3o v\u1ec7 m\u00e0ng nh\u00f4m trong nh\u1eefng l\u1ea7n v\u1ec7 sinh. \u0110i\u1ec1u n\u00e0y s\u1ebd gi\u00fap k\u00e9o d\u00e0i tu\u1ed5i th\u1ecd c\u1ee7a t\u1ea5m l\u01b0\u1edbi l\u1ecdc m\u1ee1 \u0111\u01b0\u1ee3c l\u00e2u b\u1ec1n. Th\u01b0\u1eddng xuy\u00ean v\u1ec7 sinh l\u01b0\u1edbi l\u1ecdc t\u1eeb 1 \u0111\u1ebfn 3 th\u00e1ng n\u1ebfu th\u00f3i quen n\u1ea5u \u0103n c\u00f3 nhi\u1ec1u d\u1ea7u m\u1ee1 ho\u1eb7c t\u1eeb 3 \u0111\u1ebfn 6 th\u00e1ng n\u1ebfu th\u1ee9c \u0103n \u00edt m\u00f9i v\u00e0 d\u1ea7u m\u1ee1<\/p>\n<p>Ngo\u00e0i ra m\u00e1y v\u1eabn c\u00f3 kh\u1ea3 n\u0103ng v\u1eadn h\u00e0nh \u1edf ch\u1ebf \u0111\u1ed9 tu\u1ea7n ho\u00e0n. Ch\u1ebf \u0111\u1ed9 ho\u1ea1t \u0111\u1ed9ng b\u1eb1ng c\u01a1 ch\u1ebf l\u1ecdc m\u00f9i nh\u1edd b\u1ed9 l\u1ecdc than ho\u1ea1t t\u00ednh. Ch\u1ebf \u0111\u1ed9 n\u00e0y ch\u1ec9 ph\u00f9 h\u1ee3p cho nh\u1eefng c\u0103n h\u1ed9 kh\u00f4ng c\u00f3 ho\u1eb7c kh\u00f3 thi c\u00f4ng \u0111\u01b0\u1eddng \u1ed1ng th\u1ea3i kh\u00ed. Ch\u1ebf \u0111\u1ed9 n\u00e0y l\u1eafp \u0111\u1eb7t \u0111\u01a1n gi\u1ea3n tuy nhi\u00ean hi\u1ec3u su\u1ea5t h\u00fat s\u1ebd \u00edt hi\u1ec7u qu\u1ea3 so v\u1edbi ch\u1ebf \u0111\u1ed9 th\u1ea3i kh\u00ed v\u00ec m\u00f9i th\u1ee9c \u0103n v\u00e0 d\u1ea7u m\u1ee1 c\u1ea7n \u0111\u01b0\u1ee3c b\u1ed9 l\u1ecdc than th\u1ea5m h\u00fat t\u1eeb t\u1eeb. V\u00e0 \u0111i\u1ec1u quan tr\u1ecdng l\u00e0 ph\u1ea3i thay b\u1ed9 l\u1ecdc than sau m\u1ed7i 3 \u0111\u1ebfn 6 th\u00e1ng<\/p>\n<p>\u0110\u1ec3 m\u00e1y h\u00fat m\u00f9i ho\u1ea1t \u0111\u1ed9ng hi\u1ec7u qu\u1ea3 n\u00ean b\u1eadt m\u00e1y \u1edf ch\u1ebf \u0111\u1ed9 th\u1ea5p tr\u01b0\u1edbc khi n\u1ea5u n\u01b0\u1edbng 5 \u0111\u1ebfn 10 ph\u00fat. C\u0169ng nh\u01b0 v\u1eabn \u0111\u1ec3 m\u00e1y ho\u1ea1t \u0111\u1ed9ng th\u00eam 5 \u0111\u1ebfn 10 ph\u00fat ho\u1eb7c cho \u0111\u1ebfn khi n\u00e0o lo\u1ea1i b\u1ecf h\u1ebft m\u00f9i th\u1ee9c \u0103n sau khi n\u1ea5u n\u01b0\u1edbng<\/p>\n<\/div>\n<\/div>\n<\/div>\n<div class=\"col medium-6 small-12 large-6\"><img decoding=\"async\" src=\"https:\/\/grandx.com.vn\/wp-content\/uploads\/2024\/12\/hut-mui-GX-H70F75B-900x600-14.jpg\" alt=\"hut mui GX H70F75B-900x600-14\" \/><\/div>\n<\/div>\n<div id=\"tab-thong-so-ky-thuat\" class=\"row tab_thong_so\">\n<div class=\"col medium-12 small-12 large-12\">\n<div class=\"title\">\n<h2 class=\"title__Tt\">TH\u00d4NG S\u1ed0 S\u1ea2N PH\u1ea8M<\/h2>\n<\/div>\n<\/div>\n<div class=\"col medium-6 small-12 large-8 table-sp\">\n<div class=\"table_center rt_text_hover\">\n<table class=\"xem_table\" border=\"0\" cellspacing=\"0\" cellpadding=\"0\">\n<tbody>\n<tr>\n<td>M\u00e3 s\u1ea3n ph\u1ea9m<\/td>\n<td><strong>GX H70F75B<\/strong><\/td>\n<\/tr>\n<tr>\n<td>Th\u01b0\u01a1ng hi\u1ec7u<\/td>\n<td><strong>GRAND X<\/strong><\/td>\n<\/tr>\n<tr>\n<td>Xu\u1ea5t x\u1ee9<\/td>\n<td><strong>PCR<\/strong><\/td>\n<\/tr>\n<tr>\n<td>Ki\u1ec3u d\u00e1ng<\/td>\n<td><strong>Telescopic Tornado sang tr\u1ecdng<\/strong><\/td>\n<\/tr>\n<tr>\n<td>Th\u00e2n m\u00e1y<\/td>\n<td><\/td>\n<\/tr>\n<tr>\n<td>B\u1ea3ng \u0111i\u1ec1u khi\u1ec3n<\/td>\n<td><strong>Sensor touch smart 5 t\u1ed1c \u0111\u1ed9<\/strong><\/td>\n<\/tr>\n<tr>\n<td>\u0110\u1ed9ng c\u01a1 bi\u1ebfn t\u1ea7n<\/td>\n<td><strong>Inverter BLDC &lt;50% \u0111i\u1ec7n n\u0103ng; gi\u1ea3m \u0111\u1ed9 \u1ed3n tr\u00ean 60%<\/strong><\/td>\n<\/tr>\n<tr>\n<td>L\u1ecdc kh\u1eed m\u00f9i<\/td>\n<td><strong>Than ho\u1ea1t t\u00ednh<\/strong><\/td>\n<\/tr>\n<tr>\n<td>\u0110\u00e8n Led<\/td>\n<td><strong>Panel LED Light 4.0W<\/strong><\/td>\n<\/tr>\n<tr>\n<td>C\u00f4ng su\u1ea5t h\u00fat<\/td>\n<td><strong>\u00b1980m3<\/strong><\/td>\n<\/tr>\n<tr>\n<td>\u0110\u1ed9ng c\u01a1 Inverter dua smart BLDC<\/td>\n<td><strong>90W<\/strong><\/td>\n<\/tr>\n<tr>\n<td>\u0110\u1ed9 \u1ed3n<\/td>\n<td><strong>\u00b142db<\/strong><\/td>\n<\/tr>\n<tr>\n<td>\u1ed0ng tho\u00e1t<\/td>\n<td><strong>\u00d8 150mm<\/strong><\/td>\n<\/tr>\n<tr>\n<td>K\u00edch th\u01b0\u1edbc s\u1ea3n ph\u1ea9m<\/td>\n<td><strong>700R x 314-446S x 330C mm<\/strong><\/td>\n<\/tr>\n<tr>\n<td>B\u1ea3o h\u00e0nh<\/td>\n<td><strong>24 th\u00e1ng<\/strong><\/td>\n<\/tr>\n<\/tbody>\n<\/table>\n<\/div>\n<div class=\"xem_tc_hd xem_tc rt_xemthem\"><\/div>\n<\/div>\n<\/div>\n","protected":false},"excerpt":{"rendered":"<p>Xu\u1ea5t x\u1ee9: Malaisia<\/p>\n<p>Th\u01b0\u01a1ng hi\u00ea\u0323u GRAND X<\/p>\n<p>B\u1ea3o h\u00e0nh: 2 n\u0103m<\/p>\n","protected":false},"featured_media":1591,"comment_status":"open","ping_status":"closed","template":"","meta":[],"product_brand":[],"product_cat":[16,43],"product_tag":[],"class_list":{"0":"post-1590","1":"product","2":"type-product","3":"status-publish","4":"has-post-thumbnail","6":"product_cat-may-hut-mui","7":"product_cat-grand-x-may-hut-mui","9":"first","10":"instock","11":"shipping-taxable","12":"product-type-simple"},"_links":{"self":[{"href":"https:\/\/nhadepbepxinh.com.vn\/index.php?rest_route=\/wp\/v2\/product\/1590","targetHints":{"allow":["GET"]}}],"collection":[{"href":"https:\/\/nhadepbepxinh.com.vn\/index.php?rest_route=\/wp\/v2\/product"}],"about":[{"href":"https:\/\/nhadepbepxinh.com.vn\/index.php?rest_route=\/wp\/v2\/types\/product"}],"replies":[{"embeddable":true,"href":"https:\/\/nhadepbepxinh.com.vn\/index.php?rest_route=%2Fwp%2Fv2%2Fcomments&post=1590"}],"wp:featuredmedia":[{"embeddable":true,"href":"https:\/\/nhadepbepxinh.com.vn\/index.php?rest_route=\/wp\/v2\/media\/1591"}],"wp:attachment":[{"href":"https:\/\/nhadepbepxinh.com.vn\/index.php?rest_route=%2Fwp%2Fv2%2Fmedia&parent=1590"}],"wp:term":[{"taxonomy":"product_brand","embeddable":true,"href":"https:\/\/nhadepbepxinh.com.vn\/index.php?rest_route=%2Fwp%2Fv2%2Fproduct_brand&post=1590"},{"taxonomy":"product_cat","embeddable":true,"href":"https:\/\/nhadepbepxinh.com.vn\/index.php?rest_route=%2Fwp%2Fv2%2Fproduct_cat&post=1590"},{"taxonomy":"product_tag","embeddable":true,"href":"https:\/\/nhadepbepxinh.com.vn\/index.php?rest_route=%2Fwp%2Fv2%2Fproduct_tag&post=1590"}],"curies":[{"name":"wp","href":"https:\/\/api.w.org\/{rel}","templated":true}]}}