{"id":1579,"date":"2025-03-26T09:36:04","date_gmt":"2025-03-26T02:36:04","guid":{"rendered":"https:\/\/nhadepbepxinh.com.vn\/?post_type=product&#038;p=1579"},"modified":"2025-03-26T09:36:04","modified_gmt":"2025-03-26T02:36:04","slug":"hut-mui-grand-x-gx-h70t78g","status":"publish","type":"product","link":"https:\/\/nhadepbepxinh.com.vn\/?product=hut-mui-grand-x-gx-h70t78g","title":{"rendered":"H\u00daT M\u00d9I GRAND X GX H70T78G"},"content":{"rendered":"<div class=\"banner_tabs\"><img decoding=\"async\" src=\"https:\/\/grandx.com.vn\/wp-content\/uploads\/2024\/12\/banner-1920x800-78G.jpg\" alt=\"banner 1920x800-78G\" \/><\/div>\n<div class=\"row row_location\">\n<div class=\"col medium-6 small-12 large-6 \">\n<div class=\"box_content\">\n<div class=\"title\">\n<h2 class=\"title__Tt\">S\u1ef0 L\u1ef0A CH\u1eccN \u0110\u1eb2NG C\u1ea4P CHO C\u0102N B\u1ebeP HI\u1ec6N \u0110\u1ea0I<\/h2>\n<\/div>\n<div id=\"xem_1\" class=\"des rt_text_rg rt_text_rg_1\" data-row=\"0\">\n<p>N\u1ebfu b\u1ea1n \u0111ang t\u00ecm ki\u1ebfm m\u1ed9t s\u1ea3n ph\u1ea9m h\u00fat m\u00f9i kh\u00f4ng ch\u1ec9 hi\u1ec7u qu\u1ea3 m\u00e0 c\u00f2n mang phong c\u00e1ch hi\u1ec7n \u0111\u1ea1i, sang tr\u1ecdng, th\u00ec\u00a0<strong>GX-H70T78G<\/strong>\u00a0v\u00e0\u00a0<strong>GX-H90T78G<\/strong>\u00a0ch\u00ednh l\u00e0 l\u1ef1a ch\u1ecdn ho\u00e0n h\u1ea3o. V\u1edbi thi\u1ebft k\u1ebf \u0111\u1eb3ng c\u1ea5p c\u00f9ng c\u00f4ng ngh\u1ec7 ti\u00ean ti\u1ebfn, d\u00f2ng s\u1ea3n ph\u1ea9m n\u00e0y gi\u00fap kh\u00f4ng gian b\u1ebfp c\u1ee7a b\u1ea1n lu\u00f4n s\u1ea1ch s\u1ebd, tho\u00e1ng m\u00e1t v\u00e0 \u0111\u1eb9p m\u1eaft.<\/p>\n<\/div>\n<\/div>\n<\/div>\n<div class=\"col medium-6 small-12 large-6\"><img decoding=\"async\" src=\"https:\/\/grandx.com.vn\/wp-content\/uploads\/2024\/12\/GX-H70T78G-900x600-1.jpg\" alt=\"GX H70T78G -900x600\" \/><\/div>\n<\/div>\n<div class=\"row row_location\">\n<div class=\"col medium-6 small-12 large-6 \">\n<div class=\"box_content\">\n<div class=\"title\">\n<h2 class=\"title__Tt\">THI\u1ebeT K\u1ebe CH\u00c2U \u00c2U SANG TR\u1eccNG<\/h2>\n<\/div>\n<div id=\"xem_1\" class=\"des rt_text_rg rt_text_rg_1\" data-row=\"1\">\n<ul>\n<li><strong>Ki\u1ec3u d\u00e1ng Bevel Shape Funnel Tornado European<\/strong>: Thi\u1ebft k\u1ebf \u00e1p t\u01b0\u1eddng v\u1edbi m\u1eb7t k\u00ednh \u0111\u01b0\u1ee3c v\u00e1t c\u1ea1nh tinh t\u1ebf, t\u1ea1o n\u00ean s\u1ef1 h\u00e0i h\u00f2a gi\u1eefa phong c\u00e1ch hi\u1ec7n \u0111\u1ea1i v\u00e0 c\u1ed5 \u0111i\u1ec3n.<\/li>\n<li><strong>C\u00f4ng ngh\u1ec7 NanoMetta ph\u1ee7 k\u00ednh x\u00e1m ch\u1ed1ng b\u00e1m v\u00e2n tay<\/strong>: Gi\u00fap m\u00e1y lu\u00f4n gi\u1eef \u0111\u01b0\u1ee3c v\u1ebb ngo\u00e0i s\u1ea1ch s\u1ebd, s\u00e1ng b\u00f3ng, d\u1ec5 v\u1ec7 sinh v\u00e0 b\u1ec1n \u0111\u1eb9p theo th\u1eddi gian.<\/li>\n<li><strong>\u0110\u00e8n LED Strip Light 3.0W<\/strong>: \u00c1nh s\u00e1ng 7200k v\u1eeba \u0111\u1ee7 chi\u1ebfu s\u00e1ng khu v\u1ef1c b\u1ebfp, v\u1eeba t\u1ea1o n\u00ean \u0111i\u1ec3m nh\u1ea5n tinh t\u1ebf.<\/li>\n<\/ul>\n<\/div>\n<\/div>\n<\/div>\n<div class=\"col medium-6 small-12 large-6\"><img decoding=\"async\" src=\"https:\/\/grandx.com.vn\/wp-content\/uploads\/2024\/12\/GX-H70T78G-900x600-1.jpg\" alt=\"GX H70T78G -900x600\" \/><\/div>\n<\/div>\n<div class=\"row row_location\">\n<div class=\"col medium-6 small-12 large-6 \">\n<div class=\"box_content\">\n<div class=\"title\">\n<h2 class=\"title__Tt\">C\u00d4NG NGH\u1ec6 HI\u1ec6N \u0110\u1ea0I &#8211; HI\u1ec6U N\u0102NG V\u01af\u1ee2T TR\u1ed8I<\/h2>\n<\/div>\n<div id=\"xem_1\" class=\"des rt_text_rg rt_text_rg_1\" data-row=\"2\">\n<ul>\n<li><strong>H\u1ec7 th\u1ed1ng Autodor System Motion<\/strong>: T\u1ef1 \u0111\u1ed9ng \u0111\u00f3ng m\u1edf c\u1eeda h\u00fat m\u00f9i khi s\u1eed d\u1ee5ng, t\u0103ng kh\u1ea3 n\u0103ng h\u00fat s\u1ea1ch v\u00e0 gi\u1eef v\u1ec7 sinh.<\/li>\n<li><strong>H\u1ec7 th\u1ed1ng h\u00fat x\u1ea3 linh ho\u1ea1t<\/strong>: C\u00f3 th\u1ec3 t\u00f9y ch\u1ec9nh gi\u1eefa ch\u1ebf \u0111\u1ed9 tu\u1ea7n ho\u00e0n v\u00e0 th\u00f4ng gi\u00f3, \u0111\u00e1p \u1ee9ng m\u1ecdi nhu c\u1ea7u c\u1ee7a ng\u01b0\u1eddi d\u00f9ng.<\/li>\n<li><strong>L\u1ecdc, kh\u1eed m\u00f9i b\u1eb1ng than ho\u1ea1t t\u00ednh<\/strong>: Gi\u00fap lo\u1ea1i b\u1ecf tri\u1ec7t \u0111\u1ec3 m\u00f9i kh\u00f3 ch\u1ecbu, mang l\u1ea1i kh\u00f4ng gian b\u1ebfp trong l\u00e0nh.<\/li>\n<li>Ch\u1ee9c n\u0103ng th\u00f4ng minh Smart function l\u01b0u ch\u1ebf \u0111\u1ed9 \u0110\u00e8n v\u00e0 m\u1ee9c su\u1ea5t ho\u1ea1t \u0111\u1ed9ng g\u1ea7n nh\u1ea5t<\/li>\n<li>Ch\u1ee9c n\u0103ng h\u1eb9n gi\u1edd 3 c\u1ea5p \u0111\u1ed9 3-5-10 ph\u00fat<\/li>\n<li><strong>\u0110\u1ed9ng c\u01a1 Smart Inverter BLDC 90W<\/strong>:\n<ul>\n<li>Ti\u1ebft ki\u1ec7m h\u01a1n 50% \u0111i\u1ec7n n\u0103ng so v\u1edbi \u0111\u1ed9ng c\u01a1 th\u00f4ng th\u01b0\u1eddng.<\/li>\n<li>Gi\u1ea3m \u0111\u1ed9 \u1ed3n \u0111\u1ebfn 60%, ch\u1ec9 \u00b142dB, mang l\u1ea1i s\u1ef1 y\u00ean t\u0129nh tuy\u1ec7t \u0111\u1ed1i.<\/li>\n<li>T\u1ef1 \u0111i\u1ec1u ch\u1ec9nh v\u00f2ng quay v\u00e0 \u00e1p l\u1ef1c gi\u00f3 theo \u0111i\u1ec1u ki\u1ec7n \u0111\u01b0\u1eddng \u1ed1ng tho\u00e1t, t\u0103ng \u0111\u1ed9 b\u1ec1n cho s\u1ea3n ph\u00e2\u0309m.<\/li>\n<\/ul>\n<\/li>\n<\/ul>\n<\/div>\n<\/div>\n<\/div>\n<div class=\"col medium-6 small-12 large-6\"><img decoding=\"async\" src=\"https:\/\/grandx.com.vn\/wp-content\/uploads\/2024\/12\/GX-H70T78G-900x600-1.jpg\" alt=\"GX H70T78G -900x600\" \/><\/div>\n<\/div>\n<div class=\"row row_location\">\n<div class=\"col medium-6 small-12 large-6 \">\n<div class=\"box_content\">\n<div class=\"title\">\n<h2 class=\"title__Tt\">\u0110I\u1ec0U KHI\u1ec2N TH\u00d4NG MINH<\/h2>\n<\/div>\n<div id=\"xem_1\" class=\"des rt_text_rg rt_text_rg_1\" data-row=\"3\">\n<ul>\n<li><strong>Sensor Touch Smart<\/strong>: \u0110i\u1ec1u khi\u1ec3n c\u1ea3m \u1ee9ng m\u00e0u v\u1edbi 5 t\u1ed1c \u0111\u1ed9 h\u00fat v\u00e0 ch\u1ebf \u0111\u1ed9 Booster gi\u00fap lo\u1ea1i b\u1ecf m\u00f9i h\u00f4i, d\u1ea7u m\u1ee1 nhanh ch\u00f3ng.<\/li>\n<li><strong>Ch\u1ee9c n\u0103ng h\u1eb9n gi\u1edd linh ho\u1ea1t<\/strong>: L\u1ef1a ch\u1ecdn th\u1eddi gian 3 \u2013 5 \u2013 10 ph\u00fat, ph\u00f9 h\u1ee3p v\u1edbi nhu c\u1ea7u n\u1ea5u n\u01b0\u1edbng \u0111a d\u1ea1ng.<\/li>\n<li><strong>Ch\u1ebf \u0111\u1ed9 l\u01b0u th\u00f4ng minh Supper Smart Function<\/strong>: Ghi nh\u1edb m\u1ee9c c\u00f4ng su\u1ea5t v\u00e0 ch\u1ebf \u0111\u1ed9 \u0111\u00e8n t\u1eeb l\u1ea7n s\u1eed d\u1ee5ng g\u1ea7n nh\u1ea5t, mang l\u1ea1i s\u1ef1 ti\u1ec7n d\u1ee5ng t\u1ed1i \u0111a.<\/li>\n<\/ul>\n<\/div>\n<\/div>\n<\/div>\n<div class=\"col medium-6 small-12 large-6\"><img decoding=\"async\" src=\"https:\/\/grandx.com.vn\/wp-content\/uploads\/2024\/12\/GX-H70T78G-900x600-1.jpg\" alt=\"GX H70T78G -900x600\" \/><\/div>\n<\/div>\n<div id=\"tab-thong-so-ky-thuat\" class=\"row tab_thong_so\">\n<div class=\"col medium-12 small-12 large-12\">\n<div class=\"title\">\n<h2 class=\"title__Tt\">TH\u00d4NG S\u1ed0 S\u1ea2N PH\u1ea8M<\/h2>\n<\/div>\n<\/div>\n<div class=\"col medium-6 small-12 large-8 table-sp\">\n<div class=\"table_center rt_text_hover\">\n<table class=\"xem_table\" border=\"0\" cellspacing=\"0\" cellpadding=\"0\">\n<tbody>\n<tr>\n<td>M\u00e3 s\u1ea3n ph\u1ea9m<\/td>\n<td><strong>GX H70T78G<\/strong><\/td>\n<\/tr>\n<tr>\n<td>Th\u01b0\u01a1ng hi\u1ec7u<\/td>\n<td><strong>GRAND X<\/strong><\/td>\n<\/tr>\n<tr>\n<td>Xu\u1ea5t x\u1ee9<\/td>\n<td><strong>PCR<\/strong><\/td>\n<\/tr>\n<tr>\n<td>Nh\u00e0 s\u1ea3n xu\u1ea5t<\/td>\n<td><\/td>\n<\/tr>\n<tr>\n<td>Ki\u1ec3u d\u00e1ng<\/td>\n<td><strong>Bevel shape funnel Tomado European<\/strong><\/td>\n<\/tr>\n<tr>\n<td>B\u1ea3ng \u0111i\u1ec1u khi\u1ec3n<\/td>\n<td><strong>Sensor touch smart 5 t\u1ed1c \u0111\u1ed9 v\u00e0 Supper booster<\/strong><\/td>\n<\/tr>\n<tr>\n<td>\u0110\u1ed9ng c\u01a1 bi\u1ebfn t\u1ea7n<\/td>\n<td><strong>Inverter BLDC &lt;50% \u0111i\u1ec7n n\u0103ng; gi\u1ea3m \u0111\u1ed9 \u1ed3n tr\u00ean 60%<\/strong><\/td>\n<\/tr>\n<tr>\n<td>L\u1ecdc kh\u1eed m\u00f9i<\/td>\n<td><strong>Than ho\u1ea1t t\u00ednh<\/strong><\/td>\n<\/tr>\n<tr>\n<td>\u0110\u00e8n Led<\/td>\n<td><strong>Strip Light 3.0W \u00e1nh s\u00e1ng 7200k<\/strong><\/td>\n<\/tr>\n<tr>\n<td>C\u00f4ng su\u1ea5t h\u00fat<\/td>\n<td><strong>\u00b1980m3<\/strong><\/td>\n<\/tr>\n<tr>\n<td>\u0110\u1ed9ng c\u01a1 Inverter dua smart BLDC<\/td>\n<td><strong>90W<\/strong><\/td>\n<\/tr>\n<tr>\n<td>\u0110\u1ed9 \u1ed3n<\/td>\n<td><strong>\u00b142db<\/strong><\/td>\n<\/tr>\n<tr>\n<td>\u1ed0ng tho\u00e1t<\/td>\n<td><strong>\u00d8 150mm<\/strong><\/td>\n<\/tr>\n<tr>\n<td>K\u00edch th\u01b0\u1edbc s\u1ea3n ph\u1ea9m<\/td>\n<td><strong>700R x 355S x 404-804C mm<\/strong><\/td>\n<\/tr>\n<tr>\n<td>B\u1ea3o h\u00e0nh<\/td>\n<td><strong>24 th\u00e1ng<\/strong><\/td>\n<\/tr>\n<\/tbody>\n<\/table>\n<\/div>\n<div class=\"xem_tc_hd xem_tc rt_xemthem\"><\/div>\n<\/div>\n<\/div>\n","protected":false},"excerpt":{"rendered":"<p>Xu\u1ea5t x\u1ee9: Malaisia<\/p>\n<p>Th\u01b0\u01a1ng hi\u00ea\u0323u: GRAND X<\/p>\n<p>B\u1ea3o h\u00e0nh: 2 n\u0103m<\/p>\n","protected":false},"featured_media":1580,"comment_status":"open","ping_status":"closed","template":"","meta":[],"product_brand":[],"product_cat":[16,43],"product_tag":[],"class_list":{"0":"post-1579","1":"product","2":"type-product","3":"status-publish","4":"has-post-thumbnail","6":"product_cat-may-hut-mui","7":"product_cat-grand-x-may-hut-mui","9":"first","10":"instock","11":"shipping-taxable","12":"product-type-simple"},"_links":{"self":[{"href":"https:\/\/nhadepbepxinh.com.vn\/index.php?rest_route=\/wp\/v2\/product\/1579","targetHints":{"allow":["GET"]}}],"collection":[{"href":"https:\/\/nhadepbepxinh.com.vn\/index.php?rest_route=\/wp\/v2\/product"}],"about":[{"href":"https:\/\/nhadepbepxinh.com.vn\/index.php?rest_route=\/wp\/v2\/types\/product"}],"replies":[{"embeddable":true,"href":"https:\/\/nhadepbepxinh.com.vn\/index.php?rest_route=%2Fwp%2Fv2%2Fcomments&post=1579"}],"wp:featuredmedia":[{"embeddable":true,"href":"https:\/\/nhadepbepxinh.com.vn\/index.php?rest_route=\/wp\/v2\/media\/1580"}],"wp:attachment":[{"href":"https:\/\/nhadepbepxinh.com.vn\/index.php?rest_route=%2Fwp%2Fv2%2Fmedia&parent=1579"}],"wp:term":[{"taxonomy":"product_brand","embeddable":true,"href":"https:\/\/nhadepbepxinh.com.vn\/index.php?rest_route=%2Fwp%2Fv2%2Fproduct_brand&post=1579"},{"taxonomy":"product_cat","embeddable":true,"href":"https:\/\/nhadepbepxinh.com.vn\/index.php?rest_route=%2Fwp%2Fv2%2Fproduct_cat&post=1579"},{"taxonomy":"product_tag","embeddable":true,"href":"https:\/\/nhadepbepxinh.com.vn\/index.php?rest_route=%2Fwp%2Fv2%2Fproduct_tag&post=1579"}],"curies":[{"name":"wp","href":"https:\/\/api.w.org\/{rel}","templated":true}]}}