{"id":1567,"date":"2025-03-26T09:27:06","date_gmt":"2025-03-26T02:27:06","guid":{"rendered":"https:\/\/nhadepbepxinh.com.vn\/?post_type=product&#038;p=1567"},"modified":"2025-03-26T09:27:07","modified_gmt":"2025-03-26T02:27:07","slug":"bep-ga-am-taka-tk-822c","status":"publish","type":"product","link":"https:\/\/nhadepbepxinh.com.vn\/?product=bep-ga-am-taka-tk-822c","title":{"rendered":"B\u00ca\u0301P GA \u00c2M TAKA TK-822C"},"content":{"rendered":"<p><span data-mce-mark=\"1\">N\u1ebfu b\u1ea1n \u0111ang c\u00f3 \u00fd \u0111\u1ecbnh l\u1ef1a ch\u1ecdn m\u1ed9t chi\u1ebfc b\u1ebfp gas \u00e2m an to\u00e0n \u0111\u1ec3 thay th\u1ebf thi\u1ebft b\u1ecb n\u1ea5u b\u1ebfp hi\u1ec7n t\u1ea1i \u0111ang d\u00f9ng th\u00ec b\u1ebfp gas \u00e2m Taka TK-822C s\u1ebd l\u00e0 m\u1ed9t s\u1ea3n ph\u1ea9m v\u00f4 c\u00f9ng h\u1eefu d\u1ee5ng. V\u1edbi thi\u1ebft k\u1ebf hi\u1ec7n \u0111\u1ea1i, linh ki\u1ec7n nh\u1eadp kh\u1ea9u cao c\u1ea5p c\u00f9ng nhi\u1ec1u t\u00ednh n\u0103ng n\u1ea5u n\u01b0\u1edbng an to\u00e0n, ch\u1eafc ch\u1eafn s\u1ebd khi\u1ebfn b\u1ea1n ho\u00e0n to\u00e0n h\u00e0i l\u00f2ng khi s\u1eed d\u1ee5ng.<\/span><\/p>\n<p><span data-mce-mark=\"1\"><strong>\u01afu \u0111i\u1ec3m n\u1ed5i b\u1eadt c\u1ee7a b\u1ebfp gas \u00e2m Taka TK-822C:<br \/>\n<\/strong><\/span><\/p>\n<p><span data-mce-mark=\"1\"><strong>M\u1eb7t k\u00ednh ch\u1ecbu l\u1ef1c, ch\u1ecbu nhi\u1ec7t<\/strong><\/span><\/p>\n<p><span data-mce-mark=\"1\">B\u1ebfp gas \u00e2m Taka TK-822C c\u00f3 m\u1eb7t k\u00ednh \u0111\u01b0\u1ee3c l\u00e0m t\u1eeb ch\u1ea5t li\u1ec7u k\u00ednh d\u00e0y 8 ly c\u01b0\u1eddng l\u1ef1c ch\u1ecbu nhi\u1ec7t, ch\u1ecbu l\u1ef1c r\u1ea5t t\u1ed1t. Ch\u1ea5t li\u1ec7u n\u00e0y s\u1ebd h\u1ea1n ch\u1ebf t\u1ed1i \u0111a t\u00ecnh tr\u1ea1ng n\u1ee9t, v\u1ee1 b\u1ec1 m\u1eb7t khi c\u00f3 t\u00e1c \u0111\u1ed9ng t\u1eeb b\u00ean ngo\u00e0i. \u0110\u1ed3ng th\u1eddi m\u1eb7t k\u00ednh h\u1ea1n ch\u1ebf ch\u1ed1ng x\u01b0\u1edbc v\u00e0 b\u00e1m d\u00ednh th\u1ef1c ph\u1ea9m, sau khi \u0111un n\u1ea5u, b\u1ea1n ch\u1ec9 c\u1ea7n l\u1ea5y kh\u0103n \u1ea9m nh\u1eb9 nh\u00e0ng lau l\u00e0 m\u1eb7t b\u1ebfp l\u1ea1i s\u00e1ng b\u00f3ng nh\u01b0 m\u1edbi.<\/span><\/p>\n<p><strong>Tu\u1ed5i th\u1ecd s\u1ea3n ph\u1ea9m cao<\/strong><\/p>\n<p><span data-mce-mark=\"1\">S\u1ea3n ph\u1ea9m b\u1ebfp gas \u00e2m Taka TK-822C c\u00f3 tu\u1ed5i th\u1ecd cao nh\u1edd c\u00e1c linh ki\u1ec7n cao c\u1ea5p v\u00e0 c\u00f3 ch\u1ea5t l\u01b0\u1ee3ng t\u1ed1t, trong \u0111\u00f3:<\/span><br \/>\n<span data-mce-mark=\"1\">&#8211; Ki\u1ec1ng c\u1ee7a b\u1ebfp l\u00e0 ki\u1ec1ng r\u1eddi, \u0111\u01b0\u1ee3c l\u00e0m t\u1eeb gang \u0111\u00fac si\u00eau b\u1ec1n, c\u00f3 kh\u1ea3 n\u0103ng ch\u1ed1ng tr\u01b0\u1ee3t khi n\u1ea5u.<\/span><\/p>\n<p><span data-mce-mark=\"1\">&#8211; Khay b\u1ebfp \u0111\u01b0\u1ee3c l\u00e0m t\u1eeb inox gi\u00fap t\u0103ng \u0111\u1ed9 b\u1ec1n v\u00e0 d\u1ec5 v\u1ec7 sinh khi \u0111un n\u1ea5u.<br \/>\n<\/span><\/p>\n<p><span data-mce-mark=\"1\"><strong>H\u1ec7 th\u1ed1ng \u0111\u00e1nh l\u1eeda ti\u1ebft ki\u1ec7m gas<\/strong><\/span><\/p>\n<p><span data-mce-mark=\"1\">&#8211;\u00a0B\u1ebfp gas \u00e2m truy\u1ec1n th\u1ed1ng Taka TK-822C c\u00f3 trung t\u00e2m \u0111\u00e1nh l\u1eeda ch\u00ednh x\u00e1c t\u1ea1o ng\u1ecdn l\u1eeda xo\u1eafn \u0111\u1ec1u m\u00e0u xanh, l\u01b0\u1ee3ng nhi\u1ec7t t\u1ecfa tr\u00f2n trong v\u00f2ng b\u1ebfp n\u1ea5u l\u00e0m l\u01b0\u1ee3ng gas \u0111\u01b0\u1ee3c \u0111\u1ed1t ch\u00e1y ho\u00e0n to\u00e0n, r\u00fat ng\u1eafn th\u1eddi gian n\u1ea5u ch\u00edn th\u1ee9c \u0103n do \u0111\u00f3 l\u01b0\u1ee3ng gas s\u1eed d\u1ee5ng m\u1ed7i l\u1ea7n n\u1ea5u s\u1ebd ti\u1ebft ki\u1ec7m h\u01a1n.<\/span><\/p>\n<p><span data-mce-mark=\"1\"><strong>P\u00e9p chia 2 v\u00f2ng l\u1eeda \u0111a d\u1ea1ng trong n\u1ea5u n\u01b0\u1edbng<\/strong><\/span><\/p>\n<p><span data-mce-mark=\"1\">B\u1ebfp gas \u00e2m Taka TK-822C thi\u1ebft k\u1ebf p\u00e9p chia 2 v\u00f2ng l\u1eeda gi\u00fap vi\u1ec7c n\u1ea5u \u0103n \u0111\u01b0\u1ee3c \u0111a d\u1ea1ng h\u01a1n . Thay v\u00ec vi\u1ec7c ph\u1ea3i c\u0103n ch\u1ec9nh n\u00fat v\u1eb7n l\u1eeda to nh\u1ecf \u1edf b\u1ebfp gas d\u01b0\u01a1ng v\u1eeba m\u1ea5t th\u1eddi gian nh\u01b0ng ch\u1ec9 \u0111\u01b0\u1ee3c t\u01b0\u01a1ng \u0111\u1ed1i, v\u1edbi b\u1ebfp gas \u00e2m Taka TK-822C, c\u00e1c ch\u1ecb em n\u1ed9i tr\u1ee3 ch\u1ec9 vi\u1ec7c \u0111\u1ec3 ch\u1ebf \u0111\u1ed9 v\u00f2ng l\u1eeda ph\u00f9 h\u1ee3p v\u1edbi m\u00f3n \u0103n \u0111\u1ecbnh n\u1ea5u.<br \/>\n<\/span><\/p>\n<p><span data-mce-mark=\"1\"><strong>Thi\u1ebft k\u1ebf sang tr\u1ecdng, hi\u1ec7n \u0111\u1ea1i<\/strong><\/span><\/p>\n<p>B\u1ebfp gas \u00e2m cao c\u1ea5p Taka TK-822C c\u00f3 ph\u1ea7n th\u00e2n b\u1ebfp \u0111\u1eb7t ch\u00ecm d\u01b0\u1edbi s\u00e0n b\u1ebfp v\u1eeba gi\u00fap ti\u1ebft ki\u1ec7m kh\u00f4ng gian b\u1ebfp, v\u1eeba mang l\u1ea1i v\u1ebb \u0111\u1eb9p hi\u1ec7n \u0111\u1ea1i.<\/p>\n<div id=\"tab2\" class=\"content-tab-pro\">\n<h2>Th\u00f4ng s\u1ed1 k\u1ef9 thu\u1eadt<\/h2>\n<\/div>\n<ul>\n<li>&#8211; M\u1eb7t k\u00ednh c\u01b0\u1eddng l\u1ef1c ch\u1ed1ng nhi\u1ec7t cao, an to\u00e0n tuy\u1ec7t \u0111\u1ed1i, d\u1ec5 d\u00e0ng v\u1ec7 sinh.<\/li>\n<li>&#8211; Ki\u1ec1ng gang ch\u1ed1ng tr\u01b0\u1ee3t si\u00eau b\u1ec1n<\/li>\n<li>&#8211; P\u00e9p n\u1ea5u chia 2 v\u00f2ng l\u1eeda.<\/li>\n<li>&#8211; Khay inox cao c\u1ea5p ch\u1ed5ng g\u1ec9<\/li>\n<li>&#8211; K\u00edch th\u01b0\u1edbc m\u1eb7t k\u00ednh: 730&#215;410<\/li>\n<li>&#8211; K\u00edch th\u01b0\u1edbc kho\u00e9t \u0111\u00e1: 630&#215;350 mm<\/li>\n<li>&#8211; C\u00f4ng su\u1ea5t l\u00f2 \u0111\u1ed1t: 4.8kw x 2<\/li>\n<li>&#8211; B\u1ea3o h\u00e0nh: 24 th\u00e1ng<\/li>\n<\/ul>\n","protected":false},"excerpt":{"rendered":"<ul>\n<li>&#8211; M\u1eb7t k\u00ednh c\u01b0\u1eddng l\u1ef1c ch\u1ed1ng nhi\u1ec7t cao, an to\u00e0n tuy\u1ec7t \u0111\u1ed1i, d\u1ec5 d\u00e0ng v\u1ec7 sinh.<\/li>\n<li>&#8211; Ki\u1ec1ng gang ch\u1ed1ng tr\u01b0\u1ee3t si\u00eau b\u1ec1n<\/li>\n<li>&#8211; P\u00e9p n\u1ea5u chia 2 v\u00f2ng l\u1eeda.<\/li>\n<li>&#8211; Khay inox cao c\u1ea5p ch\u1ed5ng g\u1ec9<\/li>\n<li>&#8211; K\u00edch th\u01b0\u1edbc m\u1eb7t k\u00ednh: 730&#215;410<\/li>\n<li>&#8211; K\u00edch th\u01b0\u1edbc kho\u00e9t \u0111\u00e1: 630&#215;350 mm<\/li>\n<li>&#8211; C\u00f4ng su\u1ea5t l\u00f2 \u0111\u1ed1t: 4.8kw x 2<\/li>\n<li>&#8211; B\u1ea3o h\u00e0nh: 24 th\u00e1ng<\/li>\n<\/ul>\n","protected":false},"featured_media":1568,"comment_status":"open","ping_status":"closed","template":"","meta":[],"product_brand":[],"product_cat":[37,38],"product_tag":[],"class_list":{"0":"post-1567","1":"product","2":"type-product","3":"status-publish","4":"has-post-thumbnail","6":"product_cat-bep-gas-am","7":"product_cat-taka","9":"first","10":"instock","11":"shipping-taxable","12":"product-type-simple"},"_links":{"self":[{"href":"https:\/\/nhadepbepxinh.com.vn\/index.php?rest_route=\/wp\/v2\/product\/1567","targetHints":{"allow":["GET"]}}],"collection":[{"href":"https:\/\/nhadepbepxinh.com.vn\/index.php?rest_route=\/wp\/v2\/product"}],"about":[{"href":"https:\/\/nhadepbepxinh.com.vn\/index.php?rest_route=\/wp\/v2\/types\/product"}],"replies":[{"embeddable":true,"href":"https:\/\/nhadepbepxinh.com.vn\/index.php?rest_route=%2Fwp%2Fv2%2Fcomments&post=1567"}],"wp:featuredmedia":[{"embeddable":true,"href":"https:\/\/nhadepbepxinh.com.vn\/index.php?rest_route=\/wp\/v2\/media\/1568"}],"wp:attachment":[{"href":"https:\/\/nhadepbepxinh.com.vn\/index.php?rest_route=%2Fwp%2Fv2%2Fmedia&parent=1567"}],"wp:term":[{"taxonomy":"product_brand","embeddable":true,"href":"https:\/\/nhadepbepxinh.com.vn\/index.php?rest_route=%2Fwp%2Fv2%2Fproduct_brand&post=1567"},{"taxonomy":"product_cat","embeddable":true,"href":"https:\/\/nhadepbepxinh.com.vn\/index.php?rest_route=%2Fwp%2Fv2%2Fproduct_cat&post=1567"},{"taxonomy":"product_tag","embeddable":true,"href":"https:\/\/nhadepbepxinh.com.vn\/index.php?rest_route=%2Fwp%2Fv2%2Fproduct_tag&post=1567"}],"curies":[{"name":"wp","href":"https:\/\/api.w.org\/{rel}","templated":true}]}}