{"id":1555,"date":"2025-03-26T09:18:48","date_gmt":"2025-03-26T02:18:48","guid":{"rendered":"https:\/\/nhadepbepxinh.com.vn\/?post_type=product&#038;p=1555"},"modified":"2025-03-26T09:18:49","modified_gmt":"2025-03-26T02:18:49","slug":"bep-gas-am-eurosun-eu-ga292sa","status":"publish","type":"product","link":"https:\/\/nhadepbepxinh.com.vn\/?product=bep-gas-am-eurosun-eu-ga292sa","title":{"rendered":"B\u1ebeP GAS \u00c2M EUROSUN EU-GA292SA"},"content":{"rendered":"<div class=\"banner_tabs\"><img decoding=\"async\" src=\"https:\/\/eurosun.com.vn\/wp-content\/uploads\/2023\/02\/banner.jpg\" alt=\"bep-ga-am-EU-GA292SA-banner\" \/><\/div>\n<div class=\"row row_location\">\n<div class=\"col medium-6 small-12 large-6\">\n<div class=\"box_content\">\n<div class=\"title\">\n<h2 class=\"title__Tt\">B\u1ebeP GAS \u00c2M EU-GA292SA<\/h2>\n<\/div>\n<div id=\"xem_1\" class=\"des rt_text_rg rt_text_rg_1\">\n<p>B\u1ebfp ga \u00e2m Eurosun EU-GA292SA l\u00e0 m\u1ed9t m\u1ed9t trong thi\u1ebft b\u1ecb b\u1ebfp cao c\u1ea5p nh\u1ea5t tr\u00ean th\u1ecb tr\u01b0\u1eddng Vi\u1ec7t nam hi\u1ec7n nay. S\u1ea3n ph\u1ea9m \u0111\u01b0\u1ee3c nh\u1eadp kh\u1ea9u nguy\u00ean chi\u1ebfc v\u1edbi nhi\u1ec1u t\u00ednh n\u0103ng h\u1eefu \u00edch, thi\u1ebft th\u1ef1c cho ng\u01b0\u1eddi d\u00f9ng. Ngo\u00e0i ra b\u1ebfp ga \u00e2m Eurosun EU-GA292SA \u0111\u01b0\u1ee3c thi\u1ebft k\u1ebf sang tr\u1ecdng \u0111\u01b0\u1eddng n\u00e9t tinh t\u1ebf r\u1ea5t \u0111\u01b0\u1ee3c ng\u01b0\u1eddi ti\u00eau d\u00f9ng l\u1ef1a ch\u1ecdn cho kh\u00f4ng gian b\u1ebfp sang tr\u1ecdng c\u1ee7a gia \u0111\u00ecnh m\u00ecnh.<\/p>\n<\/div>\n<\/div>\n<\/div>\n<div class=\"col medium-6 small-12 large-6\"><img decoding=\"async\" src=\"https:\/\/eurosun.com.vn\/wp-content\/uploads\/2022\/08\/292.jpg\" alt=\"bep-ga-am-EU-GA291D-2\" \/><\/div>\n<\/div>\n<div class=\"row row_location\">\n<div class=\"col medium-6 small-12 large-6\">\n<div class=\"box_content\">\n<div class=\"title\">\n<h2 class=\"title__Tt\">THI\u1ebeT K\u1ebe HI\u1ec6N \u0110\u1ea0I &#8211; SANG TR\u1eccNG<\/h2>\n<\/div>\n<div id=\"xem_2\" class=\"des rt_text_rg rt_text_rg_2\">\n<p>B\u1ebfp ga \u00e2m Eurosun EU-GA292SA\u00a0<strong>thi\u1ebft k\u1ebf 2 l\u00f2 n\u1ea5u<\/strong>, \u0111\u01b0\u1ee3c s\u1ea3n xu\u1ea5t tr\u00ean d\u00e2y chuy\u1ec1n hi\u1ec7n \u0111\u1ea1i v\u1edbi c\u00e1c linh ki\u1ec7n cao c\u1ea5p \u0111\u1ed3ng b\u1ed9 c\u1ea5u th\u00e0nh s\u1ea3n ph\u1ea9m.<\/p>\n<p>B\u1ebfp ga EUROSUN \u0111\u01b0\u1ee3c trang b\u1ecb\u00a0<strong>m\u1eb7t k\u00ednh c\u01b0\u1eddng l\u1ef1c c\u1ee1\u00a0l\u1edbn<\/strong>\u00a0v\u1edbi k\u00edch th\u01b0\u1edbc l\u00ean \u0111\u1ebfn 760* 440mm d\u00e0y 8mm \u0111\u00e2y l\u00e0 lo\u1ea1i b\u1ebfp ga \u0111\u01b0\u1ee3c trang b\u1ecb m\u1eb7t k\u00ednh l\u1edbn nh\u1ea5t hi\u1ec7n nay t\u00f4n ph\u1ea7n sang tr\u1ecdng cho kh\u00f4ng gian b\u1ebfp.<\/p>\n<\/div>\n<\/div>\n<\/div>\n<div class=\"col medium-6 small-12 large-6\"><img decoding=\"async\" src=\"https:\/\/eurosun.com.vn\/wp-content\/uploads\/2023\/02\/292sa.jpg\" alt=\"bep-ga-am-EU-GA292SA-thiet-ke\" \/><\/div>\n<\/div>\n<div class=\"row row_location\">\n<div class=\"col medium-6 small-12 large-6\">\n<div class=\"box_content\">\n<div class=\"title\">\n<h2 class=\"title__Tt\">M\u00c2M CHIA L\u1eecA B\u1eb0NG \u0110\u1ed2NG NGUY\u00caN CH\u1ea4T<\/h2>\n<\/div>\n<div id=\"xem_3\" class=\"des rt_text_rg rt_text_rg_3\">\n<p><strong>M\u00e2m chia l\u1eeda b\u1eb1ng \u0111\u1ed3ng nguy\u00ean ch\u1ea5t<\/strong>\u00a0\u0111\u01b0\u1ee3c d\u1eadp n\u00f3ng, ho\u00e0n thi\u1ec7n CNC v\u00e0 \u0111\u01b0\u1ee3c ph\u1ee7 men ch\u1ed1ng ch\u00e1y ch\u1ecbu nhi\u1ec7t cao, t\u1ea1o n\u00ean th\u1ea9m m\u1ef9 g\u00f3p ph\u1ea7n t\u00f4n l\u00ean ng\u1ecdn\u00a0Ng\u1ecdn l\u1eeda xanh ch\u00e1y hi\u1ec7u qu\u1ea3 gi\u00fap b\u1ea1n c\u00f3 th\u1ec3 n\u1ea5u ch\u00edn m\u00f3n \u0103n nhanh h\u01a1n m\u00e0 l\u1ea1i kh\u00f4ng hao t\u1ed1n nhi\u1ec1u n\u0103ng l\u01b0\u1ee3ng.<\/p>\n<\/div>\n<\/div>\n<\/div>\n<div class=\"col medium-6 small-12 large-6\"><img decoding=\"async\" src=\"https:\/\/eurosun.com.vn\/wp-content\/uploads\/2023\/02\/MAM-CHIA-LUA.jpg\" alt=\"m\u00e2m chia l\u1eeda b\u1ebfp gas eurosun\" \/><\/div>\n<\/div>\n<div class=\"row row_location\">\n<div class=\"col medium-6 small-12 large-6\">\n<div class=\"box_content\">\n<div class=\"title\">\n<h2 class=\"title__Tt\">H\u1eccNG B\u1ebeP CH\u1ea4T LI\u1ec6U \u0110\u1ed2NG 100%<\/h2>\n<\/div>\n<div id=\"xem_4\" class=\"des rt_text_rg rt_text_rg_4\">\n<p>H\u1ecdng b\u1ebfp \u0111\u01b0\u1ee3c s\u1ea3n xu\u1ea5t b\u1eb1ng ch\u1ea5t li\u1ec7u h\u1ee3p kim ch\u1ecbu nhi\u1ec7t \u0111\u1ed9 cao ch\u1ed1ng oxy h\u00f3a, v\u1edbi thi\u1ebft k\u1ebf t\u1ea1o h\u00ecnh \u1ed1ng ph\u1ec5u thu gi\u00f3 gi\u00fap t\u0103ng c\u01b0\u1eddng hi\u1ec7u su\u1ea5t t\u1ed1i \u0111a trong qu\u00e1 tr\u00ecnh \u0111\u1ed1t ch\u00e1y.<\/p>\n<\/div>\n<\/div>\n<\/div>\n<div class=\"col medium-6 small-12 large-6\"><img decoding=\"async\" src=\"https:\/\/eurosun.com.vn\/wp-content\/uploads\/2023\/02\/HONG-BEP-1.jpg\" alt=\"h\u1ecdng b\u1ebfp gas eurosun l\u00e0m t\u1eeb \u0111\u1ed3ng nguy\u00ean ch\u1ea5t\" \/><\/div>\n<\/div>\n<div class=\"row row_location\">\n<div class=\"col medium-6 small-12 large-6\">\n<div class=\"box_content\">\n<div class=\"title\">\n<h2 class=\"title__Tt\">KI\u1ec0NG GANG \u0110\u00daC CH\u1ed0NG TR\u01af\u1ee2T, KHAY INOX 304 CH\u1ed0NG HAN G\u1ec8<\/h2>\n<\/div>\n<div id=\"xem_5\" class=\"des rt_text_rg rt_text_rg_5\">\n<p>B\u1ebfp \u0111\u01b0\u1ee3c s\u1eed d\u1ee5ng ki\u1ec1ng gang \u0111\u00fac ch\u1ed1ng tr\u01b0\u1ee3t, b\u1ec1 m\u1eb7t m\u00e0i m\u1ecbn \u0111\u01b0\u1ee3c ph\u1ee7 l\u1edbp men m\u1edd ki\u1ec3u d\u00e1ng v\u1eefng ch\u1eafc theo phong c\u00e1ch Ch\u00e2u \u00e2u.\u00a0Khay Inox x\u01b0\u1edbc cao c\u1ea5p ch\u1ed1ng han g\u1ec9 lu\u00f4n t\u1ea1o cho b\u1ebfp \u0111\u01b0\u1ee3c s\u00e1ng b\u00f3ng b\u1ec1n v\u1eefng v\u1edbi th\u1eddi gian.<\/p>\n<\/div>\n<\/div>\n<\/div>\n<div class=\"col medium-6 small-12 large-6\"><img decoding=\"async\" src=\"https:\/\/eurosun.com.vn\/wp-content\/uploads\/2023\/02\/KIENG-BEP.jpg\" alt=\"ki\u1ec1ng gang \u0111\u00fac ch\u1ed1ng tr\u01b0\u1ee3t\" \/><\/div>\n<\/div>\n<div class=\"row row_location\">\n<div class=\"col medium-6 small-12 large-6\">\n<div class=\"box_content\">\n<div class=\"title\">\n<h2 class=\"title__Tt\">CH\u1ebe \u0110\u1ed8 H\u1ea6M TI\u1ebeT KI\u1ec6M GAS<\/h2>\n<\/div>\n<div id=\"xem_6\" class=\"des rt_text_rg rt_text_rg_6\">\n<p>Ch\u1ebf \u0111\u1ed9 h\u1ea7m\u00a0ti\u1ebft ki\u1ec7m gas v\u1edbi m\u00e2m chia l\u1eeda nh\u1ecf gi\u00fap ch\u00fang ta d\u1ec5 gi\u00e0ng ki\u1ec3m so\u00e1t ng\u1ecdn l\u1eeda nh\u1ecf khi \u0111un n\u1ea5u d\u00e0nh cho c\u00e1c m\u00f3n h\u1ea7m hay s\u00fap,\u2026 c\u00e1c m\u00f3n c\u1ea7n l\u1eeda nh\u1ecf nhi\u1ec7t \u0111\u1ed9 th\u1ea5p \u0111\u1ec1u, b\u1ea1n ch\u1ec9 c\u1ea7n \u0111i\u1ec1u ch\u1ec9nh v\u1ec1 m\u1ee9c l\u1eeda nh\u1ecf l\u00e0 s\u1ebd c\u00f3 m\u1ed9t m\u00f3n h\u1ea7m ngon nh\u01b0 \u00fd.<\/p>\n<\/div>\n<\/div>\n<\/div>\n<div class=\"col medium-6 small-12 large-6\"><img decoding=\"async\" src=\"https:\/\/eurosun.com.vn\/wp-content\/uploads\/2023\/02\/tiet-kiem-gas.jpg\" alt=\"Ch\u1ebf \u0111\u1ed9 h\u1ea7m\u00a0ti\u1ebft ki\u1ec7m gas\" \/><\/div>\n<\/div>\n<div class=\"row row_location\">\n<div class=\"col medium-6 small-12 large-6\">\n<div class=\"box_content\">\n<div class=\"title\">\n<h2 class=\"title__Tt\">CH\u1ee8C N\u0102NG AN TO\u00c0N<\/h2>\n<\/div>\n<div id=\"xem_7\" class=\"des rt_text_rg rt_text_rg_7\">\n<p>B\u1ebfp ga \u00e2m\u00a0Eurosun EU-GA292SA \u0111\u01b0\u1ee3c trang b\u1ecb 3 ch\u1ee9c n\u0103ng an to\u00e0n \u0111\u1ea3m b\u1ea3o an to\u00e0n cho ng\u1eddi s\u1eed d\u1ee5ng trong qu\u00e1 tr\u00ecnh s\u1eed d\u1ee5ng.<br \/>\n\u2666\u00a0<strong>Ch\u1ee9c n\u0103ng c\u1ea3m bi\u1ebfn ch\u1ed1ng ch\u00e1y \u0111\u01b0\u1ee3c s\u1ea3n xu\u1ea5t t\u1ea1i Nh\u1eadt b\u1ea3n \u201c Made in Japan\u201d<\/strong>, ch\u1ee9c n\u0103ng n\u00e0y gi\u00fap ng\u01b0\u1eddi d\u00f9ng trong qu\u00e1 tr\u00ecnh n\u1ea5u \u0103n v\u00f4 t\u00ecnh \u0111\u1ec3 n\u1ed3i b\u1ecb c\u1ea1n n\u01b0\u1edbc d\u1eabn \u0111\u1ebfn ch\u00e1y n\u1ed3i. Sau khi \u0111\u00e1y n\u1ed3i c\u1ea1n n\u01b0\u1edbc v\u00e0 nhi\u1ec7t \u0111\u1ed9 d\u1ea7n t\u0103ng cao \u0111\u1ea7u \u0111\u1ecdc ch\u1ee9c n\u0103ng c\u1ea3m bi\u1ebfn \u00a0s\u1ebd truy\u1ec1n t\u1ea3i nhi\u1ec7t v\u00e0 k\u00edch ho\u1ea1t ch\u1ee9c n\u0103ng t\u1ef1 \u0111\u1ed9ng ng\u1eaft gas, b\u1ebfp s\u1ebd d\u1eebng ho\u1ea1t \u0111\u1ed9ng ngay t\u1ee9c th\u00ec, gi\u00fap ch\u00fang ta tr\u00e1nh \u0111\u01b0\u1ee3c h\u1ecfa ho\u1ea1n \u0111\u00e1ng ti\u1ebfc x\u1ea3y ra.<\/p>\n<p>\u2666<strong>\u00a0Ch\u1ee9c n\u0103ng c\u1ea3m bi\u1ebfn ng\u1eaft gas an to\u00e0n<\/strong>, t\u1ea5t c\u1ea3 c\u00e1c d\u00f2ng b\u1ebfp ga \u00e2m EUROSUN \u0111\u01b0\u1ee3c trang b\u1ecb b\u1ed9 ph\u1eadn kim ng\u1eaft gas an to\u00e0n Orkali \u0111\u1ea3m b\u1ea3o s\u1ef1 an to\u00e0n cho ng\u01b0\u1eddi d\u00f9ng, gi\u00fap ph\u00f2ng tr\u00e1nh khi x\u1ea3y ra s\u1ef1 c\u1ed1 b\u1ea5t th\u01b0\u1eddng l\u00e0m ng\u1ecdn l\u1eeda b\u1ecb t\u1eaft \u0111i nh\u01b0ng van gas v\u1eabn m\u1edf, kim ng\u1eaft gas s\u1ebd t\u1ef1 \u0111\u1ed9ng k\u00edch ho\u1ea1t ch\u1ee9c n\u0103ng v\u00e0 \u0111\u00f3ng gas l\u1ea1i ngay t\u1ee9c th\u00ec, \u0111\u1ec1 ph\u00f2ng tr\u01b0\u1eddng h\u1ee3p sau khi ng\u1ecdn l\u1eeda \u0111\u00e3 t\u1eaft nh\u01b0ng gas v\u1eabn \u0111\u01b0\u1ee3c c\u1ea5p ra ngo\u00e0i v\u00e0 \u0111\u01b0\u1ee3c t\u00edch t\u1ee5 l\u1ea1i trong ph\u00f2ng b\u1ebfp, khi v\u00f4 t\u00ecnh ch\u00fang ta b\u1eadt thi\u1ebft b\u1ecb \u0111i\u1ec7n hay c\u00f3 tia l\u1eeda s\u1ebd d\u1eabn \u0111\u1ebfn vi\u1ec7c ch\u00e1y n\u1ed5 \u0111\u00e1ng ti\u1ebfc x\u1ea3y ra.<\/p>\n<p>\u2666<strong>\u00a0C\u1ea3m bi\u1ebfn \u0111\u00e1nh l\u1eeda nhanh:<\/strong> Thi\u1ebft k\u1ebf th\u00f4ng minh c\u1ee7a n\u00fam v\u1eb7n c\u00f9ng b\u1ed9 \u0111\u00e1nh l\u1eeda \u0111i\u1ec7n t\u1eed t\u00edch h\u1ee3p gi\u00fap b\u1ea1n c\u00f3 th\u1ec3 b\u1eadt b\u1ebfp ch\u1ec9 b\u1eb1ng m\u1ed9t b\u01b0\u1edbc th\u1eadt d\u1ec5 d\u00e0ng. Nh\u1ea5n n\u00fam v\u1eb7n xu\u1ed1ng v\u00e0 xoay l\u00e0 b\u1ea1n c\u00f3 th\u1ec3 b\u1eadt l\u1eeda ngay l\u1eadp t\u1ee9c, kh\u00f4ng \u0111\u1ec3 l\u1ea1i m\u00f9i gas t\u1ed3n d\u01b0 trong kh\u00f4ng kh\u00ed.<\/p>\n<\/div>\n<\/div>\n<\/div>\n<div class=\"col medium-6 small-12 large-6\"><img decoding=\"async\" src=\"https:\/\/eurosun.com.vn\/wp-content\/uploads\/2023\/02\/Bep-ga-292SA-cam-bien.jpg\" alt=\"c\u1ea3m bi\u1ebfn ch\u1ed1ng ch\u00e1y t\u1ef1 \u0111\u1ed9ng\" \/><\/div>\n<\/div>\n<div class=\"row row_location\">\n<div class=\"col medium-6 small-12 large-6\">\n<div class=\"box_content\">\n<div class=\"title\">\n<h2 class=\"title__Tt\">PH\u00d9 H\u1ee2P V\u1edaI M\u1eccI LO\u1ea0I N\u1ed2I CH\u1ea2O<\/h2>\n<\/div>\n<div id=\"xem_8\" class=\"des rt_text_rg rt_text_rg_8\">\n<p>S\u1ea3n ph\u1ea9m ph\u00f9 h\u1ee3p v\u1edbi m\u1ecdi lo\u1ea1i n\u1ed3i ch\u1ea3o, k\u1ec3 c\u1ea3 ch\u1ea3o s\u00e2u l\u00f2ng, ch\u1ea3o x\u00e0o c\u1ee1 l\u1edbn, n\u1ed3i gang, n\u1ed3i \u0111\u1ea5t hay n\u1ed3i th\u1ee7y tinh. V\u00ec v\u1eady b\u1ea1n d\u1ec5 d\u00e0ng ch\u1ebf bi\u1ebfn th\u1eadt nhi\u1ec1u m\u00f3n \u0103n kh\u00e1c nhau cho gia \u0111\u00ecnh.<\/p>\n<\/div>\n<\/div>\n<\/div>\n<div class=\"col medium-6 small-12 large-6\"><img decoding=\"async\" src=\"https:\/\/eurosun.com.vn\/wp-content\/uploads\/2023\/02\/phu-hop-noi-chao-1.jpg\" alt=\"PH\u00d9 H\u1ee2P V\u1edaI M\u1eccI LO\u1ea0I N\u1ed2I CH\u1ea2O\" \/><\/div>\n<\/div>\n<div id=\"tab-thong-so-ky-thuat\" class=\"row tab_thong_so\">\n<div class=\"col medium-12 small-12 large-12\">\n<div class=\"title\">\n<h2 class=\"title__Tt\">TH\u00d4NG S\u1ed0 S\u1ea2N PH\u1ea8M<\/h2>\n<\/div>\n<\/div>\n<div class=\"col medium-6 small-12 large-8 table-sp\">\n<div class=\"table_center\">\n<table class=\"xem_table\" border=\"1\" cellspacing=\"0\" cellpadding=\"0\">\n<tbody>\n<tr>\n<td>T\u00ean s\u1ea3n ph\u1ea9m<\/td>\n<td><strong>B\u1ebeP GAS \u00c2M EU-GA292SA<\/strong><\/td>\n<\/tr>\n<tr>\n<td>Th\u01b0\u01a1ng hi\u1ec7u<\/td>\n<td><strong>EUROSUN<\/strong><\/td>\n<\/tr>\n<tr>\n<td>Xu\u1ea5t x\u1ee9<\/td>\n<td><strong>PRC<\/strong><\/td>\n<\/tr>\n<tr>\n<td>S\u1ed1 l\u00f2 n\u1ea5u<\/td>\n<td><strong>2<\/strong><\/td>\n<\/tr>\n<tr>\n<td>Ch\u1ea5t li\u1ec7u m\u1eb7t k\u00ednh<\/td>\n<td><strong>K\u00ednh c\u01b0\u1eddng l\u1ef1c, ch\u1ecbu nhi\u1ec7t d\u00e0y 8mm<\/strong><\/td>\n<\/tr>\n<tr>\n<td>Ki\u1ec1ng b\u1ebfp<\/td>\n<td><strong>Gang \u0111\u00fac ch\u1ed1ng tr\u01b0\u1ee3t<\/strong><\/td>\n<\/tr>\n<tr>\n<td>Khay<\/td>\n<td><strong>Inox 304 ch\u1ed1ng han g\u1ec9<\/strong><\/td>\n<\/tr>\n<tr>\n<td>H\u1ecdng b\u1ebfp<\/td>\n<td><strong>Ch\u1ea5t li\u1ec7u \u0111\u1ed3ng 100% c\u00f4ng ngh\u1ec7 Italy<\/strong><\/td>\n<\/tr>\n<tr>\n<td>H\u1ec7 th\u1ed1ng \u0111\u00e1nh l\u1eeda<\/td>\n<td><strong>PIN (DC)<\/strong><\/td>\n<\/tr>\n<tr>\n<td>Ch\u1ee9c n\u0103ng c\u1ea3m bi\u1ebfn ch\u1ed1ng ch\u00e1y<\/td>\n<td><strong>C\u00f3<\/strong><\/td>\n<\/tr>\n<tr>\n<td>Ch\u1ebf \u0111\u1ed9 h\u1ea7m ti\u1ebft ki\u1ec7m<\/td>\n<td><strong>C\u00f3<\/strong><\/td>\n<\/tr>\n<tr>\n<td>C\u1ea3m \u1ee9ng ng\u1eaft gas<\/td>\n<td><strong>C\u00f3<\/strong><\/td>\n<\/tr>\n<tr>\n<td>C\u1ea3m bi\u1ebfn \u0111\u00e1nh l\u1eeda nhanh, ch\u1ed1ng tr\u00e0n gas<\/td>\n<td><strong>C\u00f3<\/strong><\/td>\n<\/tr>\n<tr>\n<td>C\u1ea3m bi\u1ebfn an to\u00e0n t\u1ef1 \u0111\u1ed9ng<\/td>\n<td><strong>C\u00f3<\/strong><\/td>\n<\/tr>\n<tr>\n<td>C\u00f4ng su\u1ea5t<\/td>\n<td><strong>2 x 3.8Kw<\/strong><\/td>\n<\/tr>\n<tr>\n<td>K\u00edch th\u01b0\u1edbc s\u1ea3n ph\u1ea9m<\/td>\n<td><strong>760 x 440 x 108 (mm)<\/strong><\/td>\n<\/tr>\n<tr>\n<td>K\u00edch th\u01b0\u1edbc c\u1eaft \u0111\u00e1<\/td>\n<td><strong>660 x 360 (mm)<\/strong><\/td>\n<\/tr>\n<tr>\n<td>B\u1ea3o h\u00e0nh<\/td>\n<td><strong>24 th\u00e1ng<\/strong><\/td>\n<\/tr>\n<\/tbody>\n<\/table>\n<div class=\"khung class_popup\"><\/div>\n<div class=\"caption\">Ch\u1ee9ng nh\u1eadn COCQ<\/div>\n<p><img decoding=\"async\" src=\"https:\/\/eurosun.com.vn\/wp-content\/uploads\/2023\/02\/70af86b_70k15e_ga291d_ga292sa.jpg\" alt=\"\u1ea2nh ch\u1ee9ng nh\u1eadn 70af86b_70k15e_ga291d_ga292sa\" \/><\/p>\n<\/div>\n<\/div>\n<\/div>\n<div class=\"xem_tc_hd xem_tc mo_rong\"><\/div>\n<div id=\"huong-dan-su-dung\" class=\"row huong_dan\">\n<div class=\"col medium-12 small-12 large-12\">\n<div class=\"title\">\n<h2 class=\"title__Tt\">H\u01af\u1edaNG D\u1eaaN S\u1eec D\u1ee4NG<\/h2>\n<\/div>\n<div class=\"description\">\n<p><strong>I.L\u1eaeP \u0110\u1eb6T AN TO\u00c0N V\u00c0 \u0110\u00daNG C\u00c1CH.<\/strong><\/p>\n<p>Thi\u1ebft b\u1ecb n\u00e0y ch\u1ec9 c\u00f3 th\u1ec3 \u0111\u01b0\u1ee3c l\u1eafp \u0111\u1eb7t v\u00e0 s\u1eed d\u1ee5ng trong ph\u00f2ng c\u00f3 h\u1ec7 th\u1ed1ng th\u00f4ng gi\u00f3.<\/p>\n<p>Ph\u1ea7n \u1ed1ng d\u1eabn gas ph\u1ea3i \u0111\u01b0\u1ee3c l\u1eafp th\u1eadt c\u1ea9n th\u1eadn, ch\u1eafc ch\u1eafn v\u00e0 kh\u00edt v\u1edbi c\u00e1c kh\u1edbp n\u1ed1i \u0111\u1ec3 \u0111\u1ea3m b\u1ea3o an to\u00e0n khi s\u1eed d\u1ee5ng.<\/p>\n<p>Tu\u00e2n th\u1ee7 quy \u0111\u1ecbnh nh\u01b0 trong h\u01b0\u1edbng d\u1eabn s\u1eed d\u1ee5ng k\u00e8m theo m\u1ed7i s\u1ea3n ph\u1ea9m.<\/p>\n<p><strong>II.CH\u1ee8C N\u0102NG C\u1ea2M BI\u1ebeN AN TO\u00c0N<\/strong><\/p>\n<p>Khi s\u1eed d\u1ee5ng, d\u1ee5ng c\u1ee5 n\u1ea5u s\u1ebd \u00e9p \u0111\u1ea7u c\u1ea3m \u1ee9ng ch\u1ed1ng ch\u00e1y xu\u1ed1ng, \u0111\u1ea7u c\u1ea3m bi\u1ebfn ch\u1ecbu l\u1ef1c su\u1ea5t co l\u1ea1i l\u00e0 tr\u1ea1ng th\u00e1i ho\u1ea1t \u0111\u1ed9ng b\u00ecnh th\u01b0\u1eddng.<\/p>\n<p>Khi nhi\u1ec7t \u0111\u1ed9 c\u1ee7a d\u1ee5ng c\u1ee5 \u0111un n\u1ea5u m\u00e0 \u0111\u1ea7u d\u00f2 c\u1ea3m \u1ee9ng ti\u1ebfp x\u00fac v\u01b0\u1ee3t qu\u00e1 nhi\u1ec7t \u0111\u1ed9 quy \u0111\u1ecbnh, \u0110\u1ea7u c\u1ea3m bi\u1ebfn s\u1ebd truy\u1ec1n c\u1ea3m bi\u1ebfn v\u1ec1 kh\u00f3a \u0111\u00f3ng m\u1edf Gas \u0111\u1ec3 \u0111\u00f3ng Gas l\u1ea1i v\u00e0 b\u1ebfp s\u1ebd d\u1eebng ho\u1ea1t \u0111\u1ed9ng.<\/p>\n<p>Khi b\u1ebfp ch\u00e1y kh\u00f4ng c\u00f3 d\u1ee5ng c\u1ee5 n\u1ea5u, \u0111\u1ea7u d\u00f2 c\u1ea3m \u1ee9ng kh\u00f4ng ch\u1ecbu \u00e1p l\u1ef1c n\u00ean b\u1ebfp s\u1ebd t\u1ef1 \u0111\u1ed9ng d\u1eebng ch\u00e1y sau 40 gi\u00e2y.<\/p>\n<p><strong>III.V\u1ec6 SINH B\u1ebeP GAS TH\u01af\u1edcNG XUY\u00caN<\/strong><\/p>\n<p>C\u00e1ch t\u1ed1t nh\u1ea5t \u0111\u1ec3 gi\u1eef cho b\u1ebfp gas lu\u00f4n s\u00e1ng b\u00f3ng nh\u01b0 l\u00fac m\u1edbi mua l\u00e0 b\u1ea1n ph\u1ea3i v\u1ec7 sinh, ch\u00f9i r\u1eeda b\u1ebfp gas m\u1ed7i ng\u00e0y sau khi n\u1ea5u \u0103n xong. N\u1ebfu kh\u00f4ng b\u1ea1n ch\u00f9i r\u1eeda th\u01b0\u1eddng xuy\u00ean, th\u00ec c\u00e1c l\u1ed7 kh\u00ed s\u1ebd d\u1ec5 b\u1ecb b\u00edt l\u1ea1i khi\u1ebfn m\u1ed9t ph\u1ea7n gas s\u1ebd th\u1ea5t tho\u00e1t ra ngo\u00e0i, l\u00e2u ng\u00e0y ng\u1ecdn l\u1eeda s\u1ebd nh\u1ecf d\u1ea7n.<\/p>\n<p><strong>IV.KI\u1ec2M TRA AN TO\u00c0N \u0110\u1ecaNH K\u1ef2<\/strong><\/p>\n<p>Tr\u01b0\u1edbc khi v\u1ec7 sinh ho\u1eb7c th\u1ef1c hi\u1ec7n b\u1ea3o tr\u00ec tr\u00ean thi\u1ebft b\u1ecb c\u1ee7a b\u1ea1n, h\u00e3y ng\u1eaft k\u1ebft n\u1ed1i thi\u1ebft b\u1ecb kh\u1ecfi ngu\u1ed3n gas.<\/p>\n<p>Ng\u1ecdn l\u1eeda b\u1ecb \u0111\u1ecf v\u00e0 c\u00f3 mu\u1ed9i \u0111en b\u00e1m n\u1ed3i nhi\u1ec1u. C\u1ea7n ki\u1ec3m tra \u0111i\u1ec1u ch\u1ec9nh b\u1ed5 sung gi\u00f3 ho\u1eb7c do ngu\u1ed3n gas cung c\u1ea5p b\u1ecb b\u1ea9n.<\/p>\n<\/div>\n<\/div>\n<\/div>\n","protected":false},"excerpt":{"rendered":"<div class=\"text-sub img-quocgia\">Xu\u1ea5t x\u1ee9:\u00a0PRC<\/div>\n<div class=\"text-sub\">NSX:\u00a0Eurosun<\/div>\n<div class=\"text-sub\">B\u1ea3o h\u00e0nh:\u00a024 th\u00e1ng<\/div>\n","protected":false},"featured_media":1556,"comment_status":"open","ping_status":"closed","template":"","meta":[],"product_brand":[],"product_cat":[37,39],"product_tag":[],"class_list":{"0":"post-1555","1":"product","2":"type-product","3":"status-publish","4":"has-post-thumbnail","6":"product_cat-bep-gas-am","7":"product_cat-eurosun","9":"first","10":"instock","11":"shipping-taxable","12":"product-type-simple"},"_links":{"self":[{"href":"https:\/\/nhadepbepxinh.com.vn\/index.php?rest_route=\/wp\/v2\/product\/1555","targetHints":{"allow":["GET"]}}],"collection":[{"href":"https:\/\/nhadepbepxinh.com.vn\/index.php?rest_route=\/wp\/v2\/product"}],"about":[{"href":"https:\/\/nhadepbepxinh.com.vn\/index.php?rest_route=\/wp\/v2\/types\/product"}],"replies":[{"embeddable":true,"href":"https:\/\/nhadepbepxinh.com.vn\/index.php?rest_route=%2Fwp%2Fv2%2Fcomments&post=1555"}],"wp:featuredmedia":[{"embeddable":true,"href":"https:\/\/nhadepbepxinh.com.vn\/index.php?rest_route=\/wp\/v2\/media\/1556"}],"wp:attachment":[{"href":"https:\/\/nhadepbepxinh.com.vn\/index.php?rest_route=%2Fwp%2Fv2%2Fmedia&parent=1555"}],"wp:term":[{"taxonomy":"product_brand","embeddable":true,"href":"https:\/\/nhadepbepxinh.com.vn\/index.php?rest_route=%2Fwp%2Fv2%2Fproduct_brand&post=1555"},{"taxonomy":"product_cat","embeddable":true,"href":"https:\/\/nhadepbepxinh.com.vn\/index.php?rest_route=%2Fwp%2Fv2%2Fproduct_cat&post=1555"},{"taxonomy":"product_tag","embeddable":true,"href":"https:\/\/nhadepbepxinh.com.vn\/index.php?rest_route=%2Fwp%2Fv2%2Fproduct_tag&post=1555"}],"curies":[{"name":"wp","href":"https:\/\/api.w.org\/{rel}","templated":true}]}}