{"id":1548,"date":"2025-03-26T09:12:53","date_gmt":"2025-03-26T02:12:53","guid":{"rendered":"https:\/\/nhadepbepxinh.com.vn\/?post_type=product&#038;p=1548"},"modified":"2025-03-26T09:12:54","modified_gmt":"2025-03-26T02:12:54","slug":"bep-tu-bosch-3-vung-pid775dc1e","status":"publish","type":"product","link":"https:\/\/nhadepbepxinh.com.vn\/?product=bep-tu-bosch-3-vung-pid775dc1e","title":{"rendered":"B\u00ca\u0301P T\u01af\u0300 BOSCH 3 VU\u0300NG PID775DC1E"},"content":{"rendered":"<p>Bosch PDI775DC1E l\u00e0 m\u1ed9t trong nh\u1eefng s\u1ea3n ph\u1ea9m b\u1ebfp t\u1eeb cao c\u1ea5p thu\u1ed9c seri 8 c\u1ee7a th\u01b0\u01a1ng hi\u1ec7u Bosch v\u1edbi kh\u1ea3 n\u0103ng n\u1ea5u n\u01b0\u1edbng nhanh ch\u00f3ng v\u00e0 ti\u1ebft ki\u1ec7m. S\u1ea3n ph\u1ea9m l\u00e0 s\u1ef1 k\u1ebft h\u1ee3p ho\u00e0n h\u1ea3o gi\u1eefa c\u00f4ng ngh\u1ec7 ti\u00ean ti\u1ebfn v\u00e0 thi\u1ebft k\u1ebf hi\u1ec7n \u0111\u1ea1i theo ti\u00eau chu\u1ea9n ch\u00e2u \u00c2u, v\u1edbi nh\u1eefng t\u00ednh n\u0103ng \u0111\u1ed9c \u0111\u00e1o v\u00e0 hi\u1ec7u su\u1ea5t v\u01b0\u1ee3t tr\u1ed9i, mang \u0111\u1ebfn tr\u1ea3i nghi\u1ec7m n\u1ea5u \u0103n tuy\u1ec7t v\u1eddi v\u00e0 an to\u00e0n cho ng\u01b0\u1eddi d\u00f9ng.<\/p>\n<p><img loading=\"lazy\" decoding=\"async\" class=\"aligncenter wp-image-7543 lazy-load-active\" title=\"B\u1ebfp t\u1eeb Bosch PID775DC1E 9\" src=\"https:\/\/boschhome.vn\/wp-content\/uploads\/2021\/12\/Bosch-PID775DC1E-Serie-8.jpg\" sizes=\"auto, (max-width: 408px) 100vw, 408px\" srcset=\"https:\/\/boschhome.vn\/wp-content\/uploads\/2021\/12\/Bosch-PID775DC1E-Serie-8.jpg 600w, https:\/\/boschhome.vn\/wp-content\/uploads\/2021\/12\/Bosch-PID775DC1E-Serie-8-247x186.jpg 247w, https:\/\/boschhome.vn\/wp-content\/uploads\/2021\/12\/Bosch-PID775DC1E-Serie-8-510x383.jpg 510w\" alt=\"\u1ea2nh b\u1ebfp t\u1eeb Bosch PID775DC1E\" width=\"408\" height=\"307\" data-src=\"https:\/\/boschhome.vn\/wp-content\/uploads\/2021\/12\/Bosch-PID775DC1E-Serie-8.jpg\" data-srcset=\"https:\/\/boschhome.vn\/wp-content\/uploads\/2021\/12\/Bosch-PID775DC1E-Serie-8.jpg 600w, https:\/\/boschhome.vn\/wp-content\/uploads\/2021\/12\/Bosch-PID775DC1E-Serie-8-247x186.jpg 247w, https:\/\/boschhome.vn\/wp-content\/uploads\/2021\/12\/Bosch-PID775DC1E-Serie-8-510x383.jpg 510w\" \/><\/p>\n<h2><b><i>\u0110\u1eb7c \u0111i\u1ec3m n\u1ed5i b\u1eadt c\u1ee7a s\u1ea3n ph\u1ea9m<\/i><\/b><\/h2>\n<ul>\n<li>B\u1ebfp c\u00f3 thi\u1ebft k\u1ebf \u0111\u1eb9p m\u1eaft, sang tr\u1ecdng v\u1edbi m\u1eb7t k\u00ednh g\u1ed1m th\u1ee7y tinh Schott Ceran ch\u1ecbu \u0111\u01b0\u1ee3c nhi\u1ec7t \u0111\u1ed9 cao, v\u00e0 ch\u1ecbu s\u1ed1c nhi\u1ec7t t\u1ed1t. B\u1ec1 m\u1eb7t ch\u1ed1ng tr\u1ea7y x\u01b0\u1edbc v\u00e0 d\u1ec5 d\u00e0ng v\u1ec7 sinh. Thi\u1ebft k\u1ebf hi\u1ec7n \u0111\u1ea1i, tinh t\u1ebf bo vi\u1ec1n inox ph\u00f9 h\u1ee3p v\u1edbi nhi\u1ec1u phong c\u00e1ch n\u1ed9i th\u1ea5t v\u00e0 kh\u00f4ng gian nh\u00e0 b\u1ebfp.<\/li>\n<li>B\u1ebfp c\u00f3 3 v\u00f9ng n\u1ea5u t\u1eeb v\u1edbi k\u00edch th\u01b0\u1edbc v\u00e0 c\u00f4ng su\u1ea5t kh\u00e1c nhau, v\u00f9ng n\u1ea5u l\u1edbn c\u00f3 k\u00edch th\u01b0\u1edbc l\u00ean \u0111\u1ebfn 32cm ph\u00f9 h\u1ee3p v\u1edbi n\u1ed3i ch\u1ea3o c\u00f3 k\u00edch th\u01b0\u1edbc l\u1edbn. C\u00e1c v\u00f9ng n\u1ea5u \u0111\u1ec1u trang b\u1ecb ch\u1ee9c n\u0103ng Booster cho ph\u00e9p t\u0103ng c\u00f4ng su\u1ea5t l\u00ean \u0111\u1ebfn m\u1ee9c t\u1ed1i \u0111a trong th\u1eddi gian ng\u1eafn. \u0110i\u1ec1u n\u00e0y gi\u00fap \u0111un s\u00f4i n\u01b0\u1edbc nhanh ch\u00f3ng v\u00e0 ti\u1ebft ki\u1ec7m th\u1eddi gian n\u1ea5u \u0103n<\/li>\n<li>B\u1ebfp c\u00f3 b\u1ea3ng \u0111i\u1ec1u khi\u1ec3n c\u1ea3m \u1ee9ng \u1ea9n hi\u1ec7n \u0111\u1ea1i, \u0111i\u1ec1u khi\u1ec3n ch\u1ea1m v\u00e0 ch\u1ecdn v\u1edbi 17 c\u1ea5p \u0111\u1ed9 nhi\u1ec7t, d\u1ec5 d\u00e0ng t\u00f9y ch\u1ec9nh v\u00e0 thay \u0111\u1ed5i m\u1ee9c nhi\u1ec7t theo \u00fd mu\u1ed1n. Giao di\u1ec7n \u0111\u01a1n gi\u1ea3n, tr\u1ef1c quan gi\u00fap b\u1ea1n \u0111i\u1ec1u ch\u1ec9nh nhi\u1ec7t \u0111\u1ed9 m\u1ed9t c\u00e1ch linh ho\u1ea1t v\u00e0 d\u1ec5 d\u00e0ng.<\/li>\n<li>B\u1ebfp t\u1eeb Bosch PDI7755DC1E ch\u1ee9c n\u0103ng ch\u1ed1ng tr\u00e0n b\u00e0n ph\u00edm v\u00e0 t\u1ef1 ng\u1eaft khi n\u01b0\u1edbc tr\u00e0n ra ngo\u00e0i an to\u00e0n khi n\u1ea5u n\u01b0\u1edbng kh\u00f4ng lo ch\u1eadp ch\u00e1y.<\/li>\n<li>\u0110\u01b0\u1ee3c trang b\u1ecb ch\u1ee9c n\u0103ng t\u1ef1 \u0111\u1ed9ng ng\u1eaft sau m\u1ed9t kho\u1ea3ng th\u1eddi gian kh\u00f4ng s\u1eed d\u1ee5ng gi\u00fap ti\u1ebft ki\u1ec7m n\u0103ng l\u01b0\u1ee3ng v\u00e0 \u0111\u1ea3m b\u1ea3o an to\u00e0n.<\/li>\n<li>B\u1ebfp c\u00f3 ch\u1ee9c n\u0103ng h\u1eb9n gi\u1edd, c\u1ea3m bi\u1ebfn chi\u00ean x\u00e0o 5 m\u1ee9c nhi\u1ec7t Perfect Fry t\u1ef1 \u0111\u1ed9ng ki\u1ec3m so\u00e1t \u0111i\u1ec1u ch\u1ec9nh nhi\u1ec7t \u0111\u1ed9 c\u1ee7a d\u1ee5ng c\u1ee5 n\u1ea5u. Ch\u1ee9c n\u0103ng c\u1ea3nh b\u00e1o nhi\u1ec7t d\u01b0 2 c\u1ea5p \u0111\u1ed9 an to\u00e0n khi s\u1eed d\u1ee5ng.<\/li>\n<\/ul>\n<h2><b>T\u00ednh n\u0103ng\u00a0<\/b><\/h2>\n<ul>\n<li>Ch\u1ee9c n\u0103ng Auto Start (nh\u1eadn di\u1ec7n v\u00f9ng n\u1ea5u)<\/li>\n<li>Kh\u00f3a tr\u1ebb em<\/li>\n<li>C\u1ea3nh b\u00e1o nhi\u1ec7t d\u01b0 2 c\u1ea5p \u0111\u1ed9<\/li>\n<li>T\u1ef1 \u0111\u1ed9ng t\u1eaft khi kh\u00f4ng s\u1eed d\u1ee5ng<\/li>\n<li>C\u1ea3nh b\u00e1o b\u1eb1ng \u00e2m thanh<\/li>\n<li>Ch\u1ed1ng tr\u00e0n<\/li>\n<li>H\u1eb9n gi\u1edd \u0111\u1ebfn 99 ph\u00fat<\/li>\n<li>T\u1ef1 nh\u1eadn di\u1ec7n n\u1ed3i ch\u1ea3o<\/li>\n<li>Direct Select Premium: L\u1ef1a ch\u1ecdn tr\u1ef1c ti\u1ebfp, nhanh v\u00e0 \u0111\u01a1n gi\u1ea3n c\u00e1c c\u1ea5p \u0111\u1ed9 n\u1ea5u<\/li>\n<li>PowerBoost: Ch\u1ee9c n\u0103ng gia nhi\u1ec7t nhanh<\/li>\n<li>Perfectfry: C\u1ea3m bi\u1ebfn chi\u00ean t\u1ef1 \u0111\u1ed9ng ki\u1ec3m so\u00e1t nhi\u1ec7t \u0111\u1ed9 c\u1ee7a d\u1ee5ng c\u1ee5 n\u1ea5u<\/li>\n<li>M\u1edf r\u1ed9ng v\u00f9ng n\u1ea5u<\/li>\n<\/ul>\n<h2><b>Th\u00f4ng s\u1ed1 k\u1ef9 thu\u1eadt\u00a0<\/b><\/h2>\n<p><img loading=\"lazy\" decoding=\"async\" class=\"alignnone wp-image-12917 aligncenter lazy-load-active\" title=\"B\u1ebfp t\u1eeb Bosch PID775DC1E 10\" src=\"https:\/\/boschhome.vn\/wp-content\/uploads\/2022\/04\/bosch-pid775dc1e-e1701934000119.jpg\" alt=\"K\u00edch th\u01b0\u1edbc B\u1ebfp t\u1eeb Bosch PID775DC1E cao c\u1ea5p\" width=\"436\" height=\"436\" data-src=\"https:\/\/boschhome.vn\/wp-content\/uploads\/2022\/04\/bosch-pid775dc1e-e1701934000119.jpg\" \/><\/p>\n<p>&nbsp;<\/p>\n<table border=\"1\">\n<tbody>\n<tr>\n<td>M\u00e0u s\u1eafc<\/td>\n<td>M\u00e0u \u0111en<\/td>\n<\/tr>\n<tr>\n<td>Ch\u1ea5t li\u1ec7u m\u1eb7t b\u1ebfp<\/td>\n<td>M\u1eb7t g\u1ed1m th\u1ee7y tinh Schott ceran<\/td>\n<\/tr>\n<tr>\n<td>Ki\u1ec3u l\u1eafp \u0111\u1eb7t<\/td>\n<td>L\u1eafp \u00e2m<\/td>\n<\/tr>\n<tr>\n<td>B\u1ea3ng \u0111i\u1ec1u khi\u1ec3n<\/td>\n<td>C\u1ea3m \u1ee9ng ch\u1ea1m ch\u1ecdn Direct Select<\/td>\n<\/tr>\n<tr>\n<td>S\u1ed1 v\u00f9ng n\u1ea5u<\/td>\n<td>3<\/td>\n<\/tr>\n<tr>\n<td>C\u00f4ng su\u1ea5t v\u00f9ng n\u1ea5u 1<\/td>\n<td>1400W \u2013 2200W<\/td>\n<\/tr>\n<tr>\n<td>C\u00f4ng su\u1ea5t v\u00f9ng n\u1ea5u 2<\/td>\n<td>1800W \u2013 3700W<\/td>\n<\/tr>\n<tr>\n<td>C\u00f4ng su\u1ea5t v\u00f9ng n\u1ea5u 3<\/td>\n<td>2200\/2600\/3200 W<\/td>\n<\/tr>\n<tr>\n<td>M\u1ee9c c\u00f4ng su\u1ea5t nhi\u1ec7t<\/td>\n<td>17<\/td>\n<\/tr>\n<tr>\n<td>\u0110i\u1ec7n \u00e1p<\/td>\n<td>220-240V \/ 50-60Hz<\/td>\n<\/tr>\n<tr>\n<td>T\u1ed5ng c\u00f4ng su\u1ea5t<\/td>\n<td>7400W<\/td>\n<\/tr>\n<tr>\n<td>Chi\u1ec1u d\u00e0i d\u00e2y ngu\u1ed3n<\/td>\n<td>1100 mm<\/td>\n<\/tr>\n<tr>\n<td>K\u00edch th\u01b0\u1edbc s\u1ea3n ph\u1ea9m<\/td>\n<td>710 x 527 x 51 mm<\/td>\n<\/tr>\n<tr>\n<td>K\u00edch th\u01b0\u1edbc l\u1eafp \u0111\u1eb7t<\/td>\n<td>560 x 490 \u2013 500 x 51 mm<\/td>\n<\/tr>\n<\/tbody>\n<\/table>\n<h3><b>H\u01b0\u1edbng d\u1eabn v\u1eadn h\u00e0nh\u00a0<\/b><\/h3>\n<p>C\u00e1c k\u00fd hi\u1ec7u tr\u00ean m\u1eb7t b\u1ebfp v\u00e0 ch\u1ee9c n\u0103ng c\u1ee7a n\u00f3<\/p>\n<p><img loading=\"lazy\" decoding=\"async\" class=\"alignnone size-full wp-image-23214 lazy-load-active\" title=\"B\u1ebfp t\u1eeb Bosch PID775DC1E 11\" src=\"https:\/\/boschhome.vn\/wp-content\/uploads\/2022\/04\/bang-dieu-khien-bep-tu-bosch-pid775dc1e-1.jpg\" sizes=\"auto, (max-width: 480px) 100vw, 480px\" srcset=\"https:\/\/boschhome.vn\/wp-content\/uploads\/2022\/04\/bang-dieu-khien-bep-tu-bosch-pid775dc1e-1.jpg 480w, https:\/\/boschhome.vn\/wp-content\/uploads\/2022\/04\/bang-dieu-khien-bep-tu-bosch-pid775dc1e-1-368x94.jpg 368w, https:\/\/boschhome.vn\/wp-content\/uploads\/2022\/04\/bang-dieu-khien-bep-tu-bosch-pid775dc1e-1-247x63.jpg 247w\" alt=\"B\u1ea3ng \u0111i\u1ec1u khi\u1ec3n B\u1ebfp t\u1eeb Bosch PID775DC1E\" width=\"480\" height=\"122\" data-src=\"https:\/\/boschhome.vn\/wp-content\/uploads\/2022\/04\/bang-dieu-khien-bep-tu-bosch-pid775dc1e-1.jpg\" data-srcset=\"https:\/\/boschhome.vn\/wp-content\/uploads\/2022\/04\/bang-dieu-khien-bep-tu-bosch-pid775dc1e-1.jpg 480w, https:\/\/boschhome.vn\/wp-content\/uploads\/2022\/04\/bang-dieu-khien-bep-tu-bosch-pid775dc1e-1-368x94.jpg 368w, https:\/\/boschhome.vn\/wp-content\/uploads\/2022\/04\/bang-dieu-khien-bep-tu-bosch-pid775dc1e-1-247x63.jpg 247w\" \/><\/p>\n<h3><b>L\u01b0u \u00fd an to\u00e0n khi s\u1eed d\u1ee5ng\u00a0<\/b><\/h3>\n<ul>\n<li aria-level=\"1\">\u0110\u1ecdc k\u1ef9 h\u01b0\u1edbng d\u1eabn s\u1eed d\u1ee5ng \u0111\u1ec3 hi\u1ec3u r\u00f5 c\u00e1c t\u00ednh n\u0103ng, ch\u1ee9c n\u0103ng v\u00e0 l\u01b0u \u00fd quan tr\u1ecdng. \u0110\u1ea3m b\u1ea3o b\u1ea1n hi\u1ec3u c\u00e1ch v\u1eadn h\u00e0nh v\u00e0 c\u00e0i \u0111\u1eb7t \u0111\u00fang c\u00e1ch.<\/li>\n<li aria-level=\"1\">H\u00e3y s\u1eed d\u1ee5ng c\u00e1c n\u1ed3i v\u00e0 ch\u1ea3o c\u00f3 \u0111\u01b0\u1eddng k\u00ednh ph\u00f9 h\u1ee3p v\u1edbi c\u00e1c v\u00f9ng n\u1ea5u tr\u00ean b\u1ec1 m\u1eb7t b\u1ebfp t\u1eeb. Kh\u00f4ng s\u1eed d\u1ee5ng n\u1ed3i ch\u1ea3o c\u00f3 \u0111\u01b0\u1eddng k\u00ednh qu\u00e1 nh\u1ecf<\/li>\n<li aria-level=\"1\">B\u1ebfp t\u1eeb Bosch PDI775DC1E \u0111\u01b0\u1ee3c trang b\u1ecb t\u00ednh n\u0103ng kh\u00f3a tr\u1ebb em \u0111\u1ec3 \u0111\u1ea3m b\u1ea3o an to\u00e0n cho tr\u1ebb nh\u1ecf. H\u00e3y k\u00edch ho\u1ea1t t\u00ednh n\u0103ng n\u00e0y khi kh\u00f4ng s\u1eed d\u1ee5ng b\u1ebfp \u0111\u1ec3 ng\u0103n ch\u1eb7n tr\u1ebb em ti\u1ebfp c\u1eadn v\u00e0 thao t\u00e1c v\u1edbi b\u1ebfp t\u1eeb m\u1ed9t c\u00e1ch an to\u00e0n.<\/li>\n<li aria-level=\"1\">Sau khi s\u1eed d\u1ee5ng, h\u00e3y \u0111\u1ea3m b\u1ea3o t\u1eaft ngu\u1ed3n v\u00e0 \u0111\u1ec3 b\u1ec1 m\u1eb7t b\u1ebfp t\u1eeb ngu\u1ed9i tr\u01b0\u1edbc khi v\u1ec7 sinh. S\u1eed d\u1ee5ng c\u00e1c ch\u1ea5t t\u1ea9y r\u1eeda ph\u00f9 h\u1ee3p v\u00e0 m\u1ec1m \u0111\u1ec3 l\u00e0m s\u1ea1ch b\u1ec1 m\u1eb7t m\u00e0 kh\u00f4ng g\u00e2y h\u01b0 h\u1ecfng. Tr\u00e1nh s\u1eed d\u1ee5ng d\u1ee5ng c\u1ee5 kh\u00f4 c\u1ee9ng c\u00f3 h\u1ea1t m\u00e0i \u0111\u1ec3 tr\u00e1nh l\u00e0m tr\u1ea7y x\u01b0\u1edbc m\u1eb7t b\u1ebfp.<\/li>\n<li aria-level=\"1\">Ki\u1ec3m tra c\u00e1c linh ki\u1ec7n v\u00e0 ph\u1ee5 ki\u1ec7n tr\u01b0\u1edbc khi s\u1eed d\u1ee5ng, \u0111\u1eb7c bi\u1ec7t l\u00e0 d\u00e2y \u0111i\u1ec7n v\u00e0 \u1ed5 c\u1eafm. N\u1ebfu ph\u00e1t hi\u1ec7n b\u1ea5t k\u1ef3 h\u01b0 h\u1ecfng n\u00e0o h\u00e3y ng\u1eebng s\u1eed d\u1ee5ng v\u00e0 li\u00ean h\u1ec7 v\u1edbi d\u1ecbch v\u1ee5 h\u1ed7 tr\u1ee3 k\u1ef9 thu\u1eadt.<\/li>\n<li aria-level=\"1\">Lu\u00f4n t\u1eaft ngu\u1ed3n \u0111i\u1ec7n khi kh\u00f4ng s\u1eed d\u1ee5ng b\u1ebfp t\u1eeb. \u0110i\u1ec1u n\u00e0y gi\u00fap ti\u1ebft ki\u1ec7m n\u0103ng l\u01b0\u1ee3ng v\u00e0 \u0111\u1ea3m b\u1ea3o an to\u00e0n cho c\u00e1c t\u00ecnh hu\u1ed1ng kh\u00f4ng mong mu\u1ed1n nh\u01b0 tr\u1ebb em ti\u1ebfp c\u1eadn ho\u1eb7c v\u00f4 t\u00ecnh ch\u1ea1m v\u00e0o b\u1ec1 m\u1eb7t n\u00f3ng.<\/li>\n<\/ul>\n","protected":false},"excerpt":{"rendered":"<p>M\u00e3 s\u1ea3n ph\u1ea9m: PID775DC1E<\/p>\n<p>Th\u01b0\u01a1ng hi\u1ec7u: Bosch<\/p>\n<p>Xu\u1ea5t x\u1ee9: T\u00e2y Ban Nha<\/p>\n<p>B\u1ea3o h\u00e0nh: 3 n\u0103m<\/p>\n","protected":false},"featured_media":1549,"comment_status":"open","ping_status":"closed","template":"","meta":[],"product_brand":[],"product_cat":[15,36],"product_tag":[],"class_list":{"0":"post-1548","1":"product","2":"type-product","3":"status-publish","4":"has-post-thumbnail","6":"product_cat-bep-tu","7":"product_cat-bosch","9":"first","10":"instock","11":"shipping-taxable","12":"product-type-simple"},"_links":{"self":[{"href":"https:\/\/nhadepbepxinh.com.vn\/index.php?rest_route=\/wp\/v2\/product\/1548","targetHints":{"allow":["GET"]}}],"collection":[{"href":"https:\/\/nhadepbepxinh.com.vn\/index.php?rest_route=\/wp\/v2\/product"}],"about":[{"href":"https:\/\/nhadepbepxinh.com.vn\/index.php?rest_route=\/wp\/v2\/types\/product"}],"replies":[{"embeddable":true,"href":"https:\/\/nhadepbepxinh.com.vn\/index.php?rest_route=%2Fwp%2Fv2%2Fcomments&post=1548"}],"wp:featuredmedia":[{"embeddable":true,"href":"https:\/\/nhadepbepxinh.com.vn\/index.php?rest_route=\/wp\/v2\/media\/1549"}],"wp:attachment":[{"href":"https:\/\/nhadepbepxinh.com.vn\/index.php?rest_route=%2Fwp%2Fv2%2Fmedia&parent=1548"}],"wp:term":[{"taxonomy":"product_brand","embeddable":true,"href":"https:\/\/nhadepbepxinh.com.vn\/index.php?rest_route=%2Fwp%2Fv2%2Fproduct_brand&post=1548"},{"taxonomy":"product_cat","embeddable":true,"href":"https:\/\/nhadepbepxinh.com.vn\/index.php?rest_route=%2Fwp%2Fv2%2Fproduct_cat&post=1548"},{"taxonomy":"product_tag","embeddable":true,"href":"https:\/\/nhadepbepxinh.com.vn\/index.php?rest_route=%2Fwp%2Fv2%2Fproduct_tag&post=1548"}],"curies":[{"name":"wp","href":"https:\/\/api.w.org\/{rel}","templated":true}]}}