{"id":1542,"date":"2025-03-26T09:03:45","date_gmt":"2025-03-26T02:03:45","guid":{"rendered":"https:\/\/nhadepbepxinh.com.vn\/?post_type=product&#038;p=1542"},"modified":"2025-03-26T09:03:46","modified_gmt":"2025-03-26T02:03:46","slug":"bep-tu-3-vung-nau-pid651dc5e","status":"publish","type":"product","link":"https:\/\/nhadepbepxinh.com.vn\/?product=bep-tu-3-vung-nau-pid651dc5e","title":{"rendered":"B\u00ca\u0301P T\u01af\u0300 3 VU\u0300NG N\u00c2\u0301U PID651DC5E"},"content":{"rendered":"<p>B\u1ebfp t\u1eeb Bosch PID651DC5E thu\u1ed9c ph\u00e2n kh\u00fac cao c\u1ea5p seri 8 c\u1ee7a th\u01b0\u01a1ng hi\u1ec7u Bosch v\u1edbi nhi\u1ec1u t\u00ednh n\u0103ng v\u00e0 \u01b0u \u0111i\u1ec3m v\u01b0\u1ee3t tr\u1ed9i nh\u01b0 t\u1ef1 \u0111\u1ed9ng ki\u1ec3m so\u00e1t nhi\u1ec7t \u0111\u1ed9 d\u1ee5ng c\u1ee5 n\u1ea5u, duy tr\u00ec nhi\u1ec7t \u0111\u1ed9 \u1ed5n \u0111\u1ecbnh, gia nhi\u1ec7t nhanh v\u00e0 t\u1ef1 t\u1eaft khi kh\u00f4ng s\u1eed d\u1ee5ng\u2026b\u1ebfp t\u1eeb n\u00e0y kh\u00f4ng ch\u1ec9 t\u1ea1o n\u00ean v\u1ebb \u0111\u1eb9p \u0111\u1ed9c \u0111\u00e1o m\u00e0 c\u00f2n mang l\u1ea1i s\u1ef1 ti\u1ec7n nghi v\u00e0 hi\u1ec7u su\u1ea5t v\u01b0\u1ee3t tr\u1ed9i.<\/p>\n<p><img loading=\"lazy\" decoding=\"async\" class=\"alignnone wp-image-23303 lazy-load-active\" title=\"B\u1ebfp t\u1eeb 3 v\u00f9ng n\u1ea5u Bosch PID651DC5E 6\" src=\"https:\/\/boschhome.vn\/wp-content\/uploads\/2022\/04\/anh-thuc-te-bep-tu-bosch-pid651dc5e.jpg\" sizes=\"auto, (max-width: 600px) 100vw, 600px\" srcset=\"https:\/\/boschhome.vn\/wp-content\/uploads\/2022\/04\/anh-thuc-te-bep-tu-bosch-pid651dc5e.jpg 800w, https:\/\/boschhome.vn\/wp-content\/uploads\/2022\/04\/anh-thuc-te-bep-tu-bosch-pid651dc5e-368x213.jpg 368w, https:\/\/boschhome.vn\/wp-content\/uploads\/2022\/04\/anh-thuc-te-bep-tu-bosch-pid651dc5e-768x445.jpg 768w, https:\/\/boschhome.vn\/wp-content\/uploads\/2022\/04\/anh-thuc-te-bep-tu-bosch-pid651dc5e-247x143.jpg 247w, https:\/\/boschhome.vn\/wp-content\/uploads\/2022\/04\/anh-thuc-te-bep-tu-bosch-pid651dc5e-510x296.jpg 510w\" alt=\"\u1ea2nh th\u1ef1c t\u1ebf B\u1ebfp t\u1eeb Bosch PID651DC5E\" width=\"600\" height=\"348\" data-src=\"https:\/\/Boschhome.vn\/wp-content\/uploads\/2022\/04\/anh-thuc-te-bep-tu-bosch-pid651dc5e.jpg\" data-srcset=\"https:\/\/boschhome.vn\/wp-content\/uploads\/2022\/04\/anh-thuc-te-bep-tu-bosch-pid651dc5e.jpg 800w, https:\/\/boschhome.vn\/wp-content\/uploads\/2022\/04\/anh-thuc-te-bep-tu-bosch-pid651dc5e-368x213.jpg 368w, https:\/\/boschhome.vn\/wp-content\/uploads\/2022\/04\/anh-thuc-te-bep-tu-bosch-pid651dc5e-768x445.jpg 768w, https:\/\/boschhome.vn\/wp-content\/uploads\/2022\/04\/anh-thuc-te-bep-tu-bosch-pid651dc5e-247x143.jpg 247w, https:\/\/boschhome.vn\/wp-content\/uploads\/2022\/04\/anh-thuc-te-bep-tu-bosch-pid651dc5e-510x296.jpg 510w\" \/><\/p>\n<h2><b><i>\u0110\u1eb7c \u0111i\u1ec3m n\u1ed5i b\u1eadt c\u1ee7a b\u1ebfp t\u1eeb:<\/i><\/b><\/h2>\n<ul>\n<li>B\u1ebfp t\u1eeb Bosch PID651DC5E c\u00f2n \u0111\u01b0\u1ee3c trang b\u1ecb c\u00e1c t\u00ednh n\u0103ng th\u00f4ng minh nh\u01b0 ch\u1ee9c n\u0103ng t\u1ef1 \u0111\u1ed9ng nh\u1eadn di\u1ec7n n\u1ed3i, t\u1ef1 \u0111\u1ed9ng t\u1eaft ngu\u1ed3n khi kh\u00f4ng s\u1eed d\u1ee5ng v\u00e0 kh\u00f3a an to\u00e0n tr\u1ebb em, gi\u00fap b\u1ea3o v\u1ec7 an to\u00e0n cho gia \u0111\u00ecnh.<\/li>\n<li>B\u1ebfp t\u1eeb n\u00e0y \u0111\u01b0\u1ee3c trang b\u1ecb c\u00f4ng ngh\u1ec7 Perfect Fry t\u1ef1 \u0111\u1ed9ng \u0111i\u1ec1u ch\u1ec9nh, ki\u1ec3m so\u00e1t nhi\u1ec7t \u0111\u1ed9 n\u1ed3i n\u1ea5u v\u00e0 duy tr\u00ec s\u1ef1 \u1ed5n \u0111\u1ecbnh cho ph\u00e9p b\u1ea1n n\u1ea5u \u0103n m\u1ed9t c\u00e1ch d\u1ec5 d\u00e0ng \u0111\u1ea3m b\u1ea3o m\u00f3n \u0103n kh\u00f4ng b\u1ecb ch\u00e1y ho\u1eb7c ch\u00edn qu\u00e1.<\/li>\n<li>Ch\u1ee9c n\u0103ng Power Boost gi\u00fap t\u0103ng c\u00f4ng su\u1ea5t l\u00ean \u0111\u1ebfn 30% so v\u1edbi c\u00f4ng su\u1ea5t t\u1ed1i \u0111a th\u00f4ng th\u01b0\u1eddng. B\u1ea1n c\u00f3 th\u1ec3 \u0111un s\u00f4i 2 l\u00edt n\u01b0\u1edbc trong kho\u1ea3ng 3 ph\u00fat.<\/li>\n<li>Trang b\u1ecb b\u1ea3ng \u0111i\u1ec1u khi\u1ec3n c\u1ea3m \u1ee9ng Direct Select, gi\u00fap b\u1ea1n d\u1ec5 d\u00e0ng \u0111i\u1ec1u ch\u1ec9nh v\u00e0 ch\u1ecdn c\u00e1c ch\u1ebf \u0111\u1ed9 n\u1ea5u m\u1ed9t c\u00e1ch thu\u1eadn ti\u1ec7n v\u00e0 nhanh ch\u00f3ng.<\/li>\n<li>B\u1ebfp t\u1eeb Bosch PID651DC5E c\u00f3 thi\u1ebft k\u1ebf hi\u1ec7n \u0111\u1ea1i, sang tr\u1ecdng v\u1edbi m\u1eb7t k\u00ednh cao c\u1ea5p Schott Ceran ch\u1ecbu l\u1ef1c v\u00e0 ch\u1ecbu nhi\u1ec7t t\u1ed1t. Ngo\u00e0i ra, b\u1ec1 m\u1eb7t b\u1ebfp c\u0169ng r\u1ea5t d\u1ec5 d\u00e0ng v\u1ec7 sinh sau khi s\u1eed d\u1ee5ng.<\/li>\n<\/ul>\n<h2><b><i>T\u00ednh n\u0103ng:\u00a0<\/i><\/b><\/h2>\n<ul>\n<li>C\u1ea3m bi\u1ebfn Perfect Fry ki\u1ec3m so\u00e1t nhi\u1ec7t \u0111\u1ed9 d\u1ee5ng c\u1ee5 n\u1ea5u<\/li>\n<li>Ch\u1ee9c n\u0103ng h\u1eb9n gi\u1edd t\u1eaft, h\u1eb9n gi\u1edd b\u00e1o, \u0111\u1ebfm gi\u1edd<\/li>\n<li>Ch\u1ee9c n\u0103ng Kh\u1edfi \u0111\u1ed9ng nhanh (QuickStart)<\/li>\n<li>Ch\u1ee9c n\u0103ng T\u1ef1 kh\u1edfi \u0111\u1ed9ng l\u1ea1i (Restart)<\/li>\n<li>Hi\u1ec3n th\u1ecb m\u1ee9c n\u0103ng l\u01b0\u1ee3ng ti\u00eau th\u1ee5<\/li>\n<li>Hi\u1ec3n th\u1ecb nhi\u1ec7t d\u01b0 2 c\u1ea5p \u0111\u1ed9 (H\/h)<\/li>\n<li>C\u1ea3m bi\u1ebfn nh\u1eadn di\u1ec7n n\u1ed3i ch\u1ea3o, nh\u1eadn di\u1ec7n v\u00f9ng n\u1ea5u<\/li>\n<li>Ch\u1ee9c n\u0103ng qu\u1ea3n l\u00fd c\u00f4ng su\u1ea5t<\/li>\n<li>Kh\u00f3a tr\u1ebb em<\/li>\n<li>T\u1ef1 t\u1eaft an to\u00e0n (khi kh\u00f4ng s\u1eed d\u1ee5ng)<\/li>\n<li>Ch\u1ee9c n\u0103ng Gia nhi\u1ec7t nhanh (PowerBoost)<\/li>\n<\/ul>\n<h2><b><i>Th\u00f4ng s\u1ed1 k\u1ef9 thu\u1eadt:<\/i><\/b><\/h2>\n<p><img loading=\"lazy\" decoding=\"async\" class=\"alignnone wp-image-23305 aligncenter lazy-load-active\" title=\"B\u1ebfp t\u1eeb 3 v\u00f9ng n\u1ea5u Bosch PID651DC5E 7\" src=\"https:\/\/boschhome.vn\/wp-content\/uploads\/2022\/04\/kich-thuoc-bep-tu-bosch-pid651dc5e.jpg\" sizes=\"auto, (max-width: 395px) 100vw, 395px\" srcset=\"https:\/\/boschhome.vn\/wp-content\/uploads\/2022\/04\/kich-thuoc-bep-tu-bosch-pid651dc5e.jpg 800w, https:\/\/boschhome.vn\/wp-content\/uploads\/2022\/04\/kich-thuoc-bep-tu-bosch-pid651dc5e-368x368.jpg 368w, https:\/\/boschhome.vn\/wp-content\/uploads\/2022\/04\/kich-thuoc-bep-tu-bosch-pid651dc5e-268x268.jpg 268w, https:\/\/boschhome.vn\/wp-content\/uploads\/2022\/04\/kich-thuoc-bep-tu-bosch-pid651dc5e-768x768.jpg 768w, https:\/\/boschhome.vn\/wp-content\/uploads\/2022\/04\/kich-thuoc-bep-tu-bosch-pid651dc5e-247x247.jpg 247w, https:\/\/boschhome.vn\/wp-content\/uploads\/2022\/04\/kich-thuoc-bep-tu-bosch-pid651dc5e-510x510.jpg 510w, https:\/\/boschhome.vn\/wp-content\/uploads\/2022\/04\/kich-thuoc-bep-tu-bosch-pid651dc5e-100x100.jpg 100w\" alt=\"K\u00edch th\u01b0\u1edbc B\u1ebfp t\u1eeb Bosch PID651DC5E\" width=\"395\" height=\"395\" data-src=\"https:\/\/Boschhome.vn\/wp-content\/uploads\/2022\/04\/kich-thuoc-bep-tu-bosch-pid651dc5e.jpg\" data-srcset=\"https:\/\/boschhome.vn\/wp-content\/uploads\/2022\/04\/kich-thuoc-bep-tu-bosch-pid651dc5e.jpg 800w, https:\/\/boschhome.vn\/wp-content\/uploads\/2022\/04\/kich-thuoc-bep-tu-bosch-pid651dc5e-368x368.jpg 368w, https:\/\/boschhome.vn\/wp-content\/uploads\/2022\/04\/kich-thuoc-bep-tu-bosch-pid651dc5e-268x268.jpg 268w, https:\/\/boschhome.vn\/wp-content\/uploads\/2022\/04\/kich-thuoc-bep-tu-bosch-pid651dc5e-768x768.jpg 768w, https:\/\/boschhome.vn\/wp-content\/uploads\/2022\/04\/kich-thuoc-bep-tu-bosch-pid651dc5e-247x247.jpg 247w, https:\/\/boschhome.vn\/wp-content\/uploads\/2022\/04\/kich-thuoc-bep-tu-bosch-pid651dc5e-510x510.jpg 510w, https:\/\/boschhome.vn\/wp-content\/uploads\/2022\/04\/kich-thuoc-bep-tu-bosch-pid651dc5e-100x100.jpg 100w\" \/><\/p>\n<p>&nbsp;<\/p>\n<table border=\"1\">\n<tbody>\n<tr>\n<td>M\u00e0u s\u1eafc<\/td>\n<td>M\u00e0u \u0111en<\/td>\n<\/tr>\n<tr>\n<td>Ch\u1ea5t li\u1ec7u m\u1eb7t b\u1ebfp<\/td>\n<td>G\u1ed1m th\u1ee7y tinh Schott Ceran<\/td>\n<\/tr>\n<tr>\n<td>Ki\u1ec3u l\u1eafp \u0111\u1eb7t<\/td>\n<td>L\u1eafp \u00e2m<\/td>\n<\/tr>\n<tr>\n<td>B\u1ea3ng \u0111i\u1ec1u khi\u1ec3n<\/td>\n<td>C\u1ea3m \u1ee9ng Direct Select<\/td>\n<\/tr>\n<tr>\n<td>S\u1ed1 v\u00f9ng n\u1ea5u<\/td>\n<td>3<\/td>\n<\/tr>\n<tr>\n<td>K\u00edch th\u01b0\u1edbc v\u00f9ng n\u1ea5u 1<br \/>\nC\u00f4ng su\u1ea5t t\u1ed1i \u0111a<br \/>\nC\u00f4ng su\u1ea5t booster<\/td>\n<td>\u00d8 320, 260, 210mm<br \/>\n3300W<br \/>\n4400W<\/td>\n<\/tr>\n<tr>\n<td>K\u00edch th\u01b0\u1edbc v\u00f9ng n\u1ea5u 2<br \/>\nC\u00f4ng su\u1ea5t t\u1ed1i \u0111a<br \/>\nC\u00f4ng su\u1ea5t booster<\/td>\n<td>\u00d8 145mm<br \/>\n1400 W<br \/>\n2200 W<\/td>\n<\/tr>\n<tr>\n<td>K\u00edch th\u01b0\u1edbc v\u00f9ng n\u1ea5u 3<br \/>\nC\u00f4ng su\u1ea5t t\u1ed1i \u0111a<br \/>\nC\u00f4ng su\u1ea5t booster<\/td>\n<td>\u00d8 210 mm<br \/>\n2200 W<br \/>\n3700 W<\/td>\n<\/tr>\n<tr>\n<td>M\u1ee9c c\u00f4ng su\u1ea5t nhi\u1ec7t<\/td>\n<td>17<\/td>\n<\/tr>\n<tr>\n<td>T\u1ed5ng c\u00f4ng su\u1ea5t<\/td>\n<td>7400W<\/td>\n<\/tr>\n<tr>\n<td>Chi\u1ec1u d\u00e0i d\u00e2y \u0111i\u1ec7n<\/td>\n<td>110 cm<\/td>\n<\/tr>\n<tr>\n<td>\u0110i\u1ec7n \u00e1p<\/td>\n<td>220 \u2013 240V<\/td>\n<\/tr>\n<tr>\n<td>K\u00edch th\u01b0\u1edbc s\u1ea3n ph\u1ea9m<\/td>\n<td>592R x 522S x 51C(mm)<\/td>\n<\/tr>\n<tr>\n<td>K\u00edch th\u01b0\u1edbc kho\u00e9t \u0111\u00e1<\/td>\n<td>(560-562)Rx(490-502)Sx 59C(mm)<\/td>\n<\/tr>\n<\/tbody>\n<\/table>\n<div class=\"large-12 col pb-0 mb-0\">\n<h2 class=\"uppercase mt\">H\u01af\u1edaNG D\u1eaaN S\u1eec D\u1ee4NG<\/h2>\n<\/div>\n<div class=\"large-12 col pb-0 mb-0\">\n<div class=\"panel entry-content\">\n<h3><b><i>H\u01b0\u1edbng d\u1eabn v\u1eadn h\u00e0nh:<\/i><\/b><\/h3>\n<p><img loading=\"lazy\" decoding=\"async\" class=\"alignnone size-full wp-image-23304 aligncenter lazy-load-active\" title=\"B\u1ebfp t\u1eeb 3 v\u00f9ng n\u1ea5u Bosch PID651DC5E 8\" src=\"https:\/\/boschhome.vn\/wp-content\/uploads\/2022\/04\/bang-dieu-khien-bep-tu-bosch-pid651dc5e-e1702285145286.jpg\" alt=\"B\u1ea3ng \u0111i\u1ec1u khi\u1ec3n B\u1ebfp t\u1eeb Bosch PID651DC5E\" width=\"480\" height=\"250\" data-src=\"https:\/\/Boschhome.vn\/wp-content\/uploads\/2022\/04\/bang-dieu-khien-bep-tu-bosch-pid651dc5e-e1702285145286.jpg\" \/><\/p>\n<h3><b><i>L\u01b0u \u00fd an to\u00e0n khi s\u1eed d\u1ee5ng:<\/i><\/b><\/h3>\n<ul>\n<li aria-level=\"1\">V\u1eadn h\u00e0nh b\u1ebfp m\u1ed9t c\u00e1ch an to\u00e0n theo s\u00e1ch h\u01b0\u1edbng d\u1eabn c\u1ee7a nh\u00e0 s\u1ea3n xu\u1ea5t.<\/li>\n<li aria-level=\"1\">Tr\u00e1nh \u0111\u1ec3 c\u00e1c v\u1eadt li\u1ec7u kim lo\u1ea1i nh\u01b0 dao, ho\u1eb7c \u0111\u1ed3 d\u00f9ng c\u00f3 ch\u1ea5t li\u1ec7u kim lo\u1ea1i \u0111\u1eb7t tr\u1ef1c ti\u1ebfp l\u00ean b\u1ec1 m\u1eb7t b\u1ebfp t\u1eeb khi n\u00f3 \u0111ang ho\u1ea1t \u0111\u1ed9ng. \u0110i\u1ec1u n\u00e0y c\u00f3 th\u1ec3 g\u00e2y n\u00f3ng ch\u1ea3y ho\u1eb7c \u1ea3nh h\u01b0\u1edfng \u0111\u1ebfn hi\u1ec7u su\u1ea5t ho\u1ea1t \u0111\u1ed9ng c\u1ee7a b\u1ebfp.<\/li>\n<li aria-level=\"1\">N\u00ean v\u1ec7 sinh sau m\u1ed7i l\u1ea7n s\u1eed d\u1ee5ng \u0111\u1ec3 \u0111\u1ea3m b\u1ea3o b\u1ebfp lu\u00f4n s\u1ea1ch s\u1ebd v\u00e0 s\u00e1ng b\u00f3ng.<\/li>\n<li aria-level=\"1\">Khi kh\u00f4ng s\u1eed d\u1ee5ng b\u1ebfp t\u1eeb, n\u00ean t\u1eaft ngu\u1ed3n \u0111i\u1ec7n \u0111\u1ec3 tr\u00e1nh l\u00e3ng ph\u00ed \u0111i\u1ec7n n\u0103ng v\u00e0 nh\u1eefng s\u1ef1 c\u1ed1 v\u1ec1 ngu\u1ed3n \u0111i\u1ec7n kh\u00f4ng \u0111\u00e1ng c\u00f3. L\u01b0u \u00fd h\u00e3y \u0111\u1ee3i qu\u1ea1t t\u1ea3n nhi\u1ec7t c\u1ee7a b\u1ebfp d\u1eebng ho\u1ea1t \u0111\u1ed9ng m\u1edbi n\u00ean t\u1eaft ngu\u1ed3n \u0111i\u1ec7n.<\/li>\n<li aria-level=\"1\">H\u00e3y s\u1eed d\u1ee5ng c\u00e1c n\u1ed3i, ch\u1ea3o c\u00f3 \u0111\u00e1y ph\u1eb3ng v\u00e0 k\u00edch th\u01b0\u1edbc ph\u00f9 h\u1ee3p v\u1edbi v\u00f9ng n\u1ea5u tr\u00ean b\u1ebfp t\u1eeb. \u0110i\u1ec1u n\u00e0y gi\u00fap t\u1ed1i \u01b0u h\u00f3a hi\u1ec7u su\u1ea5t n\u1ea5u n\u01b0\u1edbng<\/li>\n<li aria-level=\"1\">Khi s\u1eed d\u1ee5ng b\u1ebfp t\u1eeb, h\u00e3y lu\u00f4n gi\u1eef m\u1eaft th\u01b0\u1eddng xuy\u00ean theo d\u00f5i qu\u00e1 tr\u00ecnh n\u1ea5u n\u01b0\u1edbng \u0111\u1ec3 h\u1ea1n ch\u1ebf n\u01b0\u1edbc tr\u00e0n ra m\u1eb7t b\u1ebfp.<\/li>\n<li aria-level=\"1\">H\u00e3y \u0111\u1ecdc k\u1ef9 h\u01b0\u1edbng d\u1eabn s\u1eed d\u1ee5ng c\u1ee7a nh\u00e0 s\u1ea3n xu\u1ea5t v\u00e0 tu\u00e2n th\u1ee7 c\u00e1c h\u01b0\u1edbng d\u1eabn an to\u00e0n c\u1ee5 th\u1ec3 cho t\u1eebng m\u1eabu b\u1ebfp t\u1eeb c\u1ee5 th\u1ec3.<\/li>\n<\/ul>\n<\/div>\n<\/div>\n","protected":false},"excerpt":{"rendered":"<p>M\u00e3 s\u1ea3n ph\u1ea9m: PID651DC5E<\/p>\n<p>Th\u01b0\u01a1ng hi\u1ec7u: Bosch<\/p>\n<p>Xu\u1ea5t x\u1ee9: T\u00e2y Ban Nha<\/p>\n<p>B\u1ea3o h\u00e0nh: 2 n\u0103m<\/p>\n","protected":false},"featured_media":1543,"comment_status":"open","ping_status":"closed","template":"","meta":[],"product_brand":[],"product_cat":[15,36],"product_tag":[],"class_list":{"0":"post-1542","1":"product","2":"type-product","3":"status-publish","4":"has-post-thumbnail","6":"product_cat-bep-tu","7":"product_cat-bosch","9":"first","10":"instock","11":"shipping-taxable","12":"product-type-simple"},"_links":{"self":[{"href":"https:\/\/nhadepbepxinh.com.vn\/index.php?rest_route=\/wp\/v2\/product\/1542","targetHints":{"allow":["GET"]}}],"collection":[{"href":"https:\/\/nhadepbepxinh.com.vn\/index.php?rest_route=\/wp\/v2\/product"}],"about":[{"href":"https:\/\/nhadepbepxinh.com.vn\/index.php?rest_route=\/wp\/v2\/types\/product"}],"replies":[{"embeddable":true,"href":"https:\/\/nhadepbepxinh.com.vn\/index.php?rest_route=%2Fwp%2Fv2%2Fcomments&post=1542"}],"wp:featuredmedia":[{"embeddable":true,"href":"https:\/\/nhadepbepxinh.com.vn\/index.php?rest_route=\/wp\/v2\/media\/1543"}],"wp:attachment":[{"href":"https:\/\/nhadepbepxinh.com.vn\/index.php?rest_route=%2Fwp%2Fv2%2Fmedia&parent=1542"}],"wp:term":[{"taxonomy":"product_brand","embeddable":true,"href":"https:\/\/nhadepbepxinh.com.vn\/index.php?rest_route=%2Fwp%2Fv2%2Fproduct_brand&post=1542"},{"taxonomy":"product_cat","embeddable":true,"href":"https:\/\/nhadepbepxinh.com.vn\/index.php?rest_route=%2Fwp%2Fv2%2Fproduct_cat&post=1542"},{"taxonomy":"product_tag","embeddable":true,"href":"https:\/\/nhadepbepxinh.com.vn\/index.php?rest_route=%2Fwp%2Fv2%2Fproduct_tag&post=1542"}],"curies":[{"name":"wp","href":"https:\/\/api.w.org\/{rel}","templated":true}]}}