{"id":1535,"date":"2025-03-26T08:56:31","date_gmt":"2025-03-26T01:56:31","guid":{"rendered":"https:\/\/nhadepbepxinh.com.vn\/?post_type=product&#038;p=1535"},"modified":"2025-03-26T08:56:32","modified_gmt":"2025-03-26T01:56:32","slug":"bep-tu-bosch-puc61kaa5e","status":"publish","type":"product","link":"https:\/\/nhadepbepxinh.com.vn\/?product=bep-tu-bosch-puc61kaa5e","title":{"rendered":"B\u00ca\u0301P T\u01af\u0300 BOSCH PUC61KAA5E"},"content":{"rendered":"<p>B\u1ebfp t\u1eeb 3 v\u00f9ng n\u1ea5u Bosch PUC61KAA5E l\u00e0 m\u1ed9t l\u1ef1a ch\u1ecdn tuy\u1ec7t v\u1eddi thi\u1ebft k\u1ebf \u0111\u1eb9p m\u1eaft, t\u00ednh n\u0103ng \u0111a d\u1ea1ng v\u00e0 hi\u1ec7u su\u1ea5t n\u1ea5u \u1ea5n t\u01b0\u1ee3ng. L\u00e0 m\u1ed9t trong nh\u1eefng model nh\u1eadn \u0111\u01b0\u1ee3c nhi\u1ec1u \u0111\u00e1nh gi\u00e1 t\u00edch c\u1ef1c nh\u1ea5t c\u1ee7a th\u01b0\u01a1ng hi\u1ec7u b\u1ebfp t\u1eeb Bosch b\u1edfi s\u1eed d\u1ee5ng m\u1eb7t k\u00ednh cao c\u1ea5p Schott Ceran c\u1ee7a \u0110\u1ee9c v\u1edbi \u0111\u1ed9 ch\u1ecbu l\u1ef1c v\u00e0 ch\u1ecbu nhi\u1ec7t cao \u0111\u00e1p \u1ee9ng m\u1ecdi nhu c\u1ea7u n\u1ea5u n\u01b0\u1edbng c\u1ee7a gia \u0111\u00ecnh b\u1ea1n. S\u1ea3n ph\u1ea9m n\u00e0y h\u1ee9a h\u1eb9n s\u1ebd mang l\u1ea1i nhi\u1ec1u tr\u1ea3i nghi\u1ec7m th\u00fa v\u1ecb.<\/p>\n<p><img loading=\"lazy\" decoding=\"async\" class=\"alignnone size-full wp-image-13043 aligncenter lazy-load-active\" title=\"B\u1ebfp t\u1eeb Bosch PUC61KAA5E 7\" src=\"https:\/\/boschhome.vn\/wp-content\/uploads\/2022\/04\/bosch-puc61kaa5e-3-e1701923950762.jpg\" alt=\"B\u1ebfp t\u1eeb Bosch PUC61KAA5E\" width=\"600\" height=\"338\" data-src=\"https:\/\/Boschhome.vn\/wp-content\/uploads\/2022\/04\/bosch-puc61kaa5e-3-e1701923950762.jpg\" \/><\/p>\n<h2><b><i>\u0110\u1eb7c \u0111i\u1ec3m n\u1ed5i b\u1eadt c\u1ee7a s\u1ea3n ph\u1ea9m<\/i><\/b><\/h2>\n<ul>\n<li>B\u1ebfp t\u1eeb Bosch PUC61KAA5E \u0111\u01b0\u1ee3c thi\u1ebft k\u1ebf tinh t\u1ebf v\u1edbi b\u1ec1 m\u1eb7t k\u00ednh Schott Ceran cao c\u1ea5p, v\u00e1t c\u1ea1nh, t\u1ea1o n\u00ean m\u1ed9t di\u1ec7n m\u1ea1o hi\u1ec7n \u0111\u1ea1i v\u00e0 sang tr\u1ecdng cho c\u0103n b\u1ebfp c\u1ee7a b\u1ea1n.<\/li>\n<li>Ti\u1ebft ki\u1ec7m kh\u00f4ng gian m\u1ed9t c\u00e1ch \u0111\u00e1ng k\u1ec3 nh\u1edd thi\u1ebft k\u1ebf nh\u1ecf g\u1ecdn, l\u1eafp \u00e2m b\u00e0n b\u1ebfp g\u1ecdn g\u00e0ng.<\/li>\n<li>B\u1ebfp \u0111\u01b0\u1ee3c trang b\u1ecb 3 v\u00f9ng n\u1ea5u \u0111a ch\u1ee9c n\u0103ng v\u1edbi c\u00e1c k\u00edch th\u01b0\u1edbc v\u00f9ng n\u1ea5u kh\u00e1c nhau t\u1eeb l\u1edbn \u0111\u1ebfn trung b\u00ecnh v\u00e0 nh\u1ecf cho ph\u00e9p b\u1ea1n n\u1ea5u \u0103n \u0111a d\u1ea1ng v\u00e0 linh ho\u1ea1t.<\/li>\n<li>Ch\u1ee9c n\u0103ng Power Boost cho ph\u00e9p gia t\u0103ng c\u00f4ng su\u1ea5t nhanh ch\u00f3ng v\u00e0 \u0111\u1ea1t \u0111\u1ebfn nhi\u1ec7t \u0111\u1ed9 cao h\u01a1n, gi\u00fap n\u1ea5u nhanh v\u00e0 ti\u1ebft ki\u1ec7m th\u1eddi gian.<\/li>\n<li>B\u1ebfp t\u1eeb n\u00e0y \u0111i k\u00e8m v\u1edbi ch\u1ee9c n\u0103ng h\u1eb9n gi\u1edd l\u00ean \u0111\u1ebfn 99 ph\u00fat, gi\u00fap b\u1ea1n \u0111\u1eb7t th\u1eddi gian n\u1ea5u ch\u00edn ch\u00ednh x\u00e1c v\u00e0 t\u1ef1 \u0111\u1ed9ng t\u1eaft b\u1ebfp khi th\u1eddi gian \u0111\u00e3 \u0111\u1ebfn.<\/li>\n<li>V\u1edbi t\u1ed5ng c\u00f4ng su\u1ea5t l\u00ean \u0111\u1ebfn 4600W, b\u1ebfp gi\u00fap n\u1ea5u n\u01b0\u1edbng nhanh ch\u00f3ng v\u00e0 hi\u1ec7u qu\u1ea3. \u0110\u1ed3ng th\u1eddi, v\u1eabn \u0111\u1ea3m b\u1ea3o nhi\u1ec7t \u0111\u1ed9 \u1ed5n \u0111\u1ecbnh v\u00e0 ph\u00e2n ph\u1ed1i nhi\u1ec7t \u0111\u1ec1u tr\u00ean to\u00e0n b\u1ec1 m\u1eb7t n\u1ea5u.<\/li>\n<li>An to\u00e0n v\u00e0 ti\u1ec7n \u00edch v\u1edbi c\u00e1c t\u00ednh n\u0103ng nh\u01b0 kh\u00f3a tr\u1ebb em, t\u1ef1 \u0111\u1ed9ng t\u1eaft sau m\u1ed9t kho\u1ea3ng th\u1eddi gian kh\u00f4ng s\u1eed d\u1ee5ng v\u00e0 c\u1ea3nh b\u00e1o nhi\u1ec7t d\u01b0. B\u1ec1 m\u1eb7t k\u00ednh c\u0169ng d\u1ec5 d\u00e0ng v\u1ec7 sinh v\u1edbi kh\u1ea3 n\u0103ng ch\u1ed1ng b\u00e1m b\u1ea9n v\u00e0 d\u1ec5 lau ch\u00f9i.<\/li>\n<li>B\u1ea3ng \u0111i\u1ec1u khi\u1ec3n c\u1ea3m \u1ee9ng ti\u1ec7n l\u1ee3i gi\u00fap b\u1ea1n gi\u00fap b\u1ea1n d\u1ec5 d\u00e0ng \u0111i\u1ec1u ch\u1ec9nh nhi\u1ec7t \u0111\u1ed9 v\u00e0 th\u1eddi gian n\u1ea5u ch\u1ec9 b\u1eb1ng m\u1ed9t c\u00e1i ch\u1ea1m nh\u1eb9.<\/li>\n<\/ul>\n<h2><b>T\u00ednh n\u0103ng\u00a0<\/b><\/h2>\n<ul>\n<li>3 v\u00f9ng n\u1ea5u c\u1ea3m \u1ee9ng t\u1eeb<\/li>\n<li>\u0110i\u1ec1u khi\u1ec3n c\u1ea3m \u1ee9ng touch control<\/li>\n<li>Ch\u1ee9c n\u0103ng power booster gia nhi\u1ec7t nhanh<\/li>\n<li>Kh\u00f3a tr\u1ebb em<\/li>\n<li>C\u1ea3nh b\u00e1o nhi\u1ec7t d\u01b0 2 c\u1ea5p \u0111\u1ed9 (H\/h)<\/li>\n<li>C\u1ea3nh b\u00e1o \u00e2m thanh<\/li>\n<li>T\u1ef1 \u0111\u1ed9ng t\u1eaft khi kh\u00f4ng s\u1eed d\u1ee5ng<\/li>\n<li>B\u1ed9 c\u00e0i \u0111\u1eb7t th\u1eddi gian n\u1ea5u, \u00e2m b\u00e1o khi k\u1ebft th\u00fac<\/li>\n<li>Ch\u1ed1ng tr\u00e0n<\/li>\n<li>H\u1eb9n gi\u1edd \u0111\u1ebfn 99 ph\u00fat<\/li>\n<li>T\u1ef1 nh\u1eadn di\u1ec7n n\u1ed3i ch\u1ea3o<\/li>\n<\/ul>\n<h2><b>Th\u00f4ng s\u1ed1 k\u1ef9 thu\u1eadt<\/b><\/h2>\n<p>&nbsp;<\/p>\n<p><img loading=\"lazy\" decoding=\"async\" class=\"alignnone size-full wp-image-13042 aligncenter lazy-load-active\" title=\"B\u1ebfp t\u1eeb Bosch PUC61KAA5E 8\" src=\"https:\/\/boschhome.vn\/wp-content\/uploads\/2022\/04\/bosch-puc61kaa5e-4-e1701924017107.jpg\" alt=\"K\u00edch th\u01b0\u1edbc B\u1ebfp t\u1eeb Bosch PUC61KAA5E\" width=\"600\" height=\"300\" data-src=\"https:\/\/Boschhome.vn\/wp-content\/uploads\/2022\/04\/bosch-puc61kaa5e-4-e1701924017107.jpg\" \/><\/p>\n<p>&nbsp;<\/p>\n<table border=\"1\">\n<tbody>\n<tr>\n<td>M\u00e0u s\u1eafc<\/td>\n<td>M\u00e0u \u0111en<\/td>\n<\/tr>\n<tr>\n<td>Ch\u1ea5t li\u1ec7u m\u1eb7t b\u1ebfp<\/td>\n<td>M\u1eb7t g\u1ed1m th\u1ee7y tinh Schott, v\u00e1t c\u1ea1nh<\/td>\n<\/tr>\n<tr>\n<td>Ki\u1ec3u l\u1eafp \u0111\u1eb7t<\/td>\n<td>L\u1eafp \u00e2m<\/td>\n<\/tr>\n<tr>\n<td>B\u1ea3ng \u0111i\u1ec1u khi\u1ec3n<\/td>\n<td>C\u1ea3m \u1ee9ng touch control<\/td>\n<\/tr>\n<tr>\n<td>S\u1ed1 v\u00f9ng n\u1ea5u<\/td>\n<td>3<\/td>\n<\/tr>\n<tr>\n<td>K\u00edch th\u01b0\u1edbc v\u00f9ng n\u1ea5u 1<br \/>\nC\u00f4ng su\u1ea5t t\u1ed1i \u0111a v\u00f9ng n\u1ea5u 1<\/td>\n<td>\u00d8 240 mm<br \/>\n2200 W<\/td>\n<\/tr>\n<tr>\n<td>K\u00edch th\u01b0\u1edbc v\u00f9ng n\u1ea5u 2<br \/>\nC\u00f4ng su\u1ea5t t\u1ed1i \u0111a v\u00f9ng n\u1ea5u 2<\/td>\n<td>\u00d8 145 mm<br \/>\n1400 W<\/td>\n<\/tr>\n<tr>\n<td>K\u00edch th\u01b0\u1edbc v\u00f9ng n\u1ea5u 3<br \/>\nC\u00f4ng su\u1ea5t t\u1ed1i \u0111a v\u00f9ng n\u1ea5u 3<\/td>\n<td>\u00d8 180mm<br \/>\n1800 W<\/td>\n<\/tr>\n<tr>\n<td>T\u1ed5ng c\u00f4ng su\u1ea5t<\/td>\n<td>4600W<\/td>\n<\/tr>\n<tr>\n<td>M\u1ee9c c\u00f4ng su\u1ea5t nhi\u1ec7t<\/td>\n<td>9<\/td>\n<\/tr>\n<tr>\n<td>\u0110i\u1ec7n \u00e1p<\/td>\n<td>220-240V \/ 50-60Hz<\/td>\n<\/tr>\n<tr>\n<td>Chi\u1ec1u d\u00e0i d\u00e2y ngu\u1ed3n<\/td>\n<td>1100 mm<\/td>\n<\/tr>\n<tr>\n<td>K\u00edch th\u01b0\u1edbc s\u1ea3n ph\u1ea9m<\/td>\n<td>592 x 522 x 51 mm<\/td>\n<\/tr>\n<tr>\n<td>K\u00edch th\u01b0\u1edbc l\u1eafp \u0111\u1eb7t<\/td>\n<td>560 x 490 \u2013 500 x 51 mm<\/td>\n<\/tr>\n<\/tbody>\n<\/table>\n<div class=\"large-12 col pb-0 mb-0\">\n<h2 class=\"uppercase mt\">H\u01af\u1edaNG D\u1eaaN S\u1eec D\u1ee4NG<\/h2>\n<\/div>\n<div class=\"large-12 col pb-0 mb-0\">\n<div class=\"panel entry-content\">\n<h3><b>H\u01b0\u1edbng d\u1eabn v\u1eadn h\u00e0nh\u00a0<\/b><\/h3>\n<p>C\u00e1c k\u00fd hi\u1ec7u tr\u00ean m\u1eb7t b\u1ebfp v\u00e0 ch\u1ee9c n\u0103ng c\u1ee7a n\u00f3<\/p>\n<p><img loading=\"lazy\" decoding=\"async\" class=\"size-full wp-image-23207 aligncenter lazy-load-active\" title=\"B\u1ebfp t\u1eeb Bosch PUC61KAA5E 9\" src=\"https:\/\/boschhome.vn\/wp-content\/uploads\/2022\/04\/bang-dieu-khien-bep-tu-bosch-puc61kaa5e.jpg\" sizes=\"auto, (max-width: 480px) 100vw, 480px\" srcset=\"https:\/\/boschhome.vn\/wp-content\/uploads\/2022\/04\/bang-dieu-khien-bep-tu-bosch-puc61kaa5e.jpg 480w, https:\/\/boschhome.vn\/wp-content\/uploads\/2022\/04\/bang-dieu-khien-bep-tu-bosch-puc61kaa5e-368x248.jpg 368w, https:\/\/boschhome.vn\/wp-content\/uploads\/2022\/04\/bang-dieu-khien-bep-tu-bosch-puc61kaa5e-247x166.jpg 247w\" alt=\"B\u1ea3ng \u0111i\u1ec1u khi\u1ec3n B\u1ebfp t\u1eeb Bosch PUC61KAA5E\" width=\"480\" height=\"323\" data-src=\"https:\/\/Boschhome.vn\/wp-content\/uploads\/2022\/04\/bang-dieu-khien-bep-tu-bosch-puc61kaa5e.jpg\" data-srcset=\"https:\/\/boschhome.vn\/wp-content\/uploads\/2022\/04\/bang-dieu-khien-bep-tu-bosch-puc61kaa5e.jpg 480w, https:\/\/boschhome.vn\/wp-content\/uploads\/2022\/04\/bang-dieu-khien-bep-tu-bosch-puc61kaa5e-368x248.jpg 368w, https:\/\/boschhome.vn\/wp-content\/uploads\/2022\/04\/bang-dieu-khien-bep-tu-bosch-puc61kaa5e-247x166.jpg 247w\" \/><\/p>\n<h3><b>L\u01b0u \u00fd an to\u00e0n khi s\u1eed d\u1ee5ng\u00a0<\/b><\/h3>\n<ul>\n<li aria-level=\"1\">Tr\u01b0\u1edbc m\u1ed7i l\u1ea7n s\u1eed d\u1ee5ng, h\u00e3y ki\u1ec3m tra k\u1ef9 b\u1ebfp t\u1eeb v\u00e0 khu v\u1ef1c quanh n\u00f3 \u0111\u1ec3 \u0111\u1ea3m b\u1ea3o r\u1eb1ng kh\u00f4ng c\u00f3 v\u1eadt th\u1ec3 n\u00e0o c\u1ea3n tr\u1edf ho\u1ea1t \u0111\u1ed9ng c\u1ee7a b\u1ebfp, v\u00e0 kh\u00f4ng c\u00f3 d\u1ea5u hi\u1ec7u h\u1ecfng h\u00f3c n\u00e0o.<\/li>\n<li aria-level=\"1\">\u0110\u1ecdc k\u1ef9 h\u01b0\u1edbng d\u1eabn s\u1eed d\u1ee5ng theo s\u00e1ch h\u01b0\u1edbng d\u1eabn t\u1eeb nh\u00e0 s\u1ea3n xu\u1ea5t tr\u01b0\u1edbc khi b\u1eaft \u0111\u1ea7u s\u1eed d\u1ee5ng. Hi\u1ec3u r\u00f5 c\u00e1ch v\u1eadn h\u00e0nh b\u1ebfp v\u00e0 c\u00e1c t\u00ednh n\u0103ng an to\u00e0n.<\/li>\n<li aria-level=\"1\">Ch\u1ecdn n\u1ed3i v\u00e0 ch\u1ea3o c\u00f3 \u0111\u00e1y ph\u1eb3ng v\u00e0 c\u00f3 kh\u1ea3 n\u0103ng truy\u1ec1n nhi\u1ec7t t\u1ed1t \u0111\u1ec3 \u0111\u1ea3m b\u1ea3o hi\u1ec7u su\u1ea5t t\u1ed1t nh\u1ea5t c\u1ee7a b\u1ebfp t\u1eeb.<\/li>\n<li aria-level=\"1\">\u0110\u1ea3m b\u1ea3o n\u1ed3i v\u00e0 ch\u1ea3o \u0111\u01b0\u1ee3c \u0111\u1eb7t tr\u00ean v\u00f9ng n\u1ea5u th\u00edch h\u1ee3p, v\u00e0 ch\u00ednh x\u00e1c k\u00edch th\u01b0\u1edbc c\u1ee7a ch\u00fang. Kh\u00f4ng \u0111\u1ec3 ch\u00fang l\u1ec7ch ra kh\u1ecfi b\u1ec1 m\u1eb7t n\u1ea5u.<\/li>\n<li aria-level=\"1\">H\u00e3y gi\u1eef cho khu v\u1ef1c quanh b\u1ebfp t\u1eeb lu\u00f4n s\u1ea1ch s\u1ebd v\u00e0 kh\u00f4ng c\u00f3 v\u1eadt th\u1ec3 d\u1ec5 ch\u00e1y nh\u01b0 gi\u1ea5y, kh\u0103n v\u00e0 c\u00e1c v\u1eadt d\u1ee5ng kh\u00e1c.<\/li>\n<li aria-level=\"1\">Kh\u00f4ng bao gi\u1edd \u0111\u1ec3 b\u1ebfp t\u1eeb ho\u1ea1t \u0111\u1ed9ng m\u00e0 kh\u00f4ng gi\u00e1m s\u00e1t. N\u1ea5u \u0103n trong th\u1eddi gian ng\u1eafn s\u1ebd gi\u00fap tr\u00e1nh \u0111\u01b0\u1ee3c c\u00e1c tai n\u1ea1n kh\u00f4ng mong mu\u1ed1n.<\/li>\n<li aria-level=\"1\">Sau khi s\u1eed d\u1ee5ng xong, h\u00e3y t\u1eaft ngu\u1ed3n \u0111i\u1ec7n cho b\u1ebfp t\u1eeb v\u00e0 \u0111\u1ee3i cho n\u00f3 ngu\u1ed9i tr\u01b0\u1edbc khi l\u00e0m s\u1ea1ch.<\/li>\n<li aria-level=\"1\">N\u1ebfu c\u00f3 tr\u1ebb nh\u1ecf trong nh\u00e0, h\u00e3y s\u1eed d\u1ee5ng t\u00ednh n\u0103ng kh\u00f3a tr\u1ebb em n\u1ebfu c\u00f3 \u0111\u1ec3 ng\u0103n tr\u1ebb b\u1eadt b\u1ebfp t\u1eeb khi kh\u00f4ng c\u00f3 s\u1ef1 gi\u00e1m s\u00e1t.<\/li>\n<li aria-level=\"1\">Th\u01b0\u1eddng xuy\u00ean v\u1ec7 sinh v\u00e0 l\u00e0m s\u1ea1ch b\u1ec1 m\u1eb7t b\u1ebfp t\u1eeb sau m\u1ed7i l\u1ea7n s\u1eed d\u1ee5ng \u0111\u1ec3 gi\u1eef cho b\u1ebfp lu\u00f4n s\u1ea1ch s\u1ebd, ho\u1ea1t \u0111\u1ed9ng \u1ed5n \u0111\u1ecbnh l\u00e2u d\u00e0i.<\/li>\n<li aria-level=\"1\">\u0110\u1ecbnh k\u1ef3 ki\u1ec3m tra d\u00e2y c\u00e1p \u0111i\u1ec7n v\u00e0 \u1ed5 c\u1eafm \u0111\u1ec3 \u0111\u1ea3m b\u1ea3o ch\u00fang kh\u00f4ng b\u1ecb h\u1ecfng ho\u1eb7c bong tr\u00f3c.<\/li>\n<\/ul>\n<\/div>\n<\/div>\n","protected":false},"excerpt":{"rendered":"<p>M\u00e3 s\u1ea3n ph\u1ea9m: PUC61KAA5E<\/p>\n<p>Th\u01b0\u01a1ng hi\u1ec7u: Bosch<\/p>\n<p>Xu\u1ea5t x\u1ee9: T\u00e2y Ban Nha<\/p>\n<p>B\u1ea3o h\u00e0nh: 3 n\u0103m<\/p>\n","protected":false},"featured_media":1536,"comment_status":"open","ping_status":"closed","template":"","meta":[],"product_brand":[],"product_cat":[36,15],"product_tag":[],"class_list":{"0":"post-1535","1":"product","2":"type-product","3":"status-publish","4":"has-post-thumbnail","6":"product_cat-bosch","7":"product_cat-bep-tu","9":"first","10":"instock","11":"shipping-taxable","12":"product-type-simple"},"_links":{"self":[{"href":"https:\/\/nhadepbepxinh.com.vn\/index.php?rest_route=\/wp\/v2\/product\/1535","targetHints":{"allow":["GET"]}}],"collection":[{"href":"https:\/\/nhadepbepxinh.com.vn\/index.php?rest_route=\/wp\/v2\/product"}],"about":[{"href":"https:\/\/nhadepbepxinh.com.vn\/index.php?rest_route=\/wp\/v2\/types\/product"}],"replies":[{"embeddable":true,"href":"https:\/\/nhadepbepxinh.com.vn\/index.php?rest_route=%2Fwp%2Fv2%2Fcomments&post=1535"}],"wp:featuredmedia":[{"embeddable":true,"href":"https:\/\/nhadepbepxinh.com.vn\/index.php?rest_route=\/wp\/v2\/media\/1536"}],"wp:attachment":[{"href":"https:\/\/nhadepbepxinh.com.vn\/index.php?rest_route=%2Fwp%2Fv2%2Fmedia&parent=1535"}],"wp:term":[{"taxonomy":"product_brand","embeddable":true,"href":"https:\/\/nhadepbepxinh.com.vn\/index.php?rest_route=%2Fwp%2Fv2%2Fproduct_brand&post=1535"},{"taxonomy":"product_cat","embeddable":true,"href":"https:\/\/nhadepbepxinh.com.vn\/index.php?rest_route=%2Fwp%2Fv2%2Fproduct_cat&post=1535"},{"taxonomy":"product_tag","embeddable":true,"href":"https:\/\/nhadepbepxinh.com.vn\/index.php?rest_route=%2Fwp%2Fv2%2Fproduct_tag&post=1535"}],"curies":[{"name":"wp","href":"https:\/\/api.w.org\/{rel}","templated":true}]}}