{"id":1529,"date":"2025-03-26T08:49:47","date_gmt":"2025-03-26T01:49:47","guid":{"rendered":"https:\/\/nhadepbepxinh.com.vn\/?post_type=product&#038;p=1529"},"modified":"2025-03-26T08:50:20","modified_gmt":"2025-03-26T01:50:20","slug":"bep-tu-bosch-ppi82560ms-series-8","status":"publish","type":"product","link":"https:\/\/nhadepbepxinh.com.vn\/?product=bep-tu-bosch-ppi82560ms-series-8","title":{"rendered":"B\u00ca\u0301P T\u01af\u0300 BOSCH PPI82560MS SERIES 8"},"content":{"rendered":"<p>L\u00e0 model B\u1ebfp t\u1eeb 2 v\u00f9ng n\u1ea5u duy nh\u1ea5t c\u1ee7a Bosch, PPI82560MS s\u1edf h\u1eefu thi\u1ebft k\u1ebf thanh tho\u00e1t \u0111\u1eb9p m\u1eaft mang l\u1ea1i s\u1ef1 sang tr\u1ecdng trong kh\u00f4ng gian b\u1ebfp. B\u1ebfp s\u1eed d\u1ee5ng m\u1eb7t k\u00ednh ch\u1ea5t li\u1ec7u g\u1ed1m th\u1ee7y tinh Schott Ceran cao c\u1ea5p \u0111\u1ea3m b\u1ea3o an to\u00e0n v\u00e0 hi\u1ec7u su\u1ea5t \u0111un n\u1ea5u cao. B\u1ea3ng \u0111i\u1ec1u khi\u1ec3n 1 ch\u1ea1m d\u1ec5 d\u00e0ng thao t\u00e1c gi\u00fap cho c\u00f4ng vi\u1ec7c n\u1ea5u \u0103n c\u1ee7a b\u1ea1n tr\u1edf n\u00ean \u0111\u01a1n gi\u1ea3n h\u01a1n.<\/p>\n<p><img loading=\"lazy\" decoding=\"async\" class=\"aligncenter wp-image-13015 lazy-load-active\" title=\"B\u1ebfp t\u1eeb Bosch PPI82560MS b\u1ebfp \u0111\u00f4i 2 v\u00f9ng n\u1ea5u Serie 8 6\" src=\"https:\/\/boschhome.vn\/wp-content\/uploads\/2022\/04\/bosch-ppi82560ms-1.jpg\" sizes=\"auto, (max-width: 525px) 100vw, 525px\" srcset=\"https:\/\/boschhome.vn\/wp-content\/uploads\/2022\/04\/bosch-ppi82560ms-1.jpg 900w, https:\/\/boschhome.vn\/wp-content\/uploads\/2022\/04\/bosch-ppi82560ms-1-247x139.jpg 247w, https:\/\/boschhome.vn\/wp-content\/uploads\/2022\/04\/bosch-ppi82560ms-1-510x287.jpg 510w, https:\/\/boschhome.vn\/wp-content\/uploads\/2022\/04\/bosch-ppi82560ms-1-300x169.jpg 300w, https:\/\/boschhome.vn\/wp-content\/uploads\/2022\/04\/bosch-ppi82560ms-1-768x432.jpg 768w\" alt=\"B\u1ebfp t\u1eeb Bosch PPI82560MS\" width=\"525\" height=\"295\" data-src=\"https:\/\/Boschhome.vn\/wp-content\/uploads\/2022\/04\/bosch-ppi82560ms-1.jpg\" data-srcset=\"https:\/\/boschhome.vn\/wp-content\/uploads\/2022\/04\/bosch-ppi82560ms-1.jpg 900w, https:\/\/boschhome.vn\/wp-content\/uploads\/2022\/04\/bosch-ppi82560ms-1-247x139.jpg 247w, https:\/\/boschhome.vn\/wp-content\/uploads\/2022\/04\/bosch-ppi82560ms-1-510x287.jpg 510w, https:\/\/boschhome.vn\/wp-content\/uploads\/2022\/04\/bosch-ppi82560ms-1-300x169.jpg 300w, https:\/\/boschhome.vn\/wp-content\/uploads\/2022\/04\/bosch-ppi82560ms-1-768x432.jpg 768w\" \/><\/p>\n<h2><b><i>\u0110\u1eb7c \u0111i\u1ec3m n\u1ed5i b\u1eadt c\u1ee7a s\u1ea3n ph\u1ea9m<\/i><\/b><\/h2>\n<ul>\n<li>B\u1ebfp t\u1eeb Bosch PPI82560MS c\u00f3 thi\u1ebft k\u1ebf sang tr\u1ecdng, hi\u1ec7n \u0111\u1ea1i v\u1edbi b\u1ec1 m\u1eb7t k\u00ednh Schott Ceran cao c\u1ea5p, m\u00e0u \u0111en huy\u1ec1n b\u00ed c\u00f9ng vi\u1ec1n inox 2 c\u1ea1nh b\u00ean v\u00e0 c\u1ea1nh d\u01b0\u1edbi t\u1ea1o n\u00ean di\u1ec7n m\u1ea1o \u0111\u1eb9p m\u1eaft cho chi\u1ebfc b\u1ebfp t\u1eeb n\u00e0y.<\/li>\n<li>B\u1ea3ng \u0111i\u1ec1u khi\u1ec3n c\u1ea3m \u1ee9ng 1 ch\u1ea1m c\u00f9ng v\u1edbi 17 m\u1ee9c gia nhi\u1ec7t gi\u00fap b\u1ea1n c\u00f3 th\u1ec3 d\u1ec5 d\u00e0ng ki\u1ec3m so\u00e1t v\u00f9ng n\u1ea5u mong mu\u1ed1n.<\/li>\n<li>B\u1eb1ng vi\u1ec7c ch\u1ec9 t\u1ea1o nhi\u1ec7t \u1edf d\u01b0\u1edbi \u0111\u00e1y xoong n\u1ed3i, chi\u1ebfc b\u1ebfp t\u1eeb n\u00e0y kh\u00f4ng ch\u1ec9 \u0111\u1ea3m b\u1ea3o an to\u00e0n, tr\u00e1nh g\u00e2y b\u1ecfng cho tay m\u00e0 n\u00f3 c\u00f2n gi\u00fap b\u1ea1n n\u1ea5u nhanh h\u01a1n g\u1ea5p nhi\u1ec1u l\u1ea7n so v\u1edbi b\u1ebfp \u0111i\u1ec7n v\u00e0 b\u1ebfp gas, ti\u1ebft ki\u1ec7m th\u1eddi gian c\u00f4ng s\u1ee9c v\u00e0 gi\u1ea3m ti\u00eau hao \u0111i\u1ec7n n\u0103ng \u0111\u00e1ng k\u1ec3.<\/li>\n<li>\u0110i k\u00e8m v\u1edbi ch\u1ee9c n\u0103ng Power Boost cho ph\u00e9p t\u0103ng c\u00f4ng su\u1ea5t nhanh ch\u00f3ng v\u00e0 \u0111\u1ea1t \u0111\u1ebfn nhi\u1ec7t \u0111\u1ed9 cao h\u01a1n \u0111\u1ec3 n\u1ea5u nhanh h\u01a1n v\u00e0 ti\u1ebft ki\u1ec7m th\u1eddi gian.<\/li>\n<li>B\u1ebfp c\u00f3 kh\u1ea3 n\u0103ng t\u1ef1 nh\u1eadn di\u1ec7n k\u00edch th\u01b0\u1edbc xoong, n\u1ed3i ch\u1ea3o v\u00e0 t\u1ef1 \u0111\u1ed9ng t\u1eaft khi kh\u00f4ng c\u00f3 d\u1ee5ng c\u1ee5 n\u1ea5u tr\u00ean b\u1ebfp.<\/li>\n<li>B\u1ebfp t\u1eeb Bosch PPI82560MS c\u00f3 t\u00edch h\u1ee3p ch\u1ee9c n\u0103ng h\u1eb9n gi\u1edd, gi\u00fap b\u1ea1n \u0111\u1eb7t th\u1eddi gian n\u1ea5u ch\u00edn ch\u00ednh x\u00e1c v\u00e0 t\u1ef1 \u0111\u1ed9ng t\u1eaft b\u1ebfp khi th\u1eddi gian \u0111\u00e3 \u0111\u1ebfn.<\/li>\n<li>\u0110\u01b0\u1ee3c trang b\u1ecb c\u00e1c t\u00ednh n\u0103ng nh\u01b0 kh\u00f3a tr\u1ebb em, t\u1ef1 \u0111\u1ed9ng t\u1eaft sau m\u1ed9t th\u1eddi gian kh\u00f4ng s\u1eed d\u1ee5ng v\u00e0 c\u1ea3nh b\u00e1o nhi\u1ec7t d\u01b0 \u0111\u1ea3m b\u1ea3o an to\u00e0n cho b\u1ea1n v\u00e0 gia \u0111\u00ecnh trong qu\u00e1 tr\u00ecnh s\u1eed d\u1ee5ng b\u1ebfp.<\/li>\n<\/ul>\n<h2><b>T\u00ednh n\u0103ng\u00a0<\/b><\/h2>\n<ul>\n<li>2 v\u00f9ng n\u1ea5u c\u1ea3m \u1ee9ng t\u1eeb<\/li>\n<li>C\u00f4ng ngh\u1ec7 \u0111i\u1ec1u khi\u1ec3n Direct Select v\u1edbi 17 m\u1ee9c c\u00f4ng su\u1ea5t nhi\u1ec7t<\/li>\n<li>Kh\u00f3a tr\u1ebb em<\/li>\n<li>C\u1ea3nh b\u00e1o nhi\u1ec7t d\u01b0 2 c\u1ea5p \u0111\u1ed9 (H\/h)<\/li>\n<li>T\u1ef1 \u0111\u1ed9ng t\u1eaft khi kh\u00f4ng s\u1eed d\u1ee5ng, t\u1ef1 t\u1eaft khi kh\u00f4ng c\u00f3 n\u1ed3i<\/li>\n<li>B\u1ed9 c\u00e0i \u0111\u1eb7t th\u1eddi gian n\u1ea5u, \u00e2m b\u00e1o khi k\u1ebft th\u00fac<\/li>\n<li>Ch\u1ed1ng tr\u00e0n<\/li>\n<li>H\u1eb9n gi\u1edd \u0111\u1ebfn 99 ph\u00fat<\/li>\n<li>T\u1ef1 nh\u1eadn di\u1ec7n n\u1ed3i ch\u1ea3o<\/li>\n<li>Power Booster: Ch\u1ee9c n\u0103ng gia nhi\u1ec7t nhanh<\/li>\n<\/ul>\n<h2><b>Th\u00f4ng s\u1ed1 k\u1ef9 thu\u1eadt\u00a0<\/b><\/h2>\n<p><img loading=\"lazy\" decoding=\"async\" class=\"aligncenter wp-image-13012 lazy-load-active\" title=\"B\u1ebfp t\u1eeb Bosch PPI82560MS b\u1ebfp \u0111\u00f4i 2 v\u00f9ng n\u1ea5u Serie 8 7\" src=\"https:\/\/boschhome.vn\/wp-content\/uploads\/2022\/04\/bosch-ppi82560ms-4.jpg\" sizes=\"auto, (max-width: 507px) 100vw, 507px\" srcset=\"https:\/\/boschhome.vn\/wp-content\/uploads\/2022\/04\/bosch-ppi82560ms-4.jpg 900w, https:\/\/boschhome.vn\/wp-content\/uploads\/2022\/04\/bosch-ppi82560ms-4-247x139.jpg 247w, https:\/\/boschhome.vn\/wp-content\/uploads\/2022\/04\/bosch-ppi82560ms-4-510x287.jpg 510w, https:\/\/boschhome.vn\/wp-content\/uploads\/2022\/04\/bosch-ppi82560ms-4-300x169.jpg 300w, https:\/\/boschhome.vn\/wp-content\/uploads\/2022\/04\/bosch-ppi82560ms-4-768x432.jpg 768w\" alt=\"K\u00edch th\u01b0\u1edbc B\u1ebfp t\u1eeb Bosch PPI82560MS\" width=\"507\" height=\"285\" data-src=\"https:\/\/Boschhome.vn\/wp-content\/uploads\/2022\/04\/bosch-ppi82560ms-4.jpg\" data-srcset=\"https:\/\/boschhome.vn\/wp-content\/uploads\/2022\/04\/bosch-ppi82560ms-4.jpg 900w, https:\/\/boschhome.vn\/wp-content\/uploads\/2022\/04\/bosch-ppi82560ms-4-247x139.jpg 247w, https:\/\/boschhome.vn\/wp-content\/uploads\/2022\/04\/bosch-ppi82560ms-4-510x287.jpg 510w, https:\/\/boschhome.vn\/wp-content\/uploads\/2022\/04\/bosch-ppi82560ms-4-300x169.jpg 300w, https:\/\/boschhome.vn\/wp-content\/uploads\/2022\/04\/bosch-ppi82560ms-4-768x432.jpg 768w\" \/><\/p>\n<p>&nbsp;<\/p>\n<table border=\"1\">\n<tbody>\n<tr>\n<td>M\u00e0u s\u1eafc<\/td>\n<td>M\u00e0u \u0111en<\/td>\n<\/tr>\n<tr>\n<td>Ch\u1ea5t li\u1ec7u m\u1eb7t b\u1ebfp<\/td>\n<td>M\u1eb7t g\u1ed1m th\u1ee7y tinh Schott, vi\u1ec1n inox 2 c\u1ea1nh b\u00ean v\u00e0 ph\u00eda d\u01b0\u1edbi<\/td>\n<\/tr>\n<tr>\n<td>Ki\u1ec3u l\u1eafp \u0111\u1eb7t<\/td>\n<td>L\u1eafp \u00e2m<\/td>\n<\/tr>\n<tr>\n<td>B\u1ea3ng \u0111i\u1ec1u khi\u1ec3n<\/td>\n<td>C\u1ea3m \u1ee9ng tr\u01b0\u1ee3t Slide<\/td>\n<\/tr>\n<tr>\n<td>S\u1ed1 v\u00f9ng n\u1ea5u<\/td>\n<td>2<\/td>\n<\/tr>\n<tr>\n<td>C\u00f4ng su\u1ea5t t\u1ed1i \u0111a v\u00f9ng n\u1ea5u 1C\u00f4ng su\u1ea5t booster<\/td>\n<td>1800W3100W<\/td>\n<\/tr>\n<tr>\n<td>C\u00f4ng su\u1ea5t t\u1ed1i \u0111a v\u00f9ng n\u1ea5u 2<br \/>\nC\u00f4ng su\u1ea5t booster<\/td>\n<td>1800W<br \/>\n3100W<\/td>\n<\/tr>\n<tr>\n<td>M\u1ee9c c\u00f4ng su\u1ea5t nhi\u1ec7t<\/td>\n<td>17<\/td>\n<\/tr>\n<tr>\n<td>\u0110i\u1ec7n \u00e1p<\/td>\n<td>220-240V \/ 50-60Hz<\/td>\n<\/tr>\n<tr>\n<td>T\u1ed5ng c\u00f4ng su\u1ea5t<\/td>\n<td>3500W<\/td>\n<\/tr>\n<tr>\n<td>Chi\u1ec1u d\u00e0i d\u00e2y ngu\u1ed3n<\/td>\n<td>1.1m<\/td>\n<\/tr>\n<tr>\n<td>K\u00edch th\u01b0\u1edbc s\u1ea3n ph\u1ea9m<\/td>\n<td>780 x 450 x 59 mm<\/td>\n<\/tr>\n<tr>\n<td>K\u00edch th\u01b0\u1edbc l\u1eafp \u0111\u1eb7t<\/td>\n<td>700-702 x 400-402 x 59 mm<\/td>\n<\/tr>\n<\/tbody>\n<\/table>\n<div class=\"large-12 col pb-0 mb-0\">\n<h2 class=\"uppercase mt\">H\u01af\u1edaNG D\u1eaaN S\u1eec D\u1ee4NG<\/h2>\n<\/div>\n<div class=\"large-12 col pb-0 mb-0\">\n<div class=\"panel entry-content\">\n<h3><b>H\u01b0\u1edbng d\u1eabn v\u1eadn h\u00e0nh\u00a0<\/b><\/h3>\n<p>C\u00e1c k\u00fd hi\u1ec7u tr\u00ean m\u1eb7t b\u1ebfp v\u00e0 ch\u1ee9c n\u0103ng c\u1ee7a n\u00f3<\/p>\n<p><img loading=\"lazy\" decoding=\"async\" class=\"size-full wp-image-23206 aligncenter lazy-load-active\" title=\"B\u1ebfp t\u1eeb Bosch PPI82560MS b\u1ebfp \u0111\u00f4i 2 v\u00f9ng n\u1ea5u Serie 8 8\" src=\"https:\/\/boschhome.vn\/wp-content\/uploads\/2022\/04\/bang-dieu-khien-bep-tu-bosch-ppi82560ms.jpg\" sizes=\"auto, (max-width: 480px) 100vw, 480px\" srcset=\"https:\/\/boschhome.vn\/wp-content\/uploads\/2022\/04\/bang-dieu-khien-bep-tu-bosch-ppi82560ms.jpg 480w, https:\/\/boschhome.vn\/wp-content\/uploads\/2022\/04\/bang-dieu-khien-bep-tu-bosch-ppi82560ms-368x161.jpg 368w, https:\/\/boschhome.vn\/wp-content\/uploads\/2022\/04\/bang-dieu-khien-bep-tu-bosch-ppi82560ms-247x108.jpg 247w\" alt=\"B\u1ea3ng \u0111i\u1ec1u khi\u1ec3n B\u1ebfp t\u1eeb Bosch PPI82560MS\" width=\"480\" height=\"210\" data-src=\"https:\/\/Boschhome.vn\/wp-content\/uploads\/2022\/04\/bang-dieu-khien-bep-tu-bosch-ppi82560ms.jpg\" data-srcset=\"https:\/\/boschhome.vn\/wp-content\/uploads\/2022\/04\/bang-dieu-khien-bep-tu-bosch-ppi82560ms.jpg 480w, https:\/\/boschhome.vn\/wp-content\/uploads\/2022\/04\/bang-dieu-khien-bep-tu-bosch-ppi82560ms-368x161.jpg 368w, https:\/\/boschhome.vn\/wp-content\/uploads\/2022\/04\/bang-dieu-khien-bep-tu-bosch-ppi82560ms-247x108.jpg 247w\" \/><\/p>\n<h3><b>L\u01b0u \u00fd an to\u00e0n khi s\u1eed d\u1ee5ng\u00a0<\/b><\/h3>\n<ul>\n<li aria-level=\"1\">Tr\u01b0\u1edbc khi s\u1eed d\u1ee5ng b\u1ebfp t\u1eeb, h\u00e3y \u0111\u1ecdc k\u1ef9 v\u00e0 hi\u1ec3u r\u00f5 h\u01b0\u1edbng d\u1eabn s\u1eed d\u1ee5ng \u0111\u01b0\u1ee3c cung c\u1ea5p b\u1edfi nh\u00e0 s\u1ea3n xu\u1ea5t. \u0110i\u1ec1u n\u00e0y gi\u00fap b\u1ea1n bi\u1ebft c\u00e1ch v\u1eadn h\u00e0nh \u0111\u00fang c\u00e1ch v\u00e0 tr\u00e1nh nh\u1eefng t\u00ecnh hu\u1ed1ng nguy hi\u1ec3m.<\/li>\n<li aria-level=\"1\">Khi kh\u00f4ng s\u1eed d\u1ee5ng b\u1ebfp t\u1eeb, h\u00e3y kh\u00f3a b\u00e0n ph\u00edm \u0111\u1ec3 tr\u00e1nh vi\u1ec7c b\u1ea5t c\u1ea9n ho\u1eb7c tr\u1ebb em t\u00f9y ti\u1ec7n thao t\u00e1c v\u1edbi b\u1ebfp t\u1eeb.<\/li>\n<li aria-level=\"1\">Ch\u1ec9 s\u1eed d\u1ee5ng n\u1ed3i ch\u1ea3o c\u00f3 \u0111\u00e1y ph\u1eb3ng v\u00e0 ph\u00f9 h\u1ee3p v\u1edbi k\u00edch th\u01b0\u1edbc v\u00f9ng n\u1ea5u. \u0110\u1eb7t n\u1ed3i tr\u00ean \u0111\u00fang v\u00f9ng n\u1ea5u \u0111\u1ec3 c\u00f3 th\u1ec3 \u0111\u1ea1t \u0111\u01b0\u1ee3c hi\u1ec7u su\u1ea5t n\u1ea5u cao.<\/li>\n<li aria-level=\"1\">Sau khi ho\u00e0n th\u00e0nh vi\u1ec7c n\u1ea5u \u0103n, h\u00e3y t\u1eaft ngu\u1ed3n b\u1ebfp t\u1eeb v\u00e0 ch\u1edd cho \u0111\u1ebfn khi b\u1ec1 m\u1eb7t ngu\u1ed9i tr\u01b0\u1edbc khi ti\u1ebfp t\u1ee5c l\u00e0m vi\u1ec7c v\u1edbi n\u00f3 ho\u1eb7c l\u00e0m s\u1ea1ch.<\/li>\n<li aria-level=\"1\">Ch\u1eafc ch\u1eafn r\u1eb1ng kh\u00f4ng c\u00f3 v\u1eadt li\u1ec7u d\u1ec5 ch\u00e1y ho\u1eb7c c\u00e1c v\u1eadt li\u1ec7u d\u1ec5 b\u1eaft l\u1eeda g\u1ea7n b\u1ebfp t\u1eeb.<\/li>\n<li aria-level=\"1\">H\u00e3y v\u1ec7 sinh v\u00e0 b\u1ea3o d\u01b0\u1ee1ng b\u1ebfp t\u1eeb th\u01b0\u1eddng xuy\u00ean \u0111\u1ec3 \u0111\u1ea3m b\u1ea3o hi\u1ec7u su\u1ea5t ho\u1ea1t \u0111\u1ed9ng t\u1ed1t v\u00e0 \u0111\u1ed9 an to\u00e0n cao. Ng\u1eaft ngu\u1ed3n tr\u01b0\u1edbc khi l\u00e0m s\u1ea1ch v\u00e0 s\u1eed d\u1ee5ng c\u00e1c ch\u1ea5t t\u1ea9y r\u1eeda ph\u00f9 h\u1ee3p.<\/li>\n<li aria-level=\"1\">Kh\u00f4ng \u0111\u1ec3 b\u1ebfp t\u1eeb ho\u1ea1t \u0111\u1ed9ng m\u00e0 kh\u00f4ng c\u00f3 s\u1ef1 gi\u00e1m s\u00e1t. Lu\u00f4n \u1edf g\u1ea7n v\u00e0 th\u01b0\u1eddng xuy\u00ean ki\u1ec3m tra c\u00e1c n\u1ed3i ch\u1ea3o \u0111ang n\u1ea5u \u0111\u1ec3 tr\u00e1nh n\u1ea5u qu\u00e1 ch\u00edn ho\u1eb7c g\u00e2y ch\u00e1y.<\/li>\n<\/ul>\n<\/div>\n<\/div>\n","protected":false},"excerpt":{"rendered":"<p>M\u00e3 s\u1ea3n ph\u1ea9m: PPI82560MS<\/p>\n<p>Th\u01b0\u01a1ng hi\u1ec7u: Bosch<\/p>\n<p>Xu\u1ea5t x\u1ee9: Trung Qu\u1ed1c<\/p>\n<p>B\u1ea3o h\u00e0nh: 3 n\u0103m<\/p>\n","protected":false},"featured_media":1530,"comment_status":"open","ping_status":"closed","template":"","meta":[],"product_brand":[],"product_cat":[15,36],"product_tag":[],"class_list":{"0":"post-1529","1":"product","2":"type-product","3":"status-publish","4":"has-post-thumbnail","6":"product_cat-bep-tu","7":"product_cat-bosch","9":"first","10":"instock","11":"shipping-taxable","12":"product-type-simple"},"_links":{"self":[{"href":"https:\/\/nhadepbepxinh.com.vn\/index.php?rest_route=\/wp\/v2\/product\/1529","targetHints":{"allow":["GET"]}}],"collection":[{"href":"https:\/\/nhadepbepxinh.com.vn\/index.php?rest_route=\/wp\/v2\/product"}],"about":[{"href":"https:\/\/nhadepbepxinh.com.vn\/index.php?rest_route=\/wp\/v2\/types\/product"}],"replies":[{"embeddable":true,"href":"https:\/\/nhadepbepxinh.com.vn\/index.php?rest_route=%2Fwp%2Fv2%2Fcomments&post=1529"}],"wp:featuredmedia":[{"embeddable":true,"href":"https:\/\/nhadepbepxinh.com.vn\/index.php?rest_route=\/wp\/v2\/media\/1530"}],"wp:attachment":[{"href":"https:\/\/nhadepbepxinh.com.vn\/index.php?rest_route=%2Fwp%2Fv2%2Fmedia&parent=1529"}],"wp:term":[{"taxonomy":"product_brand","embeddable":true,"href":"https:\/\/nhadepbepxinh.com.vn\/index.php?rest_route=%2Fwp%2Fv2%2Fproduct_brand&post=1529"},{"taxonomy":"product_cat","embeddable":true,"href":"https:\/\/nhadepbepxinh.com.vn\/index.php?rest_route=%2Fwp%2Fv2%2Fproduct_cat&post=1529"},{"taxonomy":"product_tag","embeddable":true,"href":"https:\/\/nhadepbepxinh.com.vn\/index.php?rest_route=%2Fwp%2Fv2%2Fproduct_tag&post=1529"}],"curies":[{"name":"wp","href":"https:\/\/api.w.org\/{rel}","templated":true}]}}