{"id":1522,"date":"2025-03-26T08:44:09","date_gmt":"2025-03-26T01:44:09","guid":{"rendered":"https:\/\/nhadepbepxinh.com.vn\/?post_type=product&#038;p=1522"},"modified":"2026-03-25T14:56:06","modified_gmt":"2026-03-25T07:56:06","slug":"bep-tu-doi-bosch-ppi8256evn","status":"publish","type":"product","link":"https:\/\/nhadepbepxinh.com.vn\/?product=bep-tu-doi-bosch-ppi8256evn","title":{"rendered":"B\u00ca\u0301P T\u01af\u0300 \u0110\u00d4I BOSCH PMI82560VN"},"content":{"rendered":"<h3><strong>\u0110\u1eb7c \u0111i\u1ec3m n\u1ed5i b\u1eadt<\/strong><\/h3>\n<ul>\n<li>B\u1ebfp t\u1eeb Bosch PMI82560VN s\u1edf h\u1eefu 2 v\u00f9ng n\u1ea5u ti\u1ec7n d\u1ee5ng v\u1edbi thi\u1ebft k\u1ebf sang tr\u1ecdng. B\u1ec1 m\u1eb7t k\u00ednh Schott Ceran cao c\u1ea5p ch\u1ecbu l\u1ef1c, ch\u1ecbu nhi\u1ec7t t\u1ed1t, ch\u1ed1ng tr\u1ea7y x\u01b0\u1edbc, d\u1ec5 d\u00e0ng v\u1ec7 sinh sau m\u1ed7i l\u1ea7n s\u1eed d\u1ee5ng.<\/li>\n<li>B\u1ea3ng \u0111i\u1ec1u khi\u1ec3n c\u1ea3m \u1ee9ng v\u1edbi 17 m\u1ee9c gia nhi\u1ec7t gi\u00fap b\u1ea1n c\u00f3 th\u1ec3 d\u1ec5 d\u00e0ng ki\u1ec3m so\u00e1t nhi\u1ec7t \u0111\u1ed9 mong mu\u1ed1n.<\/li>\n<li>Ch\u1ee9c n\u0103ng gia nhi\u00ea\u0323t nhanh PowerBoost \u2013 gia t\u0103ng \u0111\u1ebfn 50% c\u00f4ng su\u1ea5t \u0111\u1ec3 l\u00e0m b\u1ebfp t\u1eeb n\u00f3ng nhanh h\u01a1n<\/li>\n<li>B\u1eb1ng vi\u1ec7c ch\u1ec9 t\u1ea1o nhi\u1ec7t \u1edf d\u01b0\u1edbi \u0111\u00e1y xoong n\u1ed3i, chi\u1ebfc b\u1ebfp t\u1eeb n\u00e0y kh\u00f4ng ch\u1ec9 \u0111\u1ea3m b\u1ea3o an to\u00e0n, tr\u00e1nh g\u00e2y b\u1ecfng cho tay m\u00e0 n\u00f3 c\u00f2n gi\u00fap b\u1ea1n n\u1ea5u nhanh h\u01a1n g\u1ea5p nhi\u1ec1u l\u1ea7n so v\u1edbi b\u1ebfp \u0111i\u1ec7n v\u00e0 b\u1ebfp gas, ti\u1ebft ki\u1ec7m th\u1eddi gian c\u00f4ng s\u1ee9c v\u00e0 gi\u1ea3m ti\u00eau hao \u0111i\u1ec7n n\u0103ng \u0111\u00e1ng k\u1ec3.<\/li>\n<li>T\u00edch h\u1ee3p ch\u1ee9c n\u0103ng h\u1eb9n gi\u1edd, gi\u00fap b\u1ea1n \u0111\u1eb7t th\u1eddi gian n\u1ea5u ch\u00edn ch\u00ednh x\u00e1c v\u00e0 t\u1ef1 \u0111\u1ed9ng t\u1eaft b\u1ebfp khi th\u1eddi gian \u0111\u00e3 \u0111\u1ebfn.<\/li>\n<li>\u0110\u01b0\u1ee3c trang b\u1ecb c\u00e1c t\u00ednh n\u0103ng nh\u01b0 kh\u00f3a tr\u1ebb em, t\u1ef1 \u0111\u1ed9ng t\u1eaft khi qu\u00e1 nhi\u1ec7t, c\u1ea3nh b\u00e1o nhi\u1ec7t d\u01b0 \u0111\u1ea3m b\u1ea3o an to\u00e0n cho b\u1ea1n v\u00e0 gia \u0111\u00ecnh trong qu\u00e1 tr\u00ecnh s\u1eed d\u1ee5ng b\u1ebfp.<\/li>\n<\/ul>\n<h3><strong>Th\u00f4ng s\u1ed1 k\u1ef9 thu\u1eadt\u00a0<\/strong><\/h3>\n<ul>\n<li><strong>K\u00edch th\u01b0\u1edbc s\u1ea3n ph\u1ea9m (CxRxS):<\/strong>\u00a059x780x450 mm<\/li>\n<li><strong>Chi\u1ec1u s\u00e2u c\u1eaft \u0111\u00e1 (SxRxC):<\/strong>\u00a0(400-410) x(700-710)x61 mm<\/li>\n<li><strong>K\u00edch th\u01b0\u1edbc c\u00e1c v\u00f9ng:<\/strong>\u00a02 x \u00d8240<\/li>\n<li><strong>C\u00f4ng su\u1ea5t m\u1ed7i v\u00f9ng:<\/strong>\u00a02 x (2.2kw \u2013 3.5Kw)<\/li>\n<li><strong>C\u00f4ng su\u1ea5t:<\/strong>\u00a03500 W<\/li>\n<li><strong>Hi\u1ec7u \u0111i\u1ec7n th\u1ebf:<\/strong>\u00a0220-240V<\/li>\n<li><strong>Chi\u1ec1u d\u00e0i d\u00e2y c\u1eafm:<\/strong>\u00a0150 cm<\/li>\n<\/ul>\n<h3><strong>L\u01b0u \u00fd an to\u00e0n khi s\u1eed d\u1ee5ng<\/strong><\/h3>\n<ul>\n<li>Tr\u01b0\u1edbc khi s\u1eed d\u1ee5ng b\u1ebfp t\u1eeb, h\u00e3y \u0111\u1ecdc k\u1ef9 v\u00e0 hi\u1ec3u r\u00f5 h\u01b0\u1edbng d\u1eabn s\u1eed d\u1ee5ng \u0111\u01b0\u1ee3c cung c\u1ea5p b\u1edfi nh\u00e0 s\u1ea3n xu\u1ea5t. \u0110i\u1ec1u n\u00e0y gi\u00fap b\u1ea1n bi\u1ebft c\u00e1ch v\u1eadn h\u00e0nh \u0111\u00fang c\u00e1ch v\u00e0 tr\u00e1nh nh\u1eefng t\u00ecnh hu\u1ed1ng nguy hi\u1ec3m.<\/li>\n<li>Ch\u1ec9 s\u1eed d\u1ee5ng n\u1ed3i ch\u1ea3o c\u00f3 \u0111\u00e1y ph\u1eb3ng v\u00e0 ph\u00f9 h\u1ee3p v\u1edbi k\u00edch th\u01b0\u1edbc v\u00f9ng n\u1ea5u. \u0110\u1eb7t n\u1ed3i tr\u00ean \u0111\u00fang v\u00f9ng n\u1ea5u \u0111\u1ec3 c\u00f3 th\u1ec3 \u0111\u1ea1t \u0111\u01b0\u1ee3c hi\u1ec7u su\u1ea5t n\u1ea5u cao.<\/li>\n<li>Sau khi ho\u00e0n th\u00e0nh vi\u1ec7c n\u1ea5u \u0103n, h\u00e3y t\u1eaft ngu\u1ed3n b\u1ebfp t\u1eeb v\u00e0 ch\u1edd cho \u0111\u1ebfn khi b\u1ec1 m\u1eb7t ngu\u1ed9i tr\u01b0\u1edbc khi ti\u1ebfp t\u1ee5c l\u00e0m vi\u1ec7c v\u1edbi n\u00f3 ho\u1eb7c l\u00e0m s\u1ea1ch.<\/li>\n<li>H\u00e3y v\u1ec7 sinh v\u00e0 b\u1ea3o d\u01b0\u1ee1ng b\u1ebfp t\u1eeb th\u01b0\u1eddng xuy\u00ean \u0111\u1ec3 \u0111\u1ea3m b\u1ea3o hi\u1ec7u su\u1ea5t ho\u1ea1t \u0111\u1ed9ng t\u1ed1t v\u00e0 \u0111\u1ed9 an to\u00e0n cao. Ng\u1eaft ngu\u1ed3n tr\u01b0\u1edbc khi l\u00e0m s\u1ea1ch v\u00e0 s\u1eed d\u1ee5ng c\u00e1c ch\u1ea5t t\u1ea9y r\u1eeda ph\u00f9 h\u1ee3p.<\/li>\n<li>Kh\u00f4ng \u0111\u1ec3 b\u1ebfp t\u1eeb ho\u1ea1t \u0111\u1ed9ng m\u00e0 kh\u00f4ng c\u00f3 s\u1ef1 gi\u00e1m s\u00e1t. Lu\u00f4n \u1edf g\u1ea7n v\u00e0 th\u01b0\u1eddng xuy\u00ean ki\u1ec3m tra c\u00e1c n\u1ed3i ch\u1ea3o \u0111ang n\u1ea5u \u0111\u1ec3 tr\u00e1nh n\u1ea5u qu\u00e1 ch\u00edn ho\u1eb7c g\u00e2y ch\u00e1y.<\/li>\n<\/ul>\n","protected":false},"excerpt":{"rendered":"<p>M\u00e3 s\u1ea3n ph\u1ea9m: PPI8256EVN<\/p>\n<p>Th\u01b0\u01a1ng hi\u1ec7u: Bosch<\/p>\n<p>Xu\u1ea5t x\u1ee9: Trung Qu\u1ed1c<\/p>\n<p>B\u1ea3o h\u00e0nh: 3 n\u0103m<\/p>\n","protected":false},"featured_media":1523,"comment_status":"open","ping_status":"closed","template":"","meta":[],"product_brand":[],"product_cat":[15,36],"product_tag":[],"class_list":{"0":"post-1522","1":"product","2":"type-product","3":"status-publish","4":"has-post-thumbnail","6":"product_cat-bep-tu","7":"product_cat-bosch","9":"first","10":"instock","11":"shipping-taxable","12":"product-type-simple"},"_links":{"self":[{"href":"https:\/\/nhadepbepxinh.com.vn\/index.php?rest_route=\/wp\/v2\/product\/1522","targetHints":{"allow":["GET"]}}],"collection":[{"href":"https:\/\/nhadepbepxinh.com.vn\/index.php?rest_route=\/wp\/v2\/product"}],"about":[{"href":"https:\/\/nhadepbepxinh.com.vn\/index.php?rest_route=\/wp\/v2\/types\/product"}],"replies":[{"embeddable":true,"href":"https:\/\/nhadepbepxinh.com.vn\/index.php?rest_route=%2Fwp%2Fv2%2Fcomments&post=1522"}],"wp:featuredmedia":[{"embeddable":true,"href":"https:\/\/nhadepbepxinh.com.vn\/index.php?rest_route=\/wp\/v2\/media\/1523"}],"wp:attachment":[{"href":"https:\/\/nhadepbepxinh.com.vn\/index.php?rest_route=%2Fwp%2Fv2%2Fmedia&parent=1522"}],"wp:term":[{"taxonomy":"product_brand","embeddable":true,"href":"https:\/\/nhadepbepxinh.com.vn\/index.php?rest_route=%2Fwp%2Fv2%2Fproduct_brand&post=1522"},{"taxonomy":"product_cat","embeddable":true,"href":"https:\/\/nhadepbepxinh.com.vn\/index.php?rest_route=%2Fwp%2Fv2%2Fproduct_cat&post=1522"},{"taxonomy":"product_tag","embeddable":true,"href":"https:\/\/nhadepbepxinh.com.vn\/index.php?rest_route=%2Fwp%2Fv2%2Fproduct_tag&post=1522"}],"curies":[{"name":"wp","href":"https:\/\/api.w.org\/{rel}","templated":true}]}}