{"id":1503,"date":"2025-03-25T17:44:59","date_gmt":"2025-03-25T10:44:59","guid":{"rendered":"https:\/\/nhadepbepxinh.com.vn\/?post_type=product&#038;p=1503"},"modified":"2025-03-25T17:44:59","modified_gmt":"2025-03-25T10:44:59","slug":"may-hut-mui-kocher-turbo-x-350d","status":"publish","type":"product","link":"https:\/\/nhadepbepxinh.com.vn\/?product=may-hut-mui-kocher-turbo-x-350d","title":{"rendered":"MA\u0301Y HU\u0301T MU\u0300I KOCHER TURBO X-350D"},"content":{"rendered":"<p>D\u00f2ng s\u1ea3n ph\u1ea9m m\u00e1y h\u00fat m\u00f9i qu\u1ed1c d\u00e2n Turbo X-350D. V\u1edbi c\u00f4ng ngh\u1ec7 ti\u00ean ti\u1ebfn v\u00e0 thi\u1ebft k\u1ebf th\u00f4ng minh, Turbo X-305D kh\u00f4ng ch\u1ec9 mang l\u1ea1i hi\u1ec7u su\u1ea5t v\u01b0\u1ee3t tr\u1ed9i m\u00e0 c\u00f2n \u0111em \u0111\u1ebfn v\u1ebb \u0111\u1eb9p sang tr\u1ecdng cho kh\u00f4ng gian b\u1ebfp c\u1ee7a b\u1ea1n.<\/p>\n<p><iframe loading=\"lazy\" title=\"M\u00c1Y H\u00daT M\u00d9I TURBO SERIES X - H\u00daT M\u00d9I &quot;QU\u1ed0C D\u00c2N&quot; D\u00c0NH CHO C\u0102N B\u1ebeP VI\u1ec6T\" width=\"1020\" height=\"574\" src=\"https:\/\/www.youtube.com\/embed\/3SNh8YPj4yo?feature=oembed\" frameborder=\"0\" allow=\"accelerometer; autoplay; clipboard-write; encrypted-media; gyroscope; picture-in-picture; web-share\" referrerpolicy=\"strict-origin-when-cross-origin\" allowfullscreen><\/iframe><\/p>\n<p><strong>C\u00f4ng Ngh\u1ec7 M\u1edbi &#8211; Hi\u1ec7u Su\u1ea5t G\u1ea5p 3<\/strong><\/p>\n<p>M\u00e1y h\u00fat m\u00f9i Turbo X-350D \u0111\u01b0\u1ee3c trang b\u1ecb c\u00f4ng ngh\u1ec7 ti\u00ean ti\u1ebfn, t\u0103ng hi\u1ec7u su\u1ea5t h\u00fat g\u1ea5p 3 l\u1ea7n so v\u1edbi c\u00e1c s\u1ea3n ph\u1ea9m truy\u1ec1n th\u1ed1ng. \u0110i\u1ec1u n\u00e0y gi\u00fap m\u00e1y ho\u1ea1t \u0111\u1ed9ng m\u1ea1nh m\u1ebd v\u00e0 hi\u1ec7u qu\u1ea3 h\u01a1n, \u0111\u1ea3m b\u1ea3o kh\u00f4ng gian b\u1ebfp lu\u00f4n s\u1ea1ch s\u1ebd v\u00e0 tho\u00e1ng m\u00e1t.<\/p>\n<p>C\u00f4ng Su\u1ea5t H\u00fat 195W: C\u00f4ng su\u1ea5t h\u00fat m\u1ea1nh m\u1ebd l\u00ean \u0111\u1ebfn 1800m\u00b3\/h gi\u00fap lo\u1ea1i b\u1ecf t\u1ea1p ch\u1ea5t v\u00e0 kh\u00f3i b\u1ee5i m\u1ed9t c\u00e1ch nhanh ch\u00f3ng v\u00e0 hi\u1ec7u qu\u1ea3.<\/p>\n<p><img decoding=\"async\" src=\"https:\/\/kocher.vn\/pic\/Product\/images\/H%C3%BAt%20m%C3%B9i%20si%C3%AAu%20kh%E1%BB%8Fe(1).png\" alt=\"\" \/><\/p>\n<p><strong>Thi\u1ebft K\u1ebf \u0110\u1ed9t Ph\u00e1 v\u00e0 Hi\u1ec7u Qu\u1ea3<\/strong><\/p>\n<p>M\u00e0ng L\u01b0\u1edbi h\u1ee3p kim cao c\u1ea5p ch\u1eafc ch\u1eafn, m\u00e1y h\u00fat m\u00f9i Turbo X-350D c\u00f3 kh\u1ea3 n\u0103ng l\u1ecdc hi\u1ec7u qu\u1ea3 cao, gi\u1eef cho kh\u00f4ng kh\u00ed trong b\u1ebfp lu\u00f4n trong l\u00e0nh. Thi\u1ebft k\u1ebf n\u00e0y c\u0169ng d\u1ec5 d\u00e0ng th\u00e1o l\u1eafp v\u00e0 v\u1ec7 sinh, mang l\u1ea1i s\u1ef1 ti\u1ec7n l\u1ee3i t\u1ed1i \u0111a cho ng\u01b0\u1eddi s\u1eed d\u1ee5ng.<\/p>\n<p><strong>Tr\u1ea3i nghi\u1ec7m l\u1ef1c h\u00fat c\u1ee7a m\u00e1y h\u00fat m\u00f9i qu\u1ed1c d\u00e2n Turbo X-350D<\/strong><\/p>\n<p><iframe loading=\"lazy\" title=\"KI\u1ec2M NGHI\u1ec6M L\u1ef0C H\u00daT TH\u1ef0C T\u1ebe C\u1ee6A M\u00c1Y H\u00daT M\u00d9I K\u00d6CHER TURBO SERIES X\" width=\"1020\" height=\"574\" src=\"https:\/\/www.youtube.com\/embed\/1a0liRcki3I?feature=oembed\" frameborder=\"0\" allow=\"accelerometer; autoplay; clipboard-write; encrypted-media; gyroscope; picture-in-picture; web-share\" referrerpolicy=\"strict-origin-when-cross-origin\" allowfullscreen><\/iframe><\/p>\n<p><strong>Thi\u1ebft K\u1ebf Th\u00f4ng Minh, Ti\u1ebft Ki\u1ec7m Kh\u00f4ng Gian<\/strong><\/p>\n<p>K\u00edch Th\u01b0\u1edbc V\u1eeba V\u1eb7n: Turbo X-350D c\u00f3 thi\u1ebft k\u1ebf v\u1eeba v\u1eb7n v\u1edbi k\u00edch th\u01b0\u1edbc t\u1ee7 b\u1ebfp ch\u1ec9 35cm, kh\u00f4ng b\u1ecb th\u1eeba ra ngo\u00e0i nh\u01b0 nhi\u1ec1u s\u1ea3n ph\u1ea9m kh\u00e1c, gi\u00fap b\u1ea1n ti\u1ebft ki\u1ec7m kh\u00f4ng gian v\u00e0 s\u1eafp x\u1ebfp \u0111\u1ed3 \u0111\u1ea1c d\u1ec5 d\u00e0ng h\u01a1n.<\/p>\n<p>Khoang L\u1ea5y Gi\u00f3 R\u1ed9ng: Khoang l\u1ea5y gi\u00f3 c\u1ea3i ti\u1ebfn r\u1ed9ng g\u1ea5p 3 l\u1ea7n, t\u0103ng t\u1ed1c \u0111\u1ed9 h\u00fat nhanh v\u00e0 m\u1ea1nh, \u0111\u1ea3m b\u1ea3o lo\u1ea1i b\u1ecf m\u00f9i h\u00f4i v\u00e0 kh\u00f3i b\u1ebfp tri\u1ec7t \u0111\u1ec3.<\/p>\n<p><img decoding=\"async\" src=\"https:\/\/kocher.vn\/pic\/Product\/images\/may-hut-mui-turbo-x-350D-3.jpg\" alt=\"\" \/><\/p>\n<p><strong>T\u00ednh N\u0103ng Th\u00f4ng Minh v\u00e0 Hi\u1ec7n \u0110\u1ea1i<\/strong><\/p>\n<p>\u0110i\u1ec1u Khi\u1ec3n C\u1ea3m \u1ee8ng V\u1eaby Tay: B\u1ea3ng \u0111i\u1ec1u khi\u1ec3n c\u1ea3m \u1ee9ng v\u1eaby tay si\u00eau nh\u1ea1y v\u1edbi 4 m\u1ee9c c\u00f4ng su\u1ea5t v\u00e0 ch\u1ebf \u0111\u1ed9 Booster si\u00eau nhanh, mang l\u1ea1i tr\u1ea3i nghi\u1ec7m s\u1eed d\u1ee5ng hi\u1ec7n \u0111\u1ea1i v\u00e0 ti\u1ec7n l\u1ee3i.<\/p>\n<p>H\u1ec7 Th\u1ed1ng \u0110\u00e8n LED X2: \u0110\u00e8n LED X2 si\u00eau s\u00e1ng gi\u00fap qu\u00e1 tr\u00ecnh n\u1ea5u n\u01b0\u1edbng d\u1ec5 d\u00e0ng h\u01a1n, \u0111\u1ea3m b\u1ea3o b\u1ea1n lu\u00f4n c\u00f3 \u0111\u1ee7 \u00e1nh s\u00e1ng trong m\u1ecdi t\u00ecnh hu\u1ed1ng.<\/p>\n<p><img decoding=\"async\" src=\"https:\/\/kocher.vn\/pic\/Product\/images\/may-hut-mui-turbo-x-350t-2.jpg\" alt=\"\" \/><\/p>\n<p>M\u00e1y h\u00fat m\u00f9i Turbo X-350D v\u1edbi c\u1ea3i ti\u1ebfn m\u1edbi si\u00eau \u00eam, \u0111\u1ed9 \u1ed3n c\u1ef1c th\u1ea5p kh\u00f4ng l\u00e0m \u1ea3nh h\u01b0\u1edfng t\u1edbi c\u00e1c ho\u1ea1t \u0111\u1ed9ng c\u1ee7a ng\u01b0\u1eddi d\u00f9ng.<\/p>\n<p><img decoding=\"async\" src=\"https:\/\/kocher.vn\/pic\/Product\/images\/FB%20Series%20X.png\" alt=\"\" \/><\/p>\n<p>V\u1edbi m\u00e1y h\u00fat m\u00f9i Turbo X-350D ch\u1eafc ch\u1eafn s\u1ebd l\u00e0 d\u00f2ng m\u00e1y h\u00fat m\u00f9i qu\u1ed1c d\u00e2n d\u00e0nh cho m\u1ecdi gia \u0111\u00ecnh Vi\u1ec7t. Mang l\u1ea1i s\u1ef1 ti\u1ec7n nghi v\u00e0 \u0111\u1eb3ng c\u1ea5p cho ng\u00f4i nh\u00e0 c\u1ee7a b\u1ea1n.<\/p>\n<p><strong>\u0110\u1eb6C T\u00cdNH S\u1ea2N PH\u1ea8M<\/strong><\/p>\n<p>Ch\u1ea5t li\u1ec7u h\u1ee3p kim cao c\u1ea5p, ph\u1ee7 s\u01a1n t\u0129nh \u0111i\u1ec7n<\/p>\n<p>\u0110i\u1ec1u khi\u1ec3n c\u1ea3m \u1ee9ng 4 t\u1ed1c \u0111\u1ed9<\/p>\n<p>C\u1ea3m \u1ee9ng Sensor v\u1eaby tay<\/p>\n<p>Trang b\u1ecb 3 t\u1ea5m l\u01b0\u1edbi l\u1ecdc cao c\u1ea5p<\/p>\n<p>Than ho\u1ea1t t\u00ednh kh\u1eed m\u00f9i hi\u1ec7u qu\u1ea3<\/p>\n<p>C\u00f4ng su\u1ea5t h\u00fat Booster l\u00ean t\u1edbi 1800m3\/gi\u1edd<\/p>\n<p>Khoang h\u00fat gi\u00f3 X3, gia t\u0103ng kh\u1ea3 n\u0103ng gom kh\u00f3i v\u00e0 kh\u1eed m\u00f9i.<\/p>\n<p><strong>TH\u00d4NG S\u1ed0 K\u1ef8 THU\u1eacT<\/strong><\/p>\n<p>\u1ed0ng tho\u00e1t:150<\/p>\n<p>C\u00f4ng su\u1ea5t motor: 195W.<\/p>\n<p>C\u00f4ng su\u1ea5t h\u00fat: 1400m3\/h &#8211; Booster: 1800m3\/h<\/p>\n<p>\u0110\u1ed9 \u1ed3n: 46dbA (C\u00f4ng ngh\u1ec7 Ultra Swing si\u00eau \u00eam).<\/p>\n<p>2 \u0111\u00e8n led 4*1.5W*2<\/p>\n<p>\u0110i\u1ec7n \u00e1p: 220v\/50Hz.<\/p>\n<p><img decoding=\"async\" src=\"https:\/\/kocher.vn\/pic\/Product\/images\/4b41ab14-44f8-47a1-b516-4b078800d1d1.jpg\" alt=\"\" \/><\/p>\n","protected":false},"excerpt":{"rendered":"<p>M\u00e3 s\u1ea3n ph\u1ea9m: Turbo X-350D<\/p>\n<p>Th\u01b0\u01a1ng hi\u1ec7u: Kocher<\/p>\n<p>Ba\u0309o ha\u0300nh 3 n\u0103m<\/p>\n","protected":false},"featured_media":1504,"comment_status":"open","ping_status":"closed","template":"","meta":[],"product_brand":[],"product_cat":[16,42],"product_tag":[],"class_list":{"0":"post-1503","1":"product","2":"type-product","3":"status-publish","4":"has-post-thumbnail","6":"product_cat-may-hut-mui","7":"product_cat-kocher","9":"first","10":"instock","11":"shipping-taxable","12":"product-type-simple"},"_links":{"self":[{"href":"https:\/\/nhadepbepxinh.com.vn\/index.php?rest_route=\/wp\/v2\/product\/1503","targetHints":{"allow":["GET"]}}],"collection":[{"href":"https:\/\/nhadepbepxinh.com.vn\/index.php?rest_route=\/wp\/v2\/product"}],"about":[{"href":"https:\/\/nhadepbepxinh.com.vn\/index.php?rest_route=\/wp\/v2\/types\/product"}],"replies":[{"embeddable":true,"href":"https:\/\/nhadepbepxinh.com.vn\/index.php?rest_route=%2Fwp%2Fv2%2Fcomments&post=1503"}],"wp:featuredmedia":[{"embeddable":true,"href":"https:\/\/nhadepbepxinh.com.vn\/index.php?rest_route=\/wp\/v2\/media\/1504"}],"wp:attachment":[{"href":"https:\/\/nhadepbepxinh.com.vn\/index.php?rest_route=%2Fwp%2Fv2%2Fmedia&parent=1503"}],"wp:term":[{"taxonomy":"product_brand","embeddable":true,"href":"https:\/\/nhadepbepxinh.com.vn\/index.php?rest_route=%2Fwp%2Fv2%2Fproduct_brand&post=1503"},{"taxonomy":"product_cat","embeddable":true,"href":"https:\/\/nhadepbepxinh.com.vn\/index.php?rest_route=%2Fwp%2Fv2%2Fproduct_cat&post=1503"},{"taxonomy":"product_tag","embeddable":true,"href":"https:\/\/nhadepbepxinh.com.vn\/index.php?rest_route=%2Fwp%2Fv2%2Fproduct_tag&post=1503"}],"curies":[{"name":"wp","href":"https:\/\/api.w.org\/{rel}","templated":true}]}}