{"id":1480,"date":"2025-03-25T17:03:54","date_gmt":"2025-03-25T10:03:54","guid":{"rendered":"https:\/\/nhadepbepxinh.com.vn\/?post_type=product&#038;p=1480"},"modified":"2025-03-25T17:03:55","modified_gmt":"2025-03-25T10:03:55","slug":"may-hut-mui-kocher-k-225d","status":"publish","type":"product","link":"https:\/\/nhadepbepxinh.com.vn\/?product=may-hut-mui-kocher-k-225d","title":{"rendered":"MA\u0301Y HU\u0301T MU\u0300I KOCHER K-225D"},"content":{"rendered":"<p>M\u00e1y h\u00fat m\u00f9i l\u00e0 m\u1ed9t trong nh\u1eefng s\u1ea3n ph\u1ea9m kh\u00f4ng th\u1ec3 thi\u1ebfu trong m\u1ed7i c\u0103n b\u1ebfp hi\u1ec7n \u0111\u1ea1i hi\u1ec7n nay v\u00ec n\u00f3 kh\u00f4ng ch\u1ec9 lo\u1ea1i b\u1ecf \u0111i kh\u00f3i b\u1ee5i, m\u00f9i h\u00f4i \u1edf th\u1ee9c \u0103n m\u00e0 c\u00f2n gi\u00fap l\u00e0m s\u1ea1ch b\u1ea7u kh\u00f4ng kh\u00ed \u0111\u1ea3m b\u1ea3o s\u1ee9c kh\u1ecfe cho m\u1ed7i th\u00e0nh vi\u00ean.<\/p>\n<p>Kocher cho ra m\u1eaft s\u1ea3n ph\u1ea9m m\u00e1y h\u00fat m\u00f9i cao c\u1ea5p ch\u1eef T \u201cK-225D\u201d v\u1edbi s\u1ee9c h\u00fat m\u1ea1nh m\u1ebd mang t\u1edbi kh\u00f4ng kh\u00ed trong l\u00e0nh cho kh\u00f4ng gian b\u1ebfp nh\u00e0 b\u1ea1n.<\/p>\n<p><strong>KI\u1ec2U D\u00c1NG SANG TR\u1eccNG &#8211; HI\u1ec6N \u0110\u1ea0I<\/strong><\/p>\n<p><strong>Thi\u1ebft k\u1ebf:\u00a0<\/strong><\/p>\n<p>M\u00e1y h\u00fat m\u00f9i K-225D \u0111\u01b0\u1ee3c thi\u1ebft k\u1ebf d\u1ea1ng ch\u1eef T \u0111\u01a1n gi\u1ea3n v\u1edbi m\u00e0u s\u1eafc tinh t\u1ebf, trang nh\u00e3 ph\u00f9 h\u1ee3p v\u1edbi m\u1ecdi kh\u00f4ng gian b\u1ebfp Vi\u1ec7t.<\/p>\n<p>V\u1ecf ngo\u00e0i \u0111\u01b0\u1ee3c l\u00e0m b\u1eb1ng inox cao c\u1ea5p s\u00e1ng b\u00f3ng b\u1ec1n \u0111\u1eb9p mang t\u1edbi kh\u1ea3 n\u0103ng ch\u1ecbu nhi\u1ec7t, ch\u1ed1ng bi\u1ebfn d\u1ea1ng v\u00e0 \u0111\u1ed9 b\u1ec1n cao.<br \/>\n<img decoding=\"async\" src=\"https:\/\/kocher.vn\/pic\/Product\/images\/K225D6.jpg\" alt=\"\" \/><\/p>\n<p><strong>L\u01b0\u1edbi l\u1ecdc inox cao c\u1ea5p<\/strong><\/p>\n<p>M\u00e1y h\u00fat m\u00f9i K-225D s\u1eed d\u1ee5ng l\u01b0\u1edbi l\u1ecdc h\u1ee3p kim 1*5 l\u1edbp gi\u00fap ng\u0103n ch\u1eb7n s\u1ef1 h\u00ecnh th\u00e0nh v\u00e0 b\u00e1m d\u00ednh t\u1ed1i \u0111a c\u1ee7a d\u1ea7u m\u1ee1. B\u1ea1n s\u1ebd kh\u00f4ng c\u00f2n ph\u1ea3i t\u1ed1n nhi\u1ec1u th\u1eddi gian cho vi\u1ec7c v\u1ec7 sinh b\u1ea3o qu\u1ea3n m\u00e1y h\u00fat m\u00f9i sau khi d\u00f9ng n\u1eefa.<\/p>\n<p><strong>\u0110\u00e8n led si\u00eau s\u00e1ng<\/strong><\/p>\n<p>H\u1ec7 th\u1ed1ng chi\u1ebfu s\u00e1ng c\u1ee7a M\u00e1y h\u00fat m\u00f9i K-225D hi\u1ec7n \u0111\u1ea1i, v\u1edbi c\u00f4ng su\u1ea5t 4*1.5W chuy\u1ec3n \u0111\u1ed5i ri\u00eang bi\u1ec7t si\u00eau s\u00e1ng gi\u00fap b\u1ea1n n\u1ea5u \u0103n d\u1ec5 d\u00e0ng v\u00e0o bu\u1ed5i t\u1ed1i m\u00e0 l\u1ea1i si\u00eau ti\u1ebft ki\u1ec7m \u0111i\u1ec7n.<\/p>\n<p><img decoding=\"async\" src=\"https:\/\/kocher.vn\/pic\/Product\/images\/K225D7.jpg\" alt=\"\" \/><\/p>\n<p><strong>C\u00f4ng ngh\u1ec7 h\u00fat 3 t\u1ed1c \u0111\u1ed9, c\u00f4ng su\u1ea5t c\u1ef1c l\u1edbn<\/strong><\/p>\n<p>H\u1ec7 th\u1ed1ng h\u00fat 03 c\u1ea5p \u0111\u1ed9 v\u1edbi c\u00f4ng su\u1ea5t motor 220W gi\u00fap vi\u1ec7c h\u00fat kh\u1eed m\u00f9i \u0111\u01b0\u1ee3c t\u1ed1t h\u01a1n, h\u1ed7 tr\u1ee3 t\u1ea1o lu\u1ed3ng gi\u00f3 m\u1edbi cho c\u0103n b\u1ebfp (c\u00f4ng su\u1ea5t h\u00fat 1800m3\/h).<\/p>\n<p>Model K-225D \u0111\u01b0\u1ee3c thi\u1ebft k\u1ebf v\u1edbi 2 ch\u1ebf \u0111\u1ed9 h\u00fat: H\u00fat \u0111i \u1ed1ng tr\u1ef1c ti\u1ebfp ra ngo\u00e0i ho\u1eb7c h\u00fat s\u1eed d\u1ee5ng b\u1eb1ng than ho\u1ea1t t\u00ednh ph\u00f9 h\u1ee3p cho kh\u00f4ng gian b\u1ebfp c\u1ee7a m\u1ecdi gia \u0111\u00ecnh.<\/p>\n<p><strong>B\u1ea3ng \u0111i\u1ec1u khi\u1ec3n c\u1ea3m \u1ee9ng 3 t\u1ed1c \u0111\u1ed9<\/strong><\/p>\n<p>Thi\u1ebft k\u1ebf m\u00e0n h\u00ecnh \u0111i\u1ec1u khi\u1ec3n LCD c\u1ea3m \u1ee9ng hi\u1ec7n \u0111\u1ea1i nh\u1ea5t hi\u1ec7n nay ch\u1ec9 v\u1edbi m\u1ed9t ch\u1ea1m nh\u1eb9 b\u1ea1n \u0111\u00e3 c\u00f3 th\u1ec3 kh\u1edfi \u0111\u1ed9ng m\u00e1y.<\/p>\n<p><img decoding=\"async\" src=\"https:\/\/kocher.vn\/pic\/Product\/images\/K225D8.jpg\" alt=\"\" \/><\/p>\n<p><strong>B\u1ed9 l\u1ecdc kh\u1eed m\u00f9i b\u1eb1ng than ho\u1ea1t t\u00ednh\u00a0<\/strong><\/p>\n<p>Than ho\u1ea1t t\u00ednh c\u1ee7a m\u00e1y h\u00fat m\u00f9i ho\u1ea1t \u0111\u1ed9ng d\u1ef1a tr\u00ean c\u01a1 ch\u1ebf quay v\u00f2ng tu\u1ea7n ho\u00e0n. To\u00e0n b\u1ed9 kh\u00f3i, m\u00f9i h\u00f4i, m\u00f9i th\u1ee9c \u0103n s\u1ebd \u0111\u01b0\u1ee3c h\u00fat s\u1ea1ch v\u00e0o b\u00ean trong khoang m\u00e1y \u0111i qua b\u1ed9 l\u1ecdc than th\u1ea3i ra b\u00ean ngo\u00e0i tr\u1ea3 l\u1ea1i cho kh\u00f4ng gian b\u1ebfp nh\u00e0 s\u1ea1ch th\u00f4ng tho\u00e1ng, s\u1ea1ch s\u1ebd. Qu\u00e1 tr\u00ecnh n\u00e0y \u0111\u01b0\u1ee3c th\u1ef1c hi\u1ec7n b\u1edfi \u0111\u1ed9ng c\u01a1 n\u1eb1m ph\u00eda sau b\u1ed9 l\u1ecdc.<\/p>\n<p><strong>V\u1ec7 sinh d\u1ec5 d\u00e0ng<\/strong><\/p>\n<p>K\u00ednh ch\u1eafn d\u1ea7u m\u1ee1 \u0111\u01b0\u1ee3c thi\u1ebft k\u1ebf vu\u00f4ng v\u1eafn, d\u1ec5 d\u00e0ng v\u1ec7 sinh lau ch\u00f9i sau m\u1ed7i l\u1ea7n s\u1eed d\u1ee5ng. B\u1ea1n c\u00f3 th\u1ec3 d\u1ec5 d\u00e0ng th\u00e1o l\u1eafp \u0111\u1ec3 v\u1ec7 sinh m\u1ed9t c\u00e1ch nhanh ch\u00f3ng.<\/p>\n<p>M\u00e1y h\u00fat m\u00f9i Kocher K-225D v\u1edbi \u0111\u1ed9ng c\u01a1 m\u1ea1nh m\u1ebd h\u00fat s\u1ea1ch m\u1ecdi m\u00f9i h\u00f4i, m\u00f9i th\u1ee9c \u0103n kh\u00f3 ch\u1ecbu b\u00e1m trong nh\u00e0 b\u1ebfp m\u1ed9t c\u00e1ch nhanh ch\u00f3ng. Ch\u1eafc ch\u1eafn \u0111\u00e2y s\u1ebd l\u00e0 m\u1ed9t s\u1ea3n ph\u1ea9m \u0111\u01b0\u1ee3c mang t\u1edbi nhi\u1ec1u ti\u1ec7n \u00edch cho gia \u0111\u00ecnh Vi\u1ec7t.<\/p>\n<p><strong>TH\u00d4NG S\u1ed0 K\u1ef8 THU\u1eacT<\/strong><\/p>\n<p>+ \u1ed0ng tho\u00e1t: 150<\/p>\n<p>+\u00a0C\u00f4ng su\u1ea5t Motor: 220W<\/p>\n<p>+\u00a0C\u00f4ng su\u1ea5t h\u00fat: 1800m3\/h<\/p>\n<p>+\u00a0\u0110\u1ed9 \u1ed3n: 46dbA (C\u00f4ng ngh\u1ec7 Ultra Swing si\u00eau \u00eam)<\/p>\n<p>+\u00a0\u0110i\u1ec7n \u00e1p: 220V\/50Hz<\/p>\n<p>+\u00a0K\u00edch th\u01b0\u1edbc: 700\/900mm<\/p>\n<p><img decoding=\"async\" src=\"https:\/\/kocher.vn\/pic\/Product\/images\/K%20225D%202%20thong%20so%20-09.jpg\" alt=\"\" \/><\/p>\n","protected":false},"excerpt":{"rendered":"<p>M\u00e3 s\u1ea3n ph\u1ea9m: K-225D<\/p>\n<p>Th\u01b0\u01a1ng hi\u1ec7u: Kocher<\/p>\n<p>K\u00edch th\u01b0\u1edbc: 70cm<\/p>\n<p>K\u00edch th\u01b0\u1edbc: 90cm<\/p>\n","protected":false},"featured_media":1481,"comment_status":"open","ping_status":"closed","template":"","meta":[],"product_brand":[],"product_cat":[16,42],"product_tag":[],"class_list":{"0":"post-1480","1":"product","2":"type-product","3":"status-publish","4":"has-post-thumbnail","6":"product_cat-may-hut-mui","7":"product_cat-kocher","9":"first","10":"instock","11":"shipping-taxable","12":"product-type-simple"},"_links":{"self":[{"href":"https:\/\/nhadepbepxinh.com.vn\/index.php?rest_route=\/wp\/v2\/product\/1480","targetHints":{"allow":["GET"]}}],"collection":[{"href":"https:\/\/nhadepbepxinh.com.vn\/index.php?rest_route=\/wp\/v2\/product"}],"about":[{"href":"https:\/\/nhadepbepxinh.com.vn\/index.php?rest_route=\/wp\/v2\/types\/product"}],"replies":[{"embeddable":true,"href":"https:\/\/nhadepbepxinh.com.vn\/index.php?rest_route=%2Fwp%2Fv2%2Fcomments&post=1480"}],"wp:featuredmedia":[{"embeddable":true,"href":"https:\/\/nhadepbepxinh.com.vn\/index.php?rest_route=\/wp\/v2\/media\/1481"}],"wp:attachment":[{"href":"https:\/\/nhadepbepxinh.com.vn\/index.php?rest_route=%2Fwp%2Fv2%2Fmedia&parent=1480"}],"wp:term":[{"taxonomy":"product_brand","embeddable":true,"href":"https:\/\/nhadepbepxinh.com.vn\/index.php?rest_route=%2Fwp%2Fv2%2Fproduct_brand&post=1480"},{"taxonomy":"product_cat","embeddable":true,"href":"https:\/\/nhadepbepxinh.com.vn\/index.php?rest_route=%2Fwp%2Fv2%2Fproduct_cat&post=1480"},{"taxonomy":"product_tag","embeddable":true,"href":"https:\/\/nhadepbepxinh.com.vn\/index.php?rest_route=%2Fwp%2Fv2%2Fproduct_tag&post=1480"}],"curies":[{"name":"wp","href":"https:\/\/api.w.org\/{rel}","templated":true}]}}