{"id":1474,"date":"2025-03-25T16:55:15","date_gmt":"2025-03-25T09:55:15","guid":{"rendered":"https:\/\/nhadepbepxinh.com.vn\/?post_type=product&#038;p=1474"},"modified":"2025-03-25T16:55:15","modified_gmt":"2025-03-25T09:55:15","slug":"bep-tu-kocher-di-330-plus","status":"publish","type":"product","link":"https:\/\/nhadepbepxinh.com.vn\/?product=bep-tu-kocher-di-330-plus","title":{"rendered":"B\u00ca\u0301P T\u01af\u0300 KOCHER DI-330 PLUS"},"content":{"rendered":"<p><strong>T\u00cdNH N\u0102NG S\u1ea2N PH\u1ea8M:<\/strong><\/p>\n<p>M\u1eb7t k\u00ednh Keramik v\u00e1t 4 c\u1ea1nh, bo vi\u00ean Aluminum.<\/p>\n<p>\u0110i\u1ec1u khi\u1ec3n 2 ph\u00edm Slider v\u1edbi 9 m\u1ee9c c\u00f4ng su\u1ea5t.<\/p>\n<p>H\u1eb9n gi\u1edd \u0111\u1ed9c l\u1eadp cho 2 v\u00f9ng n\u1ea5u, th\u1eddi gian l\u00ean t\u1edbi 120 ph\u00fat.<\/p>\n<p>V\u00f9ng n\u1ea5u th\u00f4ng minh t\u1ef1 nh\u1eadn di\u1ec7n k\u00edch c\u1ee1 xoong n\u1ed3i.<\/p>\n<p><strong>Ch\u1ee9c n\u0103ng \u0111\u1eb7c bi\u1ec7t:<\/strong><\/p>\n<p>T\u00edch h\u1ee3p ch\u1ee9c n\u0103ng r\u00e3 \u0111\u00f4ng th\u1ee9c \u0103n tr\u00ean b\u1ebfp t\u1eeb<\/p>\n<p>Ch\u1ee9c n\u0103ng t\u0103ng t\u1ed1c khi \u0111un n\u1ea5u Booster<\/p>\n<p><strong>T\u00cdNH N\u0102NG AN TO\u00c0N:<\/strong><\/p>\n<p>C\u1ea3nh b\u00e1o nhi\u1ec7t d\u01b0 v\u00f9ng n\u1ea5u\u00a0<strong>Residual Heat (H)<\/strong><\/p>\n<p>T\u1ef1 \u0111\u1ed9ng t\u1eaft b\u1ebfp khi kh\u00f4ng c\u00f3 n\u1ed3i\u00a0<strong>Pot Detection<\/strong><\/p>\n<p>T\u1ef1 \u0111\u1ed9ng t\u1eaft b\u1ebfp khi \u0111\u1ec3 qu\u00ean\u00a0<strong>Automatic switch off<\/strong><\/p>\n<p>H\u1ec7 th\u1ed1ng t\u1ef1 t\u1eaft khi qu\u00e1 \u00e1p, qu\u00e1 nhi\u1ec7t\u00a0<strong>Over heating shut off<\/strong><\/p>\n<p>Ch\u1ee9c n\u0103ng ch\u1ed1ng tr\u00e0o n\u01b0\u1edbc t\u1ef1 \u0111\u1ed9ng ng\u1eaft\u00a0<strong>Anti overflow<\/strong><\/p>\n<p>Kh\u00f3a an to\u00e0n tr\u1ebb em\u00a0<strong>Child Lock<\/strong><\/p>\n<p><strong>TH\u00d4NG S\u1ed0 K\u1ef8 THU\u1eacT:<\/strong><\/p>\n<p>&#8211; \u0110i\u1ec7n \u00e1p 220V\/50Hz<\/p>\n<p>&#8211; Tr\u00e1i 2000W\/Booster 2300W<\/p>\n<p>&#8211; Ph\u1ea3i 2000W\/Booster 2300W<\/p>\n<p>&#8211; K\u00edch th\u01b0\u1edbc (d\u00e0i x r\u1ed9ng x cao): 750x430x60mm<\/p>\n<p>&#8211; K\u00edch th\u01b0\u1edbc kho\u00e9t l\u1ed7: 695x395mm<br \/>\n<img decoding=\"async\" src=\"https:\/\/kocher.vn\/pic\/Product\/images\/thong-so-bep-tu-di-330-PLUS.png\" alt=\"\" \/><\/p>\n","protected":false},"excerpt":{"rendered":"<p>\u2714\ufe0f Sa\u0309n xu\u00e2\u0301t ta\u0323i Ha\u0300n Qu\u00f4\u0301c \u2714\ufe0f M\u1eb7t k\u00ednh Keramik v\u00e1t c\u1ea1nh &#8211; Bo vi\u1ec1n Aluminum \u2714\ufe0f B\u1ea3o h\u00e0nh 3 n\u0103m<\/p>\n","protected":false},"featured_media":1475,"comment_status":"open","ping_status":"closed","template":"","meta":[],"product_brand":[],"product_cat":[15,35],"product_tag":[],"class_list":{"0":"post-1474","1":"product","2":"type-product","3":"status-publish","4":"has-post-thumbnail","6":"product_cat-bep-tu","7":"product_cat-hang-kocher","9":"first","10":"instock","11":"shipping-taxable","12":"product-type-simple"},"_links":{"self":[{"href":"https:\/\/nhadepbepxinh.com.vn\/index.php?rest_route=\/wp\/v2\/product\/1474","targetHints":{"allow":["GET"]}}],"collection":[{"href":"https:\/\/nhadepbepxinh.com.vn\/index.php?rest_route=\/wp\/v2\/product"}],"about":[{"href":"https:\/\/nhadepbepxinh.com.vn\/index.php?rest_route=\/wp\/v2\/types\/product"}],"replies":[{"embeddable":true,"href":"https:\/\/nhadepbepxinh.com.vn\/index.php?rest_route=%2Fwp%2Fv2%2Fcomments&post=1474"}],"wp:featuredmedia":[{"embeddable":true,"href":"https:\/\/nhadepbepxinh.com.vn\/index.php?rest_route=\/wp\/v2\/media\/1475"}],"wp:attachment":[{"href":"https:\/\/nhadepbepxinh.com.vn\/index.php?rest_route=%2Fwp%2Fv2%2Fmedia&parent=1474"}],"wp:term":[{"taxonomy":"product_brand","embeddable":true,"href":"https:\/\/nhadepbepxinh.com.vn\/index.php?rest_route=%2Fwp%2Fv2%2Fproduct_brand&post=1474"},{"taxonomy":"product_cat","embeddable":true,"href":"https:\/\/nhadepbepxinh.com.vn\/index.php?rest_route=%2Fwp%2Fv2%2Fproduct_cat&post=1474"},{"taxonomy":"product_tag","embeddable":true,"href":"https:\/\/nhadepbepxinh.com.vn\/index.php?rest_route=%2Fwp%2Fv2%2Fproduct_tag&post=1474"}],"curies":[{"name":"wp","href":"https:\/\/api.w.org\/{rel}","templated":true}]}}