{"id":1462,"date":"2025-03-25T09:52:19","date_gmt":"2025-03-25T02:52:19","guid":{"rendered":"https:\/\/nhadepbepxinh.com.vn\/?post_type=product&#038;p=1462"},"modified":"2025-03-25T09:53:13","modified_gmt":"2025-03-25T02:53:13","slug":"bep-tu-kocher-di-221","status":"publish","type":"product","link":"https:\/\/nhadepbepxinh.com.vn\/?product=bep-tu-kocher-di-221","title":{"rendered":"B\u1ebeP T\u1eea KOCHER DI-221"},"content":{"rendered":"<p><strong>T\u00cdNH N\u0102NG S\u1ea2N PH\u1ea8M:\u00a0<\/strong><\/p>\n<p>+ M\u1eb7t k\u00ednh Keramik v\u00e1t c\u1ea1nh cao c\u1ea5p.<\/p>\n<p>+ IGBT TRINNO ch\u1ea5t l\u01b0\u1ee3ng cao, \u0111\u00e1p \u1ee9ng \u1ed5n \u0111\u1ecbnh nhu c\u1ea7u s\u1eed d\u1ee5ng h\u1eb1ng ng\u00e0y.<\/p>\n<p>+ \u0110i\u1ec1u khi\u1ec3n 2 ph\u00edm Slider v\u1edbi 9 m\u1ee9c c\u00f4ng su\u1ea5t.<\/p>\n<p>+ Ch\u1ee9c n\u0103ng t\u0103ng t\u1ed1c khi \u0111un n\u1ea5u BOOSTER.<\/p>\n<p>+ Ch\u1ee9c n\u0103ng t\u1ea1m d\u1eebng n\u1ea5u PAUSE.<\/p>\n<p>+ T\u1ef1 nh\u1eadn k\u00edch c\u1ee1 xoong n\u1ed3i.<\/p>\n<p>+ H\u1eb9n gi\u1edd \u0111\u1ed9c l\u1eadp cho t\u1eebng v\u00f9ng n\u1ea5u.<\/p>\n<p>+ C\u00f4ng ngh\u1ec7 Inverter ti\u1ebft ki\u1ec7m 30% \u0111i\u1ec7n n\u0103ng ti\u00eau th\u1ee5.<\/p>\n<p><strong>T\u00cdNH N\u0102NG AN TO\u00c0N:\u00a0<\/strong><\/p>\n<p>+ C\u1ea3nh b\u00e1o nhi\u1ec7t d\u01b0 v\u00f9ng n\u1ea5u\u00a0<strong>Residual heat (H).<\/strong><\/p>\n<p>+ T\u1ef1 \u0111\u1ed9ng t\u1eaft b\u1ebfp khi kh\u00f4ng c\u00f3 n\u1ed3i\u00a0<strong>Pot Detection.<\/strong><\/p>\n<p>+ T\u1ef1 \u0111\u1ed9ng t\u1eaft b\u1ebfp khi \u0111\u1ec3 qu\u00ean\u00a0<strong>Automatic switch off.<\/strong><\/p>\n<p>+ H\u1ec7 th\u1ed1ng t\u1ef1 t\u1eaft khi qu\u00e1 \u00e1p, qu\u00e1 nhi\u1ec7t\u00a0<strong>Over heating shut off.<\/strong><\/p>\n<p>+ Ch\u1ee9c n\u0103ng c\u1ea3m bi\u1ebfn ch\u1ed1ng tr\u00e0o n\u01b0\u1edbc t\u1ef1 \u0111\u1ed9ng ng\u1eaft\u00a0<strong>Auto water shut off.<\/strong><\/p>\n<p>+ Kh\u00f3a an to\u00e0n tr\u1ebb em Child Lock; Ch\u1ee9c n\u0103ng t\u1ea1m d\u1eebng\u00a0<strong>Pause.<\/strong><\/p>\n<p><strong>TH\u00d4NG S\u1ed0 K\u1ef8 THU\u1eacT:\u00a0<\/strong><\/p>\n<p>&#8211; \u0110i\u1ec7n \u00e1p 220V\/50Hz<\/p>\n<p>&#8211; Tr\u00e1i 1800W\/Booster 2000W<\/p>\n<p>&#8211; Ph\u1ea3i 1800W\/Booster 2000W<\/p>\n<p>&#8211; K\u00edch th\u01b0\u1edbc (d\u00e0i x r\u1ed9ng x cao): 730x430x56 (mm)<\/p>\n<p>&#8211; K\u00edch th\u01b0\u1edbc kho\u00e9t l\u1ed7: 685&#215;385 (mm)<\/p>\n","protected":false},"excerpt":{"rendered":"<p>\u2714\ufe0f Sa\u0309n xu\u00e2\u0301t ta\u0323i Malaisia\u2714\ufe0f M\u1eb7t k\u00ednh Keramik v\u00e1t c\u1ea1nh cao c\u1ea5p \u2714\ufe0f B\u1ea3o h\u00e0nh 3 n\u0103m<\/p>\n","protected":false},"featured_media":1463,"comment_status":"open","ping_status":"closed","template":"","meta":[],"product_brand":[],"product_cat":[15,35],"product_tag":[],"class_list":{"0":"post-1462","1":"product","2":"type-product","3":"status-publish","4":"has-post-thumbnail","6":"product_cat-bep-tu","7":"product_cat-hang-kocher","9":"first","10":"instock","11":"shipping-taxable","12":"product-type-simple"},"_links":{"self":[{"href":"https:\/\/nhadepbepxinh.com.vn\/index.php?rest_route=\/wp\/v2\/product\/1462","targetHints":{"allow":["GET"]}}],"collection":[{"href":"https:\/\/nhadepbepxinh.com.vn\/index.php?rest_route=\/wp\/v2\/product"}],"about":[{"href":"https:\/\/nhadepbepxinh.com.vn\/index.php?rest_route=\/wp\/v2\/types\/product"}],"replies":[{"embeddable":true,"href":"https:\/\/nhadepbepxinh.com.vn\/index.php?rest_route=%2Fwp%2Fv2%2Fcomments&post=1462"}],"wp:featuredmedia":[{"embeddable":true,"href":"https:\/\/nhadepbepxinh.com.vn\/index.php?rest_route=\/wp\/v2\/media\/1463"}],"wp:attachment":[{"href":"https:\/\/nhadepbepxinh.com.vn\/index.php?rest_route=%2Fwp%2Fv2%2Fmedia&parent=1462"}],"wp:term":[{"taxonomy":"product_brand","embeddable":true,"href":"https:\/\/nhadepbepxinh.com.vn\/index.php?rest_route=%2Fwp%2Fv2%2Fproduct_brand&post=1462"},{"taxonomy":"product_cat","embeddable":true,"href":"https:\/\/nhadepbepxinh.com.vn\/index.php?rest_route=%2Fwp%2Fv2%2Fproduct_cat&post=1462"},{"taxonomy":"product_tag","embeddable":true,"href":"https:\/\/nhadepbepxinh.com.vn\/index.php?rest_route=%2Fwp%2Fv2%2Fproduct_tag&post=1462"}],"curies":[{"name":"wp","href":"https:\/\/api.w.org\/{rel}","templated":true}]}}