{"id":1443,"date":"2025-03-25T09:31:05","date_gmt":"2025-03-25T02:31:05","guid":{"rendered":"https:\/\/nhadepbepxinh.com.vn\/?post_type=product&#038;p=1443"},"modified":"2025-03-25T09:47:23","modified_gmt":"2025-03-25T02:47:23","slug":"bep-tu-kocher-di-633","status":"publish","type":"product","link":"https:\/\/nhadepbepxinh.com.vn\/?product=bep-tu-kocher-di-633","title":{"rendered":"B\u00ca\u0301P T\u01af\u0300 KOCHER DI-633"},"content":{"rendered":"<h2>\u0110\u0103\u0323c \u0111i\u00ea\u0309m n\u00f4\u0309i b\u00e2\u0323t<\/h2>\n<p>B\u1ebfp t\u1eeb\u00a0\u0111\u00f4i Kocher DI 633 l\u00e0 model b\u1ebfp t\u1eeb m\u1edbi nh\u1ea5t c\u1ee7a th\u01b0\u01a1ng hi\u1ec7u Kocher. S\u1ea3n ph\u1ea9m m\u1edbi ra m\u1eaft v\u00e0o th\u00e1ng 9\/2020 t\u1eadp trung v\u00e0o ph\u00e2n kh\u00fac gi\u00e1 t\u1ea7m trung v\u00e0 gi\u00e1 r\u1ebb. S\u1ea3n ph\u1ea9m \u0111\u01b0\u1ee3c s\u1eed d\u1ee5ng b\u1ea3ng \u0111i\u1ec1u khi\u1ec3n chung nh\u01b0ng t\u00e1ch ra 2 v\u00f9ng \u0111i\u1ec1u khi\u1ec3n c\u1ed9ng tr\u1eeb ri\u00eang cho 2 b\u1ebfp n\u00ean c\u0169ng r\u1ea5t d\u1ec5 thao t\u00e1c.<\/p>\n<p>S\u1eed d\u1ee5ng m\u1eb7t k\u00ednh\u00a0Keramic\u00a0\u00a0\u0111\u01b0\u1ee3c l\u00e0m t\u1eeb ch\u1ea5t li\u1ec7u g\u1ed1m th\u1ee7y tinh c\u00f3 kh\u1ea3 n\u0103ng ch\u1ecbu l\u1ef1c va \u0111\u1eadp v\u00e0 s\u1ed1c nhi\u1ec7t t\u1edbi 1000 \u0111\u1ed9 C, ch\u1ed1ng x\u01b0\u1edbc t\u1ed1t n\u00ean tu\u1ed5i th\u1ecd cao. M\u1eb7t b\u1ebfp t\u1ea3n nhi\u1ec7t nhanh v\u00e0 \u0111\u01b0\u1ee3c c\u00e1ch \u0111i\u1ec7n an to\u00e0n v\u1edbi c\u00e1c linh ki\u1ec7n \u0111i\u1ec7n t\u1eed b\u00ean trong th\u00e2n. B\u1ea1n c\u00f3 th\u1ec3 y\u00ean t\u00e2m s\u1eed d\u1ee5ng m\u00e0 kh\u00f4ng lo b\u1ecb b\u1ecfng hay \u0111i\u1ec7n gi\u1eadt. M\u1eb7t k\u00ednh g\u1ed3m c\u00e1c th\u1ea5u k\u00ednh h\u1ed9i t\u1ee5 , truy\u1ec1n nhi\u1ec7t t\u1eeb b\u1ebfp l\u00ean \u0111\u00e1y n\u1ed3i theo ph\u01b0\u01a1ng th\u1eb3ng \u0111\u1ee9ng , kh\u00f4ng th\u1ea5t tho\u00e1t nhi\u1ec7t ra m\u00f4i tr\u01b0\u1eddng. M\u1eb7t k\u00ednh m\u00e0u x\u00e1m li\u1ec1n nguy\u00ean kh\u1ed1i , an to\u00e0n , th\u1ea9m m\u1ef9 v\u00e0 ti\u1ec7n trong vi\u1ec7c v\u1ec7 sinh , lau ch\u00f9i.<\/p>\n<p>B\u1ebfp t\u1eeb\u00a0kocher\u00a0DI-633 g\u1ed3m 2 v\u00f9ng n\u1ea5u v\u1edbi c\u00f4ng su\u1ea5t m\u1ed7i v\u00f9ng n\u1ea5u \u0111\u1ea1t m\u1ee9c c\u00f4ng su\u1ea5t t\u1ed1i \u0111a khi s\u1eed d\u1ee5ng,h\u01a1n n\u01b0\u0303a b\u00ea\u0301p \u0111\u00e3 thi\u1ebft k\u1ebf d\u1ea3i nhi\u1ec7t \u0111\u01b0\u1ee3c chia nh\u1ecf t\u1edbi 9 m\u1ee9c c\u00f4ng su\u1ea5t nhi\u1ec7t. Ch\u00ednh v\u00ec th\u1ebf, kh\u00f4ng kh\u00f3 \u0111\u1ec3 ng\u01b0\u1eddi d\u00f9ng c\u00f3 th\u1ec3 l\u1ef1a ch\u1ecdn \u0111\u01b0\u1ee3c ch\u00ednh x\u00e1c m\u1ee9c c\u00f4ng su\u1ea5t nhi\u1ec7t ph\u00f9 h\u1ee3p cho t\u1eebng m\u00f3n \u0103n.<\/p>\n<p><strong>T\u00ednh n\u0103ng s\u1ea3n ph\u1ea9m:<\/strong><\/p>\n<p>+ M\u1eb7t k\u00ednh Keramic v\u00e1t c\u1ea1nh<\/p>\n<p>+ IGBT h\u00e3ng Siemens Germany<\/p>\n<p>+ \u0110i\u1ec1u khi\u1ec3n 2 ph\u00edm \u0111\u1ed9c l\u1eadp v\u1edbi 9 m\u1ee9c c\u00f4ng su\u1ea5t<\/p>\n<p>+ Ch\u1ee9c n\u0103ng t\u0103ng t\u1ed1c khi \u0111un n\u1ea5u Booster<\/p>\n<p>+ T\u1ef1 nh\u1eadn k\u00edch c\u1ee1 xoong n\u1ed3i<\/p>\n<p>+ H\u1eb9n gi\u1edd \u0111\u1ed9c l\u1eadp cho t\u1eebng v\u00f9ng n\u1ea5u, th\u1eddi gian h\u1eb9n 99 ph\u00fat<\/p>\n<p>+ Ti\u1ebft ki\u1ec7m \u0111i\u1ec7n n\u0103ng<\/p>\n<p>+\u00a0<strong>\u0110\u1eb7c bi\u1ec7t: Ch\u1ebf \u0111\u1ed9 s\u00f4i liu riu \u1edf m\u1ee9c th\u1ea5p nh\u1ea5t.<\/strong><\/p>\n<p><strong>Ch\u1ee9c n\u0103ng an to\u00e0n:\u00a0<\/strong><\/p>\n<p>+ C\u1ea3nh b\u00e1o nhi\u1ec7t d\u01b0 v\u00f9ng n\u1ea5u\u00a0<strong>Residual heat (H)<\/strong><\/p>\n<p>+ H\u1ec7 th\u1ed1ng t\u1ef1 t\u1eaft khi qu\u00e1 \u00e1p, qu\u00e1 nhi\u1ec7t\u00a0<strong>Over heating shut off<\/strong><\/p>\n<p>+ kh\u00f3a an to\u00e0n tr\u1ebb em\u00a0<strong>Child Lock<\/strong><\/p>\n<p><strong>TH\u00d4NG S\u1ed0 K\u1ef8 THU\u1eacT<\/strong><\/p>\n<p>&#8211; \u0110i\u1ec7n \u00e1p 220V\/50Hz<\/p>\n<p>&#8211; Tr\u00e1i 2000W\/Booster 2200W<\/p>\n<p>&#8211; Ph\u1ea3i 2000W\/Booster 2200W<\/p>\n<p>&#8211; K\u00edch th\u01b0\u1edbc (d\u00e0i x r\u1ed9ng x cao): 730x430x60mm<\/p>\n<p>&#8211; K\u00edch th\u01b0\u1edbc kho\u00e9t l\u1ed7: 695x395mm<\/p>\n","protected":false},"excerpt":{"rendered":"<p>\u2714\ufe0f M\u1eb7t k\u00ednh Keramic v\u00e1t c\u1ea1nh<br \/>\n\u2714\ufe0f IGBT h\u00e3ng Siemens Germany<br \/>\n\u2714\ufe0f B\u1ea3o h\u00e0nh 3 n\u0103m<\/p>\n","protected":false},"featured_media":1444,"comment_status":"open","ping_status":"closed","template":"","meta":[],"product_brand":[],"product_cat":[15,35],"product_tag":[],"class_list":{"0":"post-1443","1":"product","2":"type-product","3":"status-publish","4":"has-post-thumbnail","6":"product_cat-bep-tu","7":"product_cat-hang-kocher","9":"first","10":"instock","11":"shipping-taxable","12":"product-type-simple"},"_links":{"self":[{"href":"https:\/\/nhadepbepxinh.com.vn\/index.php?rest_route=\/wp\/v2\/product\/1443","targetHints":{"allow":["GET"]}}],"collection":[{"href":"https:\/\/nhadepbepxinh.com.vn\/index.php?rest_route=\/wp\/v2\/product"}],"about":[{"href":"https:\/\/nhadepbepxinh.com.vn\/index.php?rest_route=\/wp\/v2\/types\/product"}],"replies":[{"embeddable":true,"href":"https:\/\/nhadepbepxinh.com.vn\/index.php?rest_route=%2Fwp%2Fv2%2Fcomments&post=1443"}],"wp:featuredmedia":[{"embeddable":true,"href":"https:\/\/nhadepbepxinh.com.vn\/index.php?rest_route=\/wp\/v2\/media\/1444"}],"wp:attachment":[{"href":"https:\/\/nhadepbepxinh.com.vn\/index.php?rest_route=%2Fwp%2Fv2%2Fmedia&parent=1443"}],"wp:term":[{"taxonomy":"product_brand","embeddable":true,"href":"https:\/\/nhadepbepxinh.com.vn\/index.php?rest_route=%2Fwp%2Fv2%2Fproduct_brand&post=1443"},{"taxonomy":"product_cat","embeddable":true,"href":"https:\/\/nhadepbepxinh.com.vn\/index.php?rest_route=%2Fwp%2Fv2%2Fproduct_cat&post=1443"},{"taxonomy":"product_tag","embeddable":true,"href":"https:\/\/nhadepbepxinh.com.vn\/index.php?rest_route=%2Fwp%2Fv2%2Fproduct_tag&post=1443"}],"curies":[{"name":"wp","href":"https:\/\/api.w.org\/{rel}","templated":true}]}}