{"id":1435,"date":"2025-03-25T09:18:38","date_gmt":"2025-03-25T02:18:38","guid":{"rendered":"https:\/\/nhadepbepxinh.com.vn\/?post_type=product&#038;p=1435"},"modified":"2025-03-25T09:18:38","modified_gmt":"2025-03-25T02:18:38","slug":"may-hut-mui-eurosun-eh-70af75s","status":"publish","type":"product","link":"https:\/\/nhadepbepxinh.com.vn\/?product=may-hut-mui-eurosun-eh-70af75s","title":{"rendered":"M\u00c1Y H\u00daT M\u00d9I EUROSUN EH-70AF75S"},"content":{"rendered":"<div class=\"banner_tabs\"><img decoding=\"async\" src=\"https:\/\/eurosun.com.vn\/wp-content\/uploads\/2023\/02\/70AF75_banner-2.jpg\" alt=\"may-hut-mui-EH-90AF75-banner\" \/><\/div>\n<div class=\"row row_location\">\n<div class=\"col medium-6 small-12 large-6\">\n<div class=\"box_content\">\n<div class=\"title\">\n<h2 class=\"title__Tt\">M\u00c1Y H\u00daT M\u00d9I EUROSUN EH-70AF75S<\/h2>\n<\/div>\n<div id=\"xem_1\" class=\"des rt_text_rg rt_text_rg_1\">\n<p>M\u00e1y h\u00fat m\u00f9i g\u1eafn t\u01b0\u1eddng\u00a0<strong>Eurosun EH-70AF75S<\/strong>\u00a0l\u00e0 s\u1ea3n ph\u1ea9m ch\u00ednh h\u00e3ng nh\u1eadp kh\u1ea9u nguy\u00ean chi\u1ebfc t\u1eeb Malaysia, thi\u1ebft k\u1ebf sang tr\u1ecdng, l\u1ef1c h\u00fat m\u1ea1nh m\u1ebd gi\u00fap l\u1ecdc kh\u00f4ng kh\u00ed hi\u1ec7u qu\u1ea3 mang l\u1ea1i kh\u00f4ng kh\u00ed t\u01b0\u01a1i m\u1edbi cho gian b\u1ebfp c\u1ee7a m\u1ed7i gia \u0111\u00ecnh. H\u00fat m\u00f9i Eurosun v\u1eadn h\u00e0nh\u00a0 \u00eam \u00e1i, lo\u1ea1i b\u1ecf m\u00f9i th\u1ee9c \u0103n hi\u1ec7u qu\u1ea3 \u0111\u01b0\u1ee3c ng\u01b0\u1eddi ti\u00eau d\u00f9ng Vi\u1ec7t Nam l\u1ef1a ch\u1ecdn b\u1edfi c\u00e1c t\u00ednh n\u0103ng \u01b0u Vi\u1ec7t.<\/p>\n<\/div>\n<\/div>\n<\/div>\n<div class=\"col medium-6 small-12 large-6\"><img decoding=\"async\" src=\"https:\/\/eurosun.com.vn\/wp-content\/uploads\/2023\/02\/1-1-1.jpg\" alt=\"\" \/><\/div>\n<\/div>\n<div class=\"row row_location\">\n<div class=\"col medium-6 small-12 large-6\">\n<div class=\"box_content\">\n<div class=\"title\">\n<h2 class=\"title__Tt\">KI\u1ec2U D\u00c1NG SANG TR\u1eccNG &#8211; HI\u1ec6N \u0110\u1ea0I<\/h2>\n<\/div>\n<div id=\"xem_2\" class=\"des rt_text_rg rt_text_rg_2\">\n<p><strong>H\u00fat m\u00f9i Eurosun EH-70AF75S<\/strong>\u00a0l\u00e0 d\u00f2ng h\u00fat m\u00f9i g\u1eafn t\u01b0\u1eddng ki\u1ec3u d\u00e1ng ch\u1eef \u201cT\u201c Shape Tornado, ph\u00eda tr\u01b0\u1edbc v\u00e0 2 b\u00ean \u0111\u01b0\u1ee3c thi\u1ebft k\u1ebf k\u00ednh m\u00e0u \u0111en ph\u1ed1i inox t\u1ea1o n\u00ean s\u1ef1 sang tr\u1ecdng v\u00e0 \u0111\u1eb3ng c\u1ea5p cho kh\u00f4ng gian b\u1ebfp. V\u1edbi thi\u1ebft k\u1ebf \u0111\u1ed9t ph\u00e1 ph\u00eda tr\u01b0\u1edbc \u0111\u01b0\u1ee3c thi\u1ebft k\u1ebf v\u00e1t ng\u01b0\u1ee3c l\u00ean, t\u1ea1o n\u00e9t th\u1ea9m m\u1ef9 ri\u00eang cho kh\u00f4ng gian b\u1ebfp hi\u1ec7n \u0111\u1ea1i. Th\u00e2n m\u00e1y \u0111\u01b0\u1ee3c bao ph\u1ee7 b\u1edfi l\u1edbp s\u01a1n t\u0129nh \u0111i\u1ec7n an to\u00e0n cho ng\u01b0\u1eddi s\u1eed d\u1ee5ng.<\/p>\n<\/div>\n<\/div>\n<\/div>\n<div class=\"col medium-6 small-12 large-6\"><img decoding=\"async\" src=\"https:\/\/eurosun.com.vn\/wp-content\/uploads\/2023\/02\/01-3.jpg\" alt=\"70AF75-1\" \/><\/div>\n<\/div>\n<div class=\"row row_location\">\n<div class=\"col medium-6 small-12 large-6\">\n<div class=\"box_content\">\n<div class=\"title\">\n<h2 class=\"title__Tt\">B\u1ea2NG \u0110I\u1ec0U KHI\u1ec2N C\u1ea2M \u1ee8NG<\/h2>\n<\/div>\n<div id=\"xem_3\" class=\"des rt_text_rg rt_text_rg_3\">\n<p>B\u1ea3ng \u0111i\u1ec1u khi\u1ec3n c\u1ea3m \u1ee9ng quang th\u00f4ng minh d\u1ea1ng tr\u01b0\u1ee3t\u00a0<strong>Slider 10 t\u1ed1c<\/strong>\u00a0<strong>\u0111\u1ed9<\/strong>\u00a0h\u00fat linh ho\u1ea1t gi\u00fap ng\u01b0\u1eddi s\u1eed d\u1ee5ng c\u00f3 th\u1ec3 t\u00f9y ch\u1ecdn m\u1ee9c \u0111\u1ed9 h\u00fat ph\u00f9 h\u1ee3p v\u1edbi nhu c\u1ea7u.<\/p>\n<\/div>\n<\/div>\n<\/div>\n<div class=\"col medium-6 small-12 large-6\"><img decoding=\"async\" src=\"https:\/\/eurosun.com.vn\/wp-content\/uploads\/2023\/02\/Eh-90Af75-e1694156334356.jpg\" alt=\"Eh-90Af75\" \/><\/div>\n<\/div>\n<div class=\"row row_location\">\n<div class=\"col medium-6 small-12 large-6\">\n<div class=\"box_content\">\n<div class=\"title\">\n<h2 class=\"title__Tt\">L\u01af\u1edaI L\u1eccC NAN INOX CAO C\u1ea4P &amp; \u0110\u00c8N LED SI\u00caU S\u00c1NG<\/h2>\n<\/div>\n<div id=\"xem_4\" class=\"des rt_text_rg rt_text_rg_4\">\n<p><strong>L\u01b0\u1edbi l\u1ecdc d\u1ea1ng nan inox<\/strong>\u00a0c\u00f3 \u0111\u1ed9 b\u1ec1n cao, gi\u00fap gi\u1ea3m ti\u1ebfng \u1ed3n, thi\u1ebft k\u1ebf d\u1ec5 d\u00e0ng th\u00e1o r\u1eddi gi\u00fap d\u1ec5 d\u00e0ng v\u1ec7 sinh l\u01b0\u1edbi l\u1ecdc th\u01b0\u1eddng xuy\u00ean trong qu\u00e1 tr\u00ecnh s\u1eed d\u1ee5ng.<\/p>\n<p>M\u00e1y h\u00fat m\u00f9i\u00a0<strong>EH-70AF75S<\/strong>\u00a0\u0111\u01b0\u1ee3c trang b\u1ecb\u00a0<strong>4 \u0111\u00e8n LED<\/strong>\u00a0chi\u1ec1u s\u00e1ng gi\u00fap qu\u00e1 tr\u00ecnh n\u1ea5u n\u01b0\u1edbng \u0111\u01b0\u1ee3c thu\u1eadn l\u1ee3i v\u00e0 d\u1ec5 d\u00e0ng trong \u0111i\u1ec1u ki\u1ec7n \u00e1nh s\u00e1ng t\u1ed1t.<\/p>\n<\/div>\n<\/div>\n<\/div>\n<div class=\"col medium-6 small-12 large-6\"><img decoding=\"async\" src=\"https:\/\/eurosun.com.vn\/wp-content\/uploads\/2023\/02\/70_1-1.jpg\" alt=\"\" \/><\/div>\n<\/div>\n<div class=\"row row_location\">\n<div class=\"col medium-6 small-12 large-6\">\n<div class=\"box_content\">\n<div class=\"title\">\n<h2 class=\"title__Tt\">H\u00daT M\u00d9I HI\u1ec6U QU\u1ea2 &#8211; TI\u1ebeT KI\u1ec6M \u0110I\u1ec6N N\u0102NG<\/h2>\n<\/div>\n<div id=\"xem_5\" class=\"des rt_text_rg rt_text_rg_5\">\n<p>H\u00fat m\u00f9i Eurosun\u00a0<strong>EH-70AF75S<\/strong>\u00a0\u0111\u01b0\u1ee3c trang b\u1ecb motor bi\u1ebfn t\u1ea7n\u00a0<strong>INVERTER BLDC<\/strong>\u00a0kh\u00f4ng ch\u1ed5i than v\u1edbi c\u00f4ng su\u1ea5t \u0111\u1ed9ng c\u01a1 Inverter Dual Smart BLDC ch\u1ec9 90W gi\u00fap<strong>\u00a0ti\u1ebft ki\u1ec7m tr\u00ean 50% \u0111i\u1ec7n n\u0103ng<\/strong>\u00a0v\u00e0\u00a0<strong>gi\u1ea3m \u0111\u1ed9 \u1ed3n tr\u00ean 40%<\/strong>\u00a0so v\u1edbi \u0111\u1ed9ng c\u01a1 th\u00f4ng th\u01b0\u1eddng.<\/p>\n<p><strong>C\u00f4ng su\u1ea5t h\u00fat \u00b11000m\u00b3\/h<\/strong>\u00a0gi\u00fap vi\u1ec7c kh\u1eed m\u00f9i \u0111\u01b0\u1ee3c t\u1ed1t h\u01a1n t\u1ea1o ra lu\u1ed3ng gi\u00f3 m\u1edbi cho c\u0103n b\u1ebfp c\u1ee7a gia \u0111\u00ecnh.<\/p>\n<p>H\u1ec7 th\u1ed1ng h\u00fat x\u1ea3 tu\u1ea7n ho\u00e0n v\u00e0 th\u00f4ng gi\u00f3, khi d\u1ea7u m\u1ee1, m\u00f9i th\u1ef1c ph\u1ea9m\u2026 \u0111\u01b0\u1ee3c thu v\u00e0o h\u1ec7 th\u1ed1ng v\u00e0 \u0111i qua l\u01b0\u1edbi l\u1ecdc, sau \u0111\u00f3 \u0111\u01b0\u1ee3c l\u1ecdc qua than ho\u1ea1t t\u00ednh \u0111\u1ec3 kh\u1eed m\u00f9i, d\u1ea7u m\u1ee1 \u0111\u01b0\u1ee3c gi\u1eef l\u1ea1i v\u00e0 \u0111\u01b0a v\u1ec1 c\u1ed1c h\u1ee9ng m\u1edf trong m\u00e1y. Kh\u00ed sau khi \u0111\u01b0\u1ee3c l\u1ecdc s\u1ea1ch \u0111\u01b0\u1ee3c \u0111\u1ea9y ra kh\u1ecfi m\u00e1y th\u00f4ng qua \u0111\u01b0\u1eddng \u1ed1ng tho\u00e1t m\u1ed9t chi\u1ec1u \u00d8 150mm.<\/p>\n<\/div>\n<\/div>\n<\/div>\n<div class=\"col medium-6 small-12 large-6\"><img decoding=\"async\" src=\"https:\/\/eurosun.com.vn\/wp-content\/uploads\/2023\/02\/03_-1.jpg\" alt=\"70AF75-BLDC\" \/><\/div>\n<\/div>\n<div class=\"row row_location\">\n<div class=\"col medium-6 small-12 large-6\">\n<div class=\"box_content\">\n<div class=\"title\">\n<h2 class=\"title__Tt\">L\u1eccC, KH\u1eec M\u00d9I B\u1eb0NG THAN HO\u1ea0T T\u00cdNH &#8211; \u0110\u1ed8 \u1ed2N TH\u1ea4P<\/h2>\n<\/div>\n<div id=\"xem_6\" class=\"des rt_text_rg rt_text_rg_6\">\n<p>H\u1ec7 th\u1ed1ng<strong>\u00a0l\u1ecdc kh\u1eed m\u00f9i b\u1eb1ng than ho\u1ea1t t\u00ednh<\/strong>\u00a0c\u00f3 t\u00e1c d\u1ee5ng kh\u1eed m\u00f9i, l\u1ecdc kh\u00f4ng kh\u00ed t\u1ea1o ra kh\u00f4ng kh\u00ed trong l\u00e0nh v\u00e0 s\u1ea1ch s\u1ebd l\u00ean \u0111\u1ebfn 99% trong kh\u00f4ng gian b\u1ebfp.<\/p>\n<h4><strong>\u0110\u1ed9 \u1ed3n th\u1ea5p<\/strong><\/h4>\n<p>Kh\u1ea3 n\u0103ng gi\u1ea3m \u0111\u1ed9 \u1ed3n xu\u1ed1ng \u0111\u1ebfn\u00a0<strong>&lt; 46db<\/strong>, gi\u00fap m\u00e1y v\u1eadn h\u00e0nh \u00eam \u00e1i, kh\u00f4ng g\u00e2y \u1ea3nh h\u01b0\u1edfng \u0111\u1ebfn nh\u1eefng sinh ho\u1ea1t kh\u00e1c c\u1ee7a m\u1ecdi th\u00e0nh vi\u00ean trong gia \u0111\u00ecnh.<\/p>\n<\/div>\n<\/div>\n<\/div>\n<div class=\"col medium-6 small-12 large-6\"><img decoding=\"async\" src=\"https:\/\/eurosun.com.vn\/wp-content\/uploads\/2023\/02\/02_-1.jpg\" alt=\"70AF75-than ho\u1ea1t t\u00ednh\" \/><\/div>\n<\/div>\n<div id=\"tab-thong-so-ky-thuat\" class=\"row tab_thong_so\">\n<div class=\"col medium-12 small-12 large-12\">\n<div class=\"title\">\n<h2 class=\"title__Tt\">TH\u00d4NG S\u1ed0 S\u1ea2N PH\u1ea8M<\/h2>\n<\/div>\n<\/div>\n<div class=\"col medium-6 small-12 large-8 table-sp\">\n<div class=\"table_center rt_text_hover\">\n<table class=\"xem_table\" border=\"1\" cellspacing=\"0\" cellpadding=\"0\">\n<tbody>\n<tr>\n<td>T\u00ean s\u1ea3n ph\u1ea9m<\/td>\n<td><strong>M\u00c1Y H\u00daT M\u00d9I EUROSUN EH-70AF75S<\/strong><\/td>\n<\/tr>\n<tr>\n<td>Th\u01b0\u01a1ng hi\u1ec7u<\/td>\n<td><strong>EUROSUN<\/strong><\/td>\n<\/tr>\n<tr>\n<td>Xu\u1ea5t x\u1ee9<\/td>\n<td><strong>MALAYSIA<\/strong><\/td>\n<\/tr>\n<tr>\n<td>Nh\u00e0 s\u1ea3n xu\u1ea5t<\/td>\n<td><strong>SUN FLAME INDUSTRIES SDN BHD<\/strong><\/td>\n<\/tr>\n<tr>\n<td>Ki\u1ec3u d\u00e1ng<\/td>\n<td><strong>T-Shape Tornado sang tr\u1ecdng<\/strong><\/td>\n<\/tr>\n<tr>\n<td>Th\u00e2n m\u00e1y<\/td>\n<td><strong>Inox cao c\u1ea5p<\/strong><\/td>\n<\/tr>\n<tr>\n<td>B\u1ea3ng \u0111i\u1ec1u khi\u1ec3n<\/td>\n<td><strong>C\u1ea3m \u1ee9ng quang 10 t\u1ed1c \u0111\u1ed9<\/strong><\/td>\n<\/tr>\n<tr>\n<td>\u0110\u1ed9ng c\u01a1 bi\u1ebfn t\u1ea7n<\/td>\n<td><strong>Inverter BLDC kh\u00f4ng ch\u1ed5i than ti\u1ebft ki\u1ec7m tr\u00ean 50% \u0111i\u1ec7n n\u0103ng<\/strong><\/td>\n<\/tr>\n<tr>\n<td>L\u01b0\u1edbi l\u1ecdc<\/td>\n<td><strong>Inox cao c\u1ea5p<\/strong><\/td>\n<\/tr>\n<tr>\n<td>L\u1ecdc kh\u1eed m\u00f9i<\/td>\n<td><strong>Than ho\u1ea1t t\u00ednh<\/strong><\/td>\n<\/tr>\n<tr>\n<td>\u0110\u00e8n LED<\/td>\n<td><strong>4x2W<\/strong><\/td>\n<\/tr>\n<tr>\n<td>C\u00f4ng su\u1ea5t h\u00fat<\/td>\n<td><strong>\u00b11000m\u00b3<\/strong><\/td>\n<\/tr>\n<tr>\n<td>\u0110\u1ed9ng c\u01a1 Inverter dua smart BLDC<\/td>\n<td><strong>90W<\/strong><\/td>\n<\/tr>\n<tr>\n<td>\u0110\u1ed9 \u1ed3n<\/td>\n<td><strong>\u226446dB<\/strong><\/td>\n<\/tr>\n<tr>\n<td>\u1ed0ng tho\u00e1t<\/td>\n<td><strong>150 mm<\/strong><\/td>\n<\/tr>\n<tr>\n<td>K\u00edch th\u01b0\u1edbc s\u1ea3n ph\u1ea9m<\/td>\n<td><strong>700R x 450S x 500-980C mm<\/strong><\/td>\n<\/tr>\n<tr>\n<td>B\u1ea3o h\u00e0nh<\/td>\n<td><strong>24 th\u00e1ng<\/strong><\/td>\n<\/tr>\n<\/tbody>\n<\/table>\n<p><img decoding=\"async\" src=\"https:\/\/eurosun.com.vn\/wp-content\/uploads\/2024\/12\/70af75-scaled.jpg\" alt=\"\u1ea2nh ch\u1ee9ng nh\u1eadn \" \/><\/p>\n<\/div>\n<\/div>\n<\/div>\n","protected":false},"excerpt":{"rendered":"<p>M\u00c1Y H\u00daT M\u00d9I EUROSUN EH-70AF75S M\u00e1y h\u00fat m\u00f9i g\u1eafn t\u01b0\u1eddng\u00a0Eurosun EH-70AF75S\u00a0l\u00e0 s\u1ea3n ph\u1ea9m ch\u00ednh h\u00e3ng nh\u1eadp kh\u1ea9u nguy\u00ean chi\u1ebfc t\u1eeb Malaysia, thi\u1ebft k\u1ebf sang tr\u1ecdng, l\u1ef1c h\u00fat m\u1ea1nh m\u1ebd gi\u00fap l\u1ecdc kh\u00f4ng kh\u00ed hi\u1ec7u qu\u1ea3 mang l\u1ea1i kh\u00f4ng kh\u00ed t\u01b0\u01a1i m\u1edbi cho gian b\u1ebfp c\u1ee7a m\u1ed7i gia \u0111\u00ecnh. H\u00fat m\u00f9i Eurosun v\u1eadn h\u00e0nh\u00a0 \u00eam \u00e1i,&#8230;<\/p>\n","protected":false},"featured_media":1436,"comment_status":"open","ping_status":"closed","template":"","meta":[],"product_brand":[],"product_cat":[16,41],"product_tag":[],"class_list":{"0":"post-1435","1":"product","2":"type-product","3":"status-publish","4":"has-post-thumbnail","6":"product_cat-may-hut-mui","7":"product_cat-eurosun-may-hut-mui","9":"first","10":"instock","11":"shipping-taxable","12":"product-type-simple"},"_links":{"self":[{"href":"https:\/\/nhadepbepxinh.com.vn\/index.php?rest_route=\/wp\/v2\/product\/1435","targetHints":{"allow":["GET"]}}],"collection":[{"href":"https:\/\/nhadepbepxinh.com.vn\/index.php?rest_route=\/wp\/v2\/product"}],"about":[{"href":"https:\/\/nhadepbepxinh.com.vn\/index.php?rest_route=\/wp\/v2\/types\/product"}],"replies":[{"embeddable":true,"href":"https:\/\/nhadepbepxinh.com.vn\/index.php?rest_route=%2Fwp%2Fv2%2Fcomments&post=1435"}],"wp:featuredmedia":[{"embeddable":true,"href":"https:\/\/nhadepbepxinh.com.vn\/index.php?rest_route=\/wp\/v2\/media\/1436"}],"wp:attachment":[{"href":"https:\/\/nhadepbepxinh.com.vn\/index.php?rest_route=%2Fwp%2Fv2%2Fmedia&parent=1435"}],"wp:term":[{"taxonomy":"product_brand","embeddable":true,"href":"https:\/\/nhadepbepxinh.com.vn\/index.php?rest_route=%2Fwp%2Fv2%2Fproduct_brand&post=1435"},{"taxonomy":"product_cat","embeddable":true,"href":"https:\/\/nhadepbepxinh.com.vn\/index.php?rest_route=%2Fwp%2Fv2%2Fproduct_cat&post=1435"},{"taxonomy":"product_tag","embeddable":true,"href":"https:\/\/nhadepbepxinh.com.vn\/index.php?rest_route=%2Fwp%2Fv2%2Fproduct_tag&post=1435"}],"curies":[{"name":"wp","href":"https:\/\/api.w.org\/{rel}","templated":true}]}}