{"id":1430,"date":"2025-03-25T09:12:03","date_gmt":"2025-03-25T02:12:03","guid":{"rendered":"https:\/\/nhadepbepxinh.com.vn\/?post_type=product&#038;p=1430"},"modified":"2025-03-25T09:14:08","modified_gmt":"2025-03-25T02:14:08","slug":"may-hut-mui-eh-70af86w","status":"publish","type":"product","link":"https:\/\/nhadepbepxinh.com.vn\/?product=may-hut-mui-eh-70af86w","title":{"rendered":"M\u00c1Y H\u00daT M\u00d9I EUROSUN EH-70AF86W"},"content":{"rendered":"<div class=\"row row_location\">\n<div class=\"col medium-6 small-12 large-6\">\n<div class=\"box_content\">\n<div class=\"title\">\n<h2 class=\"title__Tt\">M\u00c1Y H\u00daT M\u00d9I EUROSUN EH-70AF86W<\/h2>\n<h2 class=\"title__Tt\"><span style=\"color: #555555; font-size: 14.4px;\">M\u00e1y h\u00fat m\u00f9i Eurosun EH-70AF86W l\u00e0 s\u1ea3n ph\u1ea9m ch\u00ednh h\u00e3ng \u0111\u01b0\u1ee3c nh\u1eadp kh\u1ea9u nguy\u00ean chi\u1ebfc. V\u1edbi thi\u1ebft k\u1ebf \u0111\u1eb9p m\u1eaft, c\u00f4ng ngh\u1ec7 hi\u1ec7n \u0111\u1ea1i, c\u00f4ng su\u1ea5t h\u00fat m\u1ea1nh m\u1ebd, v\u1eadn h\u00e0nh \u00eam \u00e1i, ph\u00f9 h\u1ee3p v\u1edbi m\u1ecdi c\u0103n b\u1ebfp c\u1ee7a ng\u01b0\u1eddi Vi\u1ec7t.<\/span><\/h2>\n<\/div>\n<\/div>\n<\/div>\n<div class=\"col medium-6 small-12 large-6\"><img decoding=\"async\" src=\"https:\/\/eurosun.com.vn\/may-hut-mui-eh-70af86\/\" alt=\"\" \/><span style=\"font-size: 23.04px;\">KI\u1ec2U D\u00c1NG SANG TR\u1eccNG V\u00c0 HI\u1ec6N \u0110\u1ea0I<\/span><\/div>\n<\/div>\n<div class=\"row row_location\">\n<div class=\"col medium-6 small-12 large-6\">\n<div class=\"box_content\">\n<div id=\"xem_2\" class=\"des rt_text_rg rt_text_rg_2\">\n<p>M\u00e1y H\u00fat m\u00f9i Eurosun EH-70AF86W l\u00e0 d\u00f2ng\u00a0<strong>m\u00e1y h\u00fat m\u00f9i thi\u1ebft k\u1ebf \u00e2m t\u1ee7<\/strong>. Th\u00e2n m\u00e1y s\u01a1n t\u0129nh \u0111i\u1ec7n m\u00e0u tr\u1eafng t\u1ea1o l\u00ean v\u1ebb \u0111\u1eb9p sang tr\u1ecdng trong kh\u00f4ng gian b\u1ebfp.<\/p>\n<\/div>\n<\/div>\n<\/div>\n<div class=\"col medium-6 small-12 large-6\"><img decoding=\"async\" src=\"https:\/\/eurosun.com.vn\/may-hut-mui-eh-70af86\/\" alt=\"\" \/><span style=\"font-size: 23.04px;\">L\u01af\u1edaI L\u1eccC NAN INOX CAO C\u1ea4P &amp; \u0110\u00c8N LED SI\u00caU S\u00c1NG<\/span><\/div>\n<\/div>\n<div class=\"row row_location\">\n<div class=\"col medium-6 small-12 large-6\">\n<div class=\"box_content\">\n<div id=\"xem_3\" class=\"des rt_text_rg rt_text_rg_3\">\n<p><strong>L\u01b0\u1edbi l\u1ecdc nh\u00f4m Aluminium<\/strong>\u00a0c\u00f3 \u0111\u1ed9 b\u1ec1n cao, gi\u00fap gi\u1ea3m ti\u1ebfng \u1ed3n, sau m\u1ed9t th\u1eddi s\u1eed d\u1ee5ng c\u00f3 th\u1ec3 th\u00e1o r\u1eddi \u0111\u1ec3 v\u1ec7 sinh m\u1ed9t c\u00e1ch d\u1ec5 d\u00e0ng v\u00e0 t\u00e1i s\u1eed d\u1ee5ng kh\u00f4ng ph\u1ea3i thay th\u1ebf trong su\u1ed1t qu\u00e1 tr\u00ecnh s\u1eed d\u1ee5ng.<\/p>\n<p>M\u00e1y h\u00fat m\u00f9i \u0111\u01b0\u1ee3c trang b\u1ecb\u00a0<strong>\u0111\u00e8n Led<\/strong>\u00a0chi\u1ebfu s\u00e1ng gi\u00fap b\u1ea1n thu\u1eadn l\u1ee3i h\u01a1n trong vi\u1ec7c n\u1ea5u n\u01b0\u1edbng m\u00e0 kh\u00f4ng lo b\u1ecb thi\u1ebfu \u00e1nh s\u00e1ng trong qu\u00e1 tr\u00ecnh n\u1ea5u n\u01b0\u1edbng.<\/p>\n<\/div>\n<\/div>\n<\/div>\n<div class=\"col medium-6 small-12 large-6\"><img decoding=\"async\" src=\"https:\/\/eurosun.com.vn\/may-hut-mui-eh-70af86\/\" alt=\"\" \/><span style=\"font-size: 23.04px;\">B\u1ea2NG \u0110I\u1ec0U KHI\u1ec2N PH\u00cdM C\u1ea2M \u1ee8NG C\u00d9NG M\u00c0N H\u00ccNH LED HI\u1ec2N TH\u1eca R\u00d5 R\u00c0NG<\/span><\/div>\n<\/div>\n<div class=\"row row_location\">\n<div class=\"col medium-6 small-12 large-6\">\n<div class=\"box_content\">\n<div id=\"xem_4\" class=\"des rt_text_rg rt_text_rg_4\">\n<p>H\u00fat m\u00f9i Eurosun EH-70AF86W \u0111\u01b0\u1ee3c trang b\u1ecb\u00a0<strong>b\u1ea3ng \u0111i\u1ec1u khi\u1ec3n c\u1ea3m \u1ee9ng k\u1ef9 thu\u1eadt s\u1ed1 v\u1edbi 3 t\u1ed1c \u0111\u1ed9 h\u00fat<\/strong>\u00a0linh ho\u1ea1t gi\u00fap ng\u01b0\u1eddi s\u1eed d\u1ee5ng c\u00f3 th\u1ec3 t\u00f9y ch\u1ecdn m\u1ee9c \u0111\u1ed9 h\u00fat ph\u00f9 h\u1ee3p v\u1edbi nhu c\u1ea7u.<\/p>\n<\/div>\n<\/div>\n<\/div>\n<div class=\"col medium-6 small-12 large-6\"><img decoding=\"async\" src=\"https:\/\/eurosun.com.vn\/may-hut-mui-eh-70af86\/\" alt=\"\" \/><span style=\"font-size: 23.04px;\">H\u00daT M\u00d9I HI\u1ec6U QU\u1ea2<\/span><\/div>\n<\/div>\n<div class=\"row row_location\">\n<div class=\"col medium-6 small-12 large-6\">\n<div class=\"box_content\">\n<div id=\"xem_5\" class=\"des rt_text_rg rt_text_rg_5\">\n<p>M\u00e1y H\u00fat m\u00f9i Eurosun EH-70AF86W s\u1eed d\u1ee5ng<strong>\u00a0\u0111\u1ed9ng c\u01a1 Tuabin l\u00f5i \u0111\u1ed3ng, c\u00f4ng su\u1ea5t l\u00ean t\u1edbi 170W<\/strong>\u00a0gi\u00fap lo\u1ea1i b\u1ecf m\u00f9i th\u1ee9c \u0103n trong kh\u00f4ng gian b\u1ebfp. \u0110\u1ed9ng c\u01a1 si\u00eau b\u1ec1n c\u00f3 3 t\u1ed1c \u0111\u1ed9 h\u00fat linh ho\u1ea1t gi\u00fap ng\u01b0\u1eddi d\u00f9ng d\u1ec5 d\u00e0ng l\u1ef1a ch\u1ecdn ch\u1ebf \u0111\u1ed9 h\u00fat mong mu\u1ed1n.<\/p>\n<\/div>\n<\/div>\n<\/div>\n<div class=\"col medium-6 small-12 large-6\"><img decoding=\"async\" src=\"https:\/\/eurosun.com.vn\/may-hut-mui-eh-70af86\/\" alt=\"\" \/><span style=\"font-size: 23.04px;\">L\u1eccC, KH\u1eec M\u00d9I B\u1eb0NG THAN HO\u1ea0T T\u00cdNH &#8211; \u0110\u1ed8 \u1ed2N TH\u1ea4P<\/span><\/div>\n<\/div>\n<div class=\"row row_location\">\n<div class=\"col medium-6 small-12 large-6\">\n<div class=\"box_content\">\n<div id=\"xem_6\" class=\"des rt_text_rg rt_text_rg_6\">\n<p>H\u00fat m\u00f9i Eurosun EH-70AF86W trang b\u1ecb\u00a0<strong>h\u1ec7 th\u1ed1ng l\u1ecdc kh\u1eed m\u00f9i b\u1eb1ng than ho\u1ea1t t\u00ednh<\/strong>, c\u00f3 t\u00e1c d\u1ee5ng kh\u1eed m\u00f9i, thanh l\u1ecdc kh\u00f4ng kh\u00ed, d\u1ea7u m\u1ee1 hi\u1ec7u qu\u1ea3 t\u1ea1o ra kh\u00f4ng kh\u00ed trong l\u00e0nh v\u00e0 s\u1ea1ch s\u1ebd l\u00ean \u0111\u1ebfn 99% trong kh\u00f4ng gian b\u1ebfp.<\/p>\n<h4><strong>\u0110\u1ed9 \u1ed3n th\u1ea5p<\/strong><\/h4>\n<h4>Kh\u1ea3 n\u0103ng gi\u1ea3m \u0111\u1ed9 \u1ed3n xu\u1ed1ng \u0111\u1ebfn\u00a0<strong>&lt; 46db<\/strong>\u00a0gi\u00fap m\u00e1y v\u1eadn h\u00e0nh \u00eam \u00e1i, kh\u00f4ng g\u00e2y \u1ea3nh h\u01b0\u1edfng \u0111\u1ebfn nh\u1eefng sinh ho\u1ea1t kh\u00e1c c\u1ee7a m\u1ecdi th\u00e0nh vi\u00ean trong gia \u0111\u00ecnh.<\/h4>\n<\/div>\n<\/div>\n<\/div>\n<div class=\"col medium-6 small-12 large-6\"><img decoding=\"async\" src=\"https:\/\/eurosun.com.vn\/may-hut-mui-eh-70af86\/\" alt=\"\" \/><span style=\"font-size: 23.04px;\">TH\u00d4NG S\u1ed0 S\u1ea2N PH\u1ea8M<\/span><\/div>\n<\/div>\n<div id=\"tab-thong-so-ky-thuat\" class=\"row tab_thong_so\">\n<div class=\"col medium-6 small-12 large-8 table-sp\">\n<div class=\"table_center rt_text_hover\">\n<table class=\"xem_table\" border=\"1\" cellspacing=\"0\" cellpadding=\"0\">\n<tbody>\n<tr>\n<td>T\u00ean s\u1ea3n ph\u1ea9m<\/td>\n<td><strong>M\u00c1Y H\u00daT M\u00d9I EUROSUN EH-70AF86W<\/strong><\/td>\n<\/tr>\n<tr>\n<td>Th\u01b0\u01a1ng hi\u1ec7u<\/td>\n<td><strong>EUROSUN<\/strong><\/td>\n<\/tr>\n<tr>\n<td>Xu\u1ea5t x\u1ee9<\/td>\n<td><strong>PRC<\/strong><\/td>\n<\/tr>\n<tr>\n<td>Ki\u1ec3u d\u00e1ng<\/td>\n<td><strong>K\u00ednh cong<\/strong><\/td>\n<\/tr>\n<tr>\n<td>Th\u00e2n m\u00e1y<\/td>\n<td><strong>Inox cao c\u1ea5p<\/strong><\/td>\n<\/tr>\n<tr>\n<td>B\u1ea3ng \u0111i\u1ec1u khi\u1ec3n<\/td>\n<td><strong>C\u1ea3m \u1ee9ng k\u1ef9 thu\u1eadt s\u1ed1 3 t\u1ed1c \u0111\u1ed9<\/strong><\/td>\n<\/tr>\n<tr>\n<td>L\u01b0\u1edbi l\u1ecdc<\/td>\n<td><strong>Nh\u00f4m Aluminum<\/strong><\/td>\n<\/tr>\n<tr>\n<td>L\u1ecdc kh\u1eed m\u00f9i<\/td>\n<td><strong>Than ho\u1ea1t t\u00ednh<\/strong><\/td>\n<\/tr>\n<tr>\n<td>\u0110\u00e8n LED<\/td>\n<td><strong>2&#215;1.5W<\/strong><\/td>\n<\/tr>\n<tr>\n<td>C\u00f4ng su\u1ea5t h\u00fat<\/td>\n<td><strong>950m3<\/strong><\/td>\n<\/tr>\n<tr>\n<td>\u0110\u1ed9ng c\u01a1<\/td>\n<td><strong>Tuabin 170W, l\u00f5i \u0111\u1ed3ng<\/strong><\/td>\n<\/tr>\n<tr>\n<td>\u0110\u1ed9 \u1ed3n<\/td>\n<td><strong>\u226446dB<\/strong><\/td>\n<\/tr>\n<tr>\n<td>\u1ed0ng tho\u00e1t<\/td>\n<td><strong>\u03a6150 mm<\/strong><\/td>\n<\/tr>\n<tr>\n<td>K\u00edch th\u01b0\u1edbc s\u1ea3n ph\u1ea9m<\/td>\n<td><strong>700R x 280S x 280C mm<\/strong><\/td>\n<\/tr>\n<tr>\n<td>B\u1ea3o h\u00e0nh<\/td>\n<td><strong>24 th\u00e1ng<\/strong><\/td>\n<\/tr>\n<\/tbody>\n<\/table>\n<p>Eurosun \u0111\u1ea1t top 10 th\u01b0\u01a1ng hi\u1ec7u xu\u1ea5t s\u1eafc Ch\u00e2u \u00c1 Asia Excellent Brand 2022<img decoding=\"async\" src=\"https:\/\/eurosun.com.vn\/wp-content\/uploads\/2022\/08\/Eurosun-top-10-thuong-hieu-xuat-sac-chau-a-900jpg.jpg\" alt=\"\u1ea2nh ch\u1ee9ng nh\u1eadn Eurosun-top-10-thuong-hieu-xuat-sac-chau-a-900jpg\" \/><\/p>\n<\/div>\n<\/div>\n<\/div>\n","protected":false},"excerpt":{"rendered":"<ul class=\"info-pro\">\n<li>C\u00f4ng su\u1ea5t h\u00fat \u00b1950m\u00b3\/h<\/li>\n<li>\u1ed0ng tho\u00e1t:\u00a0\u00d8150mm<\/li>\n<li>Th\u00e2n m\u00e1y: s\u01a1n t\u0129nh \u0111i\u1ec7n<\/li>\n<li>K\u00edch th\u01b0\u1edbc s\u1ea3n ph\u1ea9m: 700R x 310S x 285C mm<\/li>\n<li>Xu\u1ea5t x\u1ee9: Ch\u00ednh h\u00e3ng<\/li>\n<li>B\u1ea3o h\u00e0nh: 24 th\u00e1ng<\/li>\n<\/ul>\n","protected":false},"featured_media":1431,"comment_status":"open","ping_status":"closed","template":"","meta":[],"product_brand":[],"product_cat":[16,41],"product_tag":[],"class_list":{"0":"post-1430","1":"product","2":"type-product","3":"status-publish","4":"has-post-thumbnail","6":"product_cat-may-hut-mui","7":"product_cat-eurosun-may-hut-mui","9":"first","10":"instock","11":"shipping-taxable","12":"product-type-simple"},"_links":{"self":[{"href":"https:\/\/nhadepbepxinh.com.vn\/index.php?rest_route=\/wp\/v2\/product\/1430","targetHints":{"allow":["GET"]}}],"collection":[{"href":"https:\/\/nhadepbepxinh.com.vn\/index.php?rest_route=\/wp\/v2\/product"}],"about":[{"href":"https:\/\/nhadepbepxinh.com.vn\/index.php?rest_route=\/wp\/v2\/types\/product"}],"replies":[{"embeddable":true,"href":"https:\/\/nhadepbepxinh.com.vn\/index.php?rest_route=%2Fwp%2Fv2%2Fcomments&post=1430"}],"wp:featuredmedia":[{"embeddable":true,"href":"https:\/\/nhadepbepxinh.com.vn\/index.php?rest_route=\/wp\/v2\/media\/1431"}],"wp:attachment":[{"href":"https:\/\/nhadepbepxinh.com.vn\/index.php?rest_route=%2Fwp%2Fv2%2Fmedia&parent=1430"}],"wp:term":[{"taxonomy":"product_brand","embeddable":true,"href":"https:\/\/nhadepbepxinh.com.vn\/index.php?rest_route=%2Fwp%2Fv2%2Fproduct_brand&post=1430"},{"taxonomy":"product_cat","embeddable":true,"href":"https:\/\/nhadepbepxinh.com.vn\/index.php?rest_route=%2Fwp%2Fv2%2Fproduct_cat&post=1430"},{"taxonomy":"product_tag","embeddable":true,"href":"https:\/\/nhadepbepxinh.com.vn\/index.php?rest_route=%2Fwp%2Fv2%2Fproduct_tag&post=1430"}],"curies":[{"name":"wp","href":"https:\/\/api.w.org\/{rel}","templated":true}]}}