{"id":1414,"date":"2025-03-24T16:15:08","date_gmt":"2025-03-24T09:15:08","guid":{"rendered":"https:\/\/nhadepbepxinh.com.vn\/?post_type=product&#038;p=1414"},"modified":"2025-03-24T16:15:08","modified_gmt":"2025-03-24T09:15:08","slug":"may-hut-mui-eurosun-eh-70cn73","status":"publish","type":"product","link":"https:\/\/nhadepbepxinh.com.vn\/?product=may-hut-mui-eurosun-eh-70cn73","title":{"rendered":"M\u00c1Y H\u00daT M\u00d9I EUROSUN EH-70CN73"},"content":{"rendered":"<div class=\"banner_tabs\"><img decoding=\"async\" src=\"https:\/\/eurosun.com.vn\/wp-content\/uploads\/2023\/03\/EH-70CN73.jpg\" alt=\"EH-70CN73\" \/><\/div>\n<div class=\"row row_location\">\n<div class=\"col medium-6 small-12 large-6\">\n<div class=\"box_content\">\n<div class=\"title\">\n<h2 class=\"title__Tt\">GI\u1edaI THI\u1ec6U S\u1ea2N PH\u1ea8M<\/h2>\n<\/div>\n<div id=\"xem_1\" class=\"des rt_text_rg rt_text_rg_1\">\n<p>M\u00e1y h\u00fat m\u00f9i g\u1eafn t\u01b0\u1eddng\u00a0<strong>Eurosun EH-70CN73<\/strong>\u00a0l\u00e0 s\u1ea3n ph\u1ea9m ch\u00ednh h\u00e3ng nh\u1eadp kh\u1ea9u nguy\u00ean chi\u1ebfc t\u1eeb Malaysia. Thi\u1ebft k\u1ebf sang tr\u1ecdng, l\u1ef1c h\u00fat m\u1ea1nh m\u1ebd gi\u00fap l\u1ecdc kh\u00f4ng kh\u00ed hi\u1ec7u qu\u1ea3 mang l\u1ea1i kh\u00f4ng kh\u00ed t\u01b0\u01a1i m\u1edbi cho gian b\u1ebfp c\u1ee7a m\u1ed7i gia \u0111\u00ecnh.<\/p>\n<\/div>\n<\/div>\n<\/div>\n<div class=\"col medium-6 small-12 large-6\"><img decoding=\"async\" src=\"https:\/\/eurosun.com.vn\/wp-content\/uploads\/2023\/03\/may-hut-mui-eurosun-eh-70cn73-1.jpg\" alt=\"may-hut-mui-eurosun-eh-70cn73-1\" \/><\/div>\n<\/div>\n<div class=\"row row_location\">\n<div class=\"col medium-6 small-12 large-6\">\n<div class=\"box_content\">\n<div class=\"title\">\n<h2 class=\"title__Tt\">KI\u1ec2U D\u00c1NG SANG TR\u1eccNG &#8211; HI\u1ec6N \u0110\u1ea0I<\/h2>\n<\/div>\n<div id=\"xem_2\" class=\"des rt_text_rg rt_text_rg_2\">\n<p>H\u00fat m\u00f9i Eurosun\u00a0<strong>EH-70CN73<\/strong>\u00a0l\u00e0 d\u00f2ng h\u00fat m\u00f9i g\u1eafn t\u01b0\u1eddng ki\u1ec3u d\u00e1ng T- Shape Tornado sang tr\u1ecdng, m\u1eb7t tr\u01b0\u1edbc thi\u1ebft k\u1ebf k\u00ednh m\u00e0u \u0111en t\u1ea1o n\u00ean \u0111i\u1ec3m nh\u1ea5n sang tr\u1ecdng v\u00e0 \u0111\u1eb3ng c\u1ea5p cho kh\u00f4ng gian b\u1ebfp. Th\u00e2n m\u00e1y \u0111\u01b0\u1ee3c s\u01a1n t\u0129nh \u0111i\u1ec7n k\u1ebft h\u1ee3p inox v\u00e0 k\u00ednh c\u01b0\u1eddng l\u1ef1c m\u00e0u \u0111en t\u1ea1o l\u00ean v\u1ebb \u0111\u1eb9p tinh t\u1ebf cho kh\u00f4ng gian b\u1ebfp.<\/p>\n<\/div>\n<\/div>\n<\/div>\n<div class=\"col medium-6 small-12 large-6\"><img decoding=\"async\" src=\"https:\/\/eurosun.com.vn\/wp-content\/uploads\/2023\/03\/may-hut-mui-eurosun-eh-70cn73-2.jpg\" alt=\"may-hut-mui-eurosun-eh-70cn73-2\" \/><\/div>\n<\/div>\n<div class=\"row row_location\">\n<div class=\"col medium-6 small-12 large-6\">\n<div class=\"box_content\">\n<div class=\"title\">\n<h2 class=\"title__Tt\">B\u1ea2NG \u0110I\u1ec0U KHI\u1ec2N C\u1ea2M \u1ee8NG C\u00d9NG M\u00c0N H\u00ccNH LED HI\u1ec2N TH\u1eca R\u00d5 R\u00c0NG<\/h2>\n<\/div>\n<div id=\"xem_3\" class=\"des rt_text_rg rt_text_rg_3\">\n<p>B\u1ea3ng \u0111i\u1ec1u khi\u1ec3n c\u1ea3m \u1ee9ng th\u00f4ng minh v\u1edbi 5 t\u1ed1c \u0111\u1ed9 h\u00fat linh ho\u1ea1t c\u00f9ng m\u00e0n h\u00ecnh LED hi\u1ec3n th\u1ecb r\u00f5 r\u00e0ng, gi\u00fap ng\u01b0\u1eddi d\u00f9ng d\u1ec5 quan s\u00e1t, d\u1ec5 s\u1eed d\u1ee5ng.<\/p>\n<\/div>\n<\/div>\n<\/div>\n<div class=\"col medium-6 small-12 large-6\"><img decoding=\"async\" src=\"https:\/\/eurosun.com.vn\/wp-content\/uploads\/2023\/03\/may-hut-mui-eurosun-eh-70cn73.jpg\" alt=\"may-hut-mui-eurosun-eh-70cn73\" \/><\/div>\n<\/div>\n<div class=\"row row_location\">\n<div class=\"col medium-6 small-12 large-6\">\n<div class=\"box_content\">\n<div class=\"title\">\n<h2 class=\"title__Tt\">L\u01af\u1edaI L\u1eccC NAN INOX CAO C\u1ea4P &amp; \u0110\u00c8N LED SI\u00caU S\u00c1NG<\/h2>\n<\/div>\n<div id=\"xem_4\" class=\"des rt_text_rg rt_text_rg_4\">\n<p>L\u01b0\u1edbi l\u1ecdc d\u1ea1ng nan inox cao c\u1ea5p c\u00f3 \u0111\u1ed9 b\u1ec1n cao, gi\u00fap gi\u1ea3m ti\u1ebfng \u1ed3n, thi\u1ebft k\u1ebf d\u1ec5 d\u00e0ng th\u00e1o r\u1eddi gi\u00fap d\u1ec5 d\u00e0ng v\u1ec7 sinh l\u01b0\u1edbi l\u1ecdc th\u01b0\u1eddng xuy\u00ean trong qu\u00e1 tr\u00ecnh s\u1eed d\u1ee5ng. H\u00fat m\u00f9i EH-70CN73 \u0111\u01b0\u1ee3c trang b\u1ecb h\u1ec7 th\u1ed1ng \u0111\u00e8n LED gi\u00fap qu\u00e1 tr\u00ecnh n\u1ea5u n\u01b0\u1edbng \u0111\u01b0\u1ee3c thu\u1eadn l\u1ee3i v\u00e0 d\u1ec5 d\u00e0ng trong \u0111i\u1ec1u ki\u1ec7n \u00e1nh s\u00e1ng t\u1ed1t.<\/p>\n<\/div>\n<\/div>\n<\/div>\n<div class=\"col medium-6 small-12 large-6\"><img decoding=\"async\" src=\"https:\/\/eurosun.com.vn\/wp-content\/uploads\/2023\/02\/nan-77.jpg\" alt=\"nan-77\" \/><\/div>\n<\/div>\n<div class=\"row row_location\">\n<div class=\"col medium-6 small-12 large-6\">\n<div class=\"box_content\">\n<div class=\"title\">\n<h2 class=\"title__Tt\">\u0110\u1ed8NG C\u01a0 BLDC H\u00daT M\u00d9I HI\u1ec6U QU\u1ea2 &#8211; TI\u1ebeT KI\u1ec6M \u0110I\u1ec6N N\u0102NG<\/h2>\n<\/div>\n<div id=\"xem_5\" class=\"des rt_text_rg rt_text_rg_5\">\n<p><strong>M\u00e1y H\u00fat m\u00f9i Eurosun EH-70CN73<\/strong>\u00a0s\u1eed d\u1ee5ng\u00a0<strong>\u0111\u1ed9ng c\u01a1 bi\u1ebfn t\u1ea7n th\u00f4ng minh INVERTER BLDC<\/strong>\u00a0gi\u00fap ti\u1ebft &lt;50% \u0111i\u1ec7n n\u0103ng, gi\u1ea3m \u0111\u1ed9 \u1ed3n &lt;40% so v\u1edbi \u0111\u1ed9ng c\u01a1 th\u00f4ng th\u01b0\u1eddng.<\/p>\n<p>\u0110\u1ed9ng c\u01a1 th\u00f4ng minh\u00a0<strong>Dua smart BLDC<\/strong>\u00a0gi\u00fap ki\u1ec3m so\u00e1t t\u1ed1c \u0111\u1ed9 v\u00f2ng quay v\u00e0 l\u01b0u l\u01b0\u1ee3ng gi\u00f3 ph\u00f9 h\u1ee3p v\u1edbi \u0111i\u1ec1u ki\u1ec7n \u0111\u01b0\u1eddng \u1ed1ng tho\u00e1t gi\u00f3 c\u1ee7a m\u1ed7i gia \u0111\u00ecnh \u0111\u1ec3 gi\u1ea3m thi\u1ec3u ti\u1ebfng \u1ed3n v\u00e0 t\u0103ng \u0111\u1ed9 b\u1ec1n cho \u0111\u1ed9ng c\u01a1.<\/p>\n<p><strong>M\u00e1y h\u00fat m\u00f9i EH-70CN73<\/strong>\u00a0trang b\u1ecb 2 m\u00f4-t\u01a1 ho\u1ea1t \u0111\u1ed9ng \u1ed5n \u0111\u1ecbnh v\u1edbi c\u00f4ng su\u1ea5t 90W v\u1edbi c\u00f4ng su\u1ea5t h\u00fat 980m3\/h gi\u00fap vi\u1ec7c kh\u1eed m\u00f9i \u0111\u01b0\u1ee3c t\u1ed1t h\u01a1n, h\u1ed7 tr\u1ee3 t\u1ea1o lu\u1ed3ng gi\u00f3 m\u1edbi cho c\u0103n b\u1ebfp c\u1ee7a gia \u0111\u00ecnh. 5 t\u1ed1c \u0111\u1ed9 h\u00fat linh ho\u1ea1t gi\u00fap ng\u01b0\u1eddi d\u00f9ng d\u1ec5 d\u00e0ng l\u1ef1a ch\u1ecdn ch\u1ebf \u0111\u1ed9 h\u00fat mong mu\u1ed1n<\/p>\n<\/div>\n<\/div>\n<\/div>\n<div class=\"col medium-6 small-12 large-6\"><img decoding=\"async\" src=\"https:\/\/eurosun.com.vn\/wp-content\/uploads\/2023\/03\/A1.jpg\" alt=\"eh-70cn73\" \/><\/div>\n<\/div>\n<div class=\"row row_location\">\n<div class=\"col medium-6 small-12 large-6\">\n<div class=\"box_content\">\n<div class=\"title\">\n<h2 class=\"title__Tt\">L\u1eccC, KH\u1eec M\u00d9I B\u1eb0NG THAN HO\u1ea0T T\u00cdNH<\/h2>\n<\/div>\n<div id=\"xem_6\" class=\"des rt_text_rg rt_text_rg_6\">\n<p>M\u00e1y h\u00fat m\u00f9i\u00a0<strong>than ho\u1ea1t t\u00ednh<\/strong>\u00a0ho\u1ea1t \u0111\u1ed9ng d\u1ef1a tr\u00ean c\u01a1 ch\u1ebf quay v\u00f2ng tu\u1ea7n ho\u00e0n. C\u1ee5 th\u1ec3 l\u00e0 to\u00e0n b\u1ed9 kh\u00f3i, m\u00f9i th\u1ee9c \u0103n \u0111\u01b0\u1ee3c h\u00fat v\u00e0o trong khoang m\u00e1y \u0111i qua b\u1ed9 l\u1ecdc than r\u1ed3i tr\u1ea3 l\u1ea1i nh\u00e0 b\u1ebfp kh\u00f4ng kh\u00ed \u0111\u00e3 \u0111\u01b0\u1ee3c l\u00e0m s\u1ea1ch. Qu\u00e1 tr\u00ecnh n\u00e0y \u0111\u01b0\u1ee3c th\u1ef1c hi\u1ec7n b\u1edfi \u0111\u1ed9ng c\u01a1 n\u1eb1m ph\u00eda sau b\u1ed9 l\u1ecdc. Tr\u01b0\u1edbc \u0111\u00f3, m\u1ed9t s\u1ed1 b\u1ee5i b\u1ea9n v\u00e0 c\u1eb7n d\u1ea7u m\u1ee1 \u0111\u00e3 \u0111\u01b0\u1ee3c ng\u0103n l\u1ea1i \u1edf v\u1ec9 l\u01b0\u1edbi l\u1ecdc m\u1ee1 b\u00ean ngo\u00e0i khoang m\u00e1y n\u00ean kh\u00f4ng kh\u00ed tr\u1ea3 l\u1ea1i cho kh\u00f4ng gian b\u1ebfp r\u1ea5t trong s\u1ea1ch.<\/p>\n<p>H\u1ec7 th\u1ed1ng\u00a0<strong>l\u1ecdc kh\u1eed m\u00f9i b\u1eb1ng than ho\u1ea1t t\u00ednh<\/strong>\u00a0c\u00f3 t\u00e1c d\u1ee5ng kh\u1eed m\u00f9i, l\u1ecdc kh\u00f4ng kh\u00ed t\u1ea1o ra kh\u00f4ng kh\u00ed trong l\u00e0nh v\u00e0 s\u1ea1ch s\u1ebd l\u00ean \u0111\u1ebfn 99% trong kh\u00f4ng gian b\u1ebfp.<\/p>\n<h4><strong>\u0110\u1ed9 \u1ed3n th\u1ea5p<\/strong><\/h4>\n<p>Kh\u1ea3 n\u0103ng gi\u1ea3m \u0111\u1ed9 \u1ed3n xu\u1ed1ng \u0111\u1ebfn\u00a0<strong>&lt; 45db<\/strong>, gi\u00fap m\u00e1y v\u1eadn h\u00e0nh \u00eam \u00e1i, kh\u00f4ng g\u00e2y \u1ea3nh h\u01b0\u1edfng \u0111\u1ebfn nh\u1eefng sinh ho\u1ea1t kh\u00e1c c\u1ee7a m\u1ecdi th\u00e0nh vi\u00ean trong gia \u0111\u00ecnh.<\/p>\n<\/div>\n<\/div>\n<\/div>\n<div class=\"col medium-6 small-12 large-6\"><img decoding=\"async\" src=\"https:\/\/eurosun.com.vn\/wp-content\/uploads\/2023\/02\/loc-than-hoat-tinh.jpg\" alt=\"loc-than-hoat-tinh\" \/><\/div>\n<\/div>\n<div class=\"row row_location\">\n<div class=\"col medium-6 small-12 large-6\">\n<div class=\"box_content\">\n<div class=\"title\">\n<h2 class=\"title__Tt\">T\u00cdCH H\u1ee2P T\u00cdNH N\u0102NG H\u1eb8N GI\u1edc<\/h2>\n<\/div>\n<div id=\"xem_7\" class=\"des rt_text_rg rt_text_rg_7\">\n<p>Ngo\u00e0i ra h\u00fat m\u00f9i c\u00f2n \u0111\u01b0\u1ee3c\u00a0<strong>t\u00edch h\u1ee3p ch\u1ee9c n\u0103ng h\u1eb9n gi\u1edd<\/strong>, sau khi k\u1ebft th\u00fac qu\u00e1 tr\u00ecnh n\u1ea5u, kh\u1edfi \u0111\u1ed9ng ch\u1ee9c n\u0103ng h\u1eb9n gi\u1edd v\u00e0 n\u00f3 s\u1ebd t\u1ef1 \u0111\u1ed9ng t\u1eaft sau kho\u1ea3ng 10 ph\u00fat gi\u00fap lo\u1ea1i b\u1ecf h\u1ebft m\u00f9i th\u1ef1c ph\u1ea9m trong qu\u00e1 tr\u00ecnh n\u1ea5u n\u01b0\u1edbng.<\/p>\n<\/div>\n<\/div>\n<\/div>\n<div class=\"col medium-6 small-12 large-6\"><img decoding=\"async\" src=\"https:\/\/eurosun.com.vn\/wp-content\/uploads\/2023\/03\/may-hut-mui-eurosun-eh-70cn73-4.jpg\" alt=\"may-hut-mui-eurosun-eh-70cn73-4\" \/><\/div>\n<\/div>\n<div id=\"tab-thong-so-ky-thuat\" class=\"row tab_thong_so\">\n<div class=\"col medium-12 small-12 large-12\">\n<div class=\"title\">\n<h2 class=\"title__Tt\">TH\u00d4NG S\u1ed0 S\u1ea2N PH\u1ea8M<\/h2>\n<\/div>\n<\/div>\n<div class=\"col medium-6 small-12 large-8 table-sp\">\n<div class=\"table_center\">\n<table class=\"xem_table\" border=\"1\" cellspacing=\"0\" cellpadding=\"0\">\n<tbody>\n<tr>\n<td>T\u00ean s\u1ea3n ph\u1ea9m<\/td>\n<td><strong>M\u00c1Y H\u00daT M\u00d9I EUROSUN EH-70CN73<\/strong><\/td>\n<\/tr>\n<tr>\n<td>Th\u01b0\u01a1ng hi\u1ec7u<\/td>\n<td><strong>EUROSUN<\/strong><\/td>\n<\/tr>\n<tr>\n<td>Xu\u1ea5t x\u1ee9<\/td>\n<td><strong>MALAYSIA<\/strong><\/td>\n<\/tr>\n<tr>\n<td>Nh\u00e0 s\u1ea3n xu\u1ea5t<\/td>\n<td><strong>HIGH ACE INDUSTRIES SDN.BHD<\/strong><\/td>\n<\/tr>\n<tr>\n<td>Ki\u1ec3u d\u00e1ng<\/td>\n<td><strong>T-Shape Tornado sang tr\u1ecdng<\/strong><\/td>\n<\/tr>\n<tr>\n<td>Th\u00e2n m\u00e1y<\/td>\n<td><strong>Inox cao c\u1ea5p<\/strong><\/td>\n<\/tr>\n<tr>\n<td>B\u1ea3ng \u0111i\u1ec1u khi\u1ec3n<\/td>\n<td><strong>C\u1ea3m \u1ee9ng 5 t\u1ed1c \u0111\u1ed9<\/strong><\/td>\n<\/tr>\n<tr>\n<td>\u0110\u1ed9ng c\u01a1 bi\u1ebfn t\u1ea7n<\/td>\n<td><strong>Inverter BLDC kh\u00f4ng ch\u1ed5i than ti\u1ebft ki\u1ec7m tr\u00ean 50% \u0111i\u1ec7n n\u0103ng<\/strong><\/td>\n<\/tr>\n<tr>\n<td>L\u01b0\u1edbi l\u1ecdc<\/td>\n<td><strong>Inox cao c\u1ea5p<\/strong><\/td>\n<\/tr>\n<tr>\n<td>L\u1ecdc kh\u1eed m\u00f9i<\/td>\n<td><strong>Than ho\u1ea1t t\u00ednh<\/strong><\/td>\n<\/tr>\n<tr>\n<td>\u0110\u00e8n LED<\/td>\n<td><strong>2*1.5W<\/strong><\/td>\n<\/tr>\n<\/tbody>\n<\/table>\n<p>Ch\u1ee9ng nh\u1eadn COCQ<img decoding=\"async\" src=\"https:\/\/eurosun.com.vn\/wp-content\/uploads\/2023\/02\/Final-Form-D_K75_AF76CN73.jpg\" alt=\"\u1ea2nh ch\u1ee9ng nh\u1eadn Final-Form-D_K75_AF76+CN73\" \/><\/p>\n<\/div>\n<\/div>\n<\/div>\n","protected":false},"excerpt":{"rendered":"<ul class=\"info-pro\">\n<li>C\u00f4ng su\u1ea5t h\u00fat \u00b1980m\u00b3\/h<\/li>\n<li>\u1ed0ng tho\u00e1t:\u00a0\u00d8 150mm<\/li>\n<li>Ch\u1ea5t li\u1ec7u: Inox cao c\u1ea5p<\/li>\n<li>K\u00edch th\u01b0\u1edbc s\u1ea3n ph\u1ea9m: 700R x 386S x 400-790C mm<\/li>\n<li>Xu\u1ea5t x\u1ee9: Malaysia<\/li>\n<li>B\u1ea3o h\u00e0nh: 24 th\u00e1ng<\/li>\n<\/ul>\n","protected":false},"featured_media":1415,"comment_status":"open","ping_status":"closed","template":"","meta":[],"product_brand":[],"product_cat":[16,41],"product_tag":[],"class_list":{"0":"post-1414","1":"product","2":"type-product","3":"status-publish","4":"has-post-thumbnail","6":"product_cat-may-hut-mui","7":"product_cat-eurosun-may-hut-mui","9":"first","10":"instock","11":"shipping-taxable","12":"product-type-simple"},"_links":{"self":[{"href":"https:\/\/nhadepbepxinh.com.vn\/index.php?rest_route=\/wp\/v2\/product\/1414","targetHints":{"allow":["GET"]}}],"collection":[{"href":"https:\/\/nhadepbepxinh.com.vn\/index.php?rest_route=\/wp\/v2\/product"}],"about":[{"href":"https:\/\/nhadepbepxinh.com.vn\/index.php?rest_route=\/wp\/v2\/types\/product"}],"replies":[{"embeddable":true,"href":"https:\/\/nhadepbepxinh.com.vn\/index.php?rest_route=%2Fwp%2Fv2%2Fcomments&post=1414"}],"wp:featuredmedia":[{"embeddable":true,"href":"https:\/\/nhadepbepxinh.com.vn\/index.php?rest_route=\/wp\/v2\/media\/1415"}],"wp:attachment":[{"href":"https:\/\/nhadepbepxinh.com.vn\/index.php?rest_route=%2Fwp%2Fv2%2Fmedia&parent=1414"}],"wp:term":[{"taxonomy":"product_brand","embeddable":true,"href":"https:\/\/nhadepbepxinh.com.vn\/index.php?rest_route=%2Fwp%2Fv2%2Fproduct_brand&post=1414"},{"taxonomy":"product_cat","embeddable":true,"href":"https:\/\/nhadepbepxinh.com.vn\/index.php?rest_route=%2Fwp%2Fv2%2Fproduct_cat&post=1414"},{"taxonomy":"product_tag","embeddable":true,"href":"https:\/\/nhadepbepxinh.com.vn\/index.php?rest_route=%2Fwp%2Fv2%2Fproduct_tag&post=1414"}],"curies":[{"name":"wp","href":"https:\/\/api.w.org\/{rel}","templated":true}]}}