{"id":1406,"date":"2025-03-24T16:09:48","date_gmt":"2025-03-24T09:09:48","guid":{"rendered":"https:\/\/nhadepbepxinh.com.vn\/?post_type=product&#038;p=1406"},"modified":"2025-03-24T16:09:48","modified_gmt":"2025-03-24T09:09:48","slug":"may-hut-mui-eurosun-eh-70k32","status":"publish","type":"product","link":"https:\/\/nhadepbepxinh.com.vn\/?product=may-hut-mui-eurosun-eh-70k32","title":{"rendered":"M\u00c1Y H\u00daT M\u00d9I EUROSUN EH-70K32"},"content":{"rendered":"<div class=\"banner_tabs\"><img decoding=\"async\" src=\"https:\/\/eurosun.com.vn\/wp-content\/uploads\/2023\/08\/EH-70k32-2.jpg\" alt=\"\" \/><\/div>\n<div class=\"row row_location\">\n<div class=\"col medium-6 small-12 large-6\">\n<div class=\"box_content\">\n<div class=\"title\">\n<h2 class=\"title__Tt\">GI\u1edaI THI\u1ec6U S\u1ea2N PH\u1ea8M<\/h2>\n<\/div>\n<div id=\"xem_1\" class=\"des rt_text_rg rt_text_rg_1\">\n<p>M\u00e1y h\u00fat m\u00f9i Eurosun EH-70K32 c\u00f3 thi\u1ebft k\u1ebf hi\u1ec7n \u0111\u1ea1i, tinh t\u1ebf, v\u1edbi ki\u1ec3u d\u00e1ng k\u00ednh cong tinh t\u1ebf, ph\u00f9 h\u1ee3p v\u1edbi m\u1ecdi kh\u00f4ng gian b\u1ebfp. \u0110\u1eb7c bi\u1ec7t s\u1ea3n ph\u1ea9m \u0111\u01b0\u1ee3c \u01b0a chu\u1ed9ng b\u1edfi c\u00f4ng su\u1ea5t h\u00fat m\u1ea1nh m\u1ebd v\u00e0 v\u1eadn h\u00e0nh h\u1ebft s\u1ee9c \u00eam \u00e1i.<\/p>\n<\/div>\n<\/div>\n<\/div>\n<div class=\"col medium-6 small-12 large-6\"><img decoding=\"async\" src=\"https:\/\/eurosun.com.vn\/wp-content\/uploads\/2023\/08\/EH-70K32-01-scaled.jpg\" alt=\"\" \/><\/div>\n<\/div>\n<div class=\"row row_location\">\n<div class=\"col medium-6 small-12 large-6\">\n<div class=\"box_content\">\n<div class=\"title\">\n<h2 class=\"title__Tt\">THI\u1ebeT K\u1ebe SANG TR\u1eccNG, HI\u1ec6N \u0110\u1ea0I<\/h2>\n<\/div>\n<div id=\"xem_2\" class=\"des rt_text_rg rt_text_rg_2\">\n<p>L\u00e0 d\u00e1ng h\u00fat m\u00f9i k\u00ednh cong g\u1eafn t\u01b0\u1eddng, th\u00e2n m\u00e1y \u0111\u01b0\u1ee3c l\u00e0m t\u1eeb inox cao c\u1ea5p v\u00e0 k\u00ednh m\u00e0u Tempered 5mm. V\u1edbi h\u1ec7 th\u1ed1ng \u0111i\u1ec1u khi\u1ec3n c\u1ea3m \u1ee9ng 3 t\u1ed1c \u0111\u1ed9 h\u00fat linh ho\u1ea1t gi\u00fap ng\u01b0\u1eddi s\u1eed d\u1ee5ng c\u00f3 th\u1ec3 t\u00f9y ch\u1ecdn m\u1ee9c \u0111\u1ed9 h\u00fat ph\u00f9 h\u1ee3p v\u1edbi nhu c\u1ea7u.<\/p>\n<p>L\u01b0\u1edbi l\u1ecdc\u00a0<span class=\"citation-3 citation-end-3\">nan inox c\u00f3 \u0111\u1ed9 b\u1ec1n cao, gi\u00fap gi\u1ea3m ti\u1ebfng \u1ed3n, sau m\u1ed9t th\u1eddi s\u1eed d\u1ee5ng c\u00f3 th\u1ec3 th\u00e1o r\u1eddi \u0111\u1ec3 v\u1ec7 sinh d\u1ea7u m\u1ee1 m\u1ed9t c\u00e1ch d\u1ec5 d\u00e0ng v\u00e0 t\u00e1i s\u1eed d\u1ee5ng kh\u00f4ng ph\u1ea3i thay th\u1ebf trong su\u1ed1t qu\u00e1 tr\u00ecnh s\u1eed d\u1ee5ng.<\/span><\/p>\n<\/div>\n<\/div>\n<\/div>\n<div class=\"col medium-6 small-12 large-6\"><img decoding=\"async\" src=\"https:\/\/eurosun.com.vn\/wp-content\/uploads\/2023\/08\/EH-70K32-web-3.jpg\" alt=\"\" \/><\/div>\n<\/div>\n<div class=\"row row_location\">\n<div class=\"col medium-6 small-12 large-6\">\n<div class=\"box_content\">\n<div class=\"title\">\n<h2 class=\"title__Tt\">C\u00d4NG SU\u1ea4T H\u00daT M\u1ea0NH M\u1ebc<\/h2>\n<\/div>\n<div id=\"xem_3\" class=\"des rt_text_rg rt_text_rg_3\">\n<p>M\u00e1y\u00a0<span class=\"citation-1 citation-end-1\">h\u00fat m\u00f9i Eurosun EH-70K32 \u0111\u01b0\u1ee3c trang b\u1ecb \u0111\u1ed9ng c\u01a1 Tuabin l\u00f5i \u0111\u1ed3ng, c\u00f4ng su\u1ea5t 140W gi\u00fap lo\u1ea1i b\u1ecf m\u00f9i th\u1ee9c \u0103n trong kh\u00f4ng gian b\u1ebfp<\/span>\u00a0m\u1ed9t c\u00e1ch nhanh ch\u00f3ng v\u00e0 hi\u1ec7u qu\u1ea3.<\/p>\n<p>C\u00f4ng su\u1ea5t h\u00fat l\u00ean l\u00ean t\u1edbi 900m3\/h<\/p>\n<p>H\u1ec7 th\u1ed1ng h\u00fat x\u1ea3 tu\u1ea7n ho\u00e0n v\u00e0 th\u00f4ng gi\u00f3 gi\u00fap lo\u1ea1i b\u1ecf m\u00f9i th\u1ee9c \u0103n, d\u1ea7u m\u1ee1 hi\u1ec7u qu\u1ea3, t\u1ea1o ra kh\u00f4ng kh\u00ed trong l\u00e0nh v\u00e0 s\u1ea1ch s\u1ebd cho kh\u00f4ng gian b\u1ebfp.<\/p>\n<\/div>\n<\/div>\n<\/div>\n<div class=\"col medium-6 small-12 large-6\"><img decoding=\"async\" src=\"https:\/\/eurosun.com.vn\/wp-content\/uploads\/2023\/08\/EH-70K32-web-2-1.jpg\" alt=\"\" \/><\/div>\n<\/div>\n<div class=\"row row_location\">\n<div class=\"col medium-6 small-12 large-6\">\n<div class=\"box_content\">\n<div class=\"title\">\n<h2 class=\"title__Tt\">L\u1eccC KH\u1eec M\u00d9I B\u1eb0NG THAN HO\u1ea0T T\u00cdNH<\/h2>\n<\/div>\n<div id=\"xem_4\" class=\"des rt_text_rg rt_text_rg_4\">\n<p>M\u00e1y h\u00fat m\u00f9i Eurosun EH-70K32 c\u00f2n trang b\u1ecb h\u1ec7 th\u1ed1ng than ho\u1ea1t t\u00ednh, c\u00f3 t\u00e1c d\u1ee5ng kh\u1eed m\u00f9i, thanh l\u1ecdc kh\u00f4ng kh\u00ed, d\u1ea7u m\u1ee1 hi\u1ec7u qu\u1ea3 t\u1ea1o ra kh\u00f4ng kh\u00ed trong l\u00e0nh v\u00e0 s\u1ea1ch s\u1ebd l\u00ean \u0111\u1ebfn 99% trong kh\u00f4ng gian b\u1ebfp.<\/p>\n<\/div>\n<\/div>\n<\/div>\n<div class=\"col medium-6 small-12 large-6\"><img decoding=\"async\" src=\"https:\/\/eurosun.com.vn\/wp-content\/uploads\/2023\/08\/EH-70K32-web-1-1.jpg\" alt=\"\" \/><\/div>\n<\/div>\n<div id=\"tab-thong-so-ky-thuat\" class=\"row tab_thong_so\">\n<div class=\"col medium-12 small-12 large-12\">\n<div class=\"title\">\n<h2 class=\"title__Tt\">TH\u00d4NG S\u1ed0 S\u1ea2N PH\u1ea8M<\/h2>\n<\/div>\n<\/div>\n<div class=\"col medium-6 small-12 large-8 table-sp\">\n<div class=\"table_center\">\n<table class=\"xem_table\" border=\"1\" cellspacing=\"0\" cellpadding=\"0\">\n<tbody>\n<tr>\n<td>T\u00ean s\u1ea3n ph\u1ea9m<\/td>\n<td><strong>H\u00fat m\u00f9i EH-70K32<\/strong><\/td>\n<\/tr>\n<tr>\n<td>Th\u01b0\u01a1ng hi\u1ec7u<\/td>\n<td><strong>EUROSUN<\/strong><\/td>\n<\/tr>\n<tr>\n<td>B\u1ea3ng \u0111i\u1ec1u khi\u1ec3n<\/td>\n<td><strong>\u0110i\u1ec1u khi\u1ec3n c\u1ea3m \u1ee9ng 3 t\u1ed1c \u0111\u1ed9<\/strong><\/td>\n<\/tr>\n<tr>\n<td>Th\u00e2n m\u00e1y<\/td>\n<td><strong>Inox, k\u00ednh cong c\u01b0\u1eddng l\u1ef1c 5mm<\/strong><\/td>\n<\/tr>\n<tr>\n<td>L\u01b0\u1edbi l\u1ecdc<\/td>\n<td><strong>L\u01b0\u1edbi l\u1ecdc nan inox<\/strong><\/td>\n<\/tr>\n<tr>\n<td>\u0110\u00e8n LED<\/td>\n<td><strong>2&#215;1.5W<\/strong><\/td>\n<\/tr>\n<tr>\n<td>C\u00f4ng su\u1ea5t h\u00fat<\/td>\n<td><strong>\u00b1900m3\/h<\/strong><\/td>\n<\/tr>\n<tr>\n<td>\u0110\u1ed9ng c\u01a1<\/td>\n<td><strong>Tuabin 140W<\/strong><\/td>\n<\/tr>\n<tr>\n<td>\u0110\u1ed9 \u1ed3n<\/td>\n<td><strong>\u00b1 47db<\/strong><\/td>\n<\/tr>\n<tr>\n<td>\u1ed0ng tho\u00e1t<\/td>\n<td><strong>\u00d8 150mm<\/strong><\/td>\n<\/tr>\n<tr>\n<td>K\u00edch th\u01b0\u1edbc s\u1ea3n ph\u1ea9m<\/td>\n<td><strong>700Rx450Sx550C<\/strong><\/td>\n<\/tr>\n<\/tbody>\n<\/table>\n<p>Ch\u1ee9ng nh\u1eadn COCQ<img decoding=\"async\" src=\"https:\/\/eurosun.com.vn\/wp-content\/uploads\/2023\/03\/90k15e_70af79_70k32_90k32.jpg\" alt=\"\u1ea2nh ch\u1ee9ng nh\u1eadn COCQ_90k15e_70af79_70k32_90k32\" \/><\/p>\n<\/div>\n<\/div>\n<\/div>\n","protected":false},"excerpt":{"rendered":"<ul class=\"info-pro\">\n<li>C\u00f4ng su\u1ea5t h\u00fat \u00b1900m3<\/li>\n<li>\u1ed0ng tho\u00e1t:150 mm<\/li>\n<li>Th\u00e2n m\u00e1y: Inox cao c\u1ea5p, k\u00ednh m\u00e0u Tempered 5mm<\/li>\n<li>K\u00edch th\u01b0\u1edbc s\u1ea3n ph\u1ea9m: 700R x 450S x 550C mm<\/li>\n<li>Xu\u1ea5t x\u1ee9: Ch\u00ednh h\u00e3ng<\/li>\n<li>B\u1ea3o h\u00e0nh: 24 th\u00e1ng<\/li>\n<\/ul>\n","protected":false},"featured_media":1407,"comment_status":"open","ping_status":"closed","template":"","meta":[],"product_brand":[],"product_cat":[16,41],"product_tag":[],"class_list":{"0":"post-1406","1":"product","2":"type-product","3":"status-publish","4":"has-post-thumbnail","6":"product_cat-may-hut-mui","7":"product_cat-eurosun-may-hut-mui","9":"first","10":"instock","11":"shipping-taxable","12":"product-type-simple"},"_links":{"self":[{"href":"https:\/\/nhadepbepxinh.com.vn\/index.php?rest_route=\/wp\/v2\/product\/1406","targetHints":{"allow":["GET"]}}],"collection":[{"href":"https:\/\/nhadepbepxinh.com.vn\/index.php?rest_route=\/wp\/v2\/product"}],"about":[{"href":"https:\/\/nhadepbepxinh.com.vn\/index.php?rest_route=\/wp\/v2\/types\/product"}],"replies":[{"embeddable":true,"href":"https:\/\/nhadepbepxinh.com.vn\/index.php?rest_route=%2Fwp%2Fv2%2Fcomments&post=1406"}],"wp:featuredmedia":[{"embeddable":true,"href":"https:\/\/nhadepbepxinh.com.vn\/index.php?rest_route=\/wp\/v2\/media\/1407"}],"wp:attachment":[{"href":"https:\/\/nhadepbepxinh.com.vn\/index.php?rest_route=%2Fwp%2Fv2%2Fmedia&parent=1406"}],"wp:term":[{"taxonomy":"product_brand","embeddable":true,"href":"https:\/\/nhadepbepxinh.com.vn\/index.php?rest_route=%2Fwp%2Fv2%2Fproduct_brand&post=1406"},{"taxonomy":"product_cat","embeddable":true,"href":"https:\/\/nhadepbepxinh.com.vn\/index.php?rest_route=%2Fwp%2Fv2%2Fproduct_cat&post=1406"},{"taxonomy":"product_tag","embeddable":true,"href":"https:\/\/nhadepbepxinh.com.vn\/index.php?rest_route=%2Fwp%2Fv2%2Fproduct_tag&post=1406"}],"curies":[{"name":"wp","href":"https:\/\/api.w.org\/{rel}","templated":true}]}}