{"id":1399,"date":"2025-03-24T16:04:31","date_gmt":"2025-03-24T09:04:31","guid":{"rendered":"https:\/\/nhadepbepxinh.com.vn\/?post_type=product&#038;p=1399"},"modified":"2025-03-24T16:04:32","modified_gmt":"2025-03-24T09:04:32","slug":"may-hut-mui-eurosun-eh-70af79","status":"publish","type":"product","link":"https:\/\/nhadepbepxinh.com.vn\/?product=may-hut-mui-eurosun-eh-70af79","title":{"rendered":"M\u00c1Y H\u00daT M\u00d9I EUROSUN EH-70AF79"},"content":{"rendered":"<div class=\"banner_tabs\"><img decoding=\"async\" src=\"https:\/\/eurosun.com.vn\/wp-content\/uploads\/2023\/08\/EH-70AF79-2.jpg\" alt=\"EH-70AF79-2\" \/><\/div>\n<div class=\"row row_location\">\n<div class=\"col medium-6 small-12 large-6\">\n<div class=\"box_content\">\n<div class=\"title\">\n<h2 class=\"title__Tt\">GI\u1edaI THI\u1ec6U S\u1ea2N PH\u1ea8M<\/h2>\n<\/div>\n<div id=\"xem_1\" class=\"des rt_text_rg rt_text_rg_1\">\n<p>M\u00e1y h\u00fat m\u00f9i Eurosun EH-70AF79 l\u00e0 m\u1ed9t trong nh\u1eefng s\u1ea3n ph\u1ea9m m\u00e1y h\u00fat m\u00f9i cao c\u1ea5p, \u0111\u01b0\u1ee3c nhi\u1ec1u ng\u01b0\u1eddi ti\u00eau d\u00f9ng \u01b0a chu\u1ed9ng hi\u1ec7n nay. V\u1edbi ki\u1ec3u d\u00e1ng T-shape Tornado sang tr\u1ecdng, c\u00f4ng su\u1ea5t h\u00fat m\u1ea1nh m\u1ebd mang \u0111\u1ebfn kh\u00f4ng gian b\u1ebfp s\u1ea1ch s\u1ebd, tho\u00e1ng m\u00e1t cho gia \u0111\u00ecnh b\u1ea1n.<\/p>\n<\/div>\n<\/div>\n<\/div>\n<div class=\"col medium-6 small-12 large-6\"><img decoding=\"async\" src=\"https:\/\/eurosun.com.vn\/wp-content\/uploads\/2023\/08\/EH-90AF79-01-1.jpg\" alt=\"EH-90AF79-01-1\" \/><\/div>\n<\/div>\n<div class=\"row row_location\">\n<div class=\"col medium-6 small-12 large-6\">\n<div class=\"box_content\">\n<div class=\"title\">\n<h2 class=\"title__Tt\">THI\u1ebeT K\u1ebe HI\u1ec6N \u0110\u1ea0I, SANG TR\u1eccNG<\/h2>\n<\/div>\n<div id=\"xem_2\" class=\"des rt_text_rg rt_text_rg_2\">\n<p>Ki\u1ec3u d\u00e1ng T-shape Tornado hi\u1ec7n \u0111\u1ea1i, sang tr\u1ecdng ph\u00f9 h\u1ee3p v\u1edbi m\u1ecdi kh\u00f4ng gian b\u1ebfp. Th\u00e2n m\u00e1y \u0111\u01b0\u1ee3c l\u00e0m t\u1eeb inox cao c\u1ea5p \u0111\u01b0\u1ee3c bao ph\u1ee7 b\u1edfi l\u1edbp s\u01a1n t\u0129nh \u0111i\u1ec7n an to\u00e0n cho ng\u01b0\u1eddi s\u1eed d\u1ee5ng.<\/p>\n<\/div>\n<\/div>\n<\/div>\n<div class=\"col medium-6 small-12 large-6\"><img decoding=\"async\" src=\"https:\/\/eurosun.com.vn\/wp-content\/uploads\/2023\/08\/EH-90AF79-03-scaled.jpg\" alt=\"EH-90AF79-03\" \/><\/div>\n<\/div>\n<div class=\"row row_location\">\n<div class=\"col medium-6 small-12 large-6\">\n<div class=\"box_content\">\n<div class=\"title\">\n<h2 class=\"title__Tt\">B\u1ea2NG \u0110I\u1ec0U KHI\u1ec2N C\u1ea2M \u1ee8NG TH\u00d4NG MINH<\/h2>\n<\/div>\n<div id=\"xem_3\" class=\"des rt_text_rg rt_text_rg_3\">\n<p>H\u00fat m\u00f9i Eh-70AF79 \u0111\u01b0\u1ee3c trang b\u1ecb b\u1ea3ng \u0111i\u1ec1u khi\u1ec3n c\u1ea3m \u1ee9ng 5 t\u1ed1c \u0111\u1ed9 th\u00f4ng minh, gi\u00fap ng\u01b0\u1eddi d\u00f9ng d\u1ec5 d\u00e0ng \u0111i\u1ec1u ch\u1ec9nh t\u1ed1c \u0111\u1ed9 h\u00fat, ch\u1ebf \u0111\u1ed9 h\u00fat,\u2026 theo nhu c\u1ea7u s\u1eed d\u1ee5ng.<\/p>\n<\/div>\n<\/div>\n<\/div>\n<div class=\"col medium-6 small-12 large-6\"><img decoding=\"async\" src=\"https:\/\/eurosun.com.vn\/wp-content\/uploads\/2023\/08\/EH-90AF79-04-scaled.jpg\" alt=\"EH-90AF79-04\" \/><\/div>\n<\/div>\n<div class=\"row row_location\">\n<div class=\"col medium-6 small-12 large-6\">\n<div class=\"box_content\">\n<div class=\"title\">\n<h2 class=\"title__Tt\">C\u00d4NG SU\u1ea4T H\u00daT M\u1ea0NH M\u1ebc, HI\u1ec6U QU\u1ea2 L\u1eccC M\u00d9I CAO<\/h2>\n<\/div>\n<div id=\"xem_4\" class=\"des rt_text_rg rt_text_rg_4\">\n<p>M\u00e1y h\u00fat m\u00f9i Eurosun EH-70AF79 ho\u1ea1t \u0111\u1ed9ng v\u1edbi c\u00f4ng su\u1ea5t h\u00fat 980 m3\/h, m\u1ea1nh m\u1ebd g\u1ea5p 2 l\u1ea7n so v\u1edbi c\u00e1c s\u1ea3n ph\u1ea9m m\u00e1y h\u00fat m\u00f9i th\u00f4ng th\u01b0\u1eddng. C\u00f4ng su\u1ea5t h\u00fat cao gi\u00fap lo\u1ea1i b\u1ecf nhanh ch\u00f3ng m\u00f9i h\u00f4i, kh\u00f3i b\u1ee5i trong qu\u00e1 tr\u00ecnh n\u1ea5u n\u01b0\u1edbng, mang l\u1ea1i kh\u00f4ng gian b\u1ebfp s\u1ea1ch s\u1ebd, tho\u00e1ng m\u00e1t.<\/p>\n<\/div>\n<\/div>\n<\/div>\n<div class=\"col medium-6 small-12 large-6\"><img decoding=\"async\" src=\"https:\/\/eurosun.com.vn\/wp-content\/uploads\/2023\/08\/2-1-1.jpg\" alt=\"EH-90AF79-8\" \/><\/div>\n<\/div>\n<div class=\"row row_location\">\n<div class=\"col medium-6 small-12 large-6\">\n<div class=\"box_content\">\n<div class=\"title\">\n<h2 class=\"title__Tt\">TI\u1ebeT KI\u1ec6M \u0110I\u1ec6N N\u0102NG, V\u1eacN H\u00c0NH \u00caM \u00c1I<\/h2>\n<\/div>\n<div id=\"xem_5\" class=\"des rt_text_rg rt_text_rg_5\">\n<p>M\u00e1y h\u00fat m\u00f9i Eurosun EH-70AF79 \u0111\u01b0\u1ee3c trang b\u1ecb \u0111\u1ed9ng c\u01a1 inverter BLDC kh\u00f4ng ch\u1ed5i than gi\u00fap ti\u1ebft ki\u1ec7m \u0111i\u1ec7n n\u0103ng l\u00ean \u0111\u1ebfn 50% so v\u1edbi c\u00e1c s\u1ea3n ph\u1ea9m m\u00e1y h\u00fat m\u00f9i th\u00f4ng th\u01b0\u1eddng. \u0110\u1ed9 \u1ed3n th\u1ea5p ch\u1ec9 45dB, \u0111\u1ea3m b\u1ea3o v\u1eadn h\u00e0nh \u00eam \u00e1i, kh\u00f4ng g\u00e2y \u1ea3nh h\u01b0\u1edfng \u0111\u1ebfn sinh ho\u1ea1t trong gia \u0111\u00ecnh.<\/p>\n<\/div>\n<\/div>\n<\/div>\n<div class=\"col medium-6 small-12 large-6\"><img decoding=\"async\" src=\"https:\/\/eurosun.com.vn\/wp-content\/uploads\/2023\/08\/EH-90AF79-02-1.jpg\" alt=\"EH-90AF79-02-1\" \/><\/div>\n<\/div>\n<div class=\"row row_location\">\n<div class=\"col medium-6 small-12 large-6\">\n<div class=\"box_content\">\n<div class=\"title\">\n<h2 class=\"title__Tt\">L\u1eccC, KH\u1eec M\u00d9I B\u1eb0NG THAN HO\u1ea0T T\u00cdNH<\/h2>\n<\/div>\n<div id=\"xem_6\" class=\"des rt_text_rg rt_text_rg_6\">\n<p>M\u00e1y h\u00fat m\u00f9i than ho\u1ea1t t\u00ednh ho\u1ea1t \u0111\u1ed9ng d\u1ef1a tr\u00ean c\u01a1 ch\u1ebf quay v\u00f2ng tu\u1ea7n ho\u00e0n. C\u1ee5 th\u1ec3 l\u00e0 to\u00e0n b\u1ed9 kh\u00f3i, m\u00f9i th\u1ee9c \u0103n \u0111\u01b0\u1ee3c h\u00fat v\u00e0o trong khoang m\u00e1y \u0111i qua b\u1ed9 l\u1ecdc than r\u1ed3i tr\u1ea3 l\u1ea1i nh\u00e0 b\u1ebfp kh\u00f4ng kh\u00ed \u0111\u00e3 \u0111\u01b0\u1ee3c l\u00e0m s\u1ea1ch. Qu\u00e1 tr\u00ecnh n\u00e0y \u0111\u01b0\u1ee3c th\u1ef1c hi\u1ec7n b\u1edfi \u0111\u1ed9ng c\u01a1 n\u1eb1m ph\u00eda sau b\u1ed9 l\u1ecdc. Tr\u01b0\u1edbc \u0111\u00f3, m\u1ed9t s\u1ed1 b\u1ee5i b\u1ea9n v\u00e0 c\u1eb7n d\u1ea7u m\u1ee1 \u0111\u00e3 \u0111\u01b0\u1ee3c ng\u0103n l\u1ea1i \u1edf v\u1ec9 l\u01b0\u1edbi l\u1ecdc m\u1ee1 b\u00ean ngo\u00e0i khoang m\u00e1y n\u00ean kh\u00f4ng kh\u00ed tr\u1ea3 l\u1ea1i cho kh\u00f4ng gian b\u1ebfp r\u1ea5t trong s\u1ea1ch.<\/p>\n<p>H\u1ec7 th\u1ed1ng l\u1ecdc kh\u1eed m\u00f9i b\u1eb1ng than ho\u1ea1t t\u00ednh c\u00f3 t\u00e1c d\u1ee5ng kh\u1eed m\u00f9i, l\u1ecdc kh\u00f4ng kh\u00ed t\u1ea1o ra kh\u00f4ng kh\u00ed trong l\u00e0nh v\u00e0 s\u1ea1ch s\u1ebd l\u00ean \u0111\u1ebfn 99% trong kh\u00f4ng gian b\u1ebfp.<\/p>\n<\/div>\n<\/div>\n<\/div>\n<div class=\"col medium-6 small-12 large-6\"><img decoding=\"async\" src=\"https:\/\/eurosun.com.vn\/wp-content\/uploads\/2023\/02\/loc-than-hoat-tinh.jpg\" alt=\"loc-than-hoat-tinh\" \/><\/div>\n<\/div>\n<div id=\"tab-thong-so-ky-thuat\" class=\"row tab_thong_so\">\n<div class=\"col medium-12 small-12 large-12\">\n<div class=\"title\">\n<h2 class=\"title__Tt\">TH\u00d4NG S\u1ed0 S\u1ea2N PH\u1ea8M<\/h2>\n<\/div>\n<\/div>\n<div class=\"col medium-6 small-12 large-8 table-sp\">\n<div class=\"table_center rt_text_hover\">\n<table class=\"xem_table\" border=\"1\" cellspacing=\"0\" cellpadding=\"0\">\n<tbody>\n<tr>\n<td>T\u00ean s\u1ea3n ph\u1ea9m<\/td>\n<td><strong>M\u00c1Y H\u00daT M\u00d9I EUROSUN EH-70AF79<\/strong><\/td>\n<\/tr>\n<tr>\n<td>Th\u01b0\u01a1ng hi\u1ec7u<\/td>\n<td><strong>EUROSUN<\/strong><\/td>\n<\/tr>\n<tr>\n<td>Xu\u1ea5t x\u1ee9<\/td>\n<td><strong>Malaysia<\/strong><\/td>\n<\/tr>\n<tr>\n<td>Nh\u00e0 s\u1ea3n xu\u1ea5t<\/td>\n<td><strong>SUN FLAME INDUSTRIES SDN BHD<\/strong><\/td>\n<\/tr>\n<tr>\n<td>Ki\u1ec3u d\u00e1ng<\/td>\n<td><strong>T-Shape Tornado sang tr\u1ecdng<\/strong><\/td>\n<\/tr>\n<tr>\n<td>Th\u00e2n m\u00e1y<\/td>\n<td><strong>Inox cao c\u1ea5p<\/strong><\/td>\n<\/tr>\n<tr>\n<td>B\u1ea3ng \u0111i\u1ec1u khi\u1ec3n<\/td>\n<td><strong>C\u1ea3m \u1ee9ng quang 5 t\u1ed1c \u0111\u1ed9<\/strong><\/td>\n<\/tr>\n<tr>\n<td>\u0110\u1ed9ng c\u01a1 bi\u1ebfn t\u1ea7n<\/td>\n<td><strong>Inverter BLDC kh\u00f4ng ch\u1ed5i than ti\u1ebft ki\u1ec7m tr\u00ean 50% \u0111i\u1ec7n n\u0103ng<\/strong><\/td>\n<\/tr>\n<tr>\n<td>L\u01b0\u1edbi l\u1ecdc<\/td>\n<td><strong>nan inox cao c\u1ea5p<\/strong><\/td>\n<\/tr>\n<tr>\n<td>L\u1ecdc kh\u1eed m\u00f9i<\/td>\n<td><strong>Than ho\u1ea1t t\u00ednh<\/strong><\/td>\n<\/tr>\n<tr>\n<td>\u0110\u00e8n LED<\/td>\n<td><strong>Light 2*1W<\/strong><\/td>\n<\/tr>\n<tr>\n<td>C\u00f4ng su\u1ea5t h\u00fat<\/td>\n<td><strong>\u00b1980m3<\/strong><\/td>\n<\/tr>\n<tr>\n<td>\u0110\u1ed9ng c\u01a1 Inverter dua smart BLDC<\/td>\n<td><strong>90W<\/strong><\/td>\n<\/tr>\n<tr>\n<td>\u0110\u1ed9 \u1ed3n<\/td>\n<td><strong>\u226445dB<\/strong><\/td>\n<\/tr>\n<tr>\n<td>\u1ed0ng tho\u00e1t<\/td>\n<td><strong>150 mm<\/strong><\/td>\n<\/tr>\n<tr>\n<td>K\u00edch th\u01b0\u1edbc s\u1ea3n ph\u1ea9m<\/td>\n<td><strong>700Rx360Sx528-1018C mm<\/strong><\/td>\n<\/tr>\n<tr>\n<td>B\u1ea3o h\u00e0nh<\/td>\n<td><strong>24 th\u00e1ng<\/strong><\/td>\n<\/tr>\n<\/tbody>\n<\/table>\n<p><img decoding=\"async\" src=\"https:\/\/eurosun.com.vn\/wp-content\/uploads\/2023\/08\/Final-form-D_K26-hinh-anh-2-scaled.jpg\" alt=\"\u1ea2nh ch\u1ee9ng nh\u1eadn Final form D_K26-h\u00ecnh \u1ea3nh-2\" \/><\/p>\n<\/div>\n<\/div>\n<\/div>\n","protected":false},"excerpt":{"rendered":"<ul class=\"info-pro\">\n<li>C\u00f4ng su\u1ea5t h\u00fat \u00b1980m\u00b3\/h<\/li>\n<li>\u1ed0ng tho\u00e1t: \u00d8150 mm<\/li>\n<li>Ch\u1ea5t li\u1ec7u: Inox cao c\u1ea5p<\/li>\n<li>K\u00edch th\u01b0\u1edbc s\u1ea3n ph\u1ea9m: 700R x360S x 528-1018C mm<\/li>\n<li>Xu\u1ea5t x\u1ee9: Malaysia<\/li>\n<li>B\u1ea3o h\u00e0nh: 24 th\u00e1ng<\/li>\n<\/ul>\n","protected":false},"featured_media":1400,"comment_status":"open","ping_status":"closed","template":"","meta":[],"product_brand":[],"product_cat":[16,41],"product_tag":[],"class_list":{"0":"post-1399","1":"product","2":"type-product","3":"status-publish","4":"has-post-thumbnail","6":"product_cat-may-hut-mui","7":"product_cat-eurosun-may-hut-mui","9":"first","10":"instock","11":"shipping-taxable","12":"product-type-simple"},"_links":{"self":[{"href":"https:\/\/nhadepbepxinh.com.vn\/index.php?rest_route=\/wp\/v2\/product\/1399","targetHints":{"allow":["GET"]}}],"collection":[{"href":"https:\/\/nhadepbepxinh.com.vn\/index.php?rest_route=\/wp\/v2\/product"}],"about":[{"href":"https:\/\/nhadepbepxinh.com.vn\/index.php?rest_route=\/wp\/v2\/types\/product"}],"replies":[{"embeddable":true,"href":"https:\/\/nhadepbepxinh.com.vn\/index.php?rest_route=%2Fwp%2Fv2%2Fcomments&post=1399"}],"wp:featuredmedia":[{"embeddable":true,"href":"https:\/\/nhadepbepxinh.com.vn\/index.php?rest_route=\/wp\/v2\/media\/1400"}],"wp:attachment":[{"href":"https:\/\/nhadepbepxinh.com.vn\/index.php?rest_route=%2Fwp%2Fv2%2Fmedia&parent=1399"}],"wp:term":[{"taxonomy":"product_brand","embeddable":true,"href":"https:\/\/nhadepbepxinh.com.vn\/index.php?rest_route=%2Fwp%2Fv2%2Fproduct_brand&post=1399"},{"taxonomy":"product_cat","embeddable":true,"href":"https:\/\/nhadepbepxinh.com.vn\/index.php?rest_route=%2Fwp%2Fv2%2Fproduct_cat&post=1399"},{"taxonomy":"product_tag","embeddable":true,"href":"https:\/\/nhadepbepxinh.com.vn\/index.php?rest_route=%2Fwp%2Fv2%2Fproduct_tag&post=1399"}],"curies":[{"name":"wp","href":"https:\/\/api.w.org\/{rel}","templated":true}]}}