{"id":1341,"date":"2025-03-24T11:31:24","date_gmt":"2025-03-24T04:31:24","guid":{"rendered":"https:\/\/nhadepbepxinh.com.vn\/?post_type=product&#038;p=1341"},"modified":"2025-04-13T09:49:40","modified_gmt":"2025-04-13T02:49:40","slug":"may-rua-bat-eurosun-sms18eu79pro","status":"publish","type":"product","link":"https:\/\/nhadepbepxinh.com.vn\/?product=may-rua-bat-eurosun-sms18eu79pro","title":{"rendered":"M\u00c1Y R\u1eecA B\u00c1T EUROSUN SMS18EU79PRO"},"content":{"rendered":"<div class=\"row row_location\">\n<div class=\"col medium-6 small-12 large-6\">\n<div class=\"box_content\">\n<div class=\"title\">\n<h2 class=\"title__Tt\">GI\u1edaI THI\u1ec6U S\u1ea2N PH\u1ea8M<\/h2>\n<\/div>\n<div id=\"xem_1\" class=\"des rt_text_rg rt_text_rg_1 rt_text_rg_hover\">\n<p>M\u00e1y r\u1eeda b\u00e1t<strong>\u00a0SMS18EU79PRO<\/strong>\u00a0l\u00e0 s\u1ea3n ph\u1ea9m \u0111\u01b0\u1ee3c \u01b0a chu\u1ed9ng nh\u1ea5t c\u1ee7a Eurosun. C\u00f3 dung t\u00edch l\u00ean t\u1edbi 14 b\u1ed9 b\u00e1t \u0111\u0129a\u00a0 ph\u00f9 h\u1ee3p v\u1edbi \u0111a s\u1ed1 gia \u0111\u00ecnh Vi\u1ec7t, s\u1ea3n ph\u1ea9m t\u00edch h\u1ee3p nhi\u1ec1u t\u00ednh n\u0103ng hi\u1ec7n \u0111\u1ea1i, thi\u1ebft k\u1ebf \u0111\u1eb9p m\u1eaft v\u00e0 d\u1ec5 d\u00e0ng s\u1eed d\u1ee5ng.<\/p>\n<p><strong>Eurosun<\/strong>\u00a0lu\u00f4n ch\u00fa tr\u1ecdng thi\u1ebft k\u1ebf t\u1ec9 m\u1ec9 t\u1eebng chi ti\u1ebft trong s\u1ea3n ph\u1ea9m. M\u00e1y r\u1eeda b\u00e1t\u00a0<strong>SMS18EU79PRO\u00a0<\/strong>\u0111\u01b0\u1ee3c thi\u1ebft k\u1ebf hi\u1ec7n \u0111\u1ea1i v\u1edbi chi\u1ec1u cao l\u00fd t\u01b0\u1edfng 775mm, \u0111\u00e1p \u1ee9ng ph\u00f9 h\u1ee3p v\u1edbi ti\u00eau chu\u1ea9n l\u1eafp \u0111\u1eb7t t\u1ee7 b\u1ebfp c\u1ee7a ng\u01b0\u1eddi Ch\u00e2u \u00c1 n\u00f3i chung v\u00e0 c\u00e1c gia \u0111\u00ecnh Vi\u1ec7t Nam n\u00f3i ri\u00eang. V\u1edbi gam m\u00e0u b\u1ea1c sang tr\u1ecdng, nh\u00e3 nh\u1eb7n s\u1ea3n ph\u1ea9m g\u00e2y \u1ea5n t\u01b0\u1ee3ng v\u1edbi kh\u00e1ch h\u00e0ng ngay t\u1eeb c\u00e1i nh\u00ecn \u0111\u1ea7u ti\u00ean.<\/p>\n<p>Thi\u1ebft k\u1ebf b\u00ean trong g\u1ed3m 3 ng\u0103n ch\u1ee9a \u0111\u1ed3 c\u01a1 \u0111\u1ed9ng v\u00e0 1 ng\u0103n gi\u1ecf \u0111\u1ec3 dao k\u00e9o ho\u1eb7c \u0111\u1ec3 \u0111\u0169a, dung t\u00edch c\u1ee7a m\u00e1y c\u00f3 th\u1ec3 ch\u1ee9a t\u1edbi 14 b\u1ed9 b\u00e1t \u0111\u0129a. Khay x\u1ebfp b\u00e1t \u0111\u0129a \u0111\u00e3 \u0111\u01b0\u1ee3c\u00a0<strong>Eurosun<\/strong>\u00a0nghi\u00ean c\u1ee9u v\u00e0 thi\u1ebft k\u1ebf chuy\u00ean d\u1ee5ng d\u00e0nh ri\u00eang cho th\u1ecb tr\u01b0\u1eddng Ch\u00e2u \u00c1 ch\u1eafc ch\u1eafn v\u00e0 d\u1ec5 s\u1eed d\u1ee5ng. H\u1ec7 th\u1ed1ng khay r\u1eeda (gi\u00e0n r\u1eeda) c\u00f3 th\u1ec3 k\u00e9o ra d\u1ec5 d\u00e0ng r\u1ea5t thu\u1eadn ti\u1ec7n cho vi\u1ec7c s\u1eafp x\u1ebfp \u0111\u1ed3 v\u00e0o m\u00e1y.<\/p>\n<p>C\u00e1c b\u00e1nh xe l\u0103n c\u1ee7a khay r\u1eeda c\u00f3 th\u1ec3 nh\u1eb9 nh\u00e0ng di chuy\u1ec3n v\u1edbi l\u01b0\u1ee3ng b\u00e1t \u0111\u0129a n\u1eb7ng t\u1edbi tr\u00ean 9kg. Thao t\u00e1c nh\u1eb9 nh\u00e0ng, \u00eam \u00e1i v\u00e0 an to\u00e0n l\u00e0 c\u1ea3m nh\u1eadn khi k\u00e9o m\u1edf gi\u00e0n khay c\u1ee7a c\u00e1c d\u00f2ng m\u00e1y r\u1eeda b\u00e1t Eurosun.<\/p>\n<\/div>\n<\/div>\n<\/div>\n<div class=\"col medium-6 small-12 large-6\"><img decoding=\"async\" src=\"https:\/\/eurosun.com.vn\/wp-content\/uploads\/2023\/03\/z4291404767223_c58cf770e3f3092d1e9f5d801a31922a-scaled.jpg\" alt=\"may-rua-bat-eurorsun-sms78EU12EB-chieu-cao\" \/><\/div>\n<\/div>\n<div class=\"row row_location\">\n<div class=\"col medium-6 small-12 large-6\">\n<div class=\"box_content\">\n<div class=\"title\">\n<h2 class=\"title__Tt\">C\u00c1C T\u00cdNH N\u0102NG N\u1ed4I B\u1eacT<\/h2>\n<\/div>\n<div id=\"xem_2\" class=\"des rt_text_rg rt_text_rg_2\">\n<p><strong>SMS18EU79PRO<\/strong>\u00a0ho\u1ea1t \u0111\u1ed9ng m\u1ea1nh m\u1ebd h\u01a1n, ti\u1ebft ki\u1ec7m \u0111\u1ebfn g\u1ea7n 50% n\u0103ng l\u01b0\u1ee3ng v\u00e0 th\u1eddi gian, ngo\u00e0i ra c\u00f2n gi\u00fap m\u00e1y ch\u1ed1ng rung ho\u1ea1t \u0111\u1ed9ng y\u00ean t\u0129nh v\u1edbi \u0111\u1ed9 \u1ed3n th\u1ea5p nh\u1ea5t.<\/p>\n<p>M\u1ed9t trong nh\u1eefng t\u00ednh n\u0103ng \u0111\u01b0\u1ee3c y\u00eau th\u00edch c\u1ee7a m\u00e1y r\u1eeda b\u00e1t\u00a0<strong>SMS18EU79PRO<\/strong>\u00a0l\u00e0 ch\u1ee9c n\u0103ng\u00a0<strong>t\u1ef1 \u0111\u1ed9ng l\u01b0u c\u00e1c ch\u01b0\u01a1ng tr\u00ecnh r\u1eeda<\/strong><\/p>\n<p><strong>Saved wash programs<\/strong>, v\u1edbi t\u00ednh n\u0103ng n\u00e0y khi g\u1eb7p s\u1ef1 c\u1ed1 m\u1ea5t \u0111i\u1ec7n m\u00e1y s\u1ebd kh\u00f4ng ph\u1ea3i r\u1eeda l\u1ea1i t\u1eeb \u0111\u1ea7u.<\/p>\n<\/div>\n<\/div>\n<\/div>\n<\/div>\n<div class=\"row row_location\">\n<div class=\"col medium-6 small-12 large-6\">\n<div class=\"box_content\">\n<div class=\"title\">\n<h2 class=\"title__Tt\">CH\u1ee8C N\u0102NG T\u0102NG C\u01af\u1edcNG<\/h2>\n<\/div>\n<div id=\"xem_3\" class=\"des rt_text_rg rt_text_rg_3\">\n<p>Ch\u1ee9c n\u0103ng\u00a0<strong>Fresh&amp;Dry<\/strong>\u00a0l\u00e0 ch\u1ee9c n\u0103ng s\u1ea5y t\u01b0\u01a1i b\u1eb1ng kh\u00ed n\u00f3ng, sau quy tr\u00ecnh r\u1eeda ch\u1ee9c n\u0103ng n\u00e0y s\u1ebd \u0111\u01b0\u1ee3c kh\u1edfi \u0111\u1ed9ng v\u00e0 th\u1ed5i lu\u1ed3ng kh\u00ed t\u01b0\u01a1i n\u00f3ng gi\u00fap cho c\u00e1c v\u1eadt d\u1ee5ng trong m\u00e1y r\u1eeda b\u00e1t \u0111\u01b0\u1ee3c kh\u00f4 r\u00e1o v\u00e0 \u0111\u01b0\u1ee3c di\u1ec7t khu\u1ea9n, n\u1ea5m m\u1ed1c \u0111\u1ebfn 99.99% trong 72 gi\u1edd v\u1edbi m\u1ed9t l\u01b0\u1ee3ng \u0111i\u1ec7n nh\u1ecf cho c\u1ea3 quy tr\u00ecnh. N\u00f3 \u0111\u1ea3m b\u1ea3o cho b\u00e1t \u0111\u0129a lu\u00f4n \u0111\u01b0\u1ee3c n\u00f3ng \u1ea5m v\u00e0 v\u00f4 tr\u00f9ng tr\u00e1nh n\u1ea5m m\u1ed1c nh\u01b0 m\u1edbi r\u1eeda xong.<\/p>\n<p><strong>Dualzone wash<\/strong>\u00a0l\u00e0 t\u00ednh n\u0103ng r\u1eeda k\u00e9p v\u1edbi d\u00e0n phun tr\u00ean v\u00e0 d\u01b0\u1edbi<\/p>\n<p><strong>Extra Drying<\/strong>\u00a0l\u00e0 s\u1ea5y t\u0103ng c\u01b0\u1eddng \u1edf nhi\u1ec7t \u0111\u1ed9 cao, di\u1ec7t vi khu\u1ea9n v\u00e0 n\u1ea5m m\u1ed1c tri\u1ec7t \u0111\u1ec3 l\u00ean \u0111\u1ebfn 99.99%<\/p>\n<p>C\u00f4ng ngh\u1ec7 s\u1ea5y gia t\u1ed1c nhi\u1ec7t\u00a0<strong>Drying Turbo Speed<\/strong>\u00a0s\u1ea5y kh\u00f4 hi\u1ec7u qu\u1ea3<\/p>\n<p><strong>Display timer\u00a0<\/strong>\u2013 H\u1eb9n gi\u1edd 1-24 gi\u1edd<\/p>\n<\/div>\n<\/div>\n<\/div>\n<\/div>\n<div class=\"row row_location\">\n<div class=\"col medium-6 small-12 large-6\">\n<div class=\"box_content\">\n<div class=\"title\">\n<h2 class=\"title__Tt\">CH\u1ee8C N\u0102NG AN TO\u00c0N<\/h2>\n<\/div>\n<div id=\"xem_4\" class=\"des rt_text_rg rt_text_rg_4\">\n<p class=\"DoanVB\"><strong>\u2666<\/strong>Kh\u00f3a tr\u1ebb em Child Lock<\/p>\n<p class=\"DoanVB\"><strong>\u2666\u00a0<\/strong>Ch\u1ee9c n\u0103ng b\u1ea3o v\u1ec7 ch\u1ed1ng tr\u00e0n, r\u00f2 r\u1ec9 overflow and leakage protection<\/p>\n<\/div>\n<\/div>\n<\/div>\n<\/div>\n<div class=\"row row_location\">\n<div class=\"col medium-6 small-12 large-6\">\n<div class=\"box_content\">\n<div class=\"title\">\n<h2 class=\"title__Tt\">9 CH\u01af\u01a0NG TR\u00ccNH R\u1eecA LINH HO\u1ea0T CHO M\u1eccI LO\u1ea0I B\u00c1T \u0110\u0128A<\/h2>\n<\/div>\n<div id=\"xem_5\" class=\"des rt_text_rg rt_text_rg_5\">\n<p>R\u1eeda ti\u1ebft ki\u1ec7m\u00a0<strong>ECO<\/strong>\u00a047-65<sup>\u00a0o<\/sup>C, k\u00e9o d\u00e0i th\u1eddi gian r\u1eeda b\u1eb1ng c\u00e1ch gi\u1ea3m \u00e1p l\u1ef1c phun n\u01b0\u1edbc c\u0169ng nh\u01b0 nhi\u1ec7t \u0111\u1ed9 trong chu tr\u00ecnh x\u1ea3 gi\u00fap \u0111\u1ea1t hi\u1ec3u qu\u1ea3 r\u1eeda t\u1ed1t nh\u1ea5t v\u00e0 l\u01b0\u1ee3ng ti\u00eau th\u1ee5 \u0111i\u1ec7n, n\u01b0\u1edbc th\u1ea5p nh\u1ea5t.<\/p>\n<p>R\u1eeda y\u00ean t\u0129nh\u00a0<strong>Silence<\/strong>\u00a060-70<sup>o<\/sup>C, l\u00e0 ch\u01b0\u01a1ng tr\u00ecnh r\u1eeda ban \u0111\u00eam gi\u00fap m\u00e1y r\u1eeda b\u00e1t\u00a0<strong>SMS78EU12EB<\/strong>\u00a0gi\u1ea3m \u0111\u1ed9 \u1ed3n xu\u1ed1ng th\u1ea5p nh\u1ea5t ch\u1ec9 c\u00f2n 38dB b\u1eb1ng c\u00e1ch gi\u1ea3m \u00e1p l\u1ef1c tia n\u01b0\u1edbc \u0111\u1ed3ng th\u1eddi t\u0103ng th\u1eddi gian r\u1eeda nh\u01b0ng kh\u00f4ng l\u00e0m thay \u0111\u1ed5i hi\u1ec7u qu\u1ea3 r\u1eeda.<\/p>\n<p>T\u00ednh n\u0103ng t\u1ef1 l\u00e0m s\u1ea1ch m\u00e1y\u00a0<strong>Self-cleaning<\/strong>\u00a070\u00b0C,\u00a0 sau m\u1ed9t th\u1eddi gian s\u1eed d\u1ee5ng m\u00e1y c\u00f3 th\u1ec3 m\u00e1y b\u1ecb d\u01a1 b\u1ea9n, kh\u1edfi \u0111\u1ed9ng ch\u01b0\u01a1ng tr\u00ecnh s\u1ebd t\u1ef1 l\u00e0m s\u1ea1ch v\u1edbi khoang m\u00e1y \u1edf nhi\u1ec7t \u0111\u1ed9 cao\u00a0 v\u1edbi tia n\u01b0\u1edbc \u00e1p l\u1ef1c phun c\u1ef1c m\u1ea1nh l\u00e0m tr\u00f4i h\u1ebft nh\u1eefng v\u1ebft b\u1ea9n c\u00f2n b\u00e1m l\u1ea1i trong khoang m\u00e1y.<\/p>\n<p>R\u1eeda chuy\u00ean s\u00e2u\u00a0<strong>Intensive<\/strong>\u00a050-70\u00b0C, ch\u1ee9c n\u0103ng n\u00e0y ph\u00f9 h\u1ee3p v\u1edbi c\u00e1c v\u1eadt d\u1ee5ng d\u00ednh b\u1ea9n nhi\u1ec1u bao g\u1ed3m c\u1ea3 n\u1ed3i v\u00e0 ch\u1ea3o. V\u1edbi nhi\u1ec7t \u0111\u1ed9 cao v\u00e0 \u00e1p l\u1ef1c m\u1ea1nh c\u1ee7a n\u01b0\u1edbc s\u1ebd \u0111\u00e1nh tan c\u00e1c m\u1ea3ng b\u00e1m c\u1ee9ng \u0111\u1ea7u nh\u1ea5t.<\/p>\n<p>R\u1eeda th\u00f4ng th\u01b0\u1eddng\u00a0<strong>Normal<\/strong>\u00a050-70\u00b0C, d\u00e0nh cho c\u00e1c v\u1eadt d\u1ee5ng nh\u01b0 b\u00e1t d\u0129a, ly c\u1ed1c, n\u1ed3i ch\u1ea3o\u2026d\u00ednh b\u1ea9n \u1edf m\u1ee9c \u0111\u1ed9 trung b\u00ecnh \u00edt d\u1ea7u m\u1ee1.<\/p>\n<p>R\u1eeda th\u1ee7y tinh\u00a0<strong>Glass\u00a0<\/strong>55-65\u00b0C d\u00e0nh \u0111\u1ec3 r\u1eeda cho \u0111\u1ed3 s\u00e0nh s\u1ee9, th\u1ee7y tinh \u00edt b\u1ecb b\u1ea9n v\u1edbi th\u1eddi gian ng\u1eafn.<\/p>\n<p>R\u1eeda nhanh\u00a0<strong>Rapit<\/strong>\u00a045\u00b0C, d\u00e0nh \u0111\u1ec3 r\u1eeda cho c\u00e1c v\u1eadt d\u1ee5ng \u00edt r\u1eeda v\u00e0 kh\u00f4ng c\u1ea7n s\u1ea5y kh\u00f4.<\/p>\n<p>Ng\u00e2m tr\u01b0\u1edbc khi r\u1eeda\u00a0<strong>Soak<\/strong>\u00a0gi\u00fap ng\u00e2m b\u00e1t d\u0129a, v\u1eadt d\u1ee5ng tr\u01b0\u1edbc kh\u00ed r\u1eeda v\u1edbi m\u1ee5c \u0111\u00edch \u0111\u1ee7 th\u1eddi gian \u0111\u1ec3 c\u00e1c m\u1ea3ng b\u00e1m kh\u00f4 b\u1ecb tan r\u1eeda ra v\u00e0 kh\u00f4ng \u0111\u1ec3 b\u00e1t d\u0129a x\u1ebfp v\u00e0o b\u1ecb kh\u00f4 \u0111i.<\/p>\n<p>M\u00e1y r\u1eeda b\u00e1t\u00a0<strong>EUROSUN SMS18EU79PRO<\/strong>\u00a0\u0111\u01b0\u1ee3c t\u00edch h\u1ee3p ch\u01b0\u01a1ng tr\u00ecnh r\u1eeda\u00a0<b>n\u1ed3i chuy\u00ean s\u00e2u Hot Pot\u00a0<\/b>\u1edf nhi\u1ec7t \u0111\u1ed9 55-70\u00b0C. V\u1edbi t\u00f9y ch\u01b0\u01a1ng tr\u00ecnh n\u00e0y m\u00e1y ho\u1ea1t \u0111\u1ed9ng \u1edf\u00a0 nhi\u1ec7t \u0111\u1ed9 n\u01b0\u1edbc cao l\u00ean t\u1edbi m\u1ee9c\u00a0 70\u00b0C v\u00e0 v\u1edbi \u00e1p l\u1ef1c tia n\u01b0\u1edbc c\u1ef1c \u0111\u1ea1i s\u1ebd l\u00e0m tan bi\u1ebfn h\u1ebft c\u00e1c m\u1ea3ng b\u00e1m d\u1ea7u m\u1ee1 v\u00e0 ti\u00eau di\u1ec7t 100% vi khu\u1ea9n c\u00f2n s\u00f3t l\u1ea1i trong khoang m\u00e1y.<\/p>\n<\/div>\n<div class=\"xem_tc_hd xem_tc_hd_5\"><\/div>\n<\/div>\n<\/div>\n<div class=\"col medium-6 small-12 large-6\"><img decoding=\"async\" src=\"https:\/\/eurosun.com.vn\/wp-content\/uploads\/2023\/03\/5-3.jpg\" alt=\"12eb-3\" \/><\/div>\n<\/div>\n<div id=\"tab-thong-so-ky-thuat\" class=\"row tab_thong_so\">\n<div class=\"col medium-12 small-12 large-12\">\n<div class=\"title\">\n<h2 class=\"title__Tt\">TH\u00d4NG S\u1ed0 S\u1ea2N PH\u1ea8M<\/h2>\n<\/div>\n<\/div>\n<div class=\"col medium-6 small-12 large-8 table-sp\">\n<div class=\"table_center\">\n<table class=\"xem_table\" border=\"1\" cellspacing=\"0\" cellpadding=\"0\">\n<tbody>\n<tr>\n<td>T\u00ean s\u1ea3n ph\u1ea9m<\/td>\n<td><strong>M\u00e1y r\u1eeda b\u00e1t SMS18EU79PRO<\/strong><\/td>\n<\/tr>\n<tr>\n<td>Th\u01b0\u01a1ng hi\u1ec7u<\/td>\n<td><strong>EUROSUN<\/strong><\/td>\n<\/tr>\n<tr>\n<td>Xu\u1ea5t x\u1ee9<\/td>\n<td><strong>Thailand<\/strong><\/td>\n<\/tr>\n<tr>\n<td>Nh\u00e0 s\u1ea3n xu\u1ea5t<\/td>\n<td><strong>KWUNG VEE CO.,LTD<\/strong><\/td>\n<\/tr>\n<tr>\n<td>Ti\u00eau chu\u1ea9n ch\u1ea5t l\u01b0\u1ee3ng<\/td>\n<td><strong>CE<\/strong><\/td>\n<\/tr>\n<tr>\n<td>C\u00f4ng ngh\u1ec7 s\u1ea5y kh\u00ed t\u01b0\u01a1i<\/td>\n<td><strong>C\u00f3 \u201cTurbo drying\u201d gi\u1eef kh\u00f4 v\u00e0 n\u00f3ng trong 72 gi\u1edd<\/strong><\/td>\n<\/tr>\n<tr>\n<td>Ch\u1ee9c n\u0103ng r\u00fat ng\u1eafn th\u1eddi gian r\u1eeda<\/td>\n<td><strong>C\u00f3 \u201cTurbo Speed+\u201d r\u00fat ng\u1eafn 50% th\u1eddi gian r\u1eeda<\/strong><\/td>\n<\/tr>\n<tr>\n<td>\u0110\u1ed9ng c\u01a1 b\u01a1m t\u0103ng \u00e1p<\/td>\n<td><strong>Smart BLDC motor ti\u1ebft ki\u1ec7m \u0111\u1ec1n 50% \u0111i\u1ec7n n\u0103ng ti\u00eau th\u1ee5<\/strong><\/td>\n<\/tr>\n<tr>\n<td>Ch\u1ee9c n\u0103ng r\u1eeda y\u00ean t\u0129nh<\/td>\n<td><strong>C\u00f3 \u201cEco Silence\u201d<\/strong><\/td>\n<\/tr>\n<tr>\n<td>Ch\u1ee9c n\u0103ng ph\u00e1t hi\u1ec7n \u0111\u1ed9 \u0111\u1ee5c n\u01b0\u1edbc<\/td>\n<td><strong>C\u00f3 \u201c Turbidity Sensor Smart Wash\u201d<\/strong><\/td>\n<\/tr>\n<tr>\n<td>9 Ch\u01b0\u01a1ng tr\u00ecnh r\u1eeda<\/td>\n<td>&#8211; R\u1eeda ti\u1ebft ki\u1ec7m ECO 47-65 oC<\/p>\n<p>&#8211; R\u1eeda y\u00ean t\u0129nh Silence 60-70oC<\/p>\n<p>&#8211; T\u1ef1 \u0111\u1ed9ng l\u00e0m s\u1ea1ch m\u00e1y Self-cleaning 70\u00b0C<\/p>\n<p>&#8211; R\u1eeda chuy\u00ean s\u00e2u Intensive 50-70\u00b0C<\/p>\n<p>&#8211; R\u1eeda th\u00f4ng th\u01b0\u1eddng Normal 50-70\u00b0C<\/p>\n<p>-R\u1eeda th\u1ee7y tinh Glass 55-65\u00b0C<\/p>\n<p>&#8211; R\u1eeda nhanh Rapit 45\u00b0C<\/p>\n<p>&#8211; Ng\u00e2m tr\u01b0\u1edbc khi r\u1eeda Soak<\/p>\n<p>&#8211; R\u1eeda Hot Pot \u1edf nhi\u1ec7t \u0111\u1ed9 55-70\u00b0C<\/td>\n<\/tr>\n<tr>\n<td>Ch\u1ee9c n\u0103ng t\u0103ng c\u01b0\u1eddng<\/td>\n<td>&#8211; V\u1ec7 sinh t\u0103ng c\u01b0\u1eddng &#8211; Extra Hygiene<\/p>\n<p>&#8211; R\u1eeda nhanh- Extra fast<\/p>\n<p><strong>&#8211; Ti\u00eat ki\u1ec7m \u0111i\u1ec7n- Energy save<\/strong><\/td>\n<\/tr>\n<tr>\n<td>H\u1eb9n gi\u1edd r\u1eeda<\/td>\n<td><strong>C\u00f3 \u201cDisplay timer\u201d 1-24 gi\u1edd<\/strong><\/td>\n<\/tr>\n<tr>\n<td>Kh\u00f3a tr\u1ebb em<\/td>\n<td><strong>C\u00f3 Child lock<\/strong><\/td>\n<\/tr>\n<tr>\n<td>B\u1ea3o v\u1ec7 ch\u1ed1ng r\u00f2 r\u1ec9 n\u01b0\u1edbc trong m\u00e1y<\/td>\n<td><strong>C\u00f3 \u201cOverflow and leakage protection\u201d<\/strong><\/td>\n<\/tr>\n<tr>\n<td>Dung t\u00edch<\/td>\n<td><strong>14 B\u1ed9<\/strong><\/td>\n<\/tr>\n<tr>\n<td>M\u1ee9c \u0111\u1ed9 ti\u1ebfng \u1ed3n<\/td>\n<td><strong>\u226445db<\/strong><\/td>\n<\/tr>\n<tr>\n<td>Ti\u00eau chu\u1ea9n n\u0103ng l\u01b0\u1ee3ng<\/td>\n<td><strong>A+++<\/strong><\/td>\n<\/tr>\n<tr>\n<td>Ti\u00eau chu\u1ea9n m\u1ee9c \u0111\u1ed9 s\u1ea1ch<\/td>\n<td><strong>Acleaning efficiency class A+<\/strong><\/td>\n<\/tr>\n<tr>\n<td>Ti\u00eau chu\u1ea9n ch\u1ec9 s\u1ed1 hi\u1ec7u qu\u1ea3 s\u1ea5y Kh\u00f4<\/td>\n<td><strong>Drying efficiency class A+<\/strong><\/td>\n<\/tr>\n<tr>\n<td>\u0110i\u1ec7n \u00e1p<\/td>\n<td><strong>220-230V \/~ 50Hz<\/strong><\/td>\n<\/tr>\n<tr>\n<td>K\u00edch th\u01b0\u1edbc s\u1ea3n ph\u1ea9m<\/td>\n<td><strong>598R x 598S x 775-805C (mm)<\/strong><\/td>\n<\/tr>\n<tr>\n<td>K\u00edch th\u01b0\u1edbc kho\u00e9t \u00e2m t\u1ee7<\/td>\n<td><strong>605R x 605S x 780-810C (mm)<\/strong><\/td>\n<\/tr>\n<\/tbody>\n<\/table>\n<p>Ch\u1ee9ng nh\u1eadn COCQ<img decoding=\"async\" src=\"https:\/\/eurosun.com.vn\/wp-content\/uploads\/2023\/08\/CO-MRB-12EB12ES_TL.jpg\" alt=\"\u1ea2nh ch\u1ee9ng nh\u1eadn CO-MRB-12EB+12ES_TL\" \/><\/p>\n<\/div>\n<\/div>\n<div class=\"xem_tc_hd xem_tc mo_rong\"><\/div>\n<\/div>\n<div id=\"huong-dan-su-dung\" class=\"row huong_dan\">\n<div class=\"col medium-12 small-12 large-12\">\n<div class=\"title\">\n<h2 class=\"title__Tt\">H\u01af\u1edaNG D\u1eaaN S\u1eec D\u1ee4NG<\/h2>\n<p>&nbsp;<\/p>\n<\/div>\n<div class=\"description\">\n<p><strong>1. N\u00fat ngu\u1ed3n<\/strong><\/p>\n<p>Nh\u1ea5n n\u00fat \u0111\u1ec3 b\u1eadt m\u00e1y r\u1eeda b\u00e1t<\/p>\n<p><strong>2. Ch\u01b0\u01a1ng tr\u00ecnh r\u1eeda Eco<\/strong><\/p>\n<p>Ch\u01b0\u01a1ng tr\u00ecnh r\u1eeda chu\u1ea9n ph\u00f9 h\u1ee3p cho c\u00e1c v\u1eadt d\u1ee5ng d\u00ednh b\u1ea9n th\u00f4ng th\u01b0\u1eddng nh\u01b0 n\u1ed3i, \u0111\u0129a, ly, v\u00e0 ch\u1ea3o d\u00ednh \u00edt b\u1ea9n<\/p>\n<p><strong>3. Ch\u1ebf \u0111\u1ed9 silence<\/strong><\/p>\n<p>Ch\u1ebf \u0111\u1ed9 gi\u1ea3m ti\u1ebfng \u1ed3n<\/p>\n<p><strong>4. Ch\u1ee9c n\u0103ng t\u1ef1 l\u00e0m s\u1ea1ch m\u00e1y Self \u2013 Cleaning<\/strong><\/p>\n<p>Ch\u01b0\u01a1ng tr\u00ecnh t\u1ef1 v\u1ec7 sinh m\u00e1y r\u1eeda b\u00e1t<\/p>\n<p><strong>5. N\u00fat Program<\/strong><\/p>\n<p>Ch\u1ecdn ch\u01b0\u01a1ng tr\u00ecnh r\u1eeda ph\u00f9 h\u1ee3p, \u0111\u00e8n hi\u1ec3n th\u1ecb ch\u01b0\u01a1ng tr\u00ecnh \u0111\u01b0\u1ee3c ch\u1ecdn s\u1ebd s\u00e1ng<\/p>\n<p><strong>6. Delay<\/strong><\/p>\n<p>Ch\u1ee9c n\u0103ng h\u1eb9n gi\u1edd, c\u00f3 th\u1ec3 \u0111\u1eb7t tr\u01b0\u1edbc t\u1edbi 24h<\/p>\n<p><strong>7. Ch\u1ee9c n\u0103ng Fresh&amp;Drying<\/strong><\/p>\n<p>Ch\u1ee9c n\u0103ng s\u1ea5y t\u01b0\u01a1i b\u1eb1ng kh\u00ed n\u00f3ng<\/p>\n<p><strong>8. Extra Drying<\/strong><\/p>\n<p>Ch\u1ee9c n\u0103ng s\u1ea5y t\u0103ng c\u01b0\u1eddng \u1edf nhi\u1ec7t \u0111\u1ed9 cao<\/p>\n<p><strong>9. Turbo Speed<\/strong><\/p>\n<p>T\u00ednh n\u0103ng r\u00fat ng\u1eafn th\u1eddi gian r\u1eeda, d\u00e0nh cho c\u00e1c v\u1eadt d\u1ee5ng d\u00ednh b\u1ea9n th\u00f4ng th\u01b0\u1eddng c\u1ea7n r\u1eeda nhanh<\/p>\n<p><strong>10. Kh\u00f3a tr\u1ebb em Child Lock<\/strong><\/p>\n<p>Khi nh\u1ea5n n\u00fat n\u00e0y, c\u00e1c ch\u1ee9c n\u0103ng v\u00e0 t\u00ednh n\u0103ng kh\u00e1c s\u1ebd kh\u00f4ng k\u00edch ho\u1ea1t \u0111\u01b0\u1ee3c, tr\u1eeb n\u00fat ngu\u1ed3n<\/p>\n<p><strong>11. Kh\u1eddi \u0111\u00f4ng, t\u1ea1m d\u1eebng<\/strong><\/p>\n<p><strong>12. M\u00e0n h\u00ecnh hi\u1ec3n th\u1ecb<\/strong><\/p>\n<\/div>\n<\/div>\n<\/div>\n<p><!--more--><\/p>\n","protected":false},"excerpt":{"rendered":"<ul class=\"info-pro\">\n<li>Dung t\u00edch ch\u1ee9a: 14\u00a0b\u1ed9 b\u00e1t \u0111\u0129a<\/li>\n<li>M\u1ee9c ti\u00eau th\u1ee5 n\u01b0\u1edbc t\u1ed1i \u0111a: Kho\u1ea3ng 9 l\u00edt\/ l\u1ea7n r\u1eeda<\/li>\n<li>K\u00edch th\u01b0\u1edbc s\u1ea3n ph\u1ea9m: 598R x 598S x 775-805C mm<\/li>\n<li>K\u00edch th\u01b0\u1edbc kho\u00e9t \u00e2m t\u1ee7: 610R x 610S x 780-810C mm<\/li>\n<li>Xu\u1ea5t x\u1ee9: Th\u00e1i Lan<\/li>\n<li>B\u1ea3o h\u00e0nh: 36 th\u00e1ng<\/li>\n<\/ul>\n","protected":false},"featured_media":4751,"comment_status":"open","ping_status":"closed","template":"","meta":[],"product_brand":[],"product_cat":[47,48],"product_tag":[],"class_list":{"0":"post-1341","1":"product","2":"type-product","3":"status-publish","4":"has-post-thumbnail","6":"product_cat-may-rua-bat","7":"product_cat-eurosun-may-rua-bat","9":"first","10":"instock","11":"shipping-taxable","12":"product-type-simple"},"_links":{"self":[{"href":"https:\/\/nhadepbepxinh.com.vn\/index.php?rest_route=\/wp\/v2\/product\/1341","targetHints":{"allow":["GET"]}}],"collection":[{"href":"https:\/\/nhadepbepxinh.com.vn\/index.php?rest_route=\/wp\/v2\/product"}],"about":[{"href":"https:\/\/nhadepbepxinh.com.vn\/index.php?rest_route=\/wp\/v2\/types\/product"}],"replies":[{"embeddable":true,"href":"https:\/\/nhadepbepxinh.com.vn\/index.php?rest_route=%2Fwp%2Fv2%2Fcomments&post=1341"}],"wp:featuredmedia":[{"embeddable":true,"href":"https:\/\/nhadepbepxinh.com.vn\/index.php?rest_route=\/wp\/v2\/media\/4751"}],"wp:attachment":[{"href":"https:\/\/nhadepbepxinh.com.vn\/index.php?rest_route=%2Fwp%2Fv2%2Fmedia&parent=1341"}],"wp:term":[{"taxonomy":"product_brand","embeddable":true,"href":"https:\/\/nhadepbepxinh.com.vn\/index.php?rest_route=%2Fwp%2Fv2%2Fproduct_brand&post=1341"},{"taxonomy":"product_cat","embeddable":true,"href":"https:\/\/nhadepbepxinh.com.vn\/index.php?rest_route=%2Fwp%2Fv2%2Fproduct_cat&post=1341"},{"taxonomy":"product_tag","embeddable":true,"href":"https:\/\/nhadepbepxinh.com.vn\/index.php?rest_route=%2Fwp%2Fv2%2Fproduct_tag&post=1341"}],"curies":[{"name":"wp","href":"https:\/\/api.w.org\/{rel}","templated":true}]}}