{"id":1317,"date":"2025-03-24T10:37:19","date_gmt":"2025-03-24T03:37:19","guid":{"rendered":"https:\/\/nhadepbepxinh.com.vn\/?post_type=product&#038;p=1317"},"modified":"2025-03-24T10:37:20","modified_gmt":"2025-03-24T03:37:20","slug":"may-rua-chen-kaff-kf-bhmi815y","status":"publish","type":"product","link":"https:\/\/nhadepbepxinh.com.vn\/?product=may-rua-chen-kaff-kf-bhmi815y","title":{"rendered":"M\u00c1Y R\u1eecA CH\u00c9N KAFF KF-BHMI815Y"},"content":{"rendered":"<p><strong>M\u00e3 s\u1ea3n ph\u1ea9m: KF-BHMI815Y:<\/p>\n<p><img decoding=\"async\" src=\"https:\/\/www.kaffvietnam.vn\/image\/catalog\/sanpham\/may-rua-chen\/BHMI185Y%201.png\" \/><br \/>\nTh\u00f4ng s\u00f4\u0301 ky\u0303 thu\u00e2\u0323t:<\/strong><\/p>\n<p>\u2022 M\u00e1y r\u1eeda ch\u00e9n \u0111\u1ed9c l\u1eadp<br \/>\n\u2022 Th\u00e2n inox m\u00e0u \u0111en cao c\u1ea5p<br \/>\n\u2022 3 d\u00e0n r\u1eeda ti\u1ec7n l\u1ee3i<br \/>\n\u2022 S\u1ee9c ch\u1ee9a 17 b\u1ed9 \u0111\u1ed3 \u0103n Ch\u00e2u \u00c2u<br \/>\n\u2022 8 Ch\u01b0\u01a1ng tr\u00ecnh r\u1eeda t\u00edch h\u1ee3p<br \/>\n\u2022 H\u1ec7 th\u1ed1ng PTC s\u1ea5y kh\u00f4 kh\u00ed n\u00f3ng<br \/>\n\u2022 Ch\u1ee9c n\u0103ng kh\u1eed khu\u1ea9n l\u00ean \u0111\u1ebfn 72 \u0111\u1ed9 gi\u00fap di\u1ec7t khu\u1ea9n l\u00ean \u0111\u1ebfn 99.99% (Sterilization)<br \/>\n\u2022 Ch\u1ee9c n\u0103ng s\u1ea5y kh\u00ed t\u01b0\u01a1i 72h<br \/>\nT\u0103ng c\u01b0\u1eddng v\u00f2i r\u1eeda k\u00e9p (Dual zone wash function)<br \/>\n\u2022 Ch\u1ee9c n\u0103ng r\u1eeda th\u00f4ng minh (Smart Washing Function Auto)<br \/>\n\u2022 Ch\u1ee9c n\u0103ng m\u1edf c\u1eeda t\u1ef1 \u0111\u1ed9ng (Auto open door)<br \/>\n\u2022 Ch\u1ee9c n\u0103ng kh\u1eed tr\u00f9ng b\u1eb1ng tia c\u1ef1c t\u00edm UV (internal UV light)<br \/>\n\u2022 S\u1ea5y t\u0103ng c\u01b0\u1eddng (Turbo Fan)<br \/>\n\u2022 Kh\u00f3a tr\u1ebb em (Child lock)<br \/>\n\u2022 Ch\u1ee9c n\u0103ng t\u1ea1o Ozon<\/p>\n<p><img loading=\"lazy\" decoding=\"async\" src=\"https:\/\/www.kaffvietnam.vn\/image\/catalog\/sanpham\/may-rua-chen\/BHMI815Y.png\" width=\"797\" height=\"549\" \/><br \/>\n\u2022 Ch\u1ee9c n\u0103ng c\u00e0i \u0111\u1eb7t l\u01b0\u1ee3ng mu\u1ed1i v\u00e0 d\u1ea7u b\u00f3ng (adjustment of Water Softener Setting)<br \/>\n\u2022 Ch\u1ee9c n\u0103ng n\u00e2ng h\u1ea1 khay r\u1eeda (Adjustable upper basket)<br \/>\n\u2022 Ch\u1ee9c n\u0103ng r\u1eeda n\u1eeda t\u1ea3i (Half load)<br \/>\n\u2022 \u0110i\u1ec1u khi\u1ec3n c\u1ea3m \u1ee9ng hi\u1ec7n \u0111\u1ea1i, m\u00e0n h\u00ecnh Led sang tr\u1ecdng<br \/>\n\u2022 Ch\u1ee9c n\u0103ng h\u1eb9n gi\u1edd (Delay time)<br \/>\n\u2022 \u0110\u1ed9 \u1ed3n c\u1ef1c th\u1ea5p maximum 48 dB<br \/>\n\u2022 B\u01a1m ch\u00ednh v\u00e0 b\u01a1m x\u1ea3 BLDC (Dual smart BLDC motor)<br \/>\n\u2022 Ti\u00eau chu\u1ea9n ti\u1ebft ki\u1ec7m n\u0103ng l\u01b0\u1ee3ng ch\u00e2u \u00c2u A+++(bi\u1ebfn t\u1ea7n t\u00edch h\u1ee3p)<br \/>\n\u2022 Ch\u1ee9c n\u0103ng kh\u00f3a m\u00e1y khi c\u00f3 s\u1ef1 c\u1ed1 t\u00e1c \u0111\u1ed9ng (ng\u1eadp n\u01b0\u1edbc, va \u0111\u1eadp, y\u1ebfu \u0111i\u1ec7n, thi\u1ebfu n\u01b0\u1edbc,&#8230;)<br \/>\n\u2022 Ch\u1ed1ng r\u00f2 n\u01b0\u1edbc t\u1eeb m\u00e1y<br \/>\n\u2022 \u0110i\u1ec1u khi\u1ec3n c\u1ea3m \u1ee9ng, m\u00e0n h\u00ecnh led sang tr\u1ecdng<br \/>\n\u2022 \u0110\u1ed9 \u1ed3n maximum 48dB<br \/>\n\u2022 Ti\u00eau chu\u1ea9n ti\u1ebft ki\u1ec7m n\u0103ng l\u01b0\u1ee3ng Ch\u00e2u \u00c2u A+++ (bi\u1ebfn t\u1ea7n t\u00edch h\u1ee3p)<br \/>\n\u2022 M\u1ee9c ti\u00eau th\u1ee5 \u0111i\u1ec7n n\u0103ng maximum 0.92 Kwh\/l\u1ea7n r\u1eeda<br \/>\n\u2022 Nhi\u1ec7t \u0111\u1ed9 n\u01b0\u1edbc n\u00f3ng l\u00ean \u0111\u1ebfn 72\u2070C<br \/>\n\u2022 M\u1ee9c ti\u00eau th\u1ee5 n\u01b0\u1edbc: 6 &#8211; 11.2 l\u00edt\/l\u1ea7n r\u1eeda<br \/>\n\u2022 \u00c1p su\u1ea5t n\u01b0\u1edbc: 0.4 \u0111\u1ebfn 10 Bar<br \/>\n\u2022 \u0110i\u1ec7n n\u0103ng \u0111\u1ea7u v\u00e0o: 220-240V \/ 50-60Hz<br \/>\n\u2022 Chi\u1ec1u d\u00e0i c\u00e1p \u0111i\u1ec7n: 1.5m<br \/>\n\u2022 K\u00edch th\u01b0\u1edbc: 598R x 600S x 815(Kh\u00f4ng c\u00f3 n\u1eafp)\/845(C\u00f3 n\u1eafp tr\u00ean)C mm<\/p>\n<p><img decoding=\"async\" src=\"https:\/\/www.kaffvietnam.vn\/image\/catalog\/sanpham\/may-rua-chen\/KF-BHMI815Y.png\" \/><\/p>\n","protected":false},"excerpt":{"rendered":"<h3 class=\"text-uppercase product-setting position-relative mt-sm-3\">M\u00f4 t\u1ea3 s\u1ea3n ph\u1ea9m<\/h3>\n<ul class=\"short_pro_desc\">\n<li>\u2022 M\u00e1y r\u1eeda ch\u00e9n \u0111\u1ed9c l\u1eadp<\/li>\n<li>\u2022 Th\u00e2n inox m\u00e0u \u0111en cao c\u1ea5p<\/li>\n<li>\u2022 3 d\u00e0n r\u1eeda ti\u1ec7n l\u1ee3i<\/li>\n<li>\u2022 S\u1ee9c ch\u1ee9a 17 b\u1ed9 \u0111\u1ed3 \u0103n Ch\u00e2u \u00c2u<\/li>\n<li>\u2022 8 Ch\u01b0\u01a1ng tr\u00ecnh r\u1eeda t\u00edch h\u1ee3p<\/li>\n<li>\u2022 H\u1ec7 th\u1ed1ng PTC s\u1ea5y kh\u00f4 kh\u00ed n\u00f3ng<\/li>\n<li>\u2022 Ch\u1ee9c n\u0103ng kh\u1eed khu\u1ea9n l\u00ean \u0111\u1ebfn 72 \u0111\u1ed9 gi\u00fap di\u1ec7t khu\u1ea9n l\u00ean \u0111\u1ebfn 99.99% (Sterilization)<\/li>\n<li>\u2022 Ch\u1ee9c n\u0103ng s\u1ea5y kh\u00ed t\u01b0\u01a1i 72h<\/li>\n<li>\u2022 Ch\u1ee9c n\u0103ng r\u1eeda th\u00f4ng minh (Smart Washing Function Auto)<\/li>\n<li>\u2022 Ch\u1ee9c n\u0103ng kh\u1eed tr\u00f9ng b\u1eb1ng tia c\u1ef1c t\u00edm UV (internal UV light)<\/li>\n<li>\u2022 S\u1ea5y t\u0103ng c\u01b0\u1eddng (Turbo Fan)<\/li>\n<li>\u2022 Kh\u00f3a tr\u1ebb em (Child lock)<\/li>\n<li>\u2022 Ch\u1ee9c n\u0103ng t\u1ea1o Ozon<\/li>\n<li>\u2022 Ch\u1ee9c n\u0103ng c\u00e0i \u0111\u1eb7t l\u01b0\u1ee3ng mu\u1ed1i v\u00e0 d\u1ea7u b\u00f3ng (adjustment of Water Softener Setting)<\/li>\n<li>\u2022 Ch\u1ee9c n\u0103ng n\u00e2ng h\u1ea1 khay r\u1eeda (Adjustable upper basket)<\/li>\n<li>\u2022 Ch\u1ee9c n\u0103ng r\u1eeda n\u1eeda t\u1ea3i (Half load)<\/li>\n<li>\u2022 \u0110i\u1ec1u khi\u1ec3n c\u1ea3m \u1ee9ng hi\u1ec7n \u0111\u1ea1i, m\u00e0n h\u00ecnh Led sang tr\u1ecdng<\/li>\n<li>\u2022 Ch\u1ee9c n\u0103ng h\u1eb9n gi\u1edd (Delay time)<\/li>\n<li>\u2022 \u0110\u1ed9 \u1ed3n c\u1ef1c th\u1ea5p maximum 48 dB<\/li>\n<li>\u2022 B\u01a1m ch\u00ednh v\u00e0 b\u01a1m x\u1ea3 BLDC (Dual smart BLDC motor)<\/li>\n<li>\u2022 Ti\u00eau chu\u1ea9n ti\u1ebft ki\u1ec7m n\u0103ng l\u01b0\u1ee3ng ch\u00e2u \u00c2u A+++(bi\u1ebfn t\u1ea7n t\u00edch h\u1ee3p)<\/li>\n<li>\u2022 Ch\u1ee9c n\u0103ng kh\u00f3a m\u00e1y khi c\u00f3 s\u1ef1 c\u1ed1 t\u00e1c \u0111\u1ed9ng (ng\u1eadp n\u01b0\u1edbc, va \u0111\u1eadp, y\u1ebfu \u0111i\u1ec7n, thi\u1ebfu n\u01b0\u1edbc,&#8230;)<\/li>\n<li>\u2022 Ch\u1ed1ng r\u00f2 n\u01b0\u1edbc t\u1eeb m\u00e1y<\/li>\n<li>\u2022 B\u1ea3o h\u00e0nh 05 n\u0103m<\/li>\n<\/ul>\n","protected":false},"featured_media":1318,"comment_status":"open","ping_status":"closed","template":"","meta":[],"product_brand":[],"product_cat":[47,49],"product_tag":[],"class_list":{"0":"post-1317","1":"product","2":"type-product","3":"status-publish","4":"has-post-thumbnail","6":"product_cat-may-rua-bat","7":"product_cat-kaff","9":"first","10":"instock","11":"shipping-taxable","12":"product-type-simple"},"_links":{"self":[{"href":"https:\/\/nhadepbepxinh.com.vn\/index.php?rest_route=\/wp\/v2\/product\/1317","targetHints":{"allow":["GET"]}}],"collection":[{"href":"https:\/\/nhadepbepxinh.com.vn\/index.php?rest_route=\/wp\/v2\/product"}],"about":[{"href":"https:\/\/nhadepbepxinh.com.vn\/index.php?rest_route=\/wp\/v2\/types\/product"}],"replies":[{"embeddable":true,"href":"https:\/\/nhadepbepxinh.com.vn\/index.php?rest_route=%2Fwp%2Fv2%2Fcomments&post=1317"}],"wp:featuredmedia":[{"embeddable":true,"href":"https:\/\/nhadepbepxinh.com.vn\/index.php?rest_route=\/wp\/v2\/media\/1318"}],"wp:attachment":[{"href":"https:\/\/nhadepbepxinh.com.vn\/index.php?rest_route=%2Fwp%2Fv2%2Fmedia&parent=1317"}],"wp:term":[{"taxonomy":"product_brand","embeddable":true,"href":"https:\/\/nhadepbepxinh.com.vn\/index.php?rest_route=%2Fwp%2Fv2%2Fproduct_brand&post=1317"},{"taxonomy":"product_cat","embeddable":true,"href":"https:\/\/nhadepbepxinh.com.vn\/index.php?rest_route=%2Fwp%2Fv2%2Fproduct_cat&post=1317"},{"taxonomy":"product_tag","embeddable":true,"href":"https:\/\/nhadepbepxinh.com.vn\/index.php?rest_route=%2Fwp%2Fv2%2Fproduct_tag&post=1317"}],"curies":[{"name":"wp","href":"https:\/\/api.w.org\/{rel}","templated":true}]}}