{"id":1299,"date":"2025-03-24T10:22:36","date_gmt":"2025-03-24T03:22:36","guid":{"rendered":"https:\/\/nhadepbepxinh.com.vn\/?post_type=product&#038;p=1299"},"modified":"2025-03-24T10:23:17","modified_gmt":"2025-03-24T03:23:17","slug":"may-hut-mui-ap-tuong-tru-tron-kf-wl2038b","status":"publish","type":"product","link":"https:\/\/nhadepbepxinh.com.vn\/?product=may-hut-mui-ap-tuong-tru-tron-kf-wl2038b","title":{"rendered":"M\u00c1Y H\u00daT M\u00d9I \u00c1P T\u01af\u1edcNG TR\u1ee4 TR\u00d2N   KF &#8211; WL2038B"},"content":{"rendered":"<div>\n<h2>M\u00c1Y H\u00daT M\u00d9I TRU\u0323 L\u1eaeP A\u0301P T\u01af\u01a0\u0300NG | KAFF KF-WL2038B | M\u00c0U \u0110EN | THI\u1ebeT K\u1ebe SANG TR\u1eccNG | H\u1ec6 \u0110I\u1ec0U KHI\u1ec2N PH\u00cdM B\u1ea4M \u0110I\u1ec6N T\u1eec | AN TO\u00c0N, B\u1ec0N B\u1ec8 V\u00c0 TI\u1ebeT KI\u1ec6M \u0110I\u1ec6N N\u0102NG<\/h2>\n<p><img decoding=\"async\" src=\"https:\/\/www.kaffvietnam.vn\/image\/catalog\/facebook_chat\/2038.png\" \/><br \/>\nB\u1ea1n \u0111ang x\u00e2y nh\u00e0 theo l\u1ed1i phong c\u00e1ch ph\u01b0\u01a1ng t\u00e2y hi\u1ec7n \u0111\u1ea1i, b\u1ea1n \u0111ang mu\u1ed1n t\u00ecm mua m\u1ed9t chi\u1ebfc\u00a0<strong><em>m\u00e1y h\u00fat m\u00f9i<\/em><\/strong>\u00a0sang tr\u1ecdng ph\u00f9 h\u1ee3p v\u1edbi phong c\u00e1ch gia \u0111\u00ecnh m\u00ecnh, th\u1ebf nh\u01b0ng tr\u00ean th\u1ecb tr\u01b0\u1eddng hi\u1ec7n nay c\u00f3 r\u1ea5t nhi\u1ec1u ki\u1ec3u d\u00e1ng c\u0169ng nh\u01b0 th\u01b0\u01a1ng hi\u1ec7u v\u1ec1 d\u00f2ng thi\u1ebft b\u1ecb n\u00e0y, khi\u1ebfn b\u1ea1n c\u1ea3m th\u1ea5y ph\u00e2n v\u00e2n kh\u00f4ng bi\u1ebft n\u00ean ch\u1ecdn d\u00f2ng s\u1ea3n ph\u1ea9m c\u1ee7a th\u01b0\u01a1ng hi\u1ec7u n\u00e0o cho ch\u1ea5t l\u01b0\u1ee3ng. Hi\u1ec3u \u0111\u01b0\u1ee3c \u0111i\u1ec1u \u0111\u00f3, b\u1eb1ng nhi\u1ec1u n\u0103m kinh nghi\u1ec7m kinh doanh tr\u00ean th\u1ecb tr\u01b0\u1eddng thi\u1ebft b\u1ecb \u0111i\u1ec7n gia d\u1ee5ng, h\u00f4m nay ch\u00fang t\u00f4i xin gi\u1edbi thi\u1ec7u \u0111\u1ebfn b\u1ea1n d\u00f2ng s\u1ea3n ph\u1ea9m \u0111\u1ebfn t\u1eeb th\u01b0\u01a1ng hi\u1ec7u n\u1ed5i ti\u1ebfng Kaff, \u0111\u00f3 l\u00e0\u00a0<em><strong>M\u00e1y h\u00fat m\u00f9i \u0111\u1ea3o Kaff KF-WL2038B<\/strong><\/em>\u00a0\u0111ang r\u1ea5t \u0111\u01b0\u1ee3c \u01b0a chu\u1ed9ng tr\u00ean th\u1ecb tr\u01b0\u1eddng hi\u1ec7n nay.<\/p>\n<\/div>\n<div>\n<p><img loading=\"lazy\" decoding=\"async\" class=\"lazyload\" src=\"https:\/\/kingshop.vn\/data\/images\/May-hut-mui-dao-Kaff-KF-WL2038B-2.jpg\" alt=\"\" width=\"902\" height=\"564\" \/><\/p>\n<\/div>\n<div>\n<p><strong><em>M\u00e1y h\u00fat m\u00f9i Kaff KF-WL2038B<\/em><\/strong>\u00a0\u0111\u01b0\u1ee3c thi\u1ebft k\u1ebf ki\u1ec3u d\u00e1ng tr\u1ee5 tr\u00f2n hi\u1ec7n \u0111\u1ea1i, sang tr\u1ecdng, \u0111\u1ed9c \u0111\u00e1o, s\u1edf h\u1eefu gam m\u00e0u \u0111en b\u1eaft m\u1eaft t\u1ea1o \u0111i\u1ec3m nh\u1ea5n cho kh\u00f4ng gian l\u1eafp \u0111\u1eb7t s\u1eed d\u1ee5ng, ph\u00f9 h\u1ee3p v\u1edbi h\u1ea7u h\u1ebft m\u1ecdi thi\u1ebft k\u1ebf n\u1ed9i th\u1ea5t b\u1ebfp hi\u1ec7n \u0111\u1ea1i, k\u00edch th\u01b0\u1edbc m\u00e1y g\u1ecdn, tr\u1ecdng l\u01b0\u1ee3ng nh\u1eb9, d\u00e2y \u0111i\u1ec7n d\u00e0i gi\u00fap b\u1ea1n d\u1ec5 d\u00e0ng l\u1eafp \u0111\u1eb7t \u00e1p t\u01b0\u1eddng s\u1eed d\u1ee5ng ti\u1ec7n d\u1ee5ng, kh\u00f4ng chi\u1ebfm nhi\u1ec1u di\u1ec7n t\u00edch l\u1eafp \u0111\u1eb7t c\u0169ng nh\u01b0 th\u1eddi gian v\u00e0 c\u00f4ng s\u1ee9c.\u00a0<strong><em>M\u00e1y h\u00fat m\u00f9i \u0111\u1ea3o\u00a0<\/em><\/strong>n\u00e0y \u0111\u01b0\u1ee3c c\u1ea5u t\u1ea1o t\u1eeb ch\u1ea5t li\u1ec7u cao c\u1ea5p v\u1edbi th\u00e2n m\u00e1y b\u1eb1ng inox s\u01a1n t\u0129nh \u0111i\u1ec7n\u00a0 m\u00e0u \u0111en cao c\u1ea5p, kh\u1ea3 n\u0103ng ch\u1ecbu l\u1ef1c v\u00e0 nhi\u1ec7t cao, b\u1ea3o v\u1ec7 t\u1ed1t h\u1ec7 th\u1ed1ng linh ki\u1ec7n b\u00ean trong m\u00e1y hi\u1ec7u qu\u1ea3, b\u00ean ngo\u00e0i s\u00e1ng b\u00f3ng, ch\u1ed1ng b\u00e1m b\u1ea9n, d\u1ec5 lau ch\u00f9i v\u1ec7 sinh t\u1ea1o \u0111\u1ed9 b\u1ec1n m\u1edbi cho m\u00e1y theo th\u1eddi gian s\u1eed d\u1ee5ng, l\u01b0\u1edbi l\u1ecdc b\u1eb1ng inox d\u1ec5 d\u00e0ng th\u00e1o l\u1eafp s\u1eed d\u1ee5ng v\u00e0 v\u1ec7 sinh, b\u00ean trong l\u00e0 than ho\u1ea1t t\u00ednh d\u1ec5 d\u00e0ng thay th\u1ebf khi h\u1ebft.<\/p>\n<\/div>\n<div>\n<p><img loading=\"lazy\" decoding=\"async\" class=\"lazyload\" src=\"https:\/\/kingshop.vn\/data\/images\/May-hut-mui-dao-Kaff-KF-WL2038B-3.jpg\" alt=\"\" width=\"869\" height=\"489\" \/><\/p>\n<\/div>\n<div>\n<p><strong><em>M\u00e1y h\u00fat m\u00f9i nh\u00e0 b\u1ebfp Kaff\u00a0<\/em>KF-WL2038B<\/strong>\u00a0\u0111\u01b0\u1ee3c thi\u1ebft k\u1ebf b\u1ea3ng \u0111i\u1ec1u khi\u1ec3n \u0111i\u1ec7n t\u1eed c\u1ea3m \u1ee9ng hi\u1ec7n \u0111\u1ea1i cho b\u1ea1n d\u1ec5 d\u00e0ng thao t\u00e1c \u0111i\u1ec1u ch\u1ec9nh s\u1eed d\u1ee5ng m\u00e1y, th\u00e2n thi\u1ec7n ng\u01b0\u1eddi d\u00f9ng, c\u00f3 ch\u1ee9c n\u0103ng c\u1ea3m \u1ee9ng kh\u00f3i, nhi\u1ec7t hi\u1ec7n \u0111\u1ea1i k\u1ebft h\u1ee3p c\u00f9ng c\u00f4ng su\u1ea5t ho\u1ea1t \u0111\u1ed9ng m\u1ea1nh m\u1ebd 100W cho c\u00f4ng su\u1ea5t h\u00fat t\u1ed1i \u0111a 1000m\u00b3\/h gi\u00fap h\u00fat s\u1ea1ch m\u00f9i kh\u00f3i d\u1ea7u m\u1ee1, tr\u1ea3 l\u1ea1i kh\u00f4ng gian s\u1ea1ch cho ph\u00f2ng b\u1ebfp m\u1ed9t c\u00e1ch nhanh ch\u00f3ng, ti\u1ebft ki\u1ec7m \u0111i\u1ec7n n\u0103ng hi\u1ec7u qu\u1ea3.<\/p>\n<\/div>\n<div>\n<p><img loading=\"lazy\" decoding=\"async\" class=\"lazyload\" src=\"https:\/\/kingshop.vn\/data\/images\/May-hut-mui-dao-Kaff-KF-WL2038B-4.jpg\" alt=\"\" width=\"868\" height=\"488\" \/><\/p>\n<\/div>\n<div>\n<p><strong><em>M\u00e1y h\u00fat m\u00f9i nh\u00e0 b\u1ebfp<\/em><\/strong>\u00a0n\u00e0y \u0111\u01b0\u1ee3c thi\u1ebft k\u1ebf \u0111\u00e8n LED chi\u1ebfu s\u00e1ng b\u00ean d\u01b0\u1edbi m\u00e1y h\u1ed7 tr\u1ee3 vi\u1ec7c chi\u1ebfu s\u00e1ng khu v\u1ef1c b\u1ebfp n\u1ea5u m\u1ed9t c\u00e1ch ti\u1ec7n d\u1ee5ng, kh\u00f4ng c\u1ea7n m\u1edf th\u00eam \u0111\u00e8n b\u1ebfp, c\u00f4ng su\u1ea5t b\u00f3ng \u0111\u00e8n 6.5W ti\u1ebft ki\u1ec7m \u0111i\u1ec7n n\u0103ng. M\u00e1y trang b\u1ecb \u0111\u1ed9ng c\u01a1 BLDC cho kh\u1ea3 n\u0103ng v\u1eadn h\u00e0nh \u00eam \u00e1i v\u00e0 \u1ed5n \u0111\u1ecbnh v\u1edbi \u0111\u1ed9 \u1ed3n ch\u1ec9 48dB kh\u00f4ng g\u00e2y ti\u1ebfng \u1ed3n l\u1edbn \u1ea3nh h\u01b0\u1edfng sinh ho\u1ea1t, ho\u1ea1t \u0111\u1ed9ng v\u1edbi hai ch\u1ebf \u0111\u1ed9 h\u00fat kh\u1eed m\u00f9i b\u1eb1ng than ho\u1ea1t t\u00ednh s\u1eb5n trong m\u00e1y ho\u1eb7c h\u00fat \u0111\u1ea9y tr\u1ef1c ti\u1ebfp qua \u0111\u01b0\u1eddng \u1ed1ng tho\u00e1t D15 ra ngo\u00e0i m\u00f4i tr\u01b0\u1eddng.<\/p>\n<\/div>\n<div>\n<p><img loading=\"lazy\" decoding=\"async\" class=\"lazyload\" src=\"https:\/\/kingshop.vn\/data\/images\/May-hut-mui-dao-Kaff-KF-WL2038B-5.jpg\" alt=\"\" width=\"882\" height=\"496\" \/><\/p>\n<p><strong>TH\u00d4NG TIN SA\u0309N PH\u00c2\u0309M:<\/strong><\/p>\n<p>\u2022 M\u00e1y h\u00fat m\u00f9i h\u00ecnh tr\u1ee5 tr\u00f2n \u00e1p t\u01b0\u1eddng<br \/>\n\u2022 Th\u00e2n m\u00e1y inox, s\u01a1n t\u0129nh \u0111i\u1ec7n m\u00e0u \u0111en<br \/>\n\u2022 \u0110i\u1ec1u khi\u1ec3n \u0111i\u1ec7n t\u1eed c\u1ea3m \u1ee9ng<br \/>\n\u2022 Ch\u1ee9c n\u0103ng c\u1ea3m \u1ee9ng kh\u00f3i, nhi\u1ec7t hi\u1ec7n \u0111\u1ea1i<br \/>\n\u2022 L\u01b0\u1edbi l\u1ecdc inox + 02 than ho\u1ea1t t\u00ednh<br \/>\n\u2022 \u0110\u00e8n led 1&#215;6,5W<br \/>\n\u2022 \u0110\u1ed9ng c\u01a1 BLDC 1x100W<br \/>\n\u2022 C\u00f4ng su\u1ea5t h\u00fat t\u1ed1i \u0111a 1000m\u00b3\/h<br \/>\n\u2022 \u0110\u1ed9 \u1ed3n maximum 48 dB<br \/>\n\u2022 \u1ed0ng tho\u00e1t D150 + 2m \u1ed1ng m\u1ec1m k\u00e8m theo<br \/>\n\u2022 \u1ed0p \u1ed1ng kh\u00f3i 380 mm<br \/>\n\u2022 K\u00edch th\u01b0\u1edbc: 930x430x380 mm<br \/>\n\u2022 Ngu\u1ed3n \u0111i\u1ec7n: 220V &#8211; 240V AC\/50 &#8211; 60Hz<\/p>\n<\/div>\n<h2>K\u00cdCH TH\u01af\u1edaC L\u1eaeP \u0110\u1eb6T S\u1ea2N PH\u1ea8M:<\/h2>\n<p><img decoding=\"async\" src=\"https:\/\/www.kaffvietnam.vn\/image\/catalog\/facebook_chat\/2038b.png\" \/><\/p>\n","protected":false},"excerpt":{"rendered":"<h3 class=\"text-uppercase product-setting position-relative mt-sm-3\">M\u00f4 t\u1ea3 s\u1ea3n ph\u1ea9m<\/h3>\n<ul class=\"short_pro_desc\">\n<li>\u2022 M\u00e1y h\u00fat m\u00f9i h\u00ecnh tr\u1ee5 tr\u00f2n \u00e1p t\u01b0\u1eddng<\/li>\n<li>\u2022 Th\u00e2n m\u00e1y inox, s\u01a1n t\u0129nh \u0111i\u1ec7n m\u00e0u \u0111en<\/li>\n<li>\u2022 \u0110i\u1ec1u khi\u1ec3n \u0111i\u1ec7n t\u1eed c\u1ea3m \u1ee9ng<\/li>\n<li>\u2022 Ch\u1ee9c n\u0103ng c\u1ea3m \u1ee9ng kh\u00f3i, nhi\u1ec7t hi\u1ec7n \u0111\u1ea1i<\/li>\n<li>\u2022 L\u01b0\u1edbi l\u1ecdc inox + 02 than ho\u1ea1t t\u00ednh<\/li>\n<li>\u2022 \u0110\u00e8n led 1&#215;6,5W<\/li>\n<li>\u2022 \u0110\u1ed9ng c\u01a1 BLDC 1x100W<\/li>\n<li>\u2022 C\u00f4ng su\u1ea5t h\u00fat t\u1ed1i \u0111a 1000m\u00b3\/h<\/li>\n<li>\u2022 \u0110\u1ed9 \u1ed3n maximum 48 dB<\/li>\n<li>\u2022 \u1ed0ng tho\u00e1t D150 + 2m \u1ed1ng m\u1ec1m k\u00e8m theo<\/li>\n<li>\u2022 \u1ed0p \u1ed1ng kh\u00f3i 380 mm<\/li>\n<li>\u2022 B\u1ea3o h\u00e0nh 3 n\u0103m<\/li>\n<\/ul>\n","protected":false},"featured_media":1300,"comment_status":"open","ping_status":"closed","template":"","meta":[],"product_brand":[],"product_cat":[16,40],"product_tag":[],"class_list":{"0":"post-1299","1":"product","2":"type-product","3":"status-publish","4":"has-post-thumbnail","6":"product_cat-may-hut-mui","7":"product_cat-kaff-may-hut-mui","9":"first","10":"instock","11":"shipping-taxable","12":"product-type-simple"},"_links":{"self":[{"href":"https:\/\/nhadepbepxinh.com.vn\/index.php?rest_route=\/wp\/v2\/product\/1299","targetHints":{"allow":["GET"]}}],"collection":[{"href":"https:\/\/nhadepbepxinh.com.vn\/index.php?rest_route=\/wp\/v2\/product"}],"about":[{"href":"https:\/\/nhadepbepxinh.com.vn\/index.php?rest_route=\/wp\/v2\/types\/product"}],"replies":[{"embeddable":true,"href":"https:\/\/nhadepbepxinh.com.vn\/index.php?rest_route=%2Fwp%2Fv2%2Fcomments&post=1299"}],"wp:featuredmedia":[{"embeddable":true,"href":"https:\/\/nhadepbepxinh.com.vn\/index.php?rest_route=\/wp\/v2\/media\/1300"}],"wp:attachment":[{"href":"https:\/\/nhadepbepxinh.com.vn\/index.php?rest_route=%2Fwp%2Fv2%2Fmedia&parent=1299"}],"wp:term":[{"taxonomy":"product_brand","embeddable":true,"href":"https:\/\/nhadepbepxinh.com.vn\/index.php?rest_route=%2Fwp%2Fv2%2Fproduct_brand&post=1299"},{"taxonomy":"product_cat","embeddable":true,"href":"https:\/\/nhadepbepxinh.com.vn\/index.php?rest_route=%2Fwp%2Fv2%2Fproduct_cat&post=1299"},{"taxonomy":"product_tag","embeddable":true,"href":"https:\/\/nhadepbepxinh.com.vn\/index.php?rest_route=%2Fwp%2Fv2%2Fproduct_tag&post=1299"}],"curies":[{"name":"wp","href":"https:\/\/api.w.org\/{rel}","templated":true}]}}