{"id":1292,"date":"2025-03-24T10:09:58","date_gmt":"2025-03-24T03:09:58","guid":{"rendered":"https:\/\/nhadepbepxinh.com.vn\/?post_type=product&#038;p=1292"},"modified":"2025-03-24T10:09:58","modified_gmt":"2025-03-24T03:09:58","slug":"may-hut-mui-kaff-kf-pyra750","status":"publish","type":"product","link":"https:\/\/nhadepbepxinh.com.vn\/?product=may-hut-mui-kaff-kf-pyra750","title":{"rendered":"M\u00c1Y H\u00daT M\u00d9I KAFF KF-PYRA750"},"content":{"rendered":"<div>\n<h2>M\u00c1Y H\u00daT M\u00d9I KAFF KF-PYRA750 | 75CM | THI\u1ebeT K\u1ebe SANG TR\u1eccNG | H\u1ec6 \u0110I\u1ec0U KHI\u1ec2N C\u1ea2M \u1ee8NG SI\u00caU NH\u1ea0Y | AN TO\u00c0N, B\u1ec0N B\u1ec8 V\u00c0 TI\u1ebeT KI\u1ec6M \u0110I\u1ec6N N\u0102NG<\/h2>\n<h3>Thi\u1ebft k\u1ebf sang tr\u1ecdng<\/h3>\n<p>Th\u00e2n m\u00e1y v\u1edbi ki\u1ec3u d\u00e1ng tum g\u1eafn t\u01b0\u1eddng \u0111\u1eb9p m\u1eaft v\u1edbi ch\u1ea5t li\u1ec7u Inox cao c\u1ea5p kh\u00f4ng g\u1ec9. Kh\u00e1ch h\u00e0ng c\u00f3 th\u1ec3 ho\u00e0n to\u00e0n y\u00ean t\u00e2m v\u1ec1 \u0111\u1ed9 an to\u00e0n c\u1ee7a m\u00e1y.\u00a0M\u00e1y c\u00f3 m\u00e0u b\u1ea1c nh\u00ecn r\u1ea5t s\u00e1ng v\u00e0 sang tr\u1ecdng, \u0111\u1eb9p m\u1eaft.<\/p>\n<p>V\u1edbi k\u00edch th\u01b0\u1edbc\u00a0<strong>75cm<\/strong>\u00a0m\u00e1y c\u00f3 th\u1ec3 k\u1ebft h\u1ee3p v\u1edbi r\u1ea5t nhi\u1ec1u ki\u1ec3u b\u1ebfp v\u00ec h\u1ea7u h\u1ebft c\u00e1c b\u1ebfp \u0111\u1ec1u c\u00f3 k\u00edch th\u01b0\u1edbc t\u01b0\u01a1ng x\u1ee9ng. M\u00e1y ph\u00f9 h\u1ee3p v\u1edbi nh\u1eefng kh\u00f4ng gian r\u1ed9ng r\u00e3i s\u1ebd t\u0103ng th\u00eam v\u1ebb sang tr\u1ecdng cho gian b\u1ebfp c\u1ee7a b\u1ea1n. Ch\u1ea5t li\u1ec7u c\u1ee7a m\u00e1y \u0111\u01b0\u1ee3c l\u00e0m b\u1eb1ng ch\u1ea5t li\u1ec7u Inox cao c\u1ea5p kh\u00f4ng g\u1ec9 t\u0103ng \u0111\u1ed9 b\u1ec1n cho m\u00e1y v\u00e0 \u0111\u1ed9 an to\u00e0n cho ng\u01b0\u1eddi s\u1eed d\u1ee5ng.<br \/>\n<img loading=\"lazy\" decoding=\"async\" class=\" jspeed-img-lazyloaded\" title=\"To\u00e0n c\u1ea3nh -\u00a0M\u00e1y h\u00fat m\u00f9i Kaff KF-PYRA750\" src=\"https:\/\/hsn.vn\/images\/stories\/virtuemart\/product\/may-hut-mui-kaff-kf-pyra750.jpg\" alt=\"To\u00e0n c\u1ea3nh -\u00a0M\u00e1y h\u00fat m\u00f9i Kaff KF-PYRA750\" width=\"892\" height=\"644\" data-jspeed-lazyload=\"1\" data-src=\"\/images\/stories\/virtuemart\/product\/may-hut-mui-kaff-kf-pyra750.jpg\" \/><\/p>\n<p>\u0110\u00e2y l\u00e0 d\u00f2ng s\u1ea3n ph\u1ea9m g\u1eafn t\u01b0\u1eddng c\u1ee7a\u00a0<strong>Kaff<\/strong>, v\u1edbi c\u00e1c ch\u1ee9c n\u0103ng \u0111\u1eb7c bi\u1ec7t, \u0111\u01b0\u1ee3c l\u1eafp r\u00e1p b\u1edfi v\u1eadt li\u1ec7u h\u1ea1ng nh\u1ea5t gi\u00fap l\u00e0m s\u1ea1ch kh\u00f4ng kh\u00ed, gi\u1eef c\u0103n b\u1ebfp tr\u1edf l\u00ean tho\u00e1ng m\u00e1t\u00a0v\u00e0 \u0111\u1ea3m b\u1ea3o y\u1ebfu t\u1ed1 th\u1ea9m m\u1ef9\u00a0c\u0169ng nh\u01b0 t\u00ednh b\u1ec1n b\u1ec9 theo th\u1eddi gian.<\/p>\n<p>M\u00e1y h\u00fat m\u00f9i Kaff\u00a0<strong>KF-PYRA750<\/strong>\u00a0s\u1eed d\u1ee5ng\u00a0b\u1ea3ng \u0111i\u1ec1u khi\u1ec3n c\u1ea3m \u1ee9ng g\u1ed3m 3 t\u1ed1c \u0111\u1ed9 h\u00fat ph\u00f9 h\u1ee3p v\u1edbi l\u01b0\u1ee3ng m\u00f9i v\u00e0 kh\u00f3i khi n\u1ea5u \u0103n \u0111\u1ec3 \u0111\u1ea3m b\u1ea3o s\u1ea1ch m\u00f9i cho kh\u00f4ng gian b\u1ebfp nh\u00e0 b\u1ea1n. H\u1ec7 th\u1ed1ng \u0111\u00e8n chi\u1ebfu s\u00e1ng c\u1ee7a m\u00e1y\u00a0g\u1ed3m 1 \u0111\u00e8n Led c\u00f3 t\u00e1c d\u1ee5ng chi\u1ebfu s\u00e1ng v\u00e0 l\u00e0m cho c\u00f4ng vi\u1ec7c n\u1ea5u \u0103n th\u00eam thu\u1eadn l\u1ee3i. L\u01b0\u1edbi l\u1ecdc m\u1ee1 b\u1eb1ng Inox + h\u1ee3p kim nh\u00f4m 5 l\u1edbp \u0111\u1ec3 ng\u0103n ch\u1eb7n tri\u1ec7t \u0111\u1ec3 m\u00f9i, b\u1ee5i l\u1ecdt v\u00e0o b\u00ean trong m\u00e1y g\u00e2y h\u1ecfng \u0111\u1ed9ng c\u01a1. T\u1ea5m l\u01b0\u1edbi n\u00e0y c\u00f3 th\u1ec3 th\u00e1o r\u1eddi \u0111\u1ec3 v\u1ec7 sinh m\u1ed9t c\u00e1ch d\u1ec5 d\u00e0ng.<\/p>\n<\/div>\n<div><img decoding=\"async\" class=\"lazyload\" src=\"https:\/\/kingshop.vn\/data\/images\/May-hut-mui-pheu-Kaff-KF-PYRA750-2.jpg\" alt=\"\" width=\"800\" height=\"auto\" \/><\/p>\n<\/div>\n<div><strong><em>M\u00e1y h\u00fat kh\u00f3i kh\u1eed m\u00f9i Kaff KF-PYRA750<\/em><\/strong>\u00a0\u0111\u01b0\u1ee3c thi\u1ebft k\u1ebf ki\u1ec3u d\u00e1ng h\u00ecnh ph\u1ec3u \u0111\u1ed9c \u0111\u00e1o, \u0111\u01b0\u1eddng n\u00e9t tinh t\u1ebf, ti\u1ec7n d\u1ee5ng, s\u1edf h\u1eefu gam m\u00e0u b\u1ea1c trang nh\u00e3 t\u1ea1o s\u1ef1 h\u00e0i h\u00f2a cho kh\u00f4ng gian l\u1eafp \u0111\u1eb7t s\u1eed d\u1ee5ng, ph\u00f9 h\u1ee3p v\u1edbi h\u1ea7u h\u1ebft m\u1ecdi thi\u1ebft k\u1ebf n\u1ed9i th\u1ea5t b\u1ebfp gia \u0111\u00ecnh, k\u00edch th\u01b0\u1edbc m\u00e1y g\u1ecdn, tr\u1ecdng l\u01b0\u1ee3ng nh\u1eb9, d\u00e2y \u0111i\u1ec7n d\u00e0i gi\u00fap b\u1ea1n d\u1ec5 d\u00e0ng l\u1eafp \u0111\u1eb7t g\u1eafn \u00e1p t\u01b0\u1eddng s\u1eed d\u1ee5ng ti\u1ec7n d\u1ee5ng, t\u1ed1i \u01b0u di\u1ec7n t\u00edch kh\u00f4ng gian b\u1ebfp, kh\u00f4ng m\u1ea5t nhi\u1ec1u th\u1eddi gian v\u00e0 c\u00f4ng s\u1ee9c.<\/p>\n<h3>C\u00f4ng su\u1ea5t h\u00fat kh\u1ecfe, \u0111\u1ed9ng c\u01a1 turbin \u0111\u00f4i<\/h3>\n<p>M\u00e1y h\u00fat m\u00f9i\u00a0Kaff\u00a0<strong>KF-PYRA750<\/strong>\u00a0\u0111\u01b0\u1ee3c trang b\u1ecb \u0111\u1ed9ng c\u01a1 tua bin \u0111\u00f4i nh\u1eb1m t\u1ea1o ra m\u1ed9t c\u00f4ng su\u1ea5t h\u00fat l\u1edbn nh\u1ea5t. C\u00f4ng su\u1ea5t \u0111\u1ed9ng c\u01a1\u00a0<strong>230W<\/strong>, c\u00f4ng su\u1ea5t h\u00fat c\u1ef1c m\u1ea1nh\u00a0<strong>1300m3\/h<\/strong>\u00a0gi\u00fap h\u00fat h\u1ebft c\u00e1c m\u00f9i th\u1ee9c \u0103n l\u00e0m s\u1ea1ch kh\u00f4ng kh\u00ed mang l\u1ea1i cho c\u0103n b\u1ebfp lu\u00f4n th\u00f4ng tho\u00e1ng.<\/p>\n<p>M\u00e1y h\u00fat m\u00f9i ho\u1ea1t \u0111\u1ed9ng d\u1ef1a tr\u00ean nguy\u00ean t\u1eafc c\u1ee7a qu\u1ea1t th\u00f4ng gi\u00f3 k\u1ebft h\u1ee3p v\u1edbi c\u00e1c m\u00e0ng l\u1ecdc. M\u00e1y th\u01b0\u1eddng bao g\u1ed3m c\u00e1c b\u1ed9 ph\u1eadn c\u01a1 b\u1ea3n nh\u01b0: l\u1edbp toa inox b\u00ean ngo\u00e0i, h\u1ec7 th\u1ed1ng d\u1eabn kh\u00ed, l\u01b0\u1edbi l\u1ecdc, qu\u1ea1t h\u00fat, \u0111\u00e8n chi\u1ebfu s\u00e1ng, \u0111\u00e8n b\u00e1o hi\u1ec7u m\u1ee9c \u0111\u1ed9 b\u00e1m b\u1ea9n v\u00e0 b\u1ea3ng \u0111i\u1ec1u khi\u1ec3n t\u1ed1c \u0111\u1ed9 h\u00fat.<\/p>\n<p>C\u00e1c lo\u1ea1i kh\u00ed \u0111\u1ed9c h\u1ea1i v\u00e0 m\u00f9i kh\u00f3 ch\u1ecbu s\u1ebd \u0111\u01b0\u1ee3c h\u00fat l\u00ean b\u1eb1ng turbin (ho\u1eb7c \u0111\u1ed9ng c\u01a1 moter) v\u00e0 chuy\u1ec3n ra ngo\u00e0i, c\u00f2n b\u1ee5i b\u1ea9n v\u00e0 c\u00e1c h\u1ea1t d\u1ea7u m\u1ee1 s\u1ebd b\u00e1m l\u1ea1i l\u1edbp m\u00e0ng l\u1ecdc, c\u00f3 th\u1ec3 d\u1ec5 d\u00e0ng th\u00e1o ra \u0111\u1ec3 v\u1ec7 sinh v\u00e0 thay m\u1edbi thi\u1ebft b\u1ecb.<\/p>\n<p><img loading=\"lazy\" decoding=\"async\" class=\" jspeed-img-lazyloaded\" title=\"Ph\u1ed1i c\u1ea3nh -\u00a0M\u00e1y h\u00fat m\u00f9i Kaff KF-PYRA750\" src=\"https:\/\/hsn.vn\/images\/stories\/virtuemart\/product\/may-hut-mui-kaff-kf-pyra750-1.jpg\" alt=\"Ph\u1ed1i c\u1ea3nh -\u00a0M\u00e1y h\u00fat m\u00f9i Kaff KF-PYRA750\" width=\"904\" height=\"904\" data-jspeed-lazyload=\"1\" data-src=\"\/images\/stories\/virtuemart\/product\/may-hut-mui-kaff-kf-pyra750-1.jpg\" \/><\/p>\n<\/div>\n<div><strong><em>M\u00e1y h\u00fat kh\u00f3i kh\u1eed m\u00f9i\u00a0<\/em><\/strong>n\u00e0y \u0111\u01b0\u1ee3c c\u1ea5u t\u1ea1o t\u1eeb ch\u1ea5t li\u1ec7u cao c\u1ea5p v\u1edbi th\u00e2n m\u00e1y \u0111\u01b0\u1ee3c l\u00e0m b\u1eb1ng inox kh\u00f4ng g\u1ec9 cao c\u1ea5p, kh\u1ea3 n\u0103ng ch\u1ecbu l\u1ef1c v\u00e0 ch\u1ecbu nhi\u1ec7t cao, c\u1ee9ng c\u00e1p gi\u00fap b\u1ea3o v\u1ec7 t\u1ed1t h\u1ec7 th\u1ed1ng linh ki\u1ec7n b\u00ean trong m\u00e1y hi\u1ec7u qu\u1ea3, b\u00ean ngo\u00e0i ch\u1ed1ng b\u00e1m b\u1ea9n, d\u1ec5 lau ch\u00f9i v\u1ec7 sinh t\u1ea1o \u0111\u1ed9 b\u1ec1n m\u1edbi cho m\u00e1y theo th\u1eddi gian s\u1eed d\u1ee5ng, h\u1ec7 th\u1ed1ng l\u01b0\u1edbi l\u1ecdc nh\u00f4m 5 l\u1edbp b\u00ean trong v\u00e0 thang inox b\u00ean ngo\u00e0i, ng\u0103n kh\u00f4ng cho d\u1ea7u m\u1ee1 \u0111i v\u00e0o trong \u0111\u1ed9ng c\u01a1 d\u1ec5 g\u00e2y h\u01b0 h\u1ecfng, d\u1ec5 d\u00e0ng th\u00e1o l\u1eafp s\u1eed d\u1ee5ng v\u00e0 v\u1ec7 sinh, b\u00ean trong l\u00e0 than ho\u1ea1t t\u00ednh c\u00f3 th\u1ec3 d\u1ec5 d\u00e0ng thay th\u1ebf khi c\u1ea7n.<\/p>\n<\/div>\n<div><img decoding=\"async\" class=\"lazyload\" src=\"https:\/\/kingshop.vn\/data\/images\/May-hut-mui-pheu-Kaff-KF-PYRA750-4.jpg\" alt=\"\" width=\"800\" height=\"auto\" \/><\/p>\n<\/div>\n<div>\n<h3>Kh\u1eed m\u00f9i b\u1eb1ng than ho\u1ea1t t\u00ednh v\u00e0 \u1ed1ng tho\u00e1t ra ngo\u00e0i D150<\/h3>\n<p>M\u00e1y h\u00fat m\u00f9i Kaff\u00a0<strong>KF-PYRA750<\/strong>\u00a0s\u1eed d\u1ee5ng ph\u01b0\u01a1ng ph\u00e1p h\u00fat m\u00f9i tr\u1ef1c ti\u1ebfp t\u1ee9c m\u00f9i \u0111\u01b0\u1ee3c \u0111\u1ea9y ra ngo\u00e0i theo \u0111\u01b0\u1eddng \u1ed1ng tho\u00e1t\u00a0<strong>D150<\/strong>. \u0110\u1ed3ng th\u1eddi ch\u1ee9c n\u0103ng kh\u1eed m\u00f9i b\u1eb1ng than ho\u1ea1t t\u00ednh s\u1ebd gi\u00fap cho kh\u00f4ng kh\u00ed trong ph\u00f2ng b\u1ebfp lu\u00f4n s\u1ea1ch s\u1ebd. C\u00e1ch th\u1ee9c n\u00e0y s\u1ebd gi\u00fap m\u00e1y c\u00f3 hi\u1ec7u qu\u1ea3 t\u1edbi 100% v\u00e0 m\u00f9i s\u1ebd \u0111\u01b0\u1ee3c \u0111\u1ea9y ho\u00e0n to\u00e0n ra ngo\u00e0i tr\u1eddi.<\/p>\n<h3>Ti\u1ebft ki\u1ec7m \u0111i\u1ec7n n\u0103ng v\u00e0 \u0111\u1ed9 \u1ed3n kh\u00f4ng l\u1edbn<\/h3>\n<p>\u0110\u1ed9 \u1ed3n t\u1ed1i \u0111a c\u1ee7a m\u00e1y r\u1ea5t nh\u1ecf (nh\u1ecf h\u01a1n\u00a0<strong>68Db<\/strong>), m\u00e1y \u00eam kh\u00f4ng \u1ea3nh h\u01b0\u1edfng \u0111\u1ebfn sinh ho\u1ea1t gia \u0111\u00ecnh b\u1ea1n. T\u1ed5ng \u0111i\u1ec7n n\u0103ng ti\u00eau thu \u0111i\u1ec7n c\u1ee7a m\u00e1y khi\u1ebfn b\u1ea1n ph\u1ea3i ng\u1ea1c nhi\u00ean v\u00ec 6 \u0111\u1ebfn 7 ti\u1ebfng \u0111\u1ed3ng h\u1ed3 ho\u1ea1t \u0111\u1ed9ng c\u1ee7a m\u00e1y m\u1edbi h\u1ebft c\u00f3 1 s\u1ed1 \u0111i\u1ec7n c\u1ee7a b\u1ea1n.<\/p>\n<h3>M\u1ed9t s\u1ed1 l\u01b0u \u00fd khi s\u1eed d\u1ee5ng<\/h3>\n<p>\u0110\u1ec3 n\u00e2ng cao hi\u1ec7u su\u1ea5t h\u00fat c\u1ee7a m\u00e1y h\u00fat m\u00f9i khi s\u1eed d\u1ee5ng b\u1ea1n c\u1ea7n l\u01b0u \u00fd nh\u1eefng \u0111i\u1ec1u sau \u0111\u00e2y:<\/p>\n<p>\u0110\u1ed1i v\u1edbi nh\u1eefng chi\u1ebfc m\u00e1y h\u00fat m\u00f9i s\u1eed d\u1ee5ng than ho\u1ea1t t\u00ednh, b\u1ea1n n\u00ean thay than t\u1eeb 6 th\u00e1ng \u0111\u1ebfn 1 n\u0103m m\u1ed9t l\u1ea7n \u0111\u1ec3 \u0111\u1ea3m b\u1ea3o hi\u1ec7u qu\u1ea3 kh\u1eed m\u00f9i.<\/p>\n<p>Lu\u00f4n lau ch\u00f9i m\u00e1y b\u1eb1ng gi\u1ebb m\u1ec1m, c\u00f3 ch\u1ea5t t\u1ea9y r\u1eeda.<\/p>\n<p>Kh\u00f4ng s\u1eed d\u1ee5ng m\u00e1y khi ngu\u1ed3n \u0111i\u1ec7n ch\u1eadp ch\u1eddn.<\/p>\n<p>\u0110\u1ec3 tr\u00e1nh g\u00e2y h\u1ea1n \u0111\u1ebfn \u0111\u1ed9ng c\u01a1 b\u00ean trong m\u00e1y b\u1ea1n kh\u00f4ng n\u00ean \u0111\u1ec3 n\u01b0\u1edbc ho\u1eb7c v\u1eadt\u00a0c\u1ee9ng l\u1ecdt v\u00e0o trong m\u00e1y.<\/p>\n<p>\u0110\u1eb7c bi\u1ec7t \u0111\u1ec3 ti\u1ebft ki\u1ec7m \u0111i\u1ec7n v\u00e0 t\u0103ng tu\u1ed5i th\u1ecd cho m\u00e1y h\u01a1n h\u1ebft b\u1ea1n n\u00ean s\u1eed d\u1ee5ng \u0111\u00fang t\u1ed1c \u0111\u1ed9 c\u1ee7a m\u00e1y, kh\u00f4ng n\u00ean l\u1ea1m d\u1ee5ng t\u1ed1c \u0111\u1ed9 cao nh\u1ea5t t\u1ee9c \u0111\u1ed1i v\u1edbi nh\u1eefng m\u00f3n \u0103n kh\u00f4ng ch\u1ee9a d\u1ea7u m\u1ee1 nh\u01b0 c\u00e1c m\u00f3n lu\u1ed9c b\u1ea1n ch\u1ec9 c\u1ea7n \u0111\u1ec3 m\u00e1y \u1edf m\u1ee9c c\u00f4ng su\u1ea5t th\u1ea5p, v\u1edbi nh\u1eefng m\u00f3n ch\u1ee9a nhi\u1ec1u d\u1ea7u m\u1ee1 nh\u01b0: chi\u00ean, x\u00e0o, r\u00e1n ho\u1eb7c nh\u1eefng m\u00f3n n\u1eb7ng m\u00f9i nh\u01b0 gi\u1ea3 c\u00e0y th\u00ec b\u1ea1n m\u1edbi c\u1ea7n s\u1eed d\u1ee5ng m\u00e1y h\u00fat m\u00f9i \u1edf c\u1ea5p \u0111\u1ed9 cao.<\/p>\n<p>T\u1ea7m 2 th\u00e1ng b\u1ea1n n\u00ean v\u1ec7 sinh l\u01b0\u1edbi l\u1ecdc 1 l\u1ea7n. N\u00ean b\u1ea3o d\u01b0\u1ee1ng m\u00e1y 12 th\u00e1ng 1 l\u1ea7n c\u0169ng l\u00e0 c\u00e1ch \u0111\u1ec3 m\u00e1y ho\u1ea1t \u0111\u1ed9ng t\u1ed1t h\u01a1n.<\/p>\n<\/div>\n<p>&nbsp;<\/p>\n<p><strong>Th\u00f4ng\u00a0s\u1ed1\u00a0k\u1ef9\u00a0thu\u1eadt:<\/strong><\/p>\n<p>\u2022 Th\u00e2n b\u1eb1ng inox kh\u00f4ng r\u1ec9<br \/>\n\u2022 \u0110i\u1ec1u khi\u1ec3n c\u1ea3m \u1ee9ng 3 t\u1ed1c \u0111\u1ed9<br \/>\n\u2022 L\u01b0\u1edbi l\u1ecdc nh\u00f4m + than ho\u1ea1t t\u00ednh<br \/>\n\u2022 \u0110\u00e8n led 1&#215;2 W<br \/>\n\u2022 Motor 1&#215;230 W<br \/>\n\u2022 C\u00f4ng su\u1ea5t h\u00fat t\u1ed1i \u0111a 1300 m3\/h<br \/>\n\u2022 \u0110\u1ed9 \u1ed3n maximum 68 dB<br \/>\n\u2022 \u1ed0ng tho\u00e1t D150 + 2m \u1ed1ng m\u1ec1m k\u00e8m theo<br \/>\n\u2022 \u1ed0p \u1ed1ng kh\u00f3i inox 2x209x172x400 mm<br \/>\n\u2022 K\u00edch th\u01b0\u1edbc: 274x500x745\/895 mm<\/p>\n<h2>K\u00cdCH TH\u01af\u1edaC L\u1eaeP \u0110\u1eb6T S\u1ea2N PH\u1ea8M<\/h2>\n<p><img loading=\"lazy\" decoding=\"async\" src=\"https:\/\/www.kaffvietnam.vn\/image\/catalog\/sanpham\/may-hut-mui\/PYRA750.png\" width=\"624\" height=\"496\" \/><\/p>\n","protected":false},"excerpt":{"rendered":"<h3 class=\"text-uppercase product-setting position-relative mt-sm-3\">M\u00f4 t\u1ea3 s\u1ea3n ph\u1ea9m<\/h3>\n<ul class=\"short_pro_desc\">\n<li>M\u00e1y h\u00fat m\u00f9i d\u1ea1ng ph\u1ec3u<\/li>\n<li>Th\u00e2n m\u00e1y inox sang tr\u1ecdng<\/li>\n<li>\u0110i\u1ec1u khi\u1ec3n c\u1ea3m \u1ee9ng 3 t\u1ed1c \u0111\u1ed9<\/li>\n<li>L\u01b0\u01a1i l\u1ecdc inox+than ho\u1ea1t t\u00ednh<\/li>\n<li>B\u1ea3o h\u00e0nh 03 n\u0103m<\/li>\n<\/ul>\n","protected":false},"featured_media":1293,"comment_status":"open","ping_status":"closed","template":"","meta":[],"product_brand":[],"product_cat":[16,40],"product_tag":[],"class_list":{"0":"post-1292","1":"product","2":"type-product","3":"status-publish","4":"has-post-thumbnail","6":"product_cat-may-hut-mui","7":"product_cat-kaff-may-hut-mui","9":"first","10":"instock","11":"shipping-taxable","12":"product-type-simple"},"_links":{"self":[{"href":"https:\/\/nhadepbepxinh.com.vn\/index.php?rest_route=\/wp\/v2\/product\/1292","targetHints":{"allow":["GET"]}}],"collection":[{"href":"https:\/\/nhadepbepxinh.com.vn\/index.php?rest_route=\/wp\/v2\/product"}],"about":[{"href":"https:\/\/nhadepbepxinh.com.vn\/index.php?rest_route=\/wp\/v2\/types\/product"}],"replies":[{"embeddable":true,"href":"https:\/\/nhadepbepxinh.com.vn\/index.php?rest_route=%2Fwp%2Fv2%2Fcomments&post=1292"}],"wp:featuredmedia":[{"embeddable":true,"href":"https:\/\/nhadepbepxinh.com.vn\/index.php?rest_route=\/wp\/v2\/media\/1293"}],"wp:attachment":[{"href":"https:\/\/nhadepbepxinh.com.vn\/index.php?rest_route=%2Fwp%2Fv2%2Fmedia&parent=1292"}],"wp:term":[{"taxonomy":"product_brand","embeddable":true,"href":"https:\/\/nhadepbepxinh.com.vn\/index.php?rest_route=%2Fwp%2Fv2%2Fproduct_brand&post=1292"},{"taxonomy":"product_cat","embeddable":true,"href":"https:\/\/nhadepbepxinh.com.vn\/index.php?rest_route=%2Fwp%2Fv2%2Fproduct_cat&post=1292"},{"taxonomy":"product_tag","embeddable":true,"href":"https:\/\/nhadepbepxinh.com.vn\/index.php?rest_route=%2Fwp%2Fv2%2Fproduct_tag&post=1292"}],"curies":[{"name":"wp","href":"https:\/\/api.w.org\/{rel}","templated":true}]}}