{"id":1268,"date":"2025-03-24T09:44:15","date_gmt":"2025-03-24T02:44:15","guid":{"rendered":"https:\/\/nhadepbepxinh.com.vn\/?post_type=product&#038;p=1268"},"modified":"2025-03-24T09:44:15","modified_gmt":"2025-03-24T02:44:15","slug":"may-hut-mui-kinh-cong-kaff-kf-gpt7069","status":"publish","type":"product","link":"https:\/\/nhadepbepxinh.com.vn\/?product=may-hut-mui-kinh-cong-kaff-kf-gpt7069","title":{"rendered":"M\u00c1Y H\u00daT M\u00d9I K\u00cdNH CONG KAFF KF-GPT7069"},"content":{"rendered":"<h1>M\u00c1Y H\u00daT M\u00d9I KAFF KF-GBT7069<\/h1>\n<ul>\n<li>M\u00e1y h\u00fat m\u00f9i k\u00ednh cong, toa inox sang tr\u1ecdng<\/li>\n<li>\u0110\u1ed9ng c\u01a1 Turbin inverter si\u00eau b\u1ec1n, ti\u1ebft ki\u1ec7m \u0111i\u1ec7n<\/li>\n<li>M\u1eb7t k\u00ednh c\u01b0\u1eddng l\u1ef1c d\u00e0y 6mm<\/li>\n<li>\u0110i\u1ec1u khi\u1ec3n c\u1ea3m \u1ee9ng, ho\u1eb7c \u0111i\u1ec1u khi\u1ec3n c\u1eed ch\u1ec9 v\u1eaby tay kh\u00f4ng ch\u1ea1m<\/li>\n<li>3 t\u1ed1c \u0111\u1ed9 h\u00fat: nh\u1eb9 &#8211; v\u1eeba &#8211; m\u1ea1nh<\/li>\n<li>L\u01b0\u1edbi l\u1ecdc b\u1eb1ng inox si\u00eau b\u1ec1n, d\u1ec5 v\u1ec7 sinh<\/li>\n<li>\u0110\u00e8n LED 2&#215;1.5W si\u00eau s\u00e1ng, kh\u00f4ng t\u1ecfa nhi\u1ec7t<\/li>\n<\/ul>\n<h2>TH\u00d4NG S\u1ed0 K\u1ef8 THU\u1eacT C\u1ee6A M\u00c1Y H\u00daT KH\u1eec M\u00d9I KAFF KF-GBT7069<\/h2>\n<ul>\n<li>\u0110\u1ed9ng c\u01a1 turbin 230w m\u1ea1nh m\u1ebd<\/li>\n<li>C\u00f4ng su\u1ea5t h\u00fat: 1000m3\/h<\/li>\n<li>\u0110\u1ed9 \u1ed3n Max: 48 Db<\/li>\n<li class=\"\">\u1ed0ng tho\u00e1t D150mm + 2m \u1ed1ng m\u1ec1m k\u00e8m theo<\/li>\n<li>K\u00edch th\u01b0\u1edbc: 700mm<\/li>\n<li>Ngu\u1ed3n \u0111i\u1ec7n: 220-240V\/50-60Hz<\/li>\n<\/ul>\n<p><img decoding=\"async\" src=\"https:\/\/bizweb.dktcdn.net\/100\/301\/093\/files\/may-hut-mui-kaff-gbt7069.png?v=1742707996376\" data-thumb=\"original\" \/><\/p>\n<p><em>M\u00e1y h\u00fat m\u00f9i KAFF KF-GBT7069 model m\u1edbi nh\u1ea5t c\u1ee7a h\u00e3ng KAFF<\/em><\/p>\n<p><em><img decoding=\"async\" src=\"https:\/\/bizweb.dktcdn.net\/100\/301\/093\/files\/kt-may-hut-mui-kaff-gbt7069.jpg?v=1714131585903\" data-thumb=\"original\" \/><\/em><\/p>\n<p><em>K\u00edch th\u01b0\u1edbc m\u00e1y h\u00fat m\u00f9i KAFF KF-GBT7069<\/em><\/p>\n","protected":false},"excerpt":{"rendered":"<h3 class=\"text-uppercase product-setting position-relative mt-sm-3\">M\u00f4 t\u1ea3 s\u1ea3n ph\u1ea9m<\/h3>\n<ul class=\"short_pro_desc\">\n<li>\u2022 M\u00e1y h\u00fat m\u00f9i k\u00ednh cong inox sang tr\u1ecdng<\/li>\n<li>\u2022 M\u1eb7t k\u00ednh c\u01b0\u1eddng l\u1ef1c d\u00e0y 6 mm<\/li>\n<li>\u2022 \u0110i\u1ec1u khi\u1ec3n c\u1ea3m \u1ee9ng v\u00e3y tay 3 t\u1ed1c \u0111\u1ed9<\/li>\n<li>\u2022 \u0110\u1ed9ng c\u01a1 1&#215;230 W<\/li>\n<li>\u2022 L\u01b0\u1edbi l\u1ecdc inox si\u00eau b\u1ec1n d\u1ec5 d\u00e0ng v\u1ec7 sinh khi s\u1eed d\u1ee5ng<\/li>\n<li>\u2022 \u0110\u00e8n led bar 2 x 1.5 W<\/li>\n<li>\u2022 C\u00f4ng su\u1ea5t h\u00fat t\u1ed1i da 1000 m3\/h<\/li>\n<li>\u2022 \u0110\u1ed9 \u1ed3n maximum 48 dB<\/li>\n<li>\u2022 \u1ed0ng tho\u00e1t h\u01a1i D150 mm v\u00e0 \u1ed1ng m\u1ec1m k\u00e8m theo<\/li>\n<li>\u2022 \u1ed0p \u1ed1ng kh\u00f3i inox 2x283x324x500 mm<\/li>\n<li>\u2022 K\u00edch th\u01b0\u1edbc 52x475x695\/895 mm<\/li>\n<li>\u2022 Ngu\u1ed3n \u0111i\u1ec7n: 220V &#8211; 240V AC\/50 &#8211; 60Hz<\/li>\n<li>\u2022 B\u1ea3o h\u00e0nh 3 n\u0103m<\/li>\n<\/ul>\n","protected":false},"featured_media":1269,"comment_status":"open","ping_status":"closed","template":"","meta":[],"product_brand":[],"product_cat":[16,40],"product_tag":[],"class_list":{"0":"post-1268","1":"product","2":"type-product","3":"status-publish","4":"has-post-thumbnail","6":"product_cat-may-hut-mui","7":"product_cat-kaff-may-hut-mui","9":"first","10":"instock","11":"shipping-taxable","12":"product-type-simple"},"_links":{"self":[{"href":"https:\/\/nhadepbepxinh.com.vn\/index.php?rest_route=\/wp\/v2\/product\/1268","targetHints":{"allow":["GET"]}}],"collection":[{"href":"https:\/\/nhadepbepxinh.com.vn\/index.php?rest_route=\/wp\/v2\/product"}],"about":[{"href":"https:\/\/nhadepbepxinh.com.vn\/index.php?rest_route=\/wp\/v2\/types\/product"}],"replies":[{"embeddable":true,"href":"https:\/\/nhadepbepxinh.com.vn\/index.php?rest_route=%2Fwp%2Fv2%2Fcomments&post=1268"}],"wp:featuredmedia":[{"embeddable":true,"href":"https:\/\/nhadepbepxinh.com.vn\/index.php?rest_route=\/wp\/v2\/media\/1269"}],"wp:attachment":[{"href":"https:\/\/nhadepbepxinh.com.vn\/index.php?rest_route=%2Fwp%2Fv2%2Fmedia&parent=1268"}],"wp:term":[{"taxonomy":"product_brand","embeddable":true,"href":"https:\/\/nhadepbepxinh.com.vn\/index.php?rest_route=%2Fwp%2Fv2%2Fproduct_brand&post=1268"},{"taxonomy":"product_cat","embeddable":true,"href":"https:\/\/nhadepbepxinh.com.vn\/index.php?rest_route=%2Fwp%2Fv2%2Fproduct_cat&post=1268"},{"taxonomy":"product_tag","embeddable":true,"href":"https:\/\/nhadepbepxinh.com.vn\/index.php?rest_route=%2Fwp%2Fv2%2Fproduct_tag&post=1268"}],"curies":[{"name":"wp","href":"https:\/\/api.w.org\/{rel}","templated":true}]}}