{"id":1260,"date":"2025-03-24T09:38:14","date_gmt":"2025-03-24T02:38:14","guid":{"rendered":"https:\/\/nhadepbepxinh.com.vn\/?post_type=product&#038;p=1260"},"modified":"2025-03-24T09:38:15","modified_gmt":"2025-03-24T02:38:15","slug":"bep-02-tu-kaff-kf-ih870z","status":"publish","type":"product","link":"https:\/\/nhadepbepxinh.com.vn\/?product=bep-02-tu-kaff-kf-ih870z","title":{"rendered":"B\u1ebeP 02 T\u1eea KAFF KF &#8211; IH870Z"},"content":{"rendered":"<div>B\u1ebfp t\u1eeb \u0111\u00f4i c\u1ea3m \u1ee9ng KAFF KF-IH870Z c\u00f3 M\u1eb7t k\u00ednh Shott Ceran (\u0110\u1ee9c) thu\u1ed9c d\u00f2ng b\u1ebfp t\u1eeb cao c\u1ea5p c\u1ee7a th\u01b0\u01a1ng hi\u1ec7u thi\u1ebft b\u1ecb nh\u00e0 b\u1ebfp n\u1ed5i ti\u1ebfng t\u1ea1i \u0110\u1ee9c KAFF, l\u00e0 s\u1ef1 k\u1ebft h\u1ee3p ho\u00e0n h\u1ea3o gi\u1eefa 2 b\u00ean b\u1ebfp \u0111\u1ec1u t\u1eeb s\u1eed d\u1ee5ng c\u00e1c b\u1ed9 n\u1ed3i ch\u1ea3o inox t\u1eeb, ti\u1ebft ki\u1ec7m \u0111i\u1ec7n v\u00e0 \u0111un n\u1ea5u nhanh h\u01a1n, B\u1ebfp c\u00f3 thi\u1ebft k\u1ebf 2 l\u00f2 n\u1ea5u \u0111\u1ed9c l\u1eadp, k\u00edch th\u01b0\u1edbc m\u1eb7t k\u00ednh 730x430mm, k\u00edch th\u01b0\u1edbc m\u1eb7t kho\u00e9t \u0111\u00e1 680x380mm ph\u00f9 h\u1ee3p v\u1edbi kh\u00f4ng gian ph\u00f2ng b\u1ebfp c\u1ee7a ng\u01b0\u1eddi ch\u00e2u \u00c1. B\u1ebfp c\u00f3 c\u00f4ng su\u1ea5t 2 l\u00f2 nh\u01b0 nhau (2300W-2300W) t\u0103ng hi\u1ec7u su\u1ea5t n\u1ea5u n\u01b0\u1edbng cao, gi\u00fap b\u00e0 n\u1ed9i tr\u1ee3 r\u1ea3nh rang h\u01a1n.<\/div>\n<div><\/div>\n<div><\/div>\n<div><img decoding=\"async\" class=\"vnit_img\" src=\"https:\/\/kaff.vn\/upload\/images\/2024\/01\/bep-tu-doi-lap-am-kaff-kf-870z.jpg\" alt=\"bep-tu-doi-lap-am-kaff-kf-870z.jpg\" width=\"\" \/><\/div>\n<div><\/div>\n<div><\/div>\n<div>B\u1ebfp t\u1eeb \u0111\u00f4i c\u1ea3m \u1ee9ng KAFF \u0111\u01b0\u1ee3c s\u1ea3n xu\u1ea5t theo c\u00f4ng ngh\u1ec7 hi\u1ec7n \u0111\u1ea1i ti\u00ean ti\u1ebfn nh\u1ea5t hi\u1ec7n nay v\u1edbi v\u00f4 v\u00e0n nh\u1eefng t\u00ednh n\u0103ng \u01b0u vi\u1ec7t, th\u00f4ng minh h\u01a1n b\u1ebfp th\u00f4ng th\u01b0\u1eddng ch\u1eafc ch\u1eafn B\u1ebfp t\u1eeb \u0111\u00f4i cao c\u1ea5p c\u1ea3m \u1ee9ng nh\u1eadp kh\u1ea9u KAFF s\u1ebd gi\u00fap b\u1ea1n ho\u00e0n thi\u1ec7n m\u00f3n \u0103n cho gia \u0111\u00ecnh nhanh ch\u00f3ng, r\u1ea5t ph\u00f9 h\u1ee3p cho gia \u0111\u00ecnh nhi\u1ec1u th\u00e0nh vi\u00ean v\u00e0 nh\u1eefng b\u00e0 n\u1ed9i tr\u1ee3 b\u1eadn r\u1ed9n.<\/div>\n<div>\n<h2>T\u00cdNH N\u0102NG AN TO\u00c0N<\/h2>\n<p>M\u1ed9t trong nh\u1eefng \u0111i\u1ec3m thu h\u00fat c\u1ee7a b\u1ebfp t\u1eeb\u00a0Kaff KF-IH870Z\u00a0\u0111\u1ebfn ng\u01b0\u1eddi d\u00f9ng ch\u00ednh l\u00e0 b\u1ebfp \u0111\u1ea3m b\u1ea3o an to\u00e0n tuy\u1ec7t \u0111\u1ed1i. Y\u1ebfu t\u1ed1 an to\u00e0n lu\u00f4n \u0111\u01b0\u1ee3c ng\u01b0\u1eddi d\u00f9ng \u0111\u1eb7t l\u00ean h\u00e0ng \u0111\u1ea7u, do \u0111\u00f3 h\u00e3ng\u00a0<strong>Kaff<\/strong>\u00a0t\u00edch h\u1ee3p trong s\u1ea3n ph\u1ea9m nh\u1eefng t\u00ednh n\u0103ng hi\u1ec7n \u0111\u1ea1i nh\u01b0:<\/p>\n<p><strong>Ch\u1ee9c n\u0103ng kh\u00f3a tr\u1ebb em Child Lock:<\/strong>\u00a0Nh\u1ea5n v\u00e0 gi\u1eef ph\u00edm kh\u00f3a trong v\u00f2ng 3 gi\u00e2y \u0111\u1ec3 k\u00edch ho\u1ea1t kh\u00f3a tr\u1ebb em, c\u00e1c ph\u00edm kh\u00e1c s\u1ebd kh\u00f4ng s\u1eed d\u1ee5ng \u0111\u01b0\u1ee3c (tr\u1eeb ph\u00edm ngu\u1ed3n), \u0111\u1ec3 m\u1edf kh\u00f3a nh\u1ea5n v\u00e0 gi\u1eef ph\u00edm kh\u00f3a 3 gi\u00e2y \u0111\u1ec3 m\u1edf l\u1ea1i. Ch\u1ee9c n\u0103ng n\u00e0y \u0111\u1ec3 b\u1ea3o v\u1ec7 ho\u1ea1t \u0111\u1ed9ng c\u1ee7a b\u1ebfp tr\u01b0\u1edbc c\u00e1c ho\u1ea1t \u0111\u1ed9ng v\u00f4 t\u00ecnh b\u1ea5m ph\u00edm c\u1ee7a tr\u1ebb em trong qu\u00e1 tr\u00ecnh n\u1ea5u.<\/p>\n<p><strong>Ch\u1ee9c n\u0103ng ch\u1ed1ng tr\u00e0o n\u01b0\u1edbc Water overflow:<\/strong>\u00a0Khi c\u00f3 n\u01b0\u1edbc s\u00f4i v\u00f4 t\u00ecnh tr\u00e0n trong khi n\u1ea5u, n\u01b0\u1edbc tr\u00e0n \u0111\u1ebfn khu v\u1ef1c b\u00e0n ph\u00edm \u0111i\u1ec1u khi\u1ec3n, sau kho\u1ea3ng 3-5 gi\u00e2y b\u1ebfp s\u1ebd t\u1ef1 \u0111\u1ed9ng ng\u1eebng ho\u1ea1t \u0111\u1ed9ng \u0111\u1ec3 \u0111\u1ea3m b\u1ea3o an to\u00e0n.<\/p>\n<p><strong>Ch\u1ee9c n\u0103ng t\u1ef1 \u0111\u1ed9ng t\u1eaft b\u1ebfp khi kh\u00f4ng c\u00f3 n\u1ed3i:<\/strong>\u00a0Trong qu\u00e1 tr\u00ecnh \u0111un n\u1ea5u, n\u1ebfu n\u1ed3i b\u1ecb nh\u1ea5c ra kh\u1ecfi v\u00f9ng n\u1ea5u c\u1ee7a b\u1ebfp th\u00ec b\u1ebfp c\u0169ng s\u1ebd t\u1ef1 ng\u1eaft c\u00f4ng su\u1ea5t v\u00e0 kh\u00f4ng \u0111un n\u1ea5u cho v\u00f9ng n\u1ea5u \u0111\u00f3, m\u00e0n h\u00ecnh hi\u1ec3n th\u1ecb ch\u1eef\u00a0<strong>U<\/strong>\u00a0\u0111\u1ec3 c\u1ea3nh b\u00e1o cho ng\u01b0\u1eddi d\u00f9ng.<\/p>\n<p><strong>H\u1eb9n gi\u1edd gi\u1edbi h\u1ea1n th\u1eddi gian ho\u1ea1t \u0111\u1ed9ng:<\/strong>\u00a0B\u1ebfp t\u1eeb\u00a0Kaff KF-IH870Z\u00a0c\u00f3 kh\u1ea3 n\u0103ng h\u1eb9n gi\u1edd \u0111\u1ed9c l\u1eadp t\u1eebng v\u00f9ng n\u1ea5u, ng\u01b0\u1eddi d\u00f9ng c\u00f3 th\u1ec3 d\u1ec5 d\u00e0ng thi\u1ebft l\u1eadp th\u1eddi gian \u0111un n\u1ea5u, b\u1ebfp s\u1ebd t\u01b0 \u0111\u1ed9ng ng\u1eaft khi h\u1ebft th\u1eddi gian \u0111\u00e3 \u0111\u01b0\u1ee3c c\u00e0i \u0111\u1eb7t<\/p>\n<p><strong>B\u1ea3o v\u1ec7 qu\u00e1 nhi\u1ec7t (c\u1ea3m bi\u1ebfn nhi\u1ec7t \u0111\u1ed9 t\u00edch h\u1ee3p trong t\u1eebng v\u00f9ng n\u1ea5u):\u00a0<\/strong>B\u1ebfp t\u1eeb Kaff\u00a0KF-IH870Z\u00a0\u0111\u01b0\u1ee3c thi\u1ebft k\u1ebf c\u1ea3m bi\u1ebfn nhi\u1ec7t \u0111\u1ed9 d\u01b0\u1edbi m\u1ed7i v\u00f9ng n\u1ea5u, khi c\u00f3 hi\u1ec7n t\u01b0\u1ee3ng qu\u00e1 nhi\u1ec7t ( n\u1ed3i \u0111un b\u1ecb c\u1ea1n, ch\u00e1y,.. ) b\u1ebfp s\u1ebd ch\u1ee7 \u0111\u1ed9ng ng\u1eaft c\u00f4ng su\u1ea5t \u0111\u1ec3 \u0111\u1ea3m b\u1ea3o an to\u00e0n cho thi\u1ebft b\u1ecb c\u0169ng nh\u01b0 \u0111\u1ea3m b\u1ea3o kh\u00f4ng s\u1ef1 c\u1ed1 \u0111\u00e1ng ti\u1ebfc x\u1ea3y ra.<\/p>\n<p><strong>Ch\u1ec9 b\u00e1o nhi\u1ec7t d\u01b0 \u201cH\u201d \u0111\u01b0\u1ee3c hi\u1ec3n th\u1ecb cho t\u1eebng v\u00f9ng n\u1ea5u c\u00f2n n\u00f3ng:<\/strong>\u00a0B\u1ebfp s\u1ebd c\u1ea3nh b\u00e1o b\u1eb1ng ch\u1eef\u00a0<strong>\u201cH\u201d<\/strong>\u00a0nh\u1ea5p nh\u00e1y khi v\u00f9ng n\u1ea5u c\u00f2n n\u00f3ng nhi\u1ec7t \u0111\u1ed9 tr\u00ean\u00a0<strong>60\u00baC<\/strong>\u00a0sau khi \u0111un, ch\u1eef\u00a0<strong>\u201cH\u201d<\/strong>\u00a0s\u1ebd t\u1ef1 m\u1ea5t \u0111i khi m\u1eb7t b\u1ebfp \u0111\u00e3 \u0111\u01b0\u1ee3c t\u1ea3n gi\u1ea3m xu\u1ed1ng d\u01b0\u1edbi\u00a0<strong>60\u00baC<\/strong>\u00a0kh\u00f4ng c\u00f2n nguy hi\u1ec3m.<\/p>\n<p><strong>Ch\u1ee9c n\u0103ng chia s\u1ebb c\u00f4ng su\u1ea5t c\u1ee7a hai v\u00f9ng n\u1ea5u t\u1ed1i \u0111a 3600W:<\/strong>\u00a0Khi m\u1ed9t v\u00f9ng n\u1ea5u ho\u1ea1t \u0111\u1ed9ng \u1edf m\u1ee9c c\u00f4ng su\u1ea5t cao, v\u00f9ng n\u1ea5u c\u00f2n l\u1ea1i s\u1ebd t\u1ef1 \u0111\u1ed9ng \u0111i\u1ec1u ch\u1ec9nh gi\u1ea3m \u0111\u1ec3 \u0111\u1ea3m b\u1ea3o t\u1ed5ng c\u00f4ng su\u1ea5t b\u1ebfp kh\u00f4ng v\u01b0\u1ee3t qu\u00e1\u00a0<strong>3600W<\/strong>, b\u1ea3o v\u1ec7 cho c\u00e1c thi\u1ebft b\u1ecb \u0111i\u1ec7n kh\u00e1c trong gia \u0111\u00ecnh kh\u00f4ng b\u1ecb qu\u00e1 t\u1ea3i \u0111\u01b0\u1eddng d\u00e2y.<\/p>\n<h2>TH\u00d4NG TIN CHI TI\u1ebeT S\u1ea2N PH\u1ea8M<\/h2>\n<h3>\u0110\u1eb7c \u0111i\u1ec3m n\u1ed5i b\u1eadt<\/h3>\n<ul>\n<li>B\u1ebfp 2 v\u00f9ng n\u1ea5u c\u1ea3m \u1ee9ng t\u1eeb<\/li>\n<li>Bo m\u1ea1ch v\u00e0 m\u00e2m t\u1eeb\u00a0<strong>E.G.O &#8211; Made in Germany<\/strong><\/li>\n<li>M\u1eb7t k\u00ednh\u00a0<strong>Schott Ceran &#8211;\u00a0Made in Germany<\/strong>, v\u00e1t 2 c\u1ea1nh tr\u00ean d\u01b0\u1edbi, bo vi\u1ec1n kim lo\u1ea1i 2 c\u1ea1nh b\u00ean<\/li>\n<li>C\u00f4ng ngh\u1ec7 bi\u1ebfn t\u1ea7n\u00a0<strong>Inverter th\u00f4ng minh<\/strong>\u00a0v\u01b0\u1ee3t tr\u1ed9i \u0111un n\u1ea5u v\u00e0 gi\u1eef nhi\u1ec7t li\u00ean t\u1ee5c \u1edf m\u1ee9c th\u1ea5p nh\u1ea5t kh\u00f4ng t\u1eaft m\u1edf. Ti\u1ebft ki\u1ec7m l\u00ean t\u1edbi 40% \u0111i\u1ec7n n\u0103ng<\/li>\n<li>Ch\u1ee9c n\u0103ng &#8220;<strong>Booster<\/strong>&#8221; si\u00eau nhanh<\/li>\n<li>\u0110i\u1ec1u khi\u1ec3n c\u1ea3m \u1ee9ng\u00a0<strong>Slider Control 9 m\u1ee9c<\/strong>\u00a0c\u00f4ng su\u1ea5t \u0111\u1ed9c l\u1eadp cho t\u1eebng v\u00f9ng n\u1ea5u<\/li>\n<li>T\u1ed1c \u0111\u1ed9 t\u0103ng nhi\u1ec7t nhanh g\u1ea5p 3 l\u1ea7n so v\u1edbi b\u1ebfp truy\u1ec1n th\u1ed1ng.<\/li>\n<li>N\u1ea5u th\u1ee9c \u0103n v\u1edbi \u0111\u1ed9 ch\u00ednh x\u00e1c cao ph\u1ea3n \u1ee9ng t\u1ee9c th\u00ec v\u1edbi m\u1ee9c nhi\u1ec7t mong mu\u1ed1n<\/li>\n<li>T\u1ef1 \u0111\u1ed9ng ph\u00e1t hi\u1ec7n v\u00f9ng n\u1ea5u v\u00e0 v\u00f9ng n\u1ea5u ch\u1ec9 n\u00f3ng l\u00ean khi c\u00f3 n\u1ed3i.<\/li>\n<li>Ch\u1ee9c n\u0103ng\u00a0<strong>h\u00e2m n\u00f3ng<\/strong><\/li>\n<li>Ch\u1ee9c n\u0103ng\u00a0<strong>n\u1ea5u c\u01a1m<\/strong><\/li>\n<\/ul>\n<h3>Ch\u1ee9c n\u0103ng an to\u00e0n<\/h3>\n<ul>\n<li>Ch\u1ee9c n\u0103ng\u00a0<strong>t\u1ea1m d\u1eebng khi c\u1ea7n thi\u1ebft<\/strong><\/li>\n<li>Kh\u00f3a tr\u1ebb em<\/li>\n<li>Ch\u1ee9c n\u0103ng t\u1eaft t\u1ef1 \u0111\u1ed9ng t\u1eaft b\u1ebfp khi kh\u00f4ng c\u00f3 n\u1ed3i<\/li>\n<li>Ch\u1ee9c n\u0103ng ch\u1ed1ng tr\u00e0o n\u01b0\u1edbc<\/li>\n<li>H\u1eb9n gi\u1edd gi\u1edbi h\u1ea1n th\u1eddi gian ho\u1ea1t \u0111\u1ed9ng.<\/li>\n<li>B\u1ea3o v\u1ec7 qu\u00e1 nhi\u1ec7t (c\u1ea3m bi\u1ebfn nhi\u1ec7t \u0111\u1ed9 t\u00edch h\u1ee3p trong t\u1eebng v\u00f9ng n\u1ea5u)<\/li>\n<li>Ch\u1ec9 b\u00e1o nhi\u1ec7t d\u01b0\u00a0hi\u1ec3n th\u1ecb tr\u00ean v\u00f9ng n\u00f3ng<\/li>\n<li>T\u00ednh n\u0103ng chia s\u1ebb c\u00f4ng su\u1ea5t<\/li>\n<\/ul>\n<h3>Th\u00f4ng s\u1ed1 k\u1ef9 thu\u1eadt<\/h3>\n<ul>\n<li>T\u1ed5ng c\u00f4ng su\u1ea5t: 3600W<\/li>\n<li>V\u00f9ng n\u1ea5u t\u1eeb tr\u00e1i: 2300W &#8211; Booster 3700W<\/li>\n<li>V\u00f9ng n\u1ea5u t\u1eeb ph\u1ea3i: 2300W &#8211; Booster 3700W<\/li>\n<li>Ngu\u1ed3n \u0111i\u1ec7n: 220V\/50-60Hz<\/li>\n<li>K\u00edch th\u01b0\u1edbc s\u1ea3n ph\u1ea9m: R730 x S430 mm<\/li>\n<li>K\u00edch th\u01b0\u1edbc kho\u00e9t \u0111\u00e1: R680 x S380 mm<\/li>\n<\/ul>\n<h2>K\u00cdCH TH\u01af\u1edaC L\u1eaeP \u0110\u1eb6T S\u1ea2N PH\u1ea8M<\/h2>\n<p><img loading=\"lazy\" decoding=\"async\" class=\" jspeed-img-lazyloaded\" title=\"B\u1ebfp t\u1eeb Kaff KF-IH870Z - K\u00edch th\u01b0\u1edbc l\u1eafp \u0111\u1eb7t s\u1ea3n ph\u1ea9m\" src=\"https:\/\/hsn.vn\/images\/stories\/virtuemart\/product\/kich-thuoc-bep-tu-kaff-kf-ih870z6.jpg\" alt=\"B\u1ebfp t\u1eeb Kaff KF-IH870Z - K\u00edch th\u01b0\u1edbc l\u1eafp \u0111\u1eb7t s\u1ea3n ph\u1ea9m\" width=\"677\" height=\"344\" data-jspeed-lazyload=\"1\" data-src=\"\/images\/stories\/virtuemart\/product\/kich-thuoc-bep-tu-kaff-kf-ih870z6.jpg\" \/><\/p>\n<\/div>\n<div>N\u1ebfu b\u1ea1n \u0111ang c\u1ea7n ki\u1ebfm t\u00ecm b\u1ebfp t\u1eeb an to\u00e0n v\u00e0 hi\u1ec7n \u0111\u1ea1i nh\u1ea5t th\u00ec B\u1ebfp t\u1eeb \u0111\u00f4i c\u1ea3m \u1ee9ng KAFF ch\u00ednh l\u00e0 s\u1ea3n ph\u1ea9m ph\u00f9 h\u1ee3p nhu c\u1ea7u c\u1ee7a b\u1ea1n khi s\u1edf h\u1eefu nh\u1eefng t\u00ednh n\u0103ng an to\u00e0n<\/div>\n","protected":false},"excerpt":{"rendered":"<ul class=\"short_pro_desc\">\n<li>B\u1ebfp 02 t\u1eeb \u2013 Xu\u1ea5t X\u1ee9: Germany<\/li>\n<li>M\u1eb7t k\u00ednh Shott Ceran Made in Germany si\u00eau b\u1ec1n, ch\u1ecbu l\u1ef1c ch\u1ecbu s\u1ed1c nhi\u1ec7t<\/li>\n<li>\u0110\u1ea7u \u0111\u1ed1t EGO Made in Germany<\/li>\n<li>Ch\u1ee9c n\u0103ng Booster c\u1ef1c nhanh<\/li>\n<li>Bo m\u1ea1ch lGBT SIMENS Made in Germany<\/li>\n<li>10 d\u1ea3i c\u00f4ng su\u1ea5t<\/li>\n<li>\u0110i\u1ec1u khi\u1ec3n c\u1ea3m \u1ee9ng Slider d\u1ea1ng \u1ea9n tr\u1ef1c ti\u1ebfp tr\u00ean m\u1eb7t b\u1ebfp<\/li>\n<li>Ch\u1ebf \u0111\u1ed9 h\u1eb9n gi\u1edd, kh\u00f3a tr\u1ebb em th\u00f4ng minh, ti\u1ec7n d\u1ee5ng<\/li>\n<li>Ch\u1ebf \u0111\u1ed9 02 v\u00f2ng nhi\u1ec7t ti\u1ec7n d\u1ee5ng v\u1edbi c\u00e1c lo\u1ea1i n\u1ed3i l\u1edbn nh\u1ecf<\/li>\n<li>Ch\u1ee9c n\u0103ng Inverter v\u00e0 chia c\u00f4ng su\u1ea5t ti\u1ebft ki\u1ec7m \u0111i\u1ec7n n\u0103ng, b\u1ea3o v\u1ec7 b\u1ebfp<\/li>\n<li>C\u00f4ng ngh\u1ec7 Half- Bridge gia nhi\u1ec7t li\u00ean t\u1ee5c<\/li>\n<li>B\u1ea3o h\u00e0nh 07 n\u0103m<\/li>\n<\/ul>\n","protected":false},"featured_media":1261,"comment_status":"open","ping_status":"closed","template":"","meta":[],"product_brand":[],"product_cat":[15,33],"product_tag":[],"class_list":{"0":"post-1260","1":"product","2":"type-product","3":"status-publish","4":"has-post-thumbnail","6":"product_cat-bep-tu","7":"product_cat-hang-kaff","9":"first","10":"instock","11":"shipping-taxable","12":"product-type-simple"},"_links":{"self":[{"href":"https:\/\/nhadepbepxinh.com.vn\/index.php?rest_route=\/wp\/v2\/product\/1260","targetHints":{"allow":["GET"]}}],"collection":[{"href":"https:\/\/nhadepbepxinh.com.vn\/index.php?rest_route=\/wp\/v2\/product"}],"about":[{"href":"https:\/\/nhadepbepxinh.com.vn\/index.php?rest_route=\/wp\/v2\/types\/product"}],"replies":[{"embeddable":true,"href":"https:\/\/nhadepbepxinh.com.vn\/index.php?rest_route=%2Fwp%2Fv2%2Fcomments&post=1260"}],"wp:featuredmedia":[{"embeddable":true,"href":"https:\/\/nhadepbepxinh.com.vn\/index.php?rest_route=\/wp\/v2\/media\/1261"}],"wp:attachment":[{"href":"https:\/\/nhadepbepxinh.com.vn\/index.php?rest_route=%2Fwp%2Fv2%2Fmedia&parent=1260"}],"wp:term":[{"taxonomy":"product_brand","embeddable":true,"href":"https:\/\/nhadepbepxinh.com.vn\/index.php?rest_route=%2Fwp%2Fv2%2Fproduct_brand&post=1260"},{"taxonomy":"product_cat","embeddable":true,"href":"https:\/\/nhadepbepxinh.com.vn\/index.php?rest_route=%2Fwp%2Fv2%2Fproduct_cat&post=1260"},{"taxonomy":"product_tag","embeddable":true,"href":"https:\/\/nhadepbepxinh.com.vn\/index.php?rest_route=%2Fwp%2Fv2%2Fproduct_tag&post=1260"}],"curies":[{"name":"wp","href":"https:\/\/api.w.org\/{rel}","templated":true}]}}