{"id":1251,"date":"2025-03-24T09:28:27","date_gmt":"2025-03-24T02:28:27","guid":{"rendered":"https:\/\/nhadepbepxinh.com.vn\/?post_type=product&#038;p=1251"},"modified":"2025-03-24T09:28:27","modified_gmt":"2025-03-24T02:28:27","slug":"bep-tu-doi-kaff-kf-fl68ii-new-plus","status":"publish","type":"product","link":"https:\/\/nhadepbepxinh.com.vn\/?product=bep-tu-doi-kaff-kf-fl68ii-new-plus","title":{"rendered":"B\u1ebeP T\u1eea \u0110\u00d4I KAFF KF &#8211; FL68II New Plus"},"content":{"rendered":"<p><em><strong>B\u1ebfp T\u1eeb Kaff KF-FL68II NEW PLUS\u00a0<\/strong>s\u1eed d\u1ee5ng m\u1eb7t k\u00ednh\u00a0<strong>Schott Ceran<\/strong>\u00a0\u0111\u01b0\u1ee3c l\u00e0m t\u1eeb ch\u1ea5t li\u1ec7u g\u1ed1m th\u1ee7y tinh c\u00f3 kh\u1ea3 n\u0103ng ch\u1ecbu l\u1ef1c va \u0111\u1eadp v\u00e0 s\u1ed1c nhi\u1ec7t t\u1edbi 1000 \u0111\u1ed9 C, ch\u1ed1ng x\u01b0\u1edbc t\u1ed1t n\u00ean tu\u1ed5i th\u1ecd cao. M\u1eb7t b\u1ebfp t\u1ea3n nhi\u1ec7t nhanh v\u00e0 \u0111\u01b0\u1ee3c c\u00e1ch \u0111i\u1ec7n an to\u00e0n v\u1edbi c\u00e1c linh ki\u1ec7n \u0111i\u1ec7n t\u1eed b\u00ean trong th\u00e2n. B\u1ea1n c\u00f3 th\u1ec3 y\u00ean t\u00e2m s\u1eed d\u1ee5ng m\u00e0 kh\u00f4ng lo b\u1ecb b\u1ecfng hay \u0111i\u1ec7n gi\u1eadt.<\/em><\/p>\n<p><em>\u0110\u00e2y l\u00e0 m\u1eb7t k\u00ednh chuy\u00ean d\u1ee5ng d\u00e0nh cho b\u1ebfp \u0111i\u1ec7n t\u1eeb, l\u00e0 m\u1ed9t lo\u1ea1i k\u00ednh c\u00f3 ch\u1ea5t l\u01b0\u1ee3ng cao, r\u1ea5t c\u1ee9ng, b\u1ec1n v\u00e0 c\u00f3 nhi\u1ec1u \u0111\u1eb7c \u0111i\u1ec3m n\u1ed5i tr\u1ed9i nh\u01b0: kh\u1ea3 n\u0103ng ch\u1ecbu nhi\u1ec7t, kh\u1ea3 n\u0103ng ch\u1ed1ng tr\u1ea7y x\u01b0\u1edbc v\u00e0 ch\u1ed1ng va \u0111\u1eadp &#8230;. M\u1eb7t k\u00ednh g\u1ed3m c\u00e1c th\u1ea5u k\u00ednh h\u1ed9i t\u1ee5, truy\u1ec1n nhi\u1ec7t t\u1eeb b\u1ebfp l\u00ean \u0111\u00e1y n\u1ed3i theo ph\u01b0\u01a1ng th\u1eb3ng \u0111\u1ee9ng, kh\u00f4ng th\u1ea5t tho\u00e1t nhi\u1ec7t ra m\u00f4i tr\u01b0\u1eddng. M\u1eb7t k\u00ednh m\u00e0u x\u00e1m li\u1ec1n nguy\u00ean kh\u1ed1i, an to\u00e0n, th\u1ea9m m\u1ef9 v\u00e0 ti\u1ec7n trong vi\u1ec7c v\u1ec7 sinh, lau ch\u00f9i.<\/em><\/p>\n<p>&nbsp;<\/p>\n<p><em><strong>B\u1ebfp t\u1eeb Kaff KF-FL68II NEW PLUS &#8211; Nh\u1eadp kh\u1ea9u nguy\u00ean chi\u1ebfc t\u1eeb Malaysia<\/strong><\/em><\/p>\n<p><em><strong>B\u1ebfp t\u1eeb Kaff KF-FL68II\u00a0<\/strong>\u0111\u01b0\u1ee3c trang b\u1ecb v\u1edbi c\u00f4ng ngh\u1ec7\u00a0<strong>Inverter<\/strong>\u00a0th\u00f4ng minh v\u01b0\u1ee3t tr\u1ed9i gi\u00fap l\u00e0m gi\u1ea3m l\u01b0\u1ee3ng ti\u00eau th\u1ee5 \u0111i\u1ec7n c\u1ee7a c\u00e1c s\u1ea3n ph\u1ea9m c\u00f3 s\u1eed d\u1ee5ng l\u00f5i t\u1eeb c\u1ee7a b\u1ebfp t\u1eeb. Ngo\u00e0i ra c\u00f4ng ngh\u1ec7\u00a0<strong>Inverter<\/strong>\u00a0c\u00f2n gi\u00fap b\u1ebfp t\u1eeb \u0111i\u1ec1u ch\u1ec9nh m\u1ee9c c\u00f4ng su\u1ea5t ph\u00f9 h\u1ee3p \u0111\u1ec3 kh\u00f4ng l\u00e0m ti\u00eau th\u1ee5 nhi\u1ec1u \u0111i\u1ec7n n\u0103ng.\u00a0<strong>B\u1ebfp t\u1eeb Kaff KF-FL68II NEW PLUS<\/strong>v\u1edbi c\u1ea3m bi\u1ebfn th\u00f4ng minh s\u1ebd c\u1ed1 \u0111\u1ecbnh c\u00f4ng su\u1ea5t ti\u00eau th\u1ee5 \u0111i\u1ec7n khi \u0111un n\u1ea5u, kh\u00f4ng b\u1eadt t\u1eaft li\u00ean t\u1ee5c nh\u01b0 c\u00e1c b\u1ebfp t\u1eeb th\u00f4ng th\u01b0\u1eddng kh\u00e1c (t\u1ef1 \u0111\u1ed9ng \u0111i\u1ec1u ch\u1ec9nh li\u00ean t\u1ee5c \u0111\u1ec3 \u0111\u1ea3m b\u1ea3o m\u1ee9c nhi\u1ec7t t\u01b0\u01a1ng \u0111\u01b0\u01a1ng b\u1eb1ng v\u1edbi con s\u1ed1 hi\u1ec3n th\u1ecb tr\u00ean b\u00e0n \u0111i\u1ec1u khi\u1ec3n).<\/em><\/p>\n<p><img decoding=\"async\" src=\"https:\/\/www.kaffvietnam.vn\/image\/catalog\/KF-FL68II%20NEW%20PLUS.png\" \/><\/p>\n<p>&nbsp;<\/p>\n<table border=\"1\" cellspacing=\"1\" cellpadding=\"1\">\n<tbody>\n<tr>\n<td><strong>KF-FL68II<\/strong>\u00a0<strong>NEW PLUS<\/strong>\u2013\u00a0<strong>Xu\u1ea5t X\u1ee9: Malaysia<\/strong><\/p>\n<p><strong>\u0110\u1eb7c t\u00ednh s\u1ea3n ph\u1ea9m:<br \/>\n<\/strong>\u2022 B\u1ebfp 02 t\u1eeb<br \/>\n\u2022 M\u1eb7t k\u00ednh Schott Ceran si\u00eau b\u1ec1n,<br \/>\nch\u1ecbu l\u1ef1c ch\u1ecbu s\u1ed1c nhi\u1ec7t<br \/>\n\u2022 \u0110\u1ea7u \u0111\u1ed1t EGO Made in Germany<br \/>\n\u2022 C\u00f4ng ngh\u1ec7 ECO green th\u00e2n thi\u1ec7n m\u00f4i tr\u01b0\u1eddng<br \/>\n\u2022 C\u00f4ng su\u1ea5t b\u1ebfp: 2200Wx2200W<br \/>\n(Booster: 3500Wx3500W)<\/p>\n<p><strong>Ch\u1ee9c n\u0103ng s\u1ea3n ph\u1ea9m:<\/strong><br \/>\n\u2022 10 d\u1ea3i c\u00f4ng su\u1ea5t<br \/>\n\u2022 \u0110i\u1ec1u khi\u1ec3n c\u1ea3m \u1ee9ng Slider d\u1ea1ng \u1ea9n<br \/>\ntr\u1ef1c ti\u1ebfp tr\u00ean m\u1eb7t b\u1ebfp<br \/>\n\u2022 Ch\u1ee9c n\u0103ng Inverter v\u00e0 chia c\u00f4ng su\u1ea5t<br \/>\nti\u1ebft ki\u1ec7m \u0111i\u1ec7n n\u0103ng, b\u1ea3o v\u1ec7 b\u1ebfp<br \/>\n\u2022 Ch\u1ee9c n\u0103ng h\u00e2m<br \/>\n\u2022 Ch\u1ee9c n\u0103ng chi\u00ean x\u00e0o<br \/>\n\u2022 Ch\u1ee9c n\u0103ng r\u00e3 \u0111\u00f4ng<br \/>\n\u2022 Ch\u1ee9c n\u0103ng t\u1ea1m d\u1eebng<br \/>\n\u2022 Ch\u1ee9c n\u0103ng \u0111un liu riu<br \/>\n\u2022 Ch\u1ee9c n\u0103ng h\u1eb9n gi\u1edd<br \/>\n\u2022 Ch\u1ee9c n\u0103ng Booster c\u1ef1c nhanh<\/p>\n<p><strong>Ch\u1ee9c n\u0103ng an to\u00e0n:<\/strong><br \/>\n\u2022 Ch\u1ee9c n\u0103ng kh\u00f3a tr\u1ebb em th\u00f4ng minh,<br \/>\nti\u1ec7n d\u1ee5ng<br \/>\n\u2022 Ch\u1ee9c n\u0103ng ch\u1ed1ng tr\u00e0n.<br \/>\n\u2022 C\u1ea3m \u1ee9ng qu\u00e1 nhi\u1ec7t<\/p>\n<p><strong>Th\u00f4ng tin k\u1ef7 thu\u1eadt<\/strong><\/p>\n<p><strong>\u25b6\ufe0f<\/strong>\u00a0C\u00f4ng su\u1ea5t b\u1ebfp:\u00a02200Wx2200W (Booster: 3500Wx3500W)<\/p>\n<p><strong>\u25b6\ufe0f<\/strong>\u00a0K\u00edch th\u01b0\u1edbc m\u1eb7t k\u00ednh: 730x430mm<\/p>\n<p><strong>\u25b6\ufe0f<\/strong>\u00a0K\u00edch th\u01b0\u1edbc kho\u00e9t \u0111\u00e1: 680x380mm<\/td>\n<\/tr>\n<\/tbody>\n<\/table>\n<p>&nbsp;<\/p>\n<p><img decoding=\"async\" src=\"https:\/\/www.kaffvietnam.vn\/image\/catalog\/KT%2068II%20NEW%20PLUS.png\" \/><\/p>\n<p>&nbsp;<\/p>\n","protected":false},"excerpt":{"rendered":"<ul class=\"short_pro_desc\">\n<li>B\u1ebfp 02 t\u1eeb \u2013 Xu\u1ea5t X\u1ee9: Made In Malaysia<\/li>\n<li>M\u1eb7t k\u00ednh Shott Ceran Made in Germany si\u00eau b\u1ec1n, ch\u1ecbu l\u1ef1c ch\u1ecbu s\u1ed1c nhi\u1ec7t<\/li>\n<li>\u0110\u1ea7u \u0111\u1ed1t EGO Made in Germany<\/li>\n<li>C\u00f4ng ngh\u1ec7 Half- Bridge gia nhi\u1ec7t li\u00ean t\u1ee5c<\/li>\n<li>Ch\u1ee9c n\u0103ng Booster c\u1ef1c nhanh v\u1edbi b\u1ebfp t\u1eeb<\/li>\n<li>10 d\u1ea3i c\u00f4ng su\u1ea5t<\/li>\n<li>\u0110i\u1ec1u khi\u1ec3n c\u1ea3m \u1ee9ng Slider d\u1ea1ng \u1ea9n tr\u1ef1c ti\u1ebfp tr\u00ean m\u1eb7t b\u1ebfp<\/li>\n<li>Ch\u1ebf \u0111\u1ed9 h\u1eb9n gi\u1edd, kh\u00f3a tr\u1ebb em th\u00f4ng minh, ti\u1ec7n d\u1ee5ng<\/li>\n<li>Ch\u1ee9c n\u0103ng Inverter v\u00e0 chia c\u00f4ng su\u1ea5t ti\u1ebft ki\u1ec7m \u0111i\u1ec7n n\u0103ng, b\u1ea3o v\u1ec7 b\u1ebfp<\/li>\n<li>B\u1ea3o h\u00e0nh 05 n\u0103m<\/li>\n<\/ul>\n","protected":false},"featured_media":1253,"comment_status":"open","ping_status":"closed","template":"","meta":[],"product_brand":[],"product_cat":[15,33],"product_tag":[],"class_list":{"0":"post-1251","1":"product","2":"type-product","3":"status-publish","4":"has-post-thumbnail","6":"product_cat-bep-tu","7":"product_cat-hang-kaff","9":"first","10":"instock","11":"shipping-taxable","12":"product-type-simple"},"_links":{"self":[{"href":"https:\/\/nhadepbepxinh.com.vn\/index.php?rest_route=\/wp\/v2\/product\/1251","targetHints":{"allow":["GET"]}}],"collection":[{"href":"https:\/\/nhadepbepxinh.com.vn\/index.php?rest_route=\/wp\/v2\/product"}],"about":[{"href":"https:\/\/nhadepbepxinh.com.vn\/index.php?rest_route=\/wp\/v2\/types\/product"}],"replies":[{"embeddable":true,"href":"https:\/\/nhadepbepxinh.com.vn\/index.php?rest_route=%2Fwp%2Fv2%2Fcomments&post=1251"}],"wp:featuredmedia":[{"embeddable":true,"href":"https:\/\/nhadepbepxinh.com.vn\/index.php?rest_route=\/wp\/v2\/media\/1253"}],"wp:attachment":[{"href":"https:\/\/nhadepbepxinh.com.vn\/index.php?rest_route=%2Fwp%2Fv2%2Fmedia&parent=1251"}],"wp:term":[{"taxonomy":"product_brand","embeddable":true,"href":"https:\/\/nhadepbepxinh.com.vn\/index.php?rest_route=%2Fwp%2Fv2%2Fproduct_brand&post=1251"},{"taxonomy":"product_cat","embeddable":true,"href":"https:\/\/nhadepbepxinh.com.vn\/index.php?rest_route=%2Fwp%2Fv2%2Fproduct_cat&post=1251"},{"taxonomy":"product_tag","embeddable":true,"href":"https:\/\/nhadepbepxinh.com.vn\/index.php?rest_route=%2Fwp%2Fv2%2Fproduct_tag&post=1251"}],"curies":[{"name":"wp","href":"https:\/\/api.w.org\/{rel}","templated":true}]}}