{"id":1246,"date":"2025-03-24T09:18:03","date_gmt":"2025-03-24T02:18:03","guid":{"rendered":"https:\/\/nhadepbepxinh.com.vn\/?post_type=product&#038;p=1246"},"modified":"2025-03-24T09:18:04","modified_gmt":"2025-03-24T02:18:04","slug":"bep-02-tu-kaff-kf-fl9889ii","status":"publish","type":"product","link":"https:\/\/nhadepbepxinh.com.vn\/?product=bep-02-tu-kaff-kf-fl9889ii","title":{"rendered":"B\u1ebeP 02 T\u1eea KAFF KF &#8211; FL9889II"},"content":{"rendered":"<p>B\u1ebfp T\u1eeb KAFF KF-FL9889II Germany Technology 4.0\u00a0s\u1eed d\u1ee5ng m\u1eb7t k\u00ednh K\u00a0bo vi\u1ec1n inox .Technology Germany ch\u1ecbu l\u1ef1c, ch\u1ecbu nhi\u1ec7t cao,l\u00ean \u0111\u1ebfn 1000oC v\u00e0 ch\u1ecbu \u0111\u01b0\u1ee3c s\u1ed1c nhi\u1ec7t l\u00ean \u0111\u1ebfn 800 \u0111\u1ed9 C. Ngo\u00e0i ra m\u1eb7t k\u00ednh \u0111\u01b0\u1ee3c l\u00e0m t\u1eeb g\u1ed1m s\u1ee9 th\u1ee7y tinh cao c\u1ea5p ti\u00eau chu\u1ea9n Ch\u00e2u \u00c2u n\u00ean n\u00f3 c\u00f3 \u0111\u1ed9 ch\u1ed1ng tr\u1ea7y x\u01b0\u1edbc c\u1ef1c cao gi\u00fap cho m\u1eb7t b\u1ebfp lu\u00f4n \u0111\u01b0\u1ee3c s\u00e1ng b\u00f3ng v\u00e0 b\u1ec1n \u0111\u1eb9p m\u00e3i theo th\u1eddi gian.<\/p>\n<p>T\u00ednh n\u0103ng \u01b0u vi\u1ec7t v\u00e0 th\u00f4ng minh c\u1ee7a\u00a0B\u1ebfp T\u1eeb \u0111\u00f4i KAFF KF-FL9889II Germany Technology 4.0.<\/p>\n<p>&#8211; \u1ee8ng d\u1ee5ng c\u00f4ng ngh\u1ec7 bi\u1ebfn t\u1ea7n Inverter th\u00f4ng minh ti\u1ebft ki\u1ec7m \u0111i\u1ec7n n\u0103ng, c\u00f4ng ngh\u1ec7 t\u1ef1 \u0111\u1ed9ng nh\u1eadn di\u1ec7n k\u00edch th\u01b0\u1edbc n\u1ed3i n\u1ea5u<\/p>\n<p>&#8211; C\u00f4ng su\u1ea5t m\u1ed7i b\u00ean v\u00f9ng n\u1ea5u l\u00e0 2200w gi\u00fap cho c\u00f4ng vi\u1ec7c n\u1ea5u \u0103n c\u1ef1c k\u1ef3 nhanh ch\u00f3ng v\u00e0 c\u00f4ng th\u00eam ti\u0301nh n\u0103ng n\u00e2\u0301u nhanh Booster<\/p>\n<p>&#8211; T\u00ednh n\u0103ng n\u1ea5u th\u00f4ng minh Heat up time Automatic gi\u00fap t\u1ef1 \u0111\u1ed9ng l\u01b0\u1ee3ng nhi\u1ec7t c\u1ea7n thi\u1ebft khi \u0111i\u1ec1u ch\u1ec9nh l\u00e0m cho thao t\u00e1c khi n\u1ea5u c\u1ef1c k\u1ef3 d\u1ec5 d\u00e0ng.<\/p>\n<p>\u2013 T\u00ednh n\u0103ng d\u00e3 \u0111\u00f4ng ho\u1eb7c h\u00e2m n\u00f3ng Warming nhi\u1ec1u m\u1ee9c<\/p>\n<p>\u2013 B\u00e0n ph\u00edm \u0111i\u1ec1u khi\u1ec3n d\u1ea1ng tr\u01b0\u1ee3t slide thi\u1ebft k\u1ebf \u0111\u1ed9c l\u1eadp v\u1edbi 9 m\u1ee9c c\u00f4ng su\u1ea5t gi\u00fap cho ch\u1ecb em s\u1eed d\u1ee5ng b\u1ebfp v\u1edbi c\u00e1c thao t\u00e1c n\u1ea5u n\u01b0\u1edbng d\u1ec5 d\u00e0ng h\u01a1n. B\u00e0n ph\u00edm \u0111i\u1ec1u ch\u1ec9nh si\u00eau nh\u1ea1y d\u00f9ng \u0111\u01b0\u1ee3c k\u1ec3 c\u1ea3 khi tay \u01b0\u1edbt.<\/p>\n<p>\u2013\u00a0H\u1eb9n gi\u1edd \u0111\u1ed9c l\u1eadp cho t\u1eebng v\u00f9ng n\u1ea5u, th\u1eddi gian h\u1eb9n l\u00ean \u0111\u1ebfn 240p:00<\/p>\n<p>\u2013\u00a0T\u1ef1 \u0111\u1ed9ng chia s\u1ebb c\u00f4ng su\u1ea5t gi\u1eefa 2 b\u1ebfp , max 3600W<\/p>\n<p>\u2013 C\u1ea3m bi\u1ebfn chi\u00ean x\u00e0o<\/p>\n<p>\u2013 T\u00ednh n\u0103ng n\u1ea5u c\u01a1m<\/p>\n<p>\u2013 T\u00ednh n\u0103ng Pau t\u1ea1m d\u1eebng<\/p>\n<p>C\u00e1c t\u00ednh n\u0103ng an to\u00e0n:<\/p>\n<p>\u2013\u00a0Kh\u00f3a an to\u00e0n tr\u1ebb em\u00a0Child lock<\/p>\n<p>\u2013 T\u1ef1 \u0111\u1ed9ng ng\u1eaft b\u1ebfp khi \u0111\u1ec3 qu\u00ean Automatic switching off<\/p>\n<p>\u2013 T\u1ef1 \u0111\u1ed9ng ng\u1eaft b\u1ebfp khi kh\u00f4ng c\u00f3 n\u1ed3i<\/p>\n<p>\u2013\u00a0H\u1ec7 th\u1ed1ng b\u1ea3o v\u1ec7 an to\u00e0n qu\u00e1 nhi\u1ec7t, qu\u00e1 \u00e1p khi c\u00f3 s\u1ef1 c\u1ed1 v\u1ec1 nhi\u1ec7t- \u0111i\u1ec7n<\/p>\n<table border=\"0\" cellspacing=\"0\" cellpadding=\"0\">\n<tbody>\n<tr>\n<td>Th\u00f4ng s\u1ed1 k\u1ef9 thu\u1eadt:\u00a0B\u1ebfp T\u1eeb KAFF KF-FL9889II Germany Technology 4.0:M\u1ee9c n\u0103ng l\u01b0\u1ee3ng :A+<\/td>\n<\/tr>\n<tr>\n<td>\n<ul>\n<li>\u0110i\u1ec7n \u00e1p 220V \/ 50Hz<\/li>\n<\/ul>\n<\/td>\n<\/tr>\n<tr>\n<td>\n<ul>\n<li>C\u00f4ng su\u1ea5t: max 3700W ( Ph\u1ea3i: 2200W, Tr\u00e1i 2200W )<\/li>\n<\/ul>\n<\/td>\n<\/tr>\n<tr>\n<td>\n<ul>\n<li>K\u00edch th\u01b0\u1edbc: (d\u00e0i x r\u1ed9ng x cao): 720 x 430 x 50mm<\/li>\n<\/ul>\n<\/td>\n<\/tr>\n<tr>\n<td>\n<ul>\n<li>K\u00edch th\u01b0\u1edbc kho\u00e9t l\u1ed7: 680 x 390mm<\/li>\n<\/ul>\n<\/td>\n<\/tr>\n<tr>\n<td>\n<ul>\n<li>Tr\u1ecdng l\u01b0\u1ee3ng: 9.0 kg<\/li>\n<\/ul>\n<\/td>\n<\/tr>\n<tr>\n<td>\n<ul>\n<li>K\u1ebft c\u1ea5u khung v\u1ecf: b\u1eb1ng th\u00e9p ch\u1ed1ng g\u1ec9<\/li>\n<\/ul>\n<\/td>\n<\/tr>\n<tr>\n<td>\n<ul>\n<li>L\u1eafp \u0111\u1eb7t: l\u1eafp \u00e2m ho\u1eb7c c\u00f3 ch\u00e2n \u0111\u1ec3 n\u1ed5i<\/li>\n<\/ul>\n<p>B\u1ea3o h\u00e0nh to\u00e0n b\u1ed9 b\u1ebfp ch\u00ednh h\u00e3ng t\u1ea1i nh\u00e0 l\u00e0 :5 n\u0103m<\/td>\n<\/tr>\n<\/tbody>\n<\/table>\n","protected":false},"excerpt":{"rendered":"<ul class=\"short_pro_desc\">\n<li>B\u1ebfp 02 t\u1eeb KF &#8211; FL9889II<\/li>\n<li>Xu\u1ea5t x\u1ee9: Made In Malaysia<\/li>\n<li>C\u00f4ng su\u1ea5t b\u1ebfp:2200Wx2200W (Booster 3200Wx3200W)<\/li>\n<li>M\u1eb7t k\u00ednh K+ si\u00eau b\u1ec1n, ch\u1ecbu l\u1ef1c ch\u1ecbu s\u1ed1c nhi\u1ec7t<\/li>\n<li>C\u00f4ng ngh\u1ec7 Half- Bridge gia nhi\u1ec7t li\u00ean t\u1ee5c<\/li>\n<li>\u0110\u1ea7u \u0111\u1ed1t EGO Germany<\/li>\n<li>Ch\u1ebf \u0111\u1ed9 h\u1eb9n gi\u1edd, kh\u00f3a tr\u1ebb em th\u00f4ng minh, ti\u1ec7n d\u1ee5ng<\/li>\n<li>Ch\u1ee9c n\u0103ng Inverter v\u00e0 chia c\u00f4ng su\u1ea5t ti\u1ebft ki\u1ec7m \u0111i\u1ec7n n\u0103ng, b\u1ea3o v\u1ec7 b\u1ebfp<\/li>\n<li>Ch\u1ee9c n\u0103ng t\u1ea1m d\u1eebng<\/li>\n<li>Ch\u1ee9c n\u0103ng ch\u1ed1ng tr\u00e0n<\/li>\n<li>Ch\u1ee9c n\u0103ng h\u00e2m<\/li>\n<li>Ch\u1ee9c n\u0103ng chi\u00ean x\u00e0o<\/li>\n<li>Ch\u1ee9c n\u0103ng n\u1ea5u c\u01a1m<\/li>\n<li>C\u1ea3m \u1ee9ng qu\u00e1 nhi\u1ec7t<\/li>\n<li>B\u1ea3o h\u00e0nh 05 n\u0103m<\/li>\n<\/ul>\n","protected":false},"featured_media":1247,"comment_status":"open","ping_status":"closed","template":"","meta":[],"product_brand":[],"product_cat":[15,33],"product_tag":[],"class_list":{"0":"post-1246","1":"product","2":"type-product","3":"status-publish","4":"has-post-thumbnail","6":"product_cat-bep-tu","7":"product_cat-hang-kaff","9":"first","10":"instock","11":"shipping-taxable","12":"product-type-simple"},"_links":{"self":[{"href":"https:\/\/nhadepbepxinh.com.vn\/index.php?rest_route=\/wp\/v2\/product\/1246","targetHints":{"allow":["GET"]}}],"collection":[{"href":"https:\/\/nhadepbepxinh.com.vn\/index.php?rest_route=\/wp\/v2\/product"}],"about":[{"href":"https:\/\/nhadepbepxinh.com.vn\/index.php?rest_route=\/wp\/v2\/types\/product"}],"replies":[{"embeddable":true,"href":"https:\/\/nhadepbepxinh.com.vn\/index.php?rest_route=%2Fwp%2Fv2%2Fcomments&post=1246"}],"wp:featuredmedia":[{"embeddable":true,"href":"https:\/\/nhadepbepxinh.com.vn\/index.php?rest_route=\/wp\/v2\/media\/1247"}],"wp:attachment":[{"href":"https:\/\/nhadepbepxinh.com.vn\/index.php?rest_route=%2Fwp%2Fv2%2Fmedia&parent=1246"}],"wp:term":[{"taxonomy":"product_brand","embeddable":true,"href":"https:\/\/nhadepbepxinh.com.vn\/index.php?rest_route=%2Fwp%2Fv2%2Fproduct_brand&post=1246"},{"taxonomy":"product_cat","embeddable":true,"href":"https:\/\/nhadepbepxinh.com.vn\/index.php?rest_route=%2Fwp%2Fv2%2Fproduct_cat&post=1246"},{"taxonomy":"product_tag","embeddable":true,"href":"https:\/\/nhadepbepxinh.com.vn\/index.php?rest_route=%2Fwp%2Fv2%2Fproduct_tag&post=1246"}],"curies":[{"name":"wp","href":"https:\/\/api.w.org\/{rel}","templated":true}]}}